{"id":91921,"date":"2018-08-29T10:52:00","date_gmt":"2018-08-29T09:52:00","guid":{"rendered":"https:\/\/dev.tg4.ie\/?page_id=91921"},"modified":"2019-07-01T11:57:37","modified_gmt":"2019-07-01T10:57:37","slug":"seasur-nua-rugbai-pro14-guinness-tosaithe-ar-tg4","status":"publish","type":"page","link":"https:\/\/dev.tg4.ie\/ga\/eolas\/preas\/nuacht-raitis\/2018-2\/seasur-nua-rugbai-pro14-guinness-tosaithe-ar-tg4\/","title":{"rendered":"S\u00e9as\u00far Nua Rugba\u00ed PRO14 Guinness tosaithe ar TG4"},"content":{"rendered":"<p>Craolfaidh TG4 28 gcluiche beo, ag cur leis an l\u00edon cl\u00e1r a craoladh le linn sh\u00e9as\u00fair roimhe seo, chomh maith le craoladh iarbheo a dh\u00e9anamh ar 9 gcluiche eile idir c\u00faig\u00ed. Craolfaidh TG4 freisin buaicphoint\u00ed chluich\u00ed an deireadh seachtaine lena chinnti\u00fa go mbeidh an t-aicsean is fearr \u00f3 shraith Guinness PRO 14 ar f\u00e1il do lucht f\u00e9achana na h\u00c9ireann as seo go dt\u00ed cluiche ceannais an PRO14 ar Ph\u00e1irc na gCeilteach i nGlasch\u00fa D\u00e9 Sathairn an 25 Bealtaine.<\/p>\n<p>Beidh b\u00e9im ar leith ar chluich\u00ed a mbeidh foirne na h\u00c9ireann ag imirt iontu agus s\u00fail ag Laighin a bheith ar ais chomh l\u00e1idir c\u00e9anna ar\u00eds i ndiaidh d\u00f3ibh an PRO 14 agus Corn na Seaimp\u00edn\u00ed a bhuachan anuraidh. Ach beidh foirne eile freisin ann a mbeidh rud acu le cruth\u00fa &#8211; beidh Connachta ag tos\u00fa as an nua faoi sti\u00fair Andy Friend agus t\u00e1 tr\u00e9imhse caite ag Johann Van Grann le Mumha roimh an s\u00e9as\u00far nua.<\/p>\n<p>Ag an Sportsground i nGaillimh inniu ag seoladh chl\u00fadach TG4 ar an s\u00e9as\u00far nua, d\u00fairt Ceannasa\u00ed Sp\u00f3irt TG4, R\u00f3n\u00e1n \u00d3 Coistealbha:<\/p>\n<p><em>\u201cT\u00e1 TG4 an-bhr\u00f3d\u00fail as an gceangal seo at\u00e1 againn leis an gcom\u00f3rtas, ceangal at\u00e1 ann \u00f3 2001. \u00a0T\u00e1imid ag s\u00fail cluich\u00ed na sraithe PRO 14 Guinness a thabhairt chuig lucht f\u00e9achana agus lucht lean\u00fana rugba\u00ed ar fud na h\u00c9ireann ar sheirbh\u00eds saor go haer sna m\u00edonna at\u00e1 ag teacht le 28 cluiche d\u00edobh \u00e1 gcraoladh beo chomh maith le buaicphoint\u00ed agus craoladh iarbheo a bheith ann gach seachtain.\u00a0 T\u00e1imid s\u00e1sta margadh a bheith d\u00e9anta againn leis an PRO14 ar chearta teilif\u00edse i leith na tr\u00ed sh\u00e9as\u00far at\u00e1 ag teacht agus t\u00e1imid ag s\u00fail roinnt cluich\u00ed iontacha rugba\u00ed a fheice\u00e1il sna m\u00edonna at\u00e1 ag teacht.\u201d<\/em><\/p>\n<p>Iris Productions a bheidh i mbun an chraolach\u00e1in ar Sh\u00e9as\u00far Rugba\u00ed PRO 14 Guinness, arb \u00ed i mbliana an ch\u00e9ad bhliain ag an gcomhlacht sin a dh\u00e9anamh.\u00a0\u00a0 Beidh M\u00e1ire Treasa N\u00ed Dhubhghaill ar ais ina pr\u00edomhl\u00e1ithreoir ar na cl\u00e1racha agus ina teannta beidh pain\u00e9al saineolaithe rugba\u00ed &#8211; R\u00f3n\u00e1n Loughney,\u00a0Marcus Horan, Eoghan \u00d3 Neachtain, \u00c9amonn Molloy agus Eimear Considine ina measc.<\/p>\n<p>Cuirfear t\u00fas an deireadh seachtaine seo le s\u00e9as\u00far rugba\u00ed PRO14 Guinness le dh\u00e1 chluiche a chraolfar beo ar TG4. Tabharfaidh Laighin aghaidh ar Cardiff Blues ar Ph\u00e1irc Cardiff Arms D\u00e9 hAoine an 31 L\u00fanasa ag 19:35. An l\u00e1 ina dhiaidh sin, D\u00e9 Sathairn an 1 Me\u00e1n F\u00f3mhair, imreoidh Connachta sa bhaile in aghaidh Glasgow Warriors ag a 15:00.<\/p>\n<p>Cluiche stairi\u00fail a bheidh i gcluiche ceannais na bliana seo beag beann ar na foirne a bheidh ann mar gurb \u00ed an ch\u00e9ad uair \u00ed a n-imreofar an cluiche ceannais i Parkhead i nGlasch\u00fa, an baile ag cumann sacair na gCeilteach.<\/p>\n<p>Chun tuilleadh eolais a fh\u00e1il ar an gcraoladh a dh\u00e9anfar ar sh\u00e9as\u00far rugba\u00ed na sraithe PRO 14 Guinness t\u00e9igh chuig <a href=\"https:\/\/dev.tg4.ie\/sports\/rugbai-beo\/\" target=\"_blank\" rel=\"noopener noreferrer\">www.tg4.ie\/ga\/sports\/rugbai-beo\/<\/a><\/p>\n<p>S\u00fail ar an gCl\u00fadach Rugba\u00ed BEO ar TG4:<\/p>\n<p>11 chluiche baile Connacht Rugby ina measc cluich\u00ed i m\u00ed Me\u00e1n F\u00f3mhair, \u2018M\u00ed na Seaimp\u00edn\u00ed\u2019, agus cluich\u00ed idir c\u00faige Chonnacht lena gc\u00e9il\u00ed comhraic Mumha, Laighin &amp; Ulaidh<\/p>\n<ul>\n<li>Craoladh beo &amp; eisiach ar chluich\u00ed Chonnacht ar fad in aghaidh fhoirne na Breataine Bige<\/li>\n<li>Cluich\u00ed Rugba\u00ed na Mumhan in aghaidh fhoirne na Breataine Bige<\/li>\n<li>Cluich\u00ed Rugba\u00ed Laighean in aghaidh fhoirne na Breataine Bige<\/li>\n<\/ul>\n","protected":false},"excerpt":{"rendered":"<p>Craolfaidh TG4 28 gcluiche beo, ag cur leis an l\u00edon cl\u00e1r a craoladh le linn sh\u00e9as\u00fair roimhe seo, chomh maith le craoladh iarbheo a dh\u00e9anamh ar 9 gcluiche eile idir c\u00faig\u00ed. Craolfaidh TG4 freisin buaicphoint\u00ed chluich\u00ed an deireadh seachtaine lena chinnti\u00fa go mbeidh an t-aicsean is fearr \u00f3 shraith Guinness PRO 14 ar f\u00e1il do [&hellip;]<\/p>\n","protected":false},"author":876,"featured_media":91940,"parent":72849,"menu_order":38,"comment_status":"closed","ping_status":"closed","template":"page-templates\/template-pr.php","meta":{"_acf_changed":false,"footnotes":""},"acf":[],"yoast_head":"<!-- This site is optimized with the Yoast SEO plugin v22.6 - https:\/\/yoast.com\/wordpress\/plugins\/seo\/ -->\n<title>S\u00e9as\u00far Nua Rugba\u00ed PRO14 Guinness tosaithe ar TG4 | Nuacht R\u00e1iteas | TG4<\/title>\n<meta name=\"description\" content=\"Cuirfear t\u00fas an deireadh seachtaine seo le s\u00e9as\u00far rugba\u00ed PRO14 Guinness a chraolfar beo ar TG4. Craolfaidh TG4 28 gcluiche beo, ag cur leis an l\u00edon cl\u00e1r a craoladh le linn sh\u00e9as\u00fair roimhe seo, chomh maith le craoladh iarbheo a dh\u00e9anamh ar 9 gcluiche eile idir c\u00faig\u00ed.\" \/>\n<meta name=\"robots\" content=\"index, follow, max-snippet:-1, max-image-preview:large, max-video-preview:-1\" \/>\n<meta property=\"og:locale\" content=\"en_US\" \/>\n<meta property=\"og:type\" content=\"article\" \/>\n<meta property=\"og:title\" content=\"S\u00e9as\u00far Nua Rugba\u00ed PRO14 Guinness tosaithe ar TG4 | Nuacht R\u00e1iteas | TG4\" \/>\n<meta property=\"og:description\" content=\"Cuirfear t\u00fas an deireadh seachtaine seo le s\u00e9as\u00far rugba\u00ed PRO14 Guinness a chraolfar beo ar TG4. Craolfaidh TG4 28 gcluiche beo, ag cur leis an l\u00edon cl\u00e1r a craoladh le linn sh\u00e9as\u00fair roimhe seo, chomh maith le craoladh iarbheo a dh\u00e9anamh ar 9 gcluiche eile idir c\u00faig\u00ed.\" \/>\n<meta property=\"og:url\" content=\"https:\/\/dev.tg4.ie\/ga\/eolas\/preas\/nuacht-raitis\/2018-2\/seasur-nua-rugbai-pro14-guinness-tosaithe-ar-tg4\/\" \/>\n<meta property=\"og:site_name\" content=\"TG4\" \/>\n<meta property=\"article:publisher\" content=\"https:\/\/www.facebook.com\/TG4TV\" \/>\n<meta property=\"article:modified_time\" content=\"2019-07-01T10:57:37+00:00\" \/>\n<meta property=\"og:image\" content=\"https:\/\/tg4-docs.s3.amazonaws.com\/tg4-redesign-2015\/wp-content\/uploads\/2018\/08\/Rugbai-Seoladh.jpg\" \/>\n\t<meta property=\"og:image:width\" content=\"1980\" \/>\n\t<meta property=\"og:image:height\" content=\"1080\" \/>\n\t<meta property=\"og:image:type\" content=\"image\/jpeg\" \/>\n<meta name=\"twitter:card\" content=\"summary_large_image\" \/>\n<meta name=\"twitter:site\" content=\"@TG4TV\" \/>\n<meta name=\"twitter:label1\" content=\"Est. reading time\" \/>\n\t<meta name=\"twitter:data1\" content=\"3 minutes\" \/>\n<script type=\"application\/ld+json\" class=\"yoast-schema-graph\">{\"@context\":\"https:\/\/schema.org\",\"@graph\":[{\"@type\":\"WebPage\",\"@id\":\"https:\/\/dev.tg4.ie\/ga\/eolas\/preas\/nuacht-raitis\/2018-2\/seasur-nua-rugbai-pro14-guinness-tosaithe-ar-tg4\/\",\"url\":\"https:\/\/dev.tg4.ie\/ga\/eolas\/preas\/nuacht-raitis\/2018-2\/seasur-nua-rugbai-pro14-guinness-tosaithe-ar-tg4\/\",\"name\":\"S\u00e9as\u00far Nua Rugba\u00ed PRO14 Guinness tosaithe ar TG4 | Nuacht R\u00e1iteas | TG4\",\"isPartOf\":{\"@id\":\"https:\/\/dev.tg4.ie\/en\/#website\"},\"primaryImageOfPage\":{\"@id\":\"https:\/\/dev.tg4.ie\/ga\/eolas\/preas\/nuacht-raitis\/2018-2\/seasur-nua-rugbai-pro14-guinness-tosaithe-ar-tg4\/#primaryimage\"},\"image\":{\"@id\":\"https:\/\/dev.tg4.ie\/ga\/eolas\/preas\/nuacht-raitis\/2018-2\/seasur-nua-rugbai-pro14-guinness-tosaithe-ar-tg4\/#primaryimage\"},\"thumbnailUrl\":\"https:\/\/tg4-docs.s3.amazonaws.com\/tg4-redesign-2015\/wp-content\/uploads\/2018\/08\/Rugbai-Seoladh.jpg\",\"datePublished\":\"2018-08-29T09:52:00+00:00\",\"dateModified\":\"2019-07-01T10:57:37+00:00\",\"description\":\"Cuirfear t\u00fas an deireadh seachtaine seo le s\u00e9as\u00far rugba\u00ed PRO14 Guinness a chraolfar beo ar TG4. Craolfaidh TG4 28 gcluiche beo, ag cur leis an l\u00edon cl\u00e1r a craoladh le linn sh\u00e9as\u00fair roimhe seo, chomh maith le craoladh iarbheo a dh\u00e9anamh ar 9 gcluiche eile idir c\u00faig\u00ed.\",\"breadcrumb\":{\"@id\":\"https:\/\/dev.tg4.ie\/ga\/eolas\/preas\/nuacht-raitis\/2018-2\/seasur-nua-rugbai-pro14-guinness-tosaithe-ar-tg4\/#breadcrumb\"},\"inLanguage\":\"ga\",\"potentialAction\":[{\"@type\":\"ReadAction\",\"target\":[\"https:\/\/dev.tg4.ie\/ga\/eolas\/preas\/nuacht-raitis\/2018-2\/seasur-nua-rugbai-pro14-guinness-tosaithe-ar-tg4\/\"]}]},{\"@type\":\"ImageObject\",\"inLanguage\":\"ga\",\"@id\":\"https:\/\/dev.tg4.ie\/ga\/eolas\/preas\/nuacht-raitis\/2018-2\/seasur-nua-rugbai-pro14-guinness-tosaithe-ar-tg4\/#primaryimage\",\"url\":\"https:\/\/tg4-docs.s3.amazonaws.com\/tg4-redesign-2015\/wp-content\/uploads\/2018\/08\/Rugbai-Seoladh.jpg\",\"contentUrl\":\"https:\/\/tg4-docs.s3.amazonaws.com\/tg4-redesign-2015\/wp-content\/uploads\/2018\/08\/Rugbai-Seoladh.jpg\",\"width\":1980,\"height\":1080},{\"@type\":\"BreadcrumbList\",\"@id\":\"https:\/\/dev.tg4.ie\/ga\/eolas\/preas\/nuacht-raitis\/2018-2\/seasur-nua-rugbai-pro14-guinness-tosaithe-ar-tg4\/#breadcrumb\",\"itemListElement\":[{\"@type\":\"ListItem\",\"position\":1,\"name\":\"Home\",\"item\":\"https:\/\/dev.tg4.ie\/ga\/\"},{\"@type\":\"ListItem\",\"position\":2,\"name\":\"Eolas\",\"item\":\"https:\/\/dev.tg4.ie\/ga\/eolas\/\"},{\"@type\":\"ListItem\",\"position\":3,\"name\":\"Preas\",\"item\":\"https:\/\/dev.tg4.ie\/ga\/eolas\/preas\/\"},{\"@type\":\"ListItem\",\"position\":4,\"name\":\"Nuacht R\u00e1itis\",\"item\":\"https:\/\/dev.tg4.ie\/ga\/eolas\/preas\/nuacht-raitis\/\"},{\"@type\":\"ListItem\",\"position\":5,\"name\":\"2018\",\"item\":\"https:\/\/dev.tg4.ie\/ga\/eolas\/preas\/nuacht-raitis\/2018-2\/\"},{\"@type\":\"ListItem\",\"position\":6,\"name\":\"S\u00e9as\u00far Nua Rugba\u00ed PRO14 Guinness tosaithe ar TG4\"}]},{\"@type\":\"WebSite\",\"@id\":\"https:\/\/dev.tg4.ie\/en\/#website\",\"url\":\"https:\/\/dev.tg4.ie\/en\/\",\"name\":\"TG4\",\"description\":\"S\u00fail Eile\",\"potentialAction\":[{\"@type\":\"SearchAction\",\"target\":{\"@type\":\"EntryPoint\",\"urlTemplate\":\"https:\/\/dev.tg4.ie\/en\/?s={search_term_string}\"},\"query-input\":\"required name=search_term_string\"}],\"inLanguage\":\"ga\"}]}<\/script>\n<!-- \/ Yoast SEO plugin. -->","yoast_head_json":{"title":"S\u00e9as\u00far Nua Rugba\u00ed PRO14 Guinness tosaithe ar TG4 | Nuacht R\u00e1iteas | TG4","description":"Cuirfear t\u00fas an deireadh seachtaine seo le s\u00e9as\u00far rugba\u00ed PRO14 Guinness a chraolfar beo ar TG4. Craolfaidh TG4 28 gcluiche beo, ag cur leis an l\u00edon cl\u00e1r a craoladh le linn sh\u00e9as\u00fair roimhe seo, chomh maith le craoladh iarbheo a dh\u00e9anamh ar 9 gcluiche eile idir c\u00faig\u00ed.","robots":{"index":"index","follow":"follow","max-snippet":"max-snippet:-1","max-image-preview":"max-image-preview:large","max-video-preview":"max-video-preview:-1"},"og_locale":"en_US","og_type":"article","og_title":"S\u00e9as\u00far Nua Rugba\u00ed PRO14 Guinness tosaithe ar TG4 | Nuacht R\u00e1iteas | TG4","og_description":"Cuirfear t\u00fas an deireadh seachtaine seo le s\u00e9as\u00far rugba\u00ed PRO14 Guinness a chraolfar beo ar TG4. Craolfaidh TG4 28 gcluiche beo, ag cur leis an l\u00edon cl\u00e1r a craoladh le linn sh\u00e9as\u00fair roimhe seo, chomh maith le craoladh iarbheo a dh\u00e9anamh ar 9 gcluiche eile idir c\u00faig\u00ed.","og_url":"https:\/\/dev.tg4.ie\/ga\/eolas\/preas\/nuacht-raitis\/2018-2\/seasur-nua-rugbai-pro14-guinness-tosaithe-ar-tg4\/","og_site_name":"TG4","article_publisher":"https:\/\/www.facebook.com\/TG4TV","article_modified_time":"2019-07-01T10:57:37+00:00","og_image":[{"width":1980,"height":1080,"url":"https:\/\/tg4-docs.s3.amazonaws.com\/tg4-redesign-2015\/wp-content\/uploads\/2018\/08\/Rugbai-Seoladh.jpg","type":"image\/jpeg"}],"twitter_card":"summary_large_image","twitter_site":"@TG4TV","twitter_misc":{"Est. reading time":"3 minutes"},"schema":{"@context":"https:\/\/schema.org","@graph":[{"@type":"WebPage","@id":"https:\/\/dev.tg4.ie\/ga\/eolas\/preas\/nuacht-raitis\/2018-2\/seasur-nua-rugbai-pro14-guinness-tosaithe-ar-tg4\/","url":"https:\/\/dev.tg4.ie\/ga\/eolas\/preas\/nuacht-raitis\/2018-2\/seasur-nua-rugbai-pro14-guinness-tosaithe-ar-tg4\/","name":"S\u00e9as\u00far Nua Rugba\u00ed PRO14 Guinness tosaithe ar TG4 | Nuacht R\u00e1iteas | TG4","isPartOf":{"@id":"https:\/\/dev.tg4.ie\/en\/#website"},"primaryImageOfPage":{"@id":"https:\/\/dev.tg4.ie\/ga\/eolas\/preas\/nuacht-raitis\/2018-2\/seasur-nua-rugbai-pro14-guinness-tosaithe-ar-tg4\/#primaryimage"},"image":{"@id":"https:\/\/dev.tg4.ie\/ga\/eolas\/preas\/nuacht-raitis\/2018-2\/seasur-nua-rugbai-pro14-guinness-tosaithe-ar-tg4\/#primaryimage"},"thumbnailUrl":"https:\/\/tg4-docs.s3.amazonaws.com\/tg4-redesign-2015\/wp-content\/uploads\/2018\/08\/Rugbai-Seoladh.jpg","datePublished":"2018-08-29T09:52:00+00:00","dateModified":"2019-07-01T10:57:37+00:00","description":"Cuirfear t\u00fas an deireadh seachtaine seo le s\u00e9as\u00far rugba\u00ed PRO14 Guinness a chraolfar beo ar TG4. Craolfaidh TG4 28 gcluiche beo, ag cur leis an l\u00edon cl\u00e1r a craoladh le linn sh\u00e9as\u00fair roimhe seo, chomh maith le craoladh iarbheo a dh\u00e9anamh ar 9 gcluiche eile idir c\u00faig\u00ed.","breadcrumb":{"@id":"https:\/\/dev.tg4.ie\/ga\/eolas\/preas\/nuacht-raitis\/2018-2\/seasur-nua-rugbai-pro14-guinness-tosaithe-ar-tg4\/#breadcrumb"},"inLanguage":"ga","potentialAction":[{"@type":"ReadAction","target":["https:\/\/dev.tg4.ie\/ga\/eolas\/preas\/nuacht-raitis\/2018-2\/seasur-nua-rugbai-pro14-guinness-tosaithe-ar-tg4\/"]}]},{"@type":"ImageObject","inLanguage":"ga","@id":"https:\/\/dev.tg4.ie\/ga\/eolas\/preas\/nuacht-raitis\/2018-2\/seasur-nua-rugbai-pro14-guinness-tosaithe-ar-tg4\/#primaryimage","url":"https:\/\/tg4-docs.s3.amazonaws.com\/tg4-redesign-2015\/wp-content\/uploads\/2018\/08\/Rugbai-Seoladh.jpg","contentUrl":"https:\/\/tg4-docs.s3.amazonaws.com\/tg4-redesign-2015\/wp-content\/uploads\/2018\/08\/Rugbai-Seoladh.jpg","width":1980,"height":1080},{"@type":"BreadcrumbList","@id":"https:\/\/dev.tg4.ie\/ga\/eolas\/preas\/nuacht-raitis\/2018-2\/seasur-nua-rugbai-pro14-guinness-tosaithe-ar-tg4\/#breadcrumb","itemListElement":[{"@type":"ListItem","position":1,"name":"Home","item":"https:\/\/dev.tg4.ie\/ga\/"},{"@type":"ListItem","position":2,"name":"Eolas","item":"https:\/\/dev.tg4.ie\/ga\/eolas\/"},{"@type":"ListItem","position":3,"name":"Preas","item":"https:\/\/dev.tg4.ie\/ga\/eolas\/preas\/"},{"@type":"ListItem","position":4,"name":"Nuacht R\u00e1itis","item":"https:\/\/dev.tg4.ie\/ga\/eolas\/preas\/nuacht-raitis\/"},{"@type":"ListItem","position":5,"name":"2018","item":"https:\/\/dev.tg4.ie\/ga\/eolas\/preas\/nuacht-raitis\/2018-2\/"},{"@type":"ListItem","position":6,"name":"S\u00e9as\u00far Nua Rugba\u00ed PRO14 Guinness tosaithe ar TG4"}]},{"@type":"WebSite","@id":"https:\/\/dev.tg4.ie\/en\/#website","url":"https:\/\/dev.tg4.ie\/en\/","name":"TG4","description":"S\u00fail Eile","potentialAction":[{"@type":"SearchAction","target":{"@type":"EntryPoint","urlTemplate":"https:\/\/dev.tg4.ie\/en\/?s={search_term_string}"},"query-input":"required name=search_term_string"}],"inLanguage":"ga"}]}},"_links":{"self":[{"href":"https:\/\/dev.tg4.ie\/ga\/wp-json\/wp\/v2\/pages\/91921"}],"collection":[{"href":"https:\/\/dev.tg4.ie\/ga\/wp-json\/wp\/v2\/pages"}],"about":[{"href":"https:\/\/dev.tg4.ie\/ga\/wp-json\/wp\/v2\/types\/page"}],"author":[{"embeddable":true,"href":"https:\/\/dev.tg4.ie\/ga\/wp-json\/wp\/v2\/users\/876"}],"replies":[{"embeddable":true,"href":"https:\/\/dev.tg4.ie\/ga\/wp-json\/wp\/v2\/comments?post=91921"}],"version-history":[{"count":0,"href":"https:\/\/dev.tg4.ie\/ga\/wp-json\/wp\/v2\/pages\/91921\/revisions"}],"up":[{"embeddable":true,"href":"https:\/\/dev.tg4.ie\/ga\/wp-json\/wp\/v2\/pages\/72849"}],"wp:featuredmedia":[{"embeddable":true,"href":"https:\/\/dev.tg4.ie\/ga\/wp-json\/wp\/v2\/media\/91940"}],"wp:attachment":[{"href":"https:\/\/dev.tg4.ie\/ga\/wp-json\/wp\/v2\/media?parent=91921"}],"curies":[{"name":"wp","href":"https:\/\/api.w.org\/{rel}","templated":true}]}}