{"id":92010,"date":"2018-08-30T11:06:51","date_gmt":"2018-08-30T10:06:51","guid":{"rendered":"https:\/\/dev.tg4.ie\/?page_id=92010"},"modified":"2019-07-01T12:00:09","modified_gmt":"2019-07-01T11:00:09","slug":"conradh-rugbai-bronnta-ag-tg4-ar-iris-productions","status":"publish","type":"page","link":"https:\/\/dev.tg4.ie\/ga\/eolas\/preas\/nuacht-raitis\/2018-2\/conradh-rugbai-bronnta-ag-tg4-ar-iris-productions\/","title":{"rendered":"Conradh Rugba\u00ed bronnta ag TG4 ar Iris Productions"},"content":{"rendered":"<p>Cialla\u00edonn an socr\u00fa maidir le cearta Guinness PRO14 a f\u00f3gra\u00edodh i m\u00ed Aibre\u00e1in go mbeidh TG4 ar an aon chraolt\u00f3ir amh\u00e1in in \u00c9irinn a dh\u00e9anfaidh craoladh eisiach saor go haer ar an gcom\u00f3rtas leathnaithe seo i rith na dtr\u00ed bliana seo romhainn.<\/p>\n<p>D&#8217;fh\u00f3gair TG4 freisin agus an s\u00e9as\u00far nua \u00e1 sheoladh acu sa Sportsground inniu gur ar Iris Productions a bronnadh an conradh suntasach maidir le h\u00e1bhar rugba\u00ed an chraolt\u00f3ra a l\u00e9iri\u00fa ar feadh r\u00e9 tr\u00ed bliana an tsocraithe maidir le com\u00f3rtas Guinness PRO14.\u00a0 L\u00e9ireoidh an comhlacht l\u00e9iri\u00fach\u00e1in at\u00e1 lonnaithe ar an Spid\u00e9al n\u00edos m\u00f3\u00a0n\u00e1 200 uair a chloig d&#8217;\u00e1bhar beo, d&#8217;\u00e1bhar iarbheo agus d&#8217;\u00e1bhar buaicphoint\u00ed do TG4 i rith na dtr\u00ed sh\u00e9as\u00far seo chugainn. NEP a roghna\u00edodh maidir le saor\u00e1id\u00ed OB don chraoladh seachtrach a chur ar f\u00e1il.<\/p>\n<p>Ag labhairt d\u00f3\u00a0ag an seoladh, d\u00fairt R\u00f3n\u00e1n \u00d3 Coisdealbha, Ceannasa\u00ed\u00a0Sp\u00f3irt TG4:<\/p>\n<p><em>\u201cIs bre\u00e1 linn a bheith ag obair i gcomhar le Iris Productions maidir le Rugba\u00ed Beo, cl\u00e1r m\u00f3rshuntais rugba\u00ed TG4, a l\u00e9iri\u00fa\u00a0go ceann na dtr\u00ed bliana amach romhainn.\u00a0 Is gn\u00e9 th\u00e1bhachtach sa sceideal againn com\u00f3rtas Guinness PRO14 agus t\u00e1thar cinnte go leanfaidh Iris Productions den cheangal leis an lucht f\u00e9achana a choth\u00fa le cora nua sa st\u00edl l\u00e9iri\u00fach\u00e1in.\u00a0 Beidh an saineolas cruthaithe maidir le l\u00e9iri\u00fa beo at\u00e1 ag NEP, sol\u00e1thraithe saor\u00e1id\u00ed de scoth an domhain, ina bhonn treise faoin saothar agus t\u00e1thar ag tn\u00fath go m\u00f3r leis an gcaomhch\u00f3iri\u00fa\u00a0breise a thugtar ar an obair a fheice\u00e1il de r\u00e9ir mar a bh\u00edonn snas breise \u00e1 \u00e9ileamh ag lucht f\u00e9achana s\u00e1roilte sp\u00f3irt na h\u00c9ireann.\u201d<\/em><\/p>\n<p>D\u00fairt Kieran Hartigan, L\u00e9iritheoir Feidhmi\u00fach\u00e1in Iris Productions:<\/p>\n<p><em>\u201cT\u00e1 d\u00edocas agus fonn oibre orainn ag ullmh\u00fa don s\u00e9as\u00far nua.\u00a0 Tar \u00e9is d\u00fainn \u00e1bhar offtube agus cl\u00e1ir buaicphoint\u00ed\u00a0TG4 a l\u00e9iri\u00fa\u00a0le ceithre bliana anuas, is n\u00e1d\u00fartha an ch\u00e9im sa bhreis seo anois ag Iris Productions.\u00a0 B\u00edonn ioma\u00edocht iontach idir na foirne a fh\u00e9achann le craobh chom\u00f3rtas Guinness PRO14 a thabhairt leo agus imr\u00edtear rugba\u00ed chomh maith agus at\u00e1 ar fud an domhain \u00f3 th\u00fas go deireadh an ts\u00e9as\u00fair.\u00a0 T\u00e1 muintir an chomhlachta seo tugtha don rugba\u00ed\u00a0agus muid ag tn\u00fath go m\u00f3r leis an gcoimhlint agus leis an ioma\u00edocht ar fad a chur i l\u00e1thair do lucht f\u00e9achana TG4 i rith na dtr\u00ed\u00a0sh\u00e9as\u00far seo amach romhainn.\u00a0 \u00c1bhar misnigh agus m\u00f3rtais d\u00fainn a bheith ag tabhairt faoin obair seo i gcomhar leis an gcomhlacht \u00e1iseanna NEP ionas go mbeidh bunt\u00e1iste as an taith\u00ed at\u00e1 acusan, seachas aon dream eile ar domhan, i mbun cl\u00e1ir sp\u00f3irt a l\u00e9iri\u00fa chun s\u00e1r\u00e1bhar cl\u00e1ir n\u00edos tarraingt\u00ed agus n\u00edos meallta\u00ed a chur ar f\u00e1il do mhuintir na h\u00c9ireann.\u201d<\/em><\/p>\n<p>Beidh 28 gcluiche \u00e1 gcraoladh beo ar TG4 i mbliana, gach cluiche baile ag foireann rugba\u00ed Chonnacht ina measc.\u00a0 Tugtar san \u00e1ireamh leis sin \u2018M\u00ed na Seaimp\u00edn\u00ed\u2019 i m\u00ed\u00a0Me\u00e1n F\u00f3mhair agus cluich\u00ed\u00a0idir c\u00faig\u00ed in aghaidh na Mumhan, Laighean agus Uladh.<\/p>\n<p>\u00c1ireofar i measc na gcluich\u00ed a chraolfar ar Rugba\u00ed Beo TG4 chomh maith:<\/p>\n<ul>\n<li>Craoladh beo eisiach ar chluich\u00ed\u00a0uile Chonnacht in aghaidh fhoirne na Breataine Bige<\/li>\n<li>Cluich\u00ed\u00a0Beo fhoireann na Mumhan in aghaidh fhoirne na Breataine Bige<\/li>\n<li>Cluich\u00ed\u00a0Beo fhoireann Laighean in aghaidh fhoirne na Breataine Bige<\/li>\n<\/ul>\n<p><strong>Maidir le Iris Productions:<\/strong><\/p>\n<p>T\u00e1 Iris Productions, at\u00e1 lonnaithe sa Spid\u00e9al, i mbun gn\u00f3 \u00f3n mbliain 2005 i leith agus cl\u00e1ir faisn\u00e9ise s\u00e1rmhaithe faoin rugba\u00ed in \u00c9irinn le h\u00e1ireamh ar a gcuid saothair, ina measc:<\/p>\n<ul>\n<li><em>Munster: The Brave &amp; The Faithful<\/em> \u2013 ina r\u00edomhtar an sc\u00e9al maidir le feachtas buacach na Muimhneach nuair a thug siad corn Heineken leo den ch\u00e9ad uair sa bhliain 2006.<\/li>\n<li><em>Axel<\/em> \u2013 Gn\u00e9chl\u00e1r faisn\u00e9ise faoi shaol agus faoi shaothar Anthony Foley, s\u00e1rlaoch na Mumhan nach maireann<\/li>\n<li><em>The West\u2019s Awake<\/em> \u2013 Cl\u00e1r faisn\u00e9ise a ainmn\u00edodh maidir le dh\u00e1 ghradam de chuid IFTA ina bhfaightear l\u00e9argas taobh istigh de na geata\u00ed ar a raibh i gceist leis an gc\u00e9ad fheachtas riamh ag foireann rugba\u00ed Chonnacht sa chom\u00f3rtas do Chorn Heineken.<\/li>\n<\/ul>\n<p>Picti\u00fair ar f\u00e1il ag: <span><a href=\"https:\/\/client.inpho.ie\/tg4withconnachtrugby290818\/\" target=\"_blank\" rel=\"noopener noreferrer\">https:\/\/client.inpho.ie\/tg4withconnachtrugby290818<\/a><\/span><\/p>\n","protected":false},"excerpt":{"rendered":"<p>Cialla\u00edonn an socr\u00fa maidir le cearta Guinness PRO14 a f\u00f3gra\u00edodh i m\u00ed Aibre\u00e1in go mbeidh TG4 ar an aon chraolt\u00f3ir amh\u00e1in in \u00c9irinn a dh\u00e9anfaidh craoladh eisiach saor go haer ar an gcom\u00f3rtas leathnaithe seo i rith na dtr\u00ed bliana seo romhainn. D&#8217;fh\u00f3gair TG4 freisin agus an s\u00e9as\u00far nua \u00e1 sheoladh acu sa Sportsground inniu [&hellip;]<\/p>\n","protected":false},"author":876,"featured_media":92011,"parent":72849,"menu_order":39,"comment_status":"closed","ping_status":"closed","template":"page-templates\/template-pr.php","meta":{"_acf_changed":false,"footnotes":""},"acf":[],"yoast_head":"<!-- This site is optimized with the Yoast SEO plugin v22.6 - https:\/\/yoast.com\/wordpress\/plugins\/seo\/ -->\n<title>S\u00e9as\u00far Nua Rugba\u00ed PRO14 Guinness tosaithe ar TG4 | Nuacht R\u00e1iteas | TG4<\/title>\n<meta name=\"description\" content=\"Cuirfear t\u00fas an deireadh seachtaine seo le s\u00e9as\u00far rugba\u00ed PRO14 Guinness a chraolfar beo ar TG4. Craolfaidh TG4 28 gcluiche beo, ag cur leis an l\u00edon cl\u00e1r a craoladh le linn sh\u00e9as\u00fair roimhe seo, chomh maith le craoladh iarbheo a dh\u00e9anamh ar 9 gcluiche eile idir c\u00faig\u00ed.\" \/>\n<meta name=\"robots\" content=\"index, follow, max-snippet:-1, max-image-preview:large, max-video-preview:-1\" \/>\n<meta property=\"og:locale\" content=\"en_US\" \/>\n<meta property=\"og:type\" content=\"article\" \/>\n<meta property=\"og:title\" content=\"S\u00e9as\u00far Nua Rugba\u00ed PRO14 Guinness tosaithe ar TG4 | Nuacht R\u00e1iteas | TG4\" \/>\n<meta property=\"og:description\" content=\"Cuirfear t\u00fas an deireadh seachtaine seo le s\u00e9as\u00far rugba\u00ed PRO14 Guinness a chraolfar beo ar TG4. Craolfaidh TG4 28 gcluiche beo, ag cur leis an l\u00edon cl\u00e1r a craoladh le linn sh\u00e9as\u00fair roimhe seo, chomh maith le craoladh iarbheo a dh\u00e9anamh ar 9 gcluiche eile idir c\u00faig\u00ed.\" \/>\n<meta property=\"og:url\" content=\"https:\/\/dev.tg4.ie\/ga\/eolas\/preas\/nuacht-raitis\/2018-2\/conradh-rugbai-bronnta-ag-tg4-ar-iris-productions\/\" \/>\n<meta property=\"og:site_name\" content=\"TG4\" \/>\n<meta property=\"article:publisher\" content=\"https:\/\/www.facebook.com\/TG4TV\" \/>\n<meta property=\"article:modified_time\" content=\"2019-07-01T11:00:09+00:00\" \/>\n<meta property=\"og:image\" content=\"https:\/\/tg4-docs.s3.amazonaws.com\/tg4-redesign-2015\/wp-content\/uploads\/2018\/08\/Iris-1.jpg\" \/>\n\t<meta property=\"og:image:width\" content=\"1920\" \/>\n\t<meta property=\"og:image:height\" content=\"1080\" \/>\n\t<meta property=\"og:image:type\" content=\"image\/jpeg\" \/>\n<meta name=\"twitter:card\" content=\"summary_large_image\" \/>\n<meta name=\"twitter:site\" content=\"@TG4TV\" \/>\n<meta name=\"twitter:label1\" content=\"Est. reading time\" \/>\n\t<meta name=\"twitter:data1\" content=\"4 minutes\" \/>\n<script type=\"application\/ld+json\" class=\"yoast-schema-graph\">{\"@context\":\"https:\/\/schema.org\",\"@graph\":[{\"@type\":\"WebPage\",\"@id\":\"https:\/\/dev.tg4.ie\/ga\/eolas\/preas\/nuacht-raitis\/2018-2\/conradh-rugbai-bronnta-ag-tg4-ar-iris-productions\/\",\"url\":\"https:\/\/dev.tg4.ie\/ga\/eolas\/preas\/nuacht-raitis\/2018-2\/conradh-rugbai-bronnta-ag-tg4-ar-iris-productions\/\",\"name\":\"S\u00e9as\u00far Nua Rugba\u00ed PRO14 Guinness tosaithe ar TG4 | Nuacht R\u00e1iteas | TG4\",\"isPartOf\":{\"@id\":\"https:\/\/dev.tg4.ie\/en\/#website\"},\"primaryImageOfPage\":{\"@id\":\"https:\/\/dev.tg4.ie\/ga\/eolas\/preas\/nuacht-raitis\/2018-2\/conradh-rugbai-bronnta-ag-tg4-ar-iris-productions\/#primaryimage\"},\"image\":{\"@id\":\"https:\/\/dev.tg4.ie\/ga\/eolas\/preas\/nuacht-raitis\/2018-2\/conradh-rugbai-bronnta-ag-tg4-ar-iris-productions\/#primaryimage\"},\"thumbnailUrl\":\"https:\/\/tg4-docs.s3.amazonaws.com\/tg4-redesign-2015\/wp-content\/uploads\/2018\/08\/Iris-1.jpg\",\"datePublished\":\"2018-08-30T10:06:51+00:00\",\"dateModified\":\"2019-07-01T11:00:09+00:00\",\"description\":\"Cuirfear t\u00fas an deireadh seachtaine seo le s\u00e9as\u00far rugba\u00ed PRO14 Guinness a chraolfar beo ar TG4. Craolfaidh TG4 28 gcluiche beo, ag cur leis an l\u00edon cl\u00e1r a craoladh le linn sh\u00e9as\u00fair roimhe seo, chomh maith le craoladh iarbheo a dh\u00e9anamh ar 9 gcluiche eile idir c\u00faig\u00ed.\",\"breadcrumb\":{\"@id\":\"https:\/\/dev.tg4.ie\/ga\/eolas\/preas\/nuacht-raitis\/2018-2\/conradh-rugbai-bronnta-ag-tg4-ar-iris-productions\/#breadcrumb\"},\"inLanguage\":\"ga\",\"potentialAction\":[{\"@type\":\"ReadAction\",\"target\":[\"https:\/\/dev.tg4.ie\/ga\/eolas\/preas\/nuacht-raitis\/2018-2\/conradh-rugbai-bronnta-ag-tg4-ar-iris-productions\/\"]}]},{\"@type\":\"ImageObject\",\"inLanguage\":\"ga\",\"@id\":\"https:\/\/dev.tg4.ie\/ga\/eolas\/preas\/nuacht-raitis\/2018-2\/conradh-rugbai-bronnta-ag-tg4-ar-iris-productions\/#primaryimage\",\"url\":\"https:\/\/tg4-docs.s3.amazonaws.com\/tg4-redesign-2015\/wp-content\/uploads\/2018\/08\/Iris-1.jpg\",\"contentUrl\":\"https:\/\/tg4-docs.s3.amazonaws.com\/tg4-redesign-2015\/wp-content\/uploads\/2018\/08\/Iris-1.jpg\",\"width\":1920,\"height\":1080},{\"@type\":\"BreadcrumbList\",\"@id\":\"https:\/\/dev.tg4.ie\/ga\/eolas\/preas\/nuacht-raitis\/2018-2\/conradh-rugbai-bronnta-ag-tg4-ar-iris-productions\/#breadcrumb\",\"itemListElement\":[{\"@type\":\"ListItem\",\"position\":1,\"name\":\"Home\",\"item\":\"https:\/\/dev.tg4.ie\/ga\/\"},{\"@type\":\"ListItem\",\"position\":2,\"name\":\"Eolas\",\"item\":\"https:\/\/dev.tg4.ie\/ga\/eolas\/\"},{\"@type\":\"ListItem\",\"position\":3,\"name\":\"Preas\",\"item\":\"https:\/\/dev.tg4.ie\/ga\/eolas\/preas\/\"},{\"@type\":\"ListItem\",\"position\":4,\"name\":\"Nuacht R\u00e1itis\",\"item\":\"https:\/\/dev.tg4.ie\/ga\/eolas\/preas\/nuacht-raitis\/\"},{\"@type\":\"ListItem\",\"position\":5,\"name\":\"2018\",\"item\":\"https:\/\/dev.tg4.ie\/ga\/eolas\/preas\/nuacht-raitis\/2018-2\/\"},{\"@type\":\"ListItem\",\"position\":6,\"name\":\"Conradh Rugba\u00ed bronnta ag TG4 ar Iris Productions\"}]},{\"@type\":\"WebSite\",\"@id\":\"https:\/\/dev.tg4.ie\/en\/#website\",\"url\":\"https:\/\/dev.tg4.ie\/en\/\",\"name\":\"TG4\",\"description\":\"S\u00fail Eile\",\"potentialAction\":[{\"@type\":\"SearchAction\",\"target\":{\"@type\":\"EntryPoint\",\"urlTemplate\":\"https:\/\/dev.tg4.ie\/en\/?s={search_term_string}\"},\"query-input\":\"required name=search_term_string\"}],\"inLanguage\":\"ga\"}]}<\/script>\n<!-- \/ Yoast SEO plugin. -->","yoast_head_json":{"title":"S\u00e9as\u00far Nua Rugba\u00ed PRO14 Guinness tosaithe ar TG4 | Nuacht R\u00e1iteas | TG4","description":"Cuirfear t\u00fas an deireadh seachtaine seo le s\u00e9as\u00far rugba\u00ed PRO14 Guinness a chraolfar beo ar TG4. Craolfaidh TG4 28 gcluiche beo, ag cur leis an l\u00edon cl\u00e1r a craoladh le linn sh\u00e9as\u00fair roimhe seo, chomh maith le craoladh iarbheo a dh\u00e9anamh ar 9 gcluiche eile idir c\u00faig\u00ed.","robots":{"index":"index","follow":"follow","max-snippet":"max-snippet:-1","max-image-preview":"max-image-preview:large","max-video-preview":"max-video-preview:-1"},"og_locale":"en_US","og_type":"article","og_title":"S\u00e9as\u00far Nua Rugba\u00ed PRO14 Guinness tosaithe ar TG4 | Nuacht R\u00e1iteas | TG4","og_description":"Cuirfear t\u00fas an deireadh seachtaine seo le s\u00e9as\u00far rugba\u00ed PRO14 Guinness a chraolfar beo ar TG4. Craolfaidh TG4 28 gcluiche beo, ag cur leis an l\u00edon cl\u00e1r a craoladh le linn sh\u00e9as\u00fair roimhe seo, chomh maith le craoladh iarbheo a dh\u00e9anamh ar 9 gcluiche eile idir c\u00faig\u00ed.","og_url":"https:\/\/dev.tg4.ie\/ga\/eolas\/preas\/nuacht-raitis\/2018-2\/conradh-rugbai-bronnta-ag-tg4-ar-iris-productions\/","og_site_name":"TG4","article_publisher":"https:\/\/www.facebook.com\/TG4TV","article_modified_time":"2019-07-01T11:00:09+00:00","og_image":[{"width":1920,"height":1080,"url":"https:\/\/tg4-docs.s3.amazonaws.com\/tg4-redesign-2015\/wp-content\/uploads\/2018\/08\/Iris-1.jpg","type":"image\/jpeg"}],"twitter_card":"summary_large_image","twitter_site":"@TG4TV","twitter_misc":{"Est. reading time":"4 minutes"},"schema":{"@context":"https:\/\/schema.org","@graph":[{"@type":"WebPage","@id":"https:\/\/dev.tg4.ie\/ga\/eolas\/preas\/nuacht-raitis\/2018-2\/conradh-rugbai-bronnta-ag-tg4-ar-iris-productions\/","url":"https:\/\/dev.tg4.ie\/ga\/eolas\/preas\/nuacht-raitis\/2018-2\/conradh-rugbai-bronnta-ag-tg4-ar-iris-productions\/","name":"S\u00e9as\u00far Nua Rugba\u00ed PRO14 Guinness tosaithe ar TG4 | Nuacht R\u00e1iteas | TG4","isPartOf":{"@id":"https:\/\/dev.tg4.ie\/en\/#website"},"primaryImageOfPage":{"@id":"https:\/\/dev.tg4.ie\/ga\/eolas\/preas\/nuacht-raitis\/2018-2\/conradh-rugbai-bronnta-ag-tg4-ar-iris-productions\/#primaryimage"},"image":{"@id":"https:\/\/dev.tg4.ie\/ga\/eolas\/preas\/nuacht-raitis\/2018-2\/conradh-rugbai-bronnta-ag-tg4-ar-iris-productions\/#primaryimage"},"thumbnailUrl":"https:\/\/tg4-docs.s3.amazonaws.com\/tg4-redesign-2015\/wp-content\/uploads\/2018\/08\/Iris-1.jpg","datePublished":"2018-08-30T10:06:51+00:00","dateModified":"2019-07-01T11:00:09+00:00","description":"Cuirfear t\u00fas an deireadh seachtaine seo le s\u00e9as\u00far rugba\u00ed PRO14 Guinness a chraolfar beo ar TG4. Craolfaidh TG4 28 gcluiche beo, ag cur leis an l\u00edon cl\u00e1r a craoladh le linn sh\u00e9as\u00fair roimhe seo, chomh maith le craoladh iarbheo a dh\u00e9anamh ar 9 gcluiche eile idir c\u00faig\u00ed.","breadcrumb":{"@id":"https:\/\/dev.tg4.ie\/ga\/eolas\/preas\/nuacht-raitis\/2018-2\/conradh-rugbai-bronnta-ag-tg4-ar-iris-productions\/#breadcrumb"},"inLanguage":"ga","potentialAction":[{"@type":"ReadAction","target":["https:\/\/dev.tg4.ie\/ga\/eolas\/preas\/nuacht-raitis\/2018-2\/conradh-rugbai-bronnta-ag-tg4-ar-iris-productions\/"]}]},{"@type":"ImageObject","inLanguage":"ga","@id":"https:\/\/dev.tg4.ie\/ga\/eolas\/preas\/nuacht-raitis\/2018-2\/conradh-rugbai-bronnta-ag-tg4-ar-iris-productions\/#primaryimage","url":"https:\/\/tg4-docs.s3.amazonaws.com\/tg4-redesign-2015\/wp-content\/uploads\/2018\/08\/Iris-1.jpg","contentUrl":"https:\/\/tg4-docs.s3.amazonaws.com\/tg4-redesign-2015\/wp-content\/uploads\/2018\/08\/Iris-1.jpg","width":1920,"height":1080},{"@type":"BreadcrumbList","@id":"https:\/\/dev.tg4.ie\/ga\/eolas\/preas\/nuacht-raitis\/2018-2\/conradh-rugbai-bronnta-ag-tg4-ar-iris-productions\/#breadcrumb","itemListElement":[{"@type":"ListItem","position":1,"name":"Home","item":"https:\/\/dev.tg4.ie\/ga\/"},{"@type":"ListItem","position":2,"name":"Eolas","item":"https:\/\/dev.tg4.ie\/ga\/eolas\/"},{"@type":"ListItem","position":3,"name":"Preas","item":"https:\/\/dev.tg4.ie\/ga\/eolas\/preas\/"},{"@type":"ListItem","position":4,"name":"Nuacht R\u00e1itis","item":"https:\/\/dev.tg4.ie\/ga\/eolas\/preas\/nuacht-raitis\/"},{"@type":"ListItem","position":5,"name":"2018","item":"https:\/\/dev.tg4.ie\/ga\/eolas\/preas\/nuacht-raitis\/2018-2\/"},{"@type":"ListItem","position":6,"name":"Conradh Rugba\u00ed bronnta ag TG4 ar Iris Productions"}]},{"@type":"WebSite","@id":"https:\/\/dev.tg4.ie\/en\/#website","url":"https:\/\/dev.tg4.ie\/en\/","name":"TG4","description":"S\u00fail Eile","potentialAction":[{"@type":"SearchAction","target":{"@type":"EntryPoint","urlTemplate":"https:\/\/dev.tg4.ie\/en\/?s={search_term_string}"},"query-input":"required name=search_term_string"}],"inLanguage":"ga"}]}},"_links":{"self":[{"href":"https:\/\/dev.tg4.ie\/ga\/wp-json\/wp\/v2\/pages\/92010"}],"collection":[{"href":"https:\/\/dev.tg4.ie\/ga\/wp-json\/wp\/v2\/pages"}],"about":[{"href":"https:\/\/dev.tg4.ie\/ga\/wp-json\/wp\/v2\/types\/page"}],"author":[{"embeddable":true,"href":"https:\/\/dev.tg4.ie\/ga\/wp-json\/wp\/v2\/users\/876"}],"replies":[{"embeddable":true,"href":"https:\/\/dev.tg4.ie\/ga\/wp-json\/wp\/v2\/comments?post=92010"}],"version-history":[{"count":0,"href":"https:\/\/dev.tg4.ie\/ga\/wp-json\/wp\/v2\/pages\/92010\/revisions"}],"up":[{"embeddable":true,"href":"https:\/\/dev.tg4.ie\/ga\/wp-json\/wp\/v2\/pages\/72849"}],"wp:featuredmedia":[{"embeddable":true,"href":"https:\/\/dev.tg4.ie\/ga\/wp-json\/wp\/v2\/media\/92011"}],"wp:attachment":[{"href":"https:\/\/dev.tg4.ie\/ga\/wp-json\/wp\/v2\/media?parent=92010"}],"curies":[{"name":"wp","href":"https:\/\/api.w.org\/{rel}","templated":true}]}}