{"id":92348,"date":"2018-09-05T12:31:00","date_gmt":"2018-09-05T11:31:00","guid":{"rendered":"https:\/\/dev.tg4.ie\/?page_id=92348"},"modified":"2019-07-01T12:07:18","modified_gmt":"2019-07-01T11:07:18","slug":"seoladh-an-fhomhair-2018","status":"publish","type":"page","link":"https:\/\/dev.tg4.ie\/ga\/eolas\/preas\/nuacht-raitis\/2018-2\/seoladh-an-fhomhair-2018\/","title":{"rendered":"Seoladh an Fh\u00f3mhair 2018"},"content":{"rendered":"<p>T\u00e1 gach moth\u00fach\u00e1n le brath i sceideal nua F\u00f3mhair TG4, a seoladh inniu ag \u00f3c\u00e1id spleodrach sa Tribeton, i nGaillimh.<\/p>\n<p>Beidh neart spraoi agus grinn le f\u00e1il sa r\u00e9imse leathan cl\u00e1r siamsa\u00edochta a bheidh le feice\u00e1il ar an st\u00e1isi\u00fan sa bhF\u00f3mhair le leith\u00e9id\u00ed Hector, D\u00e1ith\u00ed \u00d3 S\u00e9, Daniel O\u2019Donnell\u00a0 agus a\u00edonna sp\u00e9isi\u00fala as \u00e1iteanna go leor.<\/p>\n<p>T\u00e1 na <strong>\u2018Underdogs\u2019<\/strong> ar ais tar \u00e9is briseadh deich mbliana agus na peilead\u00f3ir\u00ed aitheanta Paul Galvin, Valerie Mulcahy &amp; Ray Silke ag cur neart br\u00fa agus ag coth\u00fa coimhlint gh\u00e9ar idir na hiomaitheoir\u00ed d\u00edograiseacha.<\/p>\n<p>T\u00e1 buairt &amp; briseadh cro\u00ed sna cl\u00e1ir l\u00e1idre faisn\u00e9ise <strong>\u2018Finn\u00e9\u2019<\/strong> &amp; <strong>\u2018Tab\u00fa\u2019<\/strong>, \u00e1 gcur i l\u00e1thair ag an iriseoir aitheanta Orla O\u2019Donnell agus an r\u00e9alta raidi\u00f3 Eoghan McDermott araon. Pl\u00e9ifidh na cl\u00e1ir le h\u00e1bhar consp\u00f3ideach a bhaineann le cearta a bheith \u00e1 s\u00e1r\u00fa agus m\u00f3rcheisteanna i socha\u00ed na linne.<\/p>\n<p>T\u00e1 an cl\u00e1r seachtaini\u00fail c\u00farsa\u00ed reatha <strong>\u20187 L\u00e1\u2019<\/strong> agus an s\u00e1r-shraith faisn\u00e9ise <strong>\u2018F\u00edorsc\u00e9al\u2019<\/strong> ar ais freisin agus muid ag tos\u00fa le c\u00e9ad chraoladh scann\u00e1n cumhachtach John &amp; Gerry McColgan, <strong>\u2018This is Palestine\u2019<\/strong> o\u00edche D\u00e9ardaoin an 6 Me\u00e1n F\u00f3mhair.<\/p>\n<p>T\u00e1 sraitheanna \u00farnua, sp\u00e9isi\u00fala freisin againn maidir le stair, seanchas agus traidisi\u00fan an bhia in \u00c9irinn &#8211; <strong>\u2018Blasta\u2019<\/strong> agus bliain i saol na foirne in \u00f3st\u00e1n cl\u00faiteach, tuaithe an <strong>\u2018Shandon\u2019 <\/strong>i dT\u00edr Chonaill.<\/p>\n<p>Tugann sraitheanna ar n\u00f3s <strong>\u2018Bailte\u2019<\/strong>, <strong>\u2018Gaeil UK\u2019<\/strong>, <strong>\u2018Turas B\u00f3thair\u2019<\/strong>, <strong>\u2018Beidh Aonach Am\u00e1rach\u2019<\/strong> agus <strong>\u2018B\u00e1d\u00f3ir\u00ed\u2019<\/strong> l\u00e9argas ar shaol na ngn\u00e1thdhaoine agus ar phobail faoi leith in \u00c9irinn agus sa Bhreatain, ar bhealach cruthaitheach agus siams\u00fail.<\/p>\n<p>T\u00e1 c\u00farsa\u00ed sp\u00f3irt ag dul \u00f3 neart go neart ar TG4 agus muid ag teannadh le buaicphointe chraobhchom\u00f3rtas <strong>Pheil na mBan<\/strong> idir Corcaigh &amp; \u00c1th Cliath. Craolfar cl\u00e1r nua beo \u00f3 Theach an Ardmh\u00e9ara an o\u00edche roimh an gcluiche m\u00f3r an 15 Me\u00e1n F\u00f3mhair ar a mbeidh neart ceoil, r\u00e9alta\u00ed sp\u00f3irt agus mn\u00e1 cumasacha i l\u00e1r an aonaigh.<\/p>\n<p>Beidh scoth na gcluich\u00ed againn \u00f3 chom\u00f3rtas <strong>Rugba\u00ed an PRO14<\/strong> agus is ar na cluich\u00ed Ceannais Contae agus ar Chraobh na gClubanna AIB i bpeil agus san iom\u00e1int a bheidh an bh\u00e9im idir Deireadh F\u00f3mhair agus Nollaig 2018 agus cluiche m\u00f3r beo gach Domhnach.<\/p>\n<p>I sraith nua de <strong>\u2018Laochra Gael\u2019<\/strong> tabharfar l\u00e9argas ar shaol pearsanta roinnt de na himreoir\u00ed is cumasa\u00ed agus is fearr a bh\u00ed riamh ann &#8211; Jackie Tyrell, Rena Buckley &amp; Colm Cooper ina measc.<\/p>\n<p>Beidh a mhacasamhail de shraith againn \u00f3 thaobh pearsana m\u00f3ra an cheoil chomh maith is Frankie Gavin, Alec Finn, Arty McGlynn &amp; Sarah Ghriallais faoi chaibidil sa tsraith faisn\u00e9ise ceoil, <strong>\u2018S\u00e9 Mo Laoch\u2019<\/strong>. Agus mar is dual do TG4, beidh scoth an cheoil againn ar\u00eds sna cl\u00e1ir <strong>\u2018Gradaim Cheoil TG4\u2019<\/strong>, <strong>\u2018Tradfest\u2019<\/strong>, <strong>\u2018Lurgan 2K18\u2019<\/strong>, <strong>\u2018Junior Eurovision\u2019<\/strong>. Agus togha an cheoil t\u00edre in <strong>\u2018Opry le Daniel\u2019<\/strong>, <strong>\u2018Gl\u00f3r T\u00edre\u2019<\/strong> agus \u00f3 na <strong>\u2018Irish Post Country Music Awards\u2019<\/strong>, a bheidh ag teacht beo \u00f3 Fh\u00f3ram na M\u00edlaoise i nDoire, an 11 Me\u00e1n F\u00f3mhair.<\/p>\n<p>T\u00e1 b\u00e9im faoi leith \u00e1 cur ag TG4 ar chraoladh beo le roinnt blianta agus t\u00e1 sin le sonr\u00fa sa sceideal nua, ina bhfuil cl\u00e1ir faoi leith ar n\u00f3s <strong>\u2018Samhain Live\u2019<\/strong>, <strong>\u2018F\u00e1ilte 2019\u2019<\/strong> o\u00edche chinn bliana, <strong>\u2018Gradaim an Irish Post\u2019<\/strong> as Londain,\u00a0 gan tr\u00e1cht ar an gcl\u00fadach cuimsitheach \u00f3 Oireachtas na Samhna sna cl\u00e1ir <strong>\u2018Steip\u2019<\/strong>, <strong>\u2018L\u00e1rst\u00e1itse\u2019<\/strong>, <strong>\u2018Nuacht TG4\u2019<\/strong> agus go leor eile, ar ard\u00e1in \u00e9ags\u00fala TG4.<\/p>\n<p>Beidh na cl\u00e1ir ar fad is ansa leis an aos \u00f3g ar ais ar C\u00fala 4, ar n\u00f3s <strong>\u2018Whiz sa Chistin\u2019<\/strong>, <strong>\u2018D\u00f3nal D\u00e1na\u2019<\/strong>, <strong>\u2018Spongebob\u2019 <\/strong>agus <strong>\u2018Masha\u2019<\/strong>, mar aon leis na sraitheanna nua <strong>\u2018\u00c1r Sc\u00e9al\u2019<\/strong>, ina dtabharfaidh dalta\u00ed \u00f3 52 scoil l\u00e9argas eala\u00edonta ar sc\u00e9alta nuascr\u00edofa agus <strong>\u2018CLUB\u2019<\/strong>, ina dtabharfaidh daoine \u00f3ga ar thuras muid chuig a gclub CLG, i gcomhluadar pearsana aitheanta sp\u00f3irt.<\/p>\n<p>M\u00e1 chuirtear leis sin ar fad an cl\u00fadach cuimsitheach \u00f3 <strong>Nuacht TG4<\/strong>,\u00a0 sraith spleodrach eile de <strong>\u2018Ros na R\u00fan\u2019 <\/strong>agus dr\u00e1ma\u00ed l\u00e1idre ar n\u00f3s <strong>\u2018Un Bore Mercher\/Keeping the Faith\u2019<\/strong>, <strong>\u2018The West Wing\u2019<\/strong>, scann\u00e1in aitheanta agus neart eile, n\u00edl aon amhras ach go mbeidh scoth an \u00e1bhair ar f\u00e1il ar TG4 do ch\u00e1ch ar fud na cruinne an f\u00f3mhar seo.<\/p>\n<p>Deir Ard-Sti\u00farth\u00f3ir TG4, Alan Esslemont agus \u00e9 ag f\u00f3gairt sceideal nua f\u00f3mhair an st\u00e1isi\u00fan:<\/p>\n<p><em>\u201cAithn\u00edonn an pobal iad f\u00e9in i gcl\u00e1ir TG4. Cl\u00e1ir iad a bhaineann leosan at\u00e1 bunaithe orthusan. Tuigeann siad go nd\u00e9anann TG4 iarracht m\u00f3r an r\u00e9imse is leithne cl\u00e1r is f\u00e9idir, ar an gcaighde\u00e1n is airde, a chur ar f\u00e1il don phobal sa mbaile agus i gc\u00e9in agus sin \u00e1 dh\u00e9anamh tr\u00ed \u2018S\u00fail Eile\u2019 TG4.\u201d<\/em><\/p>\n<p><em>\u201cIs \u00fadar br\u00f3id d\u00fainn i mbliana na cl\u00e1ir bhre\u00e1tha siamsa\u00edochta agus na sraitheanna faisn\u00e9ise cumhachtacha at\u00e1 againn. T\u00e1 muid ag cur len\u00e1r sol\u00e1thar ar na hard\u00e1in dhigiteacha an t-am ar fad agus f\u00e1il ag daoine ar \u00e1bhar TG4 ar fud na cruinne thr\u00edd an seinnteoir ag\u00a0 TG4.ie n\u00f3 thr\u00edd an Aip at\u00e1 ar f\u00e1il mar leagan IOS,\u00a0 Android n\u00f3\u00a0 SmartTV. \u00a0T\u00e1 s\u00fail againn go mbainfidh n\u00edos m\u00f3 daoine n\u00e1 riamh sult as na cl\u00e1ir nua seo ar fad sna m\u00edonna at\u00e1 romhainn\u201d.<\/em><\/p>\n<p><strong>10\u00a0gCl\u00e1r\u00a0as\u00a0Sceideal\u00a0F\u00f3mhair\u00a0TG4\u00a0n\u00e1r\u00a0cheart\u00a0a\u00a0chailleadh:<\/strong><\/p>\n<p><strong>Hector &#8211; \u00d3 Siberia go Saigon\u00a0\u00a0<\/strong><\/p>\n<p>Cuirfidh\u00a0Hector \u00d3\u00a0hEochag\u00e1in\u00a0t\u00fas\u00a0leis an\u00a0eachtra\u00a0is\u00a0m\u00f3\u00a0f\u00f3s\u00a0aige\u00a0i\u00a0gcro\u00edl\u00e1r\u00a0na\u00a0Sib\u00e9ire.<\/p>\n<p><strong>Underdogs\u00a0\u00a0<\/strong><\/p>\n<p>T\u00e1\u00a0an\u00a0cl\u00e1r\u00a0c\u00e1ili\u00fail\u00a0CLG\u00a0ar\u00a0ais\u00a0tar\u00a0\u00e9is\u00a0deich\u00a0mbliana\u00a0agus\u00a0Paul Galvin, Valerie Mulcahy &amp; Ray Silke\u00a0ina\u00a0roghn\u00f3ir\u00ed.<\/p>\n<p><strong>Finn\u00e9\u00a0<\/strong><\/p>\n<p>Sc\u00e9alta\u00a0na\u00a0ndaoine\u00a0a\u00a0bh\u00ed\u00a0i\u00a0gceartl\u00e1r\u00a0sc\u00e9alta\u00a0m\u00f3ra\u00a0\u00c9ireannacha\u00a0le\u00a0leathch\u00e9ad\u00a0bliain.<\/p>\n<p><strong>Gaeil\u00a0UK\u00a0<\/strong><\/p>\n<p>L\u00e9argas\u00a0ar\u00a0shaol\u00a0na\u00a0n-imirceach\u00a0\u00c9ireannach\u00a0sa\u00a0l\u00e1\u00a0at\u00e1\u00a0inniu\u00a0ann\u00a0sna\u00a0h\u00e1iteanna\u00a0ar\u00a0shocraigh\u00a0siad\u00a0sa\u00a0mBreatain.<\/p>\n<p><strong>Rugba\u00ed\u00a0PRO14 Guinness\u00a0<\/strong><\/p>\n<p>Cl\u00fadach\u00a0eisiach\u00a0saor\u00a0go\u00a0haer\u00a0ar\u00a0chom\u00f3rtas\u00a0Rugba\u00ed PRO14 Guinness 2018\/19.<\/p>\n<p><strong>Cluiche\u00a0Ceannais\u00a0Pheil\u00a0na\u00a0mBan\u00a0Beo\u00a0\u00a0<\/strong><\/p>\n<p>Cl\u00fadach\u00a0eisiach\u00a0ar\u00a0chraobhchom\u00f3rtais\u00a0Pheil\u00a0na\u00a0mBan\u00a0Beo\u00a0an\u00a016\u00a0Me\u00e1n\u00a0F\u00f3mhair\u00a0ar\u00a0Ph\u00e1irc\u00a0an\u00a0Chr\u00f3caigh.<\/p>\n<p><strong>Oireachtas\u00a0na\u00a0Gaeilge<\/strong><\/p>\n<p>Craoladh\u00a0beo\u00a0ar\u00a0feadh\u00a0cheithre\u00a0l\u00e1\u00a0ar\u00a0phr\u00edomhfh\u00e9ile\u00a0na\u00a0nGael\u00a0i\u00a0gCill\u00a0Airne.<\/p>\n<p><strong>Samhain Live<\/strong><\/p>\n<p>Cl\u00e1r\u00a0beo\u00a0ceoil\u00a0&amp;\u00a0siamsa\u00edochta\u00a0as\u00a0cathair\u00a0Dhoire\u00a0O\u00edche\u00a0Shamhna.<\/p>\n<p><strong>Tradfest\u00a0\u00a0<\/strong><\/p>\n<p>Scoth\u00a0an\u00a0cheoil\u00a0thraidisi\u00fanta\u00a0\u00f3\u00a0fh\u00e9ile\u00a0ceoil\u00a0Tradfest\u00a0i\u00a0mBaile\u00a0\u00c1tha\u00a0Cliath.<\/p>\n<p><strong>C.L.U.B.\u00a0<\/strong><\/p>\n<p>Sraith nua ina dtabharfaidh daoine \u00f3ga agus a gcuid r\u00e9alta\u00ed CLG ar cuairt muid chuig a gclub CLG f\u00e9in.<\/p>\n<p><strong>Is f\u00e9idir breis eolais a fh\u00e1il futhu seo agus cl\u00e1ir eile le TG4 ag <\/strong><strong><a href=\"https:\/\/tg4.xtensio.com\/co0xwafl\" target=\"_blank\" rel=\"noopener noreferrer\">https:\/\/tg4.xtensio.com\/co0xwafl<\/a><\/strong><\/p>\n","protected":false},"excerpt":{"rendered":"<p>T\u00e1 gach moth\u00fach\u00e1n le brath i sceideal nua F\u00f3mhair TG4, a seoladh inniu ag \u00f3c\u00e1id spleodrach sa Tribeton, i nGaillimh. Beidh neart spraoi agus grinn le f\u00e1il sa r\u00e9imse leathan cl\u00e1r siamsa\u00edochta a bheidh le feice\u00e1il ar an st\u00e1isi\u00fan sa bhF\u00f3mhair le leith\u00e9id\u00ed Hector, D\u00e1ith\u00ed \u00d3 S\u00e9, Daniel O\u2019Donnell\u00a0 agus a\u00edonna sp\u00e9isi\u00fala as \u00e1iteanna go [&hellip;]<\/p>\n","protected":false},"author":876,"featured_media":92479,"parent":72849,"menu_order":40,"comment_status":"closed","ping_status":"closed","template":"page-templates\/template-pr.php","meta":{"_acf_changed":false,"footnotes":""},"acf":[],"yoast_head":"<!-- This site is optimized with the Yoast SEO plugin v22.6 - https:\/\/yoast.com\/wordpress\/plugins\/seo\/ -->\n<title>Seoladh an Fh\u00f3mhair 2018 - TG4<\/title>\n<meta name=\"robots\" content=\"index, follow, max-snippet:-1, max-image-preview:large, max-video-preview:-1\" \/>\n<meta property=\"og:locale\" content=\"en_US\" \/>\n<meta property=\"og:type\" content=\"article\" \/>\n<meta property=\"og:title\" content=\"Seoladh an Fh\u00f3mhair 2018 - TG4\" \/>\n<meta property=\"og:description\" content=\"T\u00e1 gach moth\u00fach\u00e1n le brath i sceideal nua F\u00f3mhair TG4, a seoladh inniu ag \u00f3c\u00e1id spleodrach sa Tribeton, i nGaillimh. Beidh neart spraoi agus grinn le f\u00e1il sa r\u00e9imse leathan cl\u00e1r siamsa\u00edochta a bheidh le feice\u00e1il ar an st\u00e1isi\u00fan sa bhF\u00f3mhair le leith\u00e9id\u00ed Hector, D\u00e1ith\u00ed \u00d3 S\u00e9, Daniel O\u2019Donnell\u00a0 agus a\u00edonna sp\u00e9isi\u00fala as \u00e1iteanna go [&hellip;]\" \/>\n<meta property=\"og:url\" content=\"https:\/\/dev.tg4.ie\/ga\/eolas\/preas\/nuacht-raitis\/2018-2\/seoladh-an-fhomhair-2018\/\" \/>\n<meta property=\"og:site_name\" content=\"TG4\" \/>\n<meta property=\"article:publisher\" content=\"https:\/\/www.facebook.com\/TG4TV\" \/>\n<meta property=\"article:modified_time\" content=\"2019-07-01T11:07:18+00:00\" \/>\n<meta property=\"og:image\" content=\"https:\/\/tg4-docs.s3.amazonaws.com\/tg4-redesign-2015\/wp-content\/uploads\/2018\/09\/Seoladh-an-Fhomhair-2018.jpg\" \/>\n\t<meta property=\"og:image:width\" content=\"1920\" \/>\n\t<meta property=\"og:image:height\" content=\"1080\" \/>\n\t<meta property=\"og:image:type\" content=\"image\/jpeg\" \/>\n<meta name=\"twitter:card\" content=\"summary_large_image\" \/>\n<meta name=\"twitter:site\" content=\"@TG4TV\" \/>\n<meta name=\"twitter:label1\" content=\"Est. reading time\" \/>\n\t<meta name=\"twitter:data1\" content=\"6 minutes\" \/>\n<script type=\"application\/ld+json\" class=\"yoast-schema-graph\">{\"@context\":\"https:\/\/schema.org\",\"@graph\":[{\"@type\":\"WebPage\",\"@id\":\"https:\/\/dev.tg4.ie\/ga\/eolas\/preas\/nuacht-raitis\/2018-2\/seoladh-an-fhomhair-2018\/\",\"url\":\"https:\/\/dev.tg4.ie\/ga\/eolas\/preas\/nuacht-raitis\/2018-2\/seoladh-an-fhomhair-2018\/\",\"name\":\"Seoladh an Fh\u00f3mhair 2018 - TG4\",\"isPartOf\":{\"@id\":\"https:\/\/dev.tg4.ie\/en\/#website\"},\"primaryImageOfPage\":{\"@id\":\"https:\/\/dev.tg4.ie\/ga\/eolas\/preas\/nuacht-raitis\/2018-2\/seoladh-an-fhomhair-2018\/#primaryimage\"},\"image\":{\"@id\":\"https:\/\/dev.tg4.ie\/ga\/eolas\/preas\/nuacht-raitis\/2018-2\/seoladh-an-fhomhair-2018\/#primaryimage\"},\"thumbnailUrl\":\"https:\/\/tg4-docs.s3.amazonaws.com\/tg4-redesign-2015\/wp-content\/uploads\/2018\/09\/Seoladh-an-Fhomhair-2018.jpg\",\"datePublished\":\"2018-09-05T11:31:00+00:00\",\"dateModified\":\"2019-07-01T11:07:18+00:00\",\"breadcrumb\":{\"@id\":\"https:\/\/dev.tg4.ie\/ga\/eolas\/preas\/nuacht-raitis\/2018-2\/seoladh-an-fhomhair-2018\/#breadcrumb\"},\"inLanguage\":\"ga\",\"potentialAction\":[{\"@type\":\"ReadAction\",\"target\":[\"https:\/\/dev.tg4.ie\/ga\/eolas\/preas\/nuacht-raitis\/2018-2\/seoladh-an-fhomhair-2018\/\"]}]},{\"@type\":\"ImageObject\",\"inLanguage\":\"ga\",\"@id\":\"https:\/\/dev.tg4.ie\/ga\/eolas\/preas\/nuacht-raitis\/2018-2\/seoladh-an-fhomhair-2018\/#primaryimage\",\"url\":\"https:\/\/tg4-docs.s3.amazonaws.com\/tg4-redesign-2015\/wp-content\/uploads\/2018\/09\/Seoladh-an-Fhomhair-2018.jpg\",\"contentUrl\":\"https:\/\/tg4-docs.s3.amazonaws.com\/tg4-redesign-2015\/wp-content\/uploads\/2018\/09\/Seoladh-an-Fhomhair-2018.jpg\",\"width\":1920,\"height\":1080,\"caption\":\"Seoladh an Fh\u00f3mhair 2018\"},{\"@type\":\"BreadcrumbList\",\"@id\":\"https:\/\/dev.tg4.ie\/ga\/eolas\/preas\/nuacht-raitis\/2018-2\/seoladh-an-fhomhair-2018\/#breadcrumb\",\"itemListElement\":[{\"@type\":\"ListItem\",\"position\":1,\"name\":\"Home\",\"item\":\"https:\/\/dev.tg4.ie\/ga\/\"},{\"@type\":\"ListItem\",\"position\":2,\"name\":\"Eolas\",\"item\":\"https:\/\/dev.tg4.ie\/ga\/eolas\/\"},{\"@type\":\"ListItem\",\"position\":3,\"name\":\"Preas\",\"item\":\"https:\/\/dev.tg4.ie\/ga\/eolas\/preas\/\"},{\"@type\":\"ListItem\",\"position\":4,\"name\":\"Nuacht R\u00e1itis\",\"item\":\"https:\/\/dev.tg4.ie\/ga\/eolas\/preas\/nuacht-raitis\/\"},{\"@type\":\"ListItem\",\"position\":5,\"name\":\"2018\",\"item\":\"https:\/\/dev.tg4.ie\/ga\/eolas\/preas\/nuacht-raitis\/2018-2\/\"},{\"@type\":\"ListItem\",\"position\":6,\"name\":\"Seoladh an Fh\u00f3mhair 2018\"}]},{\"@type\":\"WebSite\",\"@id\":\"https:\/\/dev.tg4.ie\/en\/#website\",\"url\":\"https:\/\/dev.tg4.ie\/en\/\",\"name\":\"TG4\",\"description\":\"S\u00fail Eile\",\"potentialAction\":[{\"@type\":\"SearchAction\",\"target\":{\"@type\":\"EntryPoint\",\"urlTemplate\":\"https:\/\/dev.tg4.ie\/en\/?s={search_term_string}\"},\"query-input\":\"required name=search_term_string\"}],\"inLanguage\":\"ga\"}]}<\/script>\n<!-- \/ Yoast SEO plugin. -->","yoast_head_json":{"title":"Seoladh an Fh\u00f3mhair 2018 - TG4","robots":{"index":"index","follow":"follow","max-snippet":"max-snippet:-1","max-image-preview":"max-image-preview:large","max-video-preview":"max-video-preview:-1"},"og_locale":"en_US","og_type":"article","og_title":"Seoladh an Fh\u00f3mhair 2018 - TG4","og_description":"T\u00e1 gach moth\u00fach\u00e1n le brath i sceideal nua F\u00f3mhair TG4, a seoladh inniu ag \u00f3c\u00e1id spleodrach sa Tribeton, i nGaillimh. Beidh neart spraoi agus grinn le f\u00e1il sa r\u00e9imse leathan cl\u00e1r siamsa\u00edochta a bheidh le feice\u00e1il ar an st\u00e1isi\u00fan sa bhF\u00f3mhair le leith\u00e9id\u00ed Hector, D\u00e1ith\u00ed \u00d3 S\u00e9, Daniel O\u2019Donnell\u00a0 agus a\u00edonna sp\u00e9isi\u00fala as \u00e1iteanna go [&hellip;]","og_url":"https:\/\/dev.tg4.ie\/ga\/eolas\/preas\/nuacht-raitis\/2018-2\/seoladh-an-fhomhair-2018\/","og_site_name":"TG4","article_publisher":"https:\/\/www.facebook.com\/TG4TV","article_modified_time":"2019-07-01T11:07:18+00:00","og_image":[{"width":1920,"height":1080,"url":"https:\/\/tg4-docs.s3.amazonaws.com\/tg4-redesign-2015\/wp-content\/uploads\/2018\/09\/Seoladh-an-Fhomhair-2018.jpg","type":"image\/jpeg"}],"twitter_card":"summary_large_image","twitter_site":"@TG4TV","twitter_misc":{"Est. reading time":"6 minutes"},"schema":{"@context":"https:\/\/schema.org","@graph":[{"@type":"WebPage","@id":"https:\/\/dev.tg4.ie\/ga\/eolas\/preas\/nuacht-raitis\/2018-2\/seoladh-an-fhomhair-2018\/","url":"https:\/\/dev.tg4.ie\/ga\/eolas\/preas\/nuacht-raitis\/2018-2\/seoladh-an-fhomhair-2018\/","name":"Seoladh an Fh\u00f3mhair 2018 - TG4","isPartOf":{"@id":"https:\/\/dev.tg4.ie\/en\/#website"},"primaryImageOfPage":{"@id":"https:\/\/dev.tg4.ie\/ga\/eolas\/preas\/nuacht-raitis\/2018-2\/seoladh-an-fhomhair-2018\/#primaryimage"},"image":{"@id":"https:\/\/dev.tg4.ie\/ga\/eolas\/preas\/nuacht-raitis\/2018-2\/seoladh-an-fhomhair-2018\/#primaryimage"},"thumbnailUrl":"https:\/\/tg4-docs.s3.amazonaws.com\/tg4-redesign-2015\/wp-content\/uploads\/2018\/09\/Seoladh-an-Fhomhair-2018.jpg","datePublished":"2018-09-05T11:31:00+00:00","dateModified":"2019-07-01T11:07:18+00:00","breadcrumb":{"@id":"https:\/\/dev.tg4.ie\/ga\/eolas\/preas\/nuacht-raitis\/2018-2\/seoladh-an-fhomhair-2018\/#breadcrumb"},"inLanguage":"ga","potentialAction":[{"@type":"ReadAction","target":["https:\/\/dev.tg4.ie\/ga\/eolas\/preas\/nuacht-raitis\/2018-2\/seoladh-an-fhomhair-2018\/"]}]},{"@type":"ImageObject","inLanguage":"ga","@id":"https:\/\/dev.tg4.ie\/ga\/eolas\/preas\/nuacht-raitis\/2018-2\/seoladh-an-fhomhair-2018\/#primaryimage","url":"https:\/\/tg4-docs.s3.amazonaws.com\/tg4-redesign-2015\/wp-content\/uploads\/2018\/09\/Seoladh-an-Fhomhair-2018.jpg","contentUrl":"https:\/\/tg4-docs.s3.amazonaws.com\/tg4-redesign-2015\/wp-content\/uploads\/2018\/09\/Seoladh-an-Fhomhair-2018.jpg","width":1920,"height":1080,"caption":"Seoladh an Fh\u00f3mhair 2018"},{"@type":"BreadcrumbList","@id":"https:\/\/dev.tg4.ie\/ga\/eolas\/preas\/nuacht-raitis\/2018-2\/seoladh-an-fhomhair-2018\/#breadcrumb","itemListElement":[{"@type":"ListItem","position":1,"name":"Home","item":"https:\/\/dev.tg4.ie\/ga\/"},{"@type":"ListItem","position":2,"name":"Eolas","item":"https:\/\/dev.tg4.ie\/ga\/eolas\/"},{"@type":"ListItem","position":3,"name":"Preas","item":"https:\/\/dev.tg4.ie\/ga\/eolas\/preas\/"},{"@type":"ListItem","position":4,"name":"Nuacht R\u00e1itis","item":"https:\/\/dev.tg4.ie\/ga\/eolas\/preas\/nuacht-raitis\/"},{"@type":"ListItem","position":5,"name":"2018","item":"https:\/\/dev.tg4.ie\/ga\/eolas\/preas\/nuacht-raitis\/2018-2\/"},{"@type":"ListItem","position":6,"name":"Seoladh an Fh\u00f3mhair 2018"}]},{"@type":"WebSite","@id":"https:\/\/dev.tg4.ie\/en\/#website","url":"https:\/\/dev.tg4.ie\/en\/","name":"TG4","description":"S\u00fail Eile","potentialAction":[{"@type":"SearchAction","target":{"@type":"EntryPoint","urlTemplate":"https:\/\/dev.tg4.ie\/en\/?s={search_term_string}"},"query-input":"required name=search_term_string"}],"inLanguage":"ga"}]}},"_links":{"self":[{"href":"https:\/\/dev.tg4.ie\/ga\/wp-json\/wp\/v2\/pages\/92348"}],"collection":[{"href":"https:\/\/dev.tg4.ie\/ga\/wp-json\/wp\/v2\/pages"}],"about":[{"href":"https:\/\/dev.tg4.ie\/ga\/wp-json\/wp\/v2\/types\/page"}],"author":[{"embeddable":true,"href":"https:\/\/dev.tg4.ie\/ga\/wp-json\/wp\/v2\/users\/876"}],"replies":[{"embeddable":true,"href":"https:\/\/dev.tg4.ie\/ga\/wp-json\/wp\/v2\/comments?post=92348"}],"version-history":[{"count":0,"href":"https:\/\/dev.tg4.ie\/ga\/wp-json\/wp\/v2\/pages\/92348\/revisions"}],"up":[{"embeddable":true,"href":"https:\/\/dev.tg4.ie\/ga\/wp-json\/wp\/v2\/pages\/72849"}],"wp:featuredmedia":[{"embeddable":true,"href":"https:\/\/dev.tg4.ie\/ga\/wp-json\/wp\/v2\/media\/92479"}],"wp:attachment":[{"href":"https:\/\/dev.tg4.ie\/ga\/wp-json\/wp\/v2\/media?parent=92348"}],"curies":[{"name":"wp","href":"https:\/\/api.w.org\/{rel}","templated":true}]}}