{"id":92649,"date":"2018-09-11T09:48:07","date_gmt":"2018-09-11T08:48:07","guid":{"rendered":"https:\/\/dev.tg4.ie\/?page_id=92649"},"modified":"2019-07-01T12:08:45","modified_gmt":"2019-07-01T11:08:45","slug":"seo-beo-pheil-na-mban-le-lidl-clar-siamsaiochta-spleodrach-nua-ar-tg4-le-ceiliuradh-a-dheanamh-ar-chluiche-ceannais-pheil-na-mban-2018","status":"publish","type":"page","link":"https:\/\/dev.tg4.ie\/ga\/eolas\/preas\/nuacht-raitis\/2018-2\/seo-beo-pheil-na-mban-le-lidl-clar-siamsaiochta-spleodrach-nua-ar-tg4-le-ceiliuradh-a-dheanamh-ar-chluiche-ceannais-pheil-na-mban-2018\/","title":{"rendered":"\u2018Se\u00f3 Beo Pheil na mBan le Lidl\u2019 \u2013 Cl\u00e1r Siamsa\u00edochta Spleodrach Nua ar TG4 le C\u00e9ili\u00faradh a dh\u00e9anamh ar Chluiche Ceannais Pheil na mBan 2018"},"content":{"rendered":"<p>Craolfar an cl\u00e1r ar TG4 ag 9.30pm ar 15 Me\u00e1n Fomhair \u2013 an o\u00edche roimh an tr\u00ed chluiche is m\u00f3 ar fh\u00e9ilire an LGFA. I rith an se\u00f3, d\u00e9anfar ini\u00fachadh ar an gcraobhchom\u00f3rtas, ar na cluich\u00ed a bheidh ag t\u00e1rl\u00fa an l\u00e1 d\u00e1r gcionn, ar shaolta r\u00e9alta\u00ed sp\u00f3irt baineann na t\u00edre agus ar sc\u00e9alta ban na h\u00c9irinn i 2018.<\/p>\n<p>Beidh an se\u00f3 curtha i l\u00e1thair ag <strong>Gr\u00e1inne McElwain<\/strong> agus <strong>Daith\u00ed \u00d3 S\u00e9<\/strong> agus craolfar \u00e9 beo \u00f3n Teach Ardmh\u00e9ara i mBaile \u00c1tha Cliath. Is ioma\u00ed duine m\u00f3r le r\u00e1 a bheidh i l\u00e1thair ar an o\u00edche; ina measc iar-bhuaiteoir\u00ed <em>Chorn Brendan Martin<\/em>, r\u00e9alta\u00ed sp\u00f3irt ar n\u00f3s <strong>Fiona Coghlan &#8211; <\/strong>iar-Chaptaen Fhoireann Rugba\u00ed na h\u00c9ireann, <strong>Val Mulchay <\/strong>&#8211; Iar-imreoir peile le foireann Chorca\u00ed, <strong>Ellen Keane <\/strong>\u2013 an sn\u00e1mh\u00f3ir parailimpeach agus <strong>Nicci Daly<\/strong> &#8211; an t-imreoir haca. Chomh maith le daoine \u00f3 dhomhan an sp\u00f3irt, buailfear le mn\u00e1 m\u00f3r le r\u00e1 \u00f3 dhomhan an ghn\u00f3 agus domhan an cheoil maraon le muintir na himreoir\u00ed agus imreoir\u00ed idir-chontae n\u00e1r \u00e9irigh leo dul chomh fada leis an gcraobh.<\/p>\n<p>Chomh maith le go leor cainte beidh ceol agus ceolt\u00f3ir\u00ed den scoth le cloiste\u00e1il ar an gcl\u00e1r \u2013 ina measc beidh <strong>\u00c1ine Cahill, John Spillane agus Lucia Evans.<\/strong><\/p>\n<p>Anois, n\u00edos m\u00f3 n\u00e1 riamh, t\u00e1 beocht faoi leith ag baint le peil na mban. \u2018S\u00e9 an sp\u00f3rt leis an bhf\u00e1s is m\u00f3 sa t\u00edr \u00e9 \u2013 anuraidh d&#8217;fhreastal 46,286 duine ar chraobh peile na mban &#8211; an lucht f\u00e9achana is m\u00f3 ag aon \u00f3c\u00e1id sp\u00f3irt do mhn\u00e1 i 2017. Anuas ar sin, d&#8217;fh\u00e9ach 56,300 daoine ar an gcluiche ar TG4.<\/p>\n<p>Seasfaidh pain\u00e9il bhr\u00edomhara mar chn\u00e1mh droma an chl\u00e1ir. Beidh na pain\u00e9il seo measctha le go leor ceoil agus siamsa\u00edocht \u00f3 rogha leathan do dhaoine m\u00f3r le r\u00e1. Chomh maith leis an gcaint agus ceol cloisfear \u00f3 na himreoir\u00ed iad f\u00e9in i bhf\u00edseanna corraitheacha a chaithfidh s\u00fail ar na hullmh\u00fach\u00e1in, an traen\u00e1il agus na h\u00edobartha a bh\u00edonn i gceist le dul chomh fada le Craobh na h\u00c9ireann.<\/p>\n<p>Ar an Domhnach 16 Me\u00e1n F\u00f3mhair beidh craoladh beo ar Chluich\u00ed Ceannais Chraobhchom\u00f3rtas Pheil na mBan TG4 \u00f3 Ph\u00e1irc an Chr\u00f3caigh i <strong>Peil na mBan Beo<\/strong>. Tabharfaidh \u00c1th Cliath aghaidh ar Chorcaigh i gCluiche Ceannais na Sinsear ag 4pm, tabharfaidh T\u00edr Eoghain aghaidh ar an Mh\u00ed sa Cluiche Ceannais Idirmhe\u00e1nach ag 1:45pm agus tabharfaidh an L\u00fa aghaidh ar Luimneach i gCluiche Ceannais na S\u00f3isear ag 11:45am. C\u00e9 a thabharfaidh leo Corn Brendan Martin? \u00c1 chur i l\u00e1thair ag Gr\u00e1inne McElwain agus is \u00e9 Brian Tyers a bheidh i mbun tr\u00e1chtaireachta.<\/p>\n<p><strong>B\u00ed linn ag 9.30pm Satharn 15 Me\u00e1n F\u00f3mhair ar TG4. Labhair Linn ar Twitter ag baint leas as an haischlib #properfan<\/strong><\/p>\n","protected":false},"excerpt":{"rendered":"<p>Craolfar an cl\u00e1r ar TG4 ag 9.30pm ar 15 Me\u00e1n Fomhair \u2013 an o\u00edche roimh an tr\u00ed chluiche is m\u00f3 ar fh\u00e9ilire an LGFA. I rith an se\u00f3, d\u00e9anfar ini\u00fachadh ar an gcraobhchom\u00f3rtas, ar na cluich\u00ed a bheidh ag t\u00e1rl\u00fa an l\u00e1 d\u00e1r gcionn, ar shaolta r\u00e9alta\u00ed sp\u00f3irt baineann na t\u00edre agus ar sc\u00e9alta ban [&hellip;]<\/p>\n","protected":false},"author":876,"featured_media":92248,"parent":72849,"menu_order":41,"comment_status":"closed","ping_status":"closed","template":"page-templates\/template-pr.php","meta":{"_acf_changed":false,"footnotes":""},"acf":[],"yoast_head":"<!-- This site is optimized with the Yoast SEO plugin v22.6 - https:\/\/yoast.com\/wordpress\/plugins\/seo\/ -->\n<title>\u2018Se\u00f3 Beo Pheil na mBan le Lidl\u2019 \u2013 Cl\u00e1r Siamsa\u00edochta Spleodrach Nua ar TG4 le C\u00e9ili\u00faradh a dh\u00e9anamh ar Chluiche Ceannais Pheil na mBan 2018 - TG4<\/title>\n<meta name=\"robots\" content=\"index, follow, max-snippet:-1, max-image-preview:large, max-video-preview:-1\" \/>\n<meta property=\"og:locale\" content=\"en_US\" \/>\n<meta property=\"og:type\" content=\"article\" \/>\n<meta property=\"og:title\" content=\"\u2018Se\u00f3 Beo Pheil na mBan le Lidl\u2019 \u2013 Cl\u00e1r Siamsa\u00edochta Spleodrach Nua ar TG4 le C\u00e9ili\u00faradh a dh\u00e9anamh ar Chluiche Ceannais Pheil na mBan 2018 - TG4\" \/>\n<meta property=\"og:description\" content=\"Craolfar an cl\u00e1r ar TG4 ag 9.30pm ar 15 Me\u00e1n Fomhair \u2013 an o\u00edche roimh an tr\u00ed chluiche is m\u00f3 ar fh\u00e9ilire an LGFA. I rith an se\u00f3, d\u00e9anfar ini\u00fachadh ar an gcraobhchom\u00f3rtas, ar na cluich\u00ed a bheidh ag t\u00e1rl\u00fa an l\u00e1 d\u00e1r gcionn, ar shaolta r\u00e9alta\u00ed sp\u00f3irt baineann na t\u00edre agus ar sc\u00e9alta ban [&hellip;]\" \/>\n<meta property=\"og:url\" content=\"https:\/\/dev.tg4.ie\/ga\/eolas\/preas\/nuacht-raitis\/2018-2\/seo-beo-pheil-na-mban-le-lidl-clar-siamsaiochta-spleodrach-nua-ar-tg4-le-ceiliuradh-a-dheanamh-ar-chluiche-ceannais-pheil-na-mban-2018\/\" \/>\n<meta property=\"og:site_name\" content=\"TG4\" \/>\n<meta property=\"article:publisher\" content=\"https:\/\/www.facebook.com\/TG4TV\" \/>\n<meta property=\"article:modified_time\" content=\"2019-07-01T11:08:45+00:00\" \/>\n<meta property=\"og:image\" content=\"https:\/\/tg4-docs.s3.amazonaws.com\/tg4-redesign-2015\/wp-content\/uploads\/2018\/09\/Se%C3%B3-Beo-Peil-na-mBan.jpg\" \/>\n\t<meta property=\"og:image:width\" content=\"1920\" \/>\n\t<meta property=\"og:image:height\" content=\"1080\" \/>\n\t<meta property=\"og:image:type\" content=\"image\/jpeg\" \/>\n<meta name=\"twitter:card\" content=\"summary_large_image\" \/>\n<meta name=\"twitter:site\" content=\"@TG4TV\" \/>\n<meta name=\"twitter:label1\" content=\"Est. reading time\" \/>\n\t<meta name=\"twitter:data1\" content=\"2 minutes\" \/>\n<script type=\"application\/ld+json\" class=\"yoast-schema-graph\">{\"@context\":\"https:\/\/schema.org\",\"@graph\":[{\"@type\":\"WebPage\",\"@id\":\"https:\/\/dev.tg4.ie\/ga\/eolas\/preas\/nuacht-raitis\/2018-2\/seo-beo-pheil-na-mban-le-lidl-clar-siamsaiochta-spleodrach-nua-ar-tg4-le-ceiliuradh-a-dheanamh-ar-chluiche-ceannais-pheil-na-mban-2018\/\",\"url\":\"https:\/\/dev.tg4.ie\/ga\/eolas\/preas\/nuacht-raitis\/2018-2\/seo-beo-pheil-na-mban-le-lidl-clar-siamsaiochta-spleodrach-nua-ar-tg4-le-ceiliuradh-a-dheanamh-ar-chluiche-ceannais-pheil-na-mban-2018\/\",\"name\":\"\u2018Se\u00f3 Beo Pheil na mBan le Lidl\u2019 \u2013 Cl\u00e1r Siamsa\u00edochta Spleodrach Nua ar TG4 le C\u00e9ili\u00faradh a dh\u00e9anamh ar Chluiche Ceannais Pheil na mBan 2018 - TG4\",\"isPartOf\":{\"@id\":\"https:\/\/dev.tg4.ie\/en\/#website\"},\"primaryImageOfPage\":{\"@id\":\"https:\/\/dev.tg4.ie\/ga\/eolas\/preas\/nuacht-raitis\/2018-2\/seo-beo-pheil-na-mban-le-lidl-clar-siamsaiochta-spleodrach-nua-ar-tg4-le-ceiliuradh-a-dheanamh-ar-chluiche-ceannais-pheil-na-mban-2018\/#primaryimage\"},\"image\":{\"@id\":\"https:\/\/dev.tg4.ie\/ga\/eolas\/preas\/nuacht-raitis\/2018-2\/seo-beo-pheil-na-mban-le-lidl-clar-siamsaiochta-spleodrach-nua-ar-tg4-le-ceiliuradh-a-dheanamh-ar-chluiche-ceannais-pheil-na-mban-2018\/#primaryimage\"},\"thumbnailUrl\":\"https:\/\/tg4-docs.s3.amazonaws.com\/tg4-redesign-2015\/wp-content\/uploads\/2018\/09\/Se%C3%B3-Beo-Peil-na-mBan.jpg\",\"datePublished\":\"2018-09-11T08:48:07+00:00\",\"dateModified\":\"2019-07-01T11:08:45+00:00\",\"breadcrumb\":{\"@id\":\"https:\/\/dev.tg4.ie\/ga\/eolas\/preas\/nuacht-raitis\/2018-2\/seo-beo-pheil-na-mban-le-lidl-clar-siamsaiochta-spleodrach-nua-ar-tg4-le-ceiliuradh-a-dheanamh-ar-chluiche-ceannais-pheil-na-mban-2018\/#breadcrumb\"},\"inLanguage\":\"ga\",\"potentialAction\":[{\"@type\":\"ReadAction\",\"target\":[\"https:\/\/dev.tg4.ie\/ga\/eolas\/preas\/nuacht-raitis\/2018-2\/seo-beo-pheil-na-mban-le-lidl-clar-siamsaiochta-spleodrach-nua-ar-tg4-le-ceiliuradh-a-dheanamh-ar-chluiche-ceannais-pheil-na-mban-2018\/\"]}]},{\"@type\":\"ImageObject\",\"inLanguage\":\"ga\",\"@id\":\"https:\/\/dev.tg4.ie\/ga\/eolas\/preas\/nuacht-raitis\/2018-2\/seo-beo-pheil-na-mban-le-lidl-clar-siamsaiochta-spleodrach-nua-ar-tg4-le-ceiliuradh-a-dheanamh-ar-chluiche-ceannais-pheil-na-mban-2018\/#primaryimage\",\"url\":\"https:\/\/tg4-docs.s3.amazonaws.com\/tg4-redesign-2015\/wp-content\/uploads\/2018\/09\/Se%C3%B3-Beo-Peil-na-mBan.jpg\",\"contentUrl\":\"https:\/\/tg4-docs.s3.amazonaws.com\/tg4-redesign-2015\/wp-content\/uploads\/2018\/09\/Se%C3%B3-Beo-Peil-na-mBan.jpg\",\"width\":1920,\"height\":1080,\"caption\":\"Se\u00f3 Beo Peil na mBan\"},{\"@type\":\"BreadcrumbList\",\"@id\":\"https:\/\/dev.tg4.ie\/ga\/eolas\/preas\/nuacht-raitis\/2018-2\/seo-beo-pheil-na-mban-le-lidl-clar-siamsaiochta-spleodrach-nua-ar-tg4-le-ceiliuradh-a-dheanamh-ar-chluiche-ceannais-pheil-na-mban-2018\/#breadcrumb\",\"itemListElement\":[{\"@type\":\"ListItem\",\"position\":1,\"name\":\"Home\",\"item\":\"https:\/\/dev.tg4.ie\/ga\/\"},{\"@type\":\"ListItem\",\"position\":2,\"name\":\"Eolas\",\"item\":\"https:\/\/dev.tg4.ie\/ga\/eolas\/\"},{\"@type\":\"ListItem\",\"position\":3,\"name\":\"Preas\",\"item\":\"https:\/\/dev.tg4.ie\/ga\/eolas\/preas\/\"},{\"@type\":\"ListItem\",\"position\":4,\"name\":\"Nuacht R\u00e1itis\",\"item\":\"https:\/\/dev.tg4.ie\/ga\/eolas\/preas\/nuacht-raitis\/\"},{\"@type\":\"ListItem\",\"position\":5,\"name\":\"2018\",\"item\":\"https:\/\/dev.tg4.ie\/ga\/eolas\/preas\/nuacht-raitis\/2018-2\/\"},{\"@type\":\"ListItem\",\"position\":6,\"name\":\"\u2018Se\u00f3 Beo Pheil na mBan le Lidl\u2019 \u2013 Cl\u00e1r Siamsa\u00edochta Spleodrach Nua ar TG4 le C\u00e9ili\u00faradh a dh\u00e9anamh ar Chluiche Ceannais Pheil na mBan 2018\"}]},{\"@type\":\"WebSite\",\"@id\":\"https:\/\/dev.tg4.ie\/en\/#website\",\"url\":\"https:\/\/dev.tg4.ie\/en\/\",\"name\":\"TG4\",\"description\":\"S\u00fail Eile\",\"potentialAction\":[{\"@type\":\"SearchAction\",\"target\":{\"@type\":\"EntryPoint\",\"urlTemplate\":\"https:\/\/dev.tg4.ie\/en\/?s={search_term_string}\"},\"query-input\":\"required name=search_term_string\"}],\"inLanguage\":\"ga\"}]}<\/script>\n<!-- \/ Yoast SEO plugin. -->","yoast_head_json":{"title":"\u2018Se\u00f3 Beo Pheil na mBan le Lidl\u2019 \u2013 Cl\u00e1r Siamsa\u00edochta Spleodrach Nua ar TG4 le C\u00e9ili\u00faradh a dh\u00e9anamh ar Chluiche Ceannais Pheil na mBan 2018 - TG4","robots":{"index":"index","follow":"follow","max-snippet":"max-snippet:-1","max-image-preview":"max-image-preview:large","max-video-preview":"max-video-preview:-1"},"og_locale":"en_US","og_type":"article","og_title":"\u2018Se\u00f3 Beo Pheil na mBan le Lidl\u2019 \u2013 Cl\u00e1r Siamsa\u00edochta Spleodrach Nua ar TG4 le C\u00e9ili\u00faradh a dh\u00e9anamh ar Chluiche Ceannais Pheil na mBan 2018 - TG4","og_description":"Craolfar an cl\u00e1r ar TG4 ag 9.30pm ar 15 Me\u00e1n Fomhair \u2013 an o\u00edche roimh an tr\u00ed chluiche is m\u00f3 ar fh\u00e9ilire an LGFA. I rith an se\u00f3, d\u00e9anfar ini\u00fachadh ar an gcraobhchom\u00f3rtas, ar na cluich\u00ed a bheidh ag t\u00e1rl\u00fa an l\u00e1 d\u00e1r gcionn, ar shaolta r\u00e9alta\u00ed sp\u00f3irt baineann na t\u00edre agus ar sc\u00e9alta ban [&hellip;]","og_url":"https:\/\/dev.tg4.ie\/ga\/eolas\/preas\/nuacht-raitis\/2018-2\/seo-beo-pheil-na-mban-le-lidl-clar-siamsaiochta-spleodrach-nua-ar-tg4-le-ceiliuradh-a-dheanamh-ar-chluiche-ceannais-pheil-na-mban-2018\/","og_site_name":"TG4","article_publisher":"https:\/\/www.facebook.com\/TG4TV","article_modified_time":"2019-07-01T11:08:45+00:00","og_image":[{"width":1920,"height":1080,"url":"https:\/\/tg4-docs.s3.amazonaws.com\/tg4-redesign-2015\/wp-content\/uploads\/2018\/09\/Se%C3%B3-Beo-Peil-na-mBan.jpg","type":"image\/jpeg"}],"twitter_card":"summary_large_image","twitter_site":"@TG4TV","twitter_misc":{"Est. reading time":"2 minutes"},"schema":{"@context":"https:\/\/schema.org","@graph":[{"@type":"WebPage","@id":"https:\/\/dev.tg4.ie\/ga\/eolas\/preas\/nuacht-raitis\/2018-2\/seo-beo-pheil-na-mban-le-lidl-clar-siamsaiochta-spleodrach-nua-ar-tg4-le-ceiliuradh-a-dheanamh-ar-chluiche-ceannais-pheil-na-mban-2018\/","url":"https:\/\/dev.tg4.ie\/ga\/eolas\/preas\/nuacht-raitis\/2018-2\/seo-beo-pheil-na-mban-le-lidl-clar-siamsaiochta-spleodrach-nua-ar-tg4-le-ceiliuradh-a-dheanamh-ar-chluiche-ceannais-pheil-na-mban-2018\/","name":"\u2018Se\u00f3 Beo Pheil na mBan le Lidl\u2019 \u2013 Cl\u00e1r Siamsa\u00edochta Spleodrach Nua ar TG4 le C\u00e9ili\u00faradh a dh\u00e9anamh ar Chluiche Ceannais Pheil na mBan 2018 - TG4","isPartOf":{"@id":"https:\/\/dev.tg4.ie\/en\/#website"},"primaryImageOfPage":{"@id":"https:\/\/dev.tg4.ie\/ga\/eolas\/preas\/nuacht-raitis\/2018-2\/seo-beo-pheil-na-mban-le-lidl-clar-siamsaiochta-spleodrach-nua-ar-tg4-le-ceiliuradh-a-dheanamh-ar-chluiche-ceannais-pheil-na-mban-2018\/#primaryimage"},"image":{"@id":"https:\/\/dev.tg4.ie\/ga\/eolas\/preas\/nuacht-raitis\/2018-2\/seo-beo-pheil-na-mban-le-lidl-clar-siamsaiochta-spleodrach-nua-ar-tg4-le-ceiliuradh-a-dheanamh-ar-chluiche-ceannais-pheil-na-mban-2018\/#primaryimage"},"thumbnailUrl":"https:\/\/tg4-docs.s3.amazonaws.com\/tg4-redesign-2015\/wp-content\/uploads\/2018\/09\/Se%C3%B3-Beo-Peil-na-mBan.jpg","datePublished":"2018-09-11T08:48:07+00:00","dateModified":"2019-07-01T11:08:45+00:00","breadcrumb":{"@id":"https:\/\/dev.tg4.ie\/ga\/eolas\/preas\/nuacht-raitis\/2018-2\/seo-beo-pheil-na-mban-le-lidl-clar-siamsaiochta-spleodrach-nua-ar-tg4-le-ceiliuradh-a-dheanamh-ar-chluiche-ceannais-pheil-na-mban-2018\/#breadcrumb"},"inLanguage":"ga","potentialAction":[{"@type":"ReadAction","target":["https:\/\/dev.tg4.ie\/ga\/eolas\/preas\/nuacht-raitis\/2018-2\/seo-beo-pheil-na-mban-le-lidl-clar-siamsaiochta-spleodrach-nua-ar-tg4-le-ceiliuradh-a-dheanamh-ar-chluiche-ceannais-pheil-na-mban-2018\/"]}]},{"@type":"ImageObject","inLanguage":"ga","@id":"https:\/\/dev.tg4.ie\/ga\/eolas\/preas\/nuacht-raitis\/2018-2\/seo-beo-pheil-na-mban-le-lidl-clar-siamsaiochta-spleodrach-nua-ar-tg4-le-ceiliuradh-a-dheanamh-ar-chluiche-ceannais-pheil-na-mban-2018\/#primaryimage","url":"https:\/\/tg4-docs.s3.amazonaws.com\/tg4-redesign-2015\/wp-content\/uploads\/2018\/09\/Se%C3%B3-Beo-Peil-na-mBan.jpg","contentUrl":"https:\/\/tg4-docs.s3.amazonaws.com\/tg4-redesign-2015\/wp-content\/uploads\/2018\/09\/Se%C3%B3-Beo-Peil-na-mBan.jpg","width":1920,"height":1080,"caption":"Se\u00f3 Beo Peil na mBan"},{"@type":"BreadcrumbList","@id":"https:\/\/dev.tg4.ie\/ga\/eolas\/preas\/nuacht-raitis\/2018-2\/seo-beo-pheil-na-mban-le-lidl-clar-siamsaiochta-spleodrach-nua-ar-tg4-le-ceiliuradh-a-dheanamh-ar-chluiche-ceannais-pheil-na-mban-2018\/#breadcrumb","itemListElement":[{"@type":"ListItem","position":1,"name":"Home","item":"https:\/\/dev.tg4.ie\/ga\/"},{"@type":"ListItem","position":2,"name":"Eolas","item":"https:\/\/dev.tg4.ie\/ga\/eolas\/"},{"@type":"ListItem","position":3,"name":"Preas","item":"https:\/\/dev.tg4.ie\/ga\/eolas\/preas\/"},{"@type":"ListItem","position":4,"name":"Nuacht R\u00e1itis","item":"https:\/\/dev.tg4.ie\/ga\/eolas\/preas\/nuacht-raitis\/"},{"@type":"ListItem","position":5,"name":"2018","item":"https:\/\/dev.tg4.ie\/ga\/eolas\/preas\/nuacht-raitis\/2018-2\/"},{"@type":"ListItem","position":6,"name":"\u2018Se\u00f3 Beo Pheil na mBan le Lidl\u2019 \u2013 Cl\u00e1r Siamsa\u00edochta Spleodrach Nua ar TG4 le C\u00e9ili\u00faradh a dh\u00e9anamh ar Chluiche Ceannais Pheil na mBan 2018"}]},{"@type":"WebSite","@id":"https:\/\/dev.tg4.ie\/en\/#website","url":"https:\/\/dev.tg4.ie\/en\/","name":"TG4","description":"S\u00fail Eile","potentialAction":[{"@type":"SearchAction","target":{"@type":"EntryPoint","urlTemplate":"https:\/\/dev.tg4.ie\/en\/?s={search_term_string}"},"query-input":"required name=search_term_string"}],"inLanguage":"ga"}]}},"_links":{"self":[{"href":"https:\/\/dev.tg4.ie\/ga\/wp-json\/wp\/v2\/pages\/92649"}],"collection":[{"href":"https:\/\/dev.tg4.ie\/ga\/wp-json\/wp\/v2\/pages"}],"about":[{"href":"https:\/\/dev.tg4.ie\/ga\/wp-json\/wp\/v2\/types\/page"}],"author":[{"embeddable":true,"href":"https:\/\/dev.tg4.ie\/ga\/wp-json\/wp\/v2\/users\/876"}],"replies":[{"embeddable":true,"href":"https:\/\/dev.tg4.ie\/ga\/wp-json\/wp\/v2\/comments?post=92649"}],"version-history":[{"count":0,"href":"https:\/\/dev.tg4.ie\/ga\/wp-json\/wp\/v2\/pages\/92649\/revisions"}],"up":[{"embeddable":true,"href":"https:\/\/dev.tg4.ie\/ga\/wp-json\/wp\/v2\/pages\/72849"}],"wp:featuredmedia":[{"embeddable":true,"href":"https:\/\/dev.tg4.ie\/ga\/wp-json\/wp\/v2\/media\/92248"}],"wp:attachment":[{"href":"https:\/\/dev.tg4.ie\/ga\/wp-json\/wp\/v2\/media?parent=92649"}],"curies":[{"name":"wp","href":"https:\/\/api.w.org\/{rel}","templated":true}]}}