{"id":93874,"date":"2018-10-05T11:39:33","date_gmt":"2018-10-05T10:39:33","guid":{"rendered":"https:\/\/dev.tg4.ie\/?page_id=93874"},"modified":"2019-07-01T12:12:11","modified_gmt":"2019-07-01T11:12:11","slug":"learmheas-leabhar","status":"publish","type":"page","link":"https:\/\/dev.tg4.ie\/ga\/eolas\/preas\/nuacht-raitis\/2018-2\/learmheas-leabhar\/","title":{"rendered":"Imn\u00ed Tionscal na Foilsitheoireachta Gaeilge faoi Chaibidil ar TG4"},"content":{"rendered":"<p>Craolfar an ch\u00e9ad eagr\u00e1n de shraith nua de \u2018L\u00e9irmheas Leabhar\u2019, \u00e1 cur i l\u00e1thair ag Tristan Rosenstock, ar TG4, an D\u00e9ardaoin seo 4 Deireadh F\u00f3mhair, ag 7.30pm.<\/p>\n<p>Is sraith mh\u00edos\u00fail litr\u00edochta &amp; l\u00e9irmheast\u00f3ireachta \u00e9 \u2018L\u00e9irmheas Leabhar\u2019. Leagtar b\u00e9im sa tsraith ar shaothar nua-fhoilsithe na Gaeilge chomh maith le l\u00e9argas a thabhairt ar shaol na foilsitheoireachta agus imeachta\u00ed leabhar do l\u00e9itheoir\u00ed \u00f3ga agus f\u00e1sta.<\/p>\n<p>Sa ch\u00e9ad chl\u00e1r, pl\u00e9ifear cinneadh an fhoilsitheora leabhar &#8216;Cois Life&#8217; d\u00fanadh agus na himpleachta\u00ed at\u00e1 aige sin ar na h\u00fadair agus l\u00e9itheoir\u00ed mar aon.<\/p>\n<p>Cuimhneoidh Tristan agus a chuid a\u00edonna chomh maith ar an bhfile, \u00fadar agus dramad\u00f3ir, Liam \u00d3 Muirthile, a bh\u00e1saigh n\u00edos t\u00faisce i mbliana.<\/p>\n<p>D\u00e9anfar l\u00e9irmheas freisin ar an leabhar &#8216;Camino de Santiago&#8217;. Do l\u00e9itheoir\u00ed \u00f3ga, d\u00e9anfar l\u00e9irmheas ar na leabhair &#8216;Bl\u00e1ith\u00edn ar an bPota&#8217; agus &#8216;Ois\u00edn ar an bPota&#8217;.<\/p>\n<p>Craolfar an cl\u00e1r ar TG4 ag 9.30pm ar 15 Me\u00e1n Fomhair \u2013 an o\u00edche roimh an tr\u00ed chluiche is m\u00f3 ar fh\u00e9ilire an LGFA. I rith an se\u00f3, d\u00e9anfar ini\u00fachadh ar an gcraobhchom\u00f3rtas, ar na cluich\u00ed a bheidh ag t\u00e1rl\u00fa an l\u00e1 d\u00e1r gcionn, ar shaolta r\u00e9alta\u00ed sp\u00f3irt baineann na t\u00edre agus ar sc\u00e9alta ban na h\u00c9irinn i 2018.<\/p>\n","protected":false},"excerpt":{"rendered":"<p>Craolfar an ch\u00e9ad eagr\u00e1n de shraith nua de \u2018L\u00e9irmheas Leabhar\u2019, \u00e1 cur i l\u00e1thair ag Tristan Rosenstock, ar TG4, an D\u00e9ardaoin seo 4 Deireadh F\u00f3mhair, ag 7.30pm. Is sraith mh\u00edos\u00fail litr\u00edochta &amp; l\u00e9irmheast\u00f3ireachta \u00e9 \u2018L\u00e9irmheas Leabhar\u2019. Leagtar b\u00e9im sa tsraith ar shaothar nua-fhoilsithe na Gaeilge chomh maith le l\u00e9argas a thabhairt ar shaol na foilsitheoireachta [&hellip;]<\/p>\n","protected":false},"author":4,"featured_media":93293,"parent":72849,"menu_order":42,"comment_status":"closed","ping_status":"closed","template":"page-templates\/template-pr.php","meta":{"_acf_changed":false,"footnotes":""},"acf":[],"yoast_head":"<!-- This site is optimized with the Yoast SEO plugin v22.6 - https:\/\/yoast.com\/wordpress\/plugins\/seo\/ -->\n<title>Imn\u00ed Tionscal na Foilsitheoireachta Gaeilge faoi Chaibidil ar TG4 - TG4<\/title>\n<meta name=\"robots\" content=\"index, follow, max-snippet:-1, max-image-preview:large, max-video-preview:-1\" \/>\n<meta property=\"og:locale\" content=\"en_US\" \/>\n<meta property=\"og:type\" content=\"article\" \/>\n<meta property=\"og:title\" content=\"Imn\u00ed Tionscal na Foilsitheoireachta Gaeilge faoi Chaibidil ar TG4 - TG4\" \/>\n<meta property=\"og:description\" content=\"Craolfar an ch\u00e9ad eagr\u00e1n de shraith nua de \u2018L\u00e9irmheas Leabhar\u2019, \u00e1 cur i l\u00e1thair ag Tristan Rosenstock, ar TG4, an D\u00e9ardaoin seo 4 Deireadh F\u00f3mhair, ag 7.30pm. Is sraith mh\u00edos\u00fail litr\u00edochta &amp; l\u00e9irmheast\u00f3ireachta \u00e9 \u2018L\u00e9irmheas Leabhar\u2019. Leagtar b\u00e9im sa tsraith ar shaothar nua-fhoilsithe na Gaeilge chomh maith le l\u00e9argas a thabhairt ar shaol na foilsitheoireachta [&hellip;]\" \/>\n<meta property=\"og:url\" content=\"https:\/\/dev.tg4.ie\/ga\/eolas\/preas\/nuacht-raitis\/2018-2\/learmheas-leabhar\/\" \/>\n<meta property=\"og:site_name\" content=\"TG4\" \/>\n<meta property=\"article:publisher\" content=\"https:\/\/www.facebook.com\/TG4TV\" \/>\n<meta property=\"article:modified_time\" content=\"2019-07-01T11:12:11+00:00\" \/>\n<meta property=\"og:image\" content=\"https:\/\/tg4-docs.s3.amazonaws.com\/tg4-redesign-2015\/wp-content\/uploads\/2018\/09\/Leirmheas_leabhar.jpg\" \/>\n\t<meta property=\"og:image:width\" content=\"1920\" \/>\n\t<meta property=\"og:image:height\" content=\"1080\" \/>\n\t<meta property=\"og:image:type\" content=\"image\/jpeg\" \/>\n<meta name=\"twitter:card\" content=\"summary_large_image\" \/>\n<meta name=\"twitter:site\" content=\"@TG4TV\" \/>\n<meta name=\"twitter:label1\" content=\"Est. reading time\" \/>\n\t<meta name=\"twitter:data1\" content=\"1 minute\" \/>\n<script type=\"application\/ld+json\" class=\"yoast-schema-graph\">{\"@context\":\"https:\/\/schema.org\",\"@graph\":[{\"@type\":\"WebPage\",\"@id\":\"https:\/\/dev.tg4.ie\/ga\/eolas\/preas\/nuacht-raitis\/2018-2\/learmheas-leabhar\/\",\"url\":\"https:\/\/dev.tg4.ie\/ga\/eolas\/preas\/nuacht-raitis\/2018-2\/learmheas-leabhar\/\",\"name\":\"Imn\u00ed Tionscal na Foilsitheoireachta Gaeilge faoi Chaibidil ar TG4 - TG4\",\"isPartOf\":{\"@id\":\"https:\/\/dev.tg4.ie\/en\/#website\"},\"primaryImageOfPage\":{\"@id\":\"https:\/\/dev.tg4.ie\/ga\/eolas\/preas\/nuacht-raitis\/2018-2\/learmheas-leabhar\/#primaryimage\"},\"image\":{\"@id\":\"https:\/\/dev.tg4.ie\/ga\/eolas\/preas\/nuacht-raitis\/2018-2\/learmheas-leabhar\/#primaryimage\"},\"thumbnailUrl\":\"https:\/\/tg4-docs.s3.amazonaws.com\/tg4-redesign-2015\/wp-content\/uploads\/2018\/09\/Leirmheas_leabhar.jpg\",\"datePublished\":\"2018-10-05T10:39:33+00:00\",\"dateModified\":\"2019-07-01T11:12:11+00:00\",\"breadcrumb\":{\"@id\":\"https:\/\/dev.tg4.ie\/ga\/eolas\/preas\/nuacht-raitis\/2018-2\/learmheas-leabhar\/#breadcrumb\"},\"inLanguage\":\"ga\",\"potentialAction\":[{\"@type\":\"ReadAction\",\"target\":[\"https:\/\/dev.tg4.ie\/ga\/eolas\/preas\/nuacht-raitis\/2018-2\/learmheas-leabhar\/\"]}]},{\"@type\":\"ImageObject\",\"inLanguage\":\"ga\",\"@id\":\"https:\/\/dev.tg4.ie\/ga\/eolas\/preas\/nuacht-raitis\/2018-2\/learmheas-leabhar\/#primaryimage\",\"url\":\"https:\/\/tg4-docs.s3.amazonaws.com\/tg4-redesign-2015\/wp-content\/uploads\/2018\/09\/Leirmheas_leabhar.jpg\",\"contentUrl\":\"https:\/\/tg4-docs.s3.amazonaws.com\/tg4-redesign-2015\/wp-content\/uploads\/2018\/09\/Leirmheas_leabhar.jpg\",\"width\":1920,\"height\":1080,\"caption\":\"Leirmheas Leabhar 1920x1080\"},{\"@type\":\"BreadcrumbList\",\"@id\":\"https:\/\/dev.tg4.ie\/ga\/eolas\/preas\/nuacht-raitis\/2018-2\/learmheas-leabhar\/#breadcrumb\",\"itemListElement\":[{\"@type\":\"ListItem\",\"position\":1,\"name\":\"Home\",\"item\":\"https:\/\/dev.tg4.ie\/ga\/\"},{\"@type\":\"ListItem\",\"position\":2,\"name\":\"Eolas\",\"item\":\"https:\/\/dev.tg4.ie\/ga\/eolas\/\"},{\"@type\":\"ListItem\",\"position\":3,\"name\":\"Preas\",\"item\":\"https:\/\/dev.tg4.ie\/ga\/eolas\/preas\/\"},{\"@type\":\"ListItem\",\"position\":4,\"name\":\"Nuacht R\u00e1itis\",\"item\":\"https:\/\/dev.tg4.ie\/ga\/eolas\/preas\/nuacht-raitis\/\"},{\"@type\":\"ListItem\",\"position\":5,\"name\":\"2018\",\"item\":\"https:\/\/dev.tg4.ie\/ga\/eolas\/preas\/nuacht-raitis\/2018-2\/\"},{\"@type\":\"ListItem\",\"position\":6,\"name\":\"Imn\u00ed Tionscal na Foilsitheoireachta Gaeilge faoi Chaibidil ar TG4\"}]},{\"@type\":\"WebSite\",\"@id\":\"https:\/\/dev.tg4.ie\/en\/#website\",\"url\":\"https:\/\/dev.tg4.ie\/en\/\",\"name\":\"TG4\",\"description\":\"S\u00fail Eile\",\"potentialAction\":[{\"@type\":\"SearchAction\",\"target\":{\"@type\":\"EntryPoint\",\"urlTemplate\":\"https:\/\/dev.tg4.ie\/en\/?s={search_term_string}\"},\"query-input\":\"required name=search_term_string\"}],\"inLanguage\":\"ga\"}]}<\/script>\n<!-- \/ Yoast SEO plugin. -->","yoast_head_json":{"title":"Imn\u00ed Tionscal na Foilsitheoireachta Gaeilge faoi Chaibidil ar TG4 - TG4","robots":{"index":"index","follow":"follow","max-snippet":"max-snippet:-1","max-image-preview":"max-image-preview:large","max-video-preview":"max-video-preview:-1"},"og_locale":"en_US","og_type":"article","og_title":"Imn\u00ed Tionscal na Foilsitheoireachta Gaeilge faoi Chaibidil ar TG4 - TG4","og_description":"Craolfar an ch\u00e9ad eagr\u00e1n de shraith nua de \u2018L\u00e9irmheas Leabhar\u2019, \u00e1 cur i l\u00e1thair ag Tristan Rosenstock, ar TG4, an D\u00e9ardaoin seo 4 Deireadh F\u00f3mhair, ag 7.30pm. Is sraith mh\u00edos\u00fail litr\u00edochta &amp; l\u00e9irmheast\u00f3ireachta \u00e9 \u2018L\u00e9irmheas Leabhar\u2019. Leagtar b\u00e9im sa tsraith ar shaothar nua-fhoilsithe na Gaeilge chomh maith le l\u00e9argas a thabhairt ar shaol na foilsitheoireachta [&hellip;]","og_url":"https:\/\/dev.tg4.ie\/ga\/eolas\/preas\/nuacht-raitis\/2018-2\/learmheas-leabhar\/","og_site_name":"TG4","article_publisher":"https:\/\/www.facebook.com\/TG4TV","article_modified_time":"2019-07-01T11:12:11+00:00","og_image":[{"width":1920,"height":1080,"url":"https:\/\/tg4-docs.s3.amazonaws.com\/tg4-redesign-2015\/wp-content\/uploads\/2018\/09\/Leirmheas_leabhar.jpg","type":"image\/jpeg"}],"twitter_card":"summary_large_image","twitter_site":"@TG4TV","twitter_misc":{"Est. reading time":"1 minute"},"schema":{"@context":"https:\/\/schema.org","@graph":[{"@type":"WebPage","@id":"https:\/\/dev.tg4.ie\/ga\/eolas\/preas\/nuacht-raitis\/2018-2\/learmheas-leabhar\/","url":"https:\/\/dev.tg4.ie\/ga\/eolas\/preas\/nuacht-raitis\/2018-2\/learmheas-leabhar\/","name":"Imn\u00ed Tionscal na Foilsitheoireachta Gaeilge faoi Chaibidil ar TG4 - TG4","isPartOf":{"@id":"https:\/\/dev.tg4.ie\/en\/#website"},"primaryImageOfPage":{"@id":"https:\/\/dev.tg4.ie\/ga\/eolas\/preas\/nuacht-raitis\/2018-2\/learmheas-leabhar\/#primaryimage"},"image":{"@id":"https:\/\/dev.tg4.ie\/ga\/eolas\/preas\/nuacht-raitis\/2018-2\/learmheas-leabhar\/#primaryimage"},"thumbnailUrl":"https:\/\/tg4-docs.s3.amazonaws.com\/tg4-redesign-2015\/wp-content\/uploads\/2018\/09\/Leirmheas_leabhar.jpg","datePublished":"2018-10-05T10:39:33+00:00","dateModified":"2019-07-01T11:12:11+00:00","breadcrumb":{"@id":"https:\/\/dev.tg4.ie\/ga\/eolas\/preas\/nuacht-raitis\/2018-2\/learmheas-leabhar\/#breadcrumb"},"inLanguage":"ga","potentialAction":[{"@type":"ReadAction","target":["https:\/\/dev.tg4.ie\/ga\/eolas\/preas\/nuacht-raitis\/2018-2\/learmheas-leabhar\/"]}]},{"@type":"ImageObject","inLanguage":"ga","@id":"https:\/\/dev.tg4.ie\/ga\/eolas\/preas\/nuacht-raitis\/2018-2\/learmheas-leabhar\/#primaryimage","url":"https:\/\/tg4-docs.s3.amazonaws.com\/tg4-redesign-2015\/wp-content\/uploads\/2018\/09\/Leirmheas_leabhar.jpg","contentUrl":"https:\/\/tg4-docs.s3.amazonaws.com\/tg4-redesign-2015\/wp-content\/uploads\/2018\/09\/Leirmheas_leabhar.jpg","width":1920,"height":1080,"caption":"Leirmheas Leabhar 1920x1080"},{"@type":"BreadcrumbList","@id":"https:\/\/dev.tg4.ie\/ga\/eolas\/preas\/nuacht-raitis\/2018-2\/learmheas-leabhar\/#breadcrumb","itemListElement":[{"@type":"ListItem","position":1,"name":"Home","item":"https:\/\/dev.tg4.ie\/ga\/"},{"@type":"ListItem","position":2,"name":"Eolas","item":"https:\/\/dev.tg4.ie\/ga\/eolas\/"},{"@type":"ListItem","position":3,"name":"Preas","item":"https:\/\/dev.tg4.ie\/ga\/eolas\/preas\/"},{"@type":"ListItem","position":4,"name":"Nuacht R\u00e1itis","item":"https:\/\/dev.tg4.ie\/ga\/eolas\/preas\/nuacht-raitis\/"},{"@type":"ListItem","position":5,"name":"2018","item":"https:\/\/dev.tg4.ie\/ga\/eolas\/preas\/nuacht-raitis\/2018-2\/"},{"@type":"ListItem","position":6,"name":"Imn\u00ed Tionscal na Foilsitheoireachta Gaeilge faoi Chaibidil ar TG4"}]},{"@type":"WebSite","@id":"https:\/\/dev.tg4.ie\/en\/#website","url":"https:\/\/dev.tg4.ie\/en\/","name":"TG4","description":"S\u00fail Eile","potentialAction":[{"@type":"SearchAction","target":{"@type":"EntryPoint","urlTemplate":"https:\/\/dev.tg4.ie\/en\/?s={search_term_string}"},"query-input":"required name=search_term_string"}],"inLanguage":"ga"}]}},"_links":{"self":[{"href":"https:\/\/dev.tg4.ie\/ga\/wp-json\/wp\/v2\/pages\/93874"}],"collection":[{"href":"https:\/\/dev.tg4.ie\/ga\/wp-json\/wp\/v2\/pages"}],"about":[{"href":"https:\/\/dev.tg4.ie\/ga\/wp-json\/wp\/v2\/types\/page"}],"author":[{"embeddable":true,"href":"https:\/\/dev.tg4.ie\/ga\/wp-json\/wp\/v2\/users\/4"}],"replies":[{"embeddable":true,"href":"https:\/\/dev.tg4.ie\/ga\/wp-json\/wp\/v2\/comments?post=93874"}],"version-history":[{"count":0,"href":"https:\/\/dev.tg4.ie\/ga\/wp-json\/wp\/v2\/pages\/93874\/revisions"}],"up":[{"embeddable":true,"href":"https:\/\/dev.tg4.ie\/ga\/wp-json\/wp\/v2\/pages\/72849"}],"wp:featuredmedia":[{"embeddable":true,"href":"https:\/\/dev.tg4.ie\/ga\/wp-json\/wp\/v2\/media\/93293"}],"wp:attachment":[{"href":"https:\/\/dev.tg4.ie\/ga\/wp-json\/wp\/v2\/media?parent=93874"}],"curies":[{"name":"wp","href":"https:\/\/api.w.org\/{rel}","templated":true}]}}