{"id":93884,"date":"2018-10-05T11:57:47","date_gmt":"2018-10-05T10:57:47","guid":{"rendered":"https:\/\/dev.tg4.ie\/?page_id=93884"},"modified":"2019-07-01T12:17:29","modified_gmt":"2019-07-01T11:17:29","slug":"underdogs","status":"publish","type":"page","link":"https:\/\/dev.tg4.ie\/ga\/eolas\/preas\/nuacht-raitis\/2018-2\/underdogs\/","title":{"rendered":"Underdogs le aghaidh a thabhairt ar sheaimp\u00edn\u00ed na h\u00c9ireann&#8230; \u00c1th Cliath"},"content":{"rendered":"<p>Is iad GAA Beo a chuirfidh an craoladh beo ar f\u00e1il do chluiche ceannais na sraithe \u00f3 Ph\u00e1irc Pharnell, Aoine 19\u00fa Deireadh F\u00f3mhair 2018. Tosn\u00f3idh an craoladh ag 19.20, leis an gcluiche ag tos\u00fa ag 19.45.<\/p>\n<p>T\u00e1 foireann na Underdogs faoi bhainist\u00edocht tri\u00far laochra imeartha &#8211; Iar-chaptaein na Gaillimhe, Ray Silke, iar bhan-pheilead\u00f3ir Chorca\u00ed Valerie Mulcahy agus iar-pheilead\u00f3ir Chiarra\u00ed Paul Galvin.<\/p>\n<p>Is foireann imreoir\u00ed ar leith iad na Underdogs \u00f3 chlubanna CLG \u00e9ags\u00fala fud fad na t\u00edre. N\u00edor imir siad peil Ghaelach ag leibh\u00e9al sinsear idirchontae craoibhe riamh.<\/p>\n<p>Le roinnt seachtain\u00ed anuas, t\u00e1 na himreoir\u00ed feicthe againn ag na trialacha agus i mbun traen\u00e1la agus chuala muid iad ag insint a sc\u00e9alta f\u00e9in ar shraith na Underdogs ar TG4. Anois tar \u00e9is d\u00f3ibh ullmh\u00fach\u00e1n agus dian-traen\u00e1il a dh\u00e9anamh t\u00e1 siad r\u00e9idh chun aghaidh a thabhairt ar na Dubs.<\/p>\n<p>T\u00e1 deich mbliana ann \u00f3 bh\u00ed an tsraith deiridh de &#8216;Underdogs&#8217; ann. Chuir an &#8216;Underdogs&#8217; t\u00fas le gairm roinnt seaimp\u00edn\u00ed Uile-\u00c9ireann, ina measc fear m\u00f3r Chiarra\u00ed Kieran Donaghy agus Pearse O\u2019Neill Chorca\u00ed.<\/p>\n<p>Deir R\u00f3n\u00e1n \u00d3 Coisdealbha, Ceannaire Sp\u00f3irt TG4:<br \/>\nT\u00e1 TG4 f\u00edor-bhr\u00f3d\u00fail as \u00e1r comhcheangal le sraith na Underdogs, a thosaigh ag craoladh ar an sraith sa bhliain 2003. Ba mhaith linn \u00e1r mbu\u00edochas a ghabh\u00e1il leis na himreoir\u00ed, le bainist\u00edocht na foirne, CLG \u00c1th Cliath agus le Cumann L\u00fathchleas Gael i bP\u00e1irc an Chr\u00f3caigh as ucht a gcuid taca\u00edochta. Is seans ar leith \u00e9 seo do na himreoir\u00ed a roghn\u00f3far agus t\u00e1 s\u00fail againn roinnt de na himreoir\u00ed seo a fheice\u00e1il ag imirt lena gcontae amach anseo. Is m\u00f3r an on\u00f3ir d\u00fainn a bheith p\u00e1irteach san \u00f3c\u00e1id speisialta seo, agus t\u00e1 muid ag tn\u00fath go bhfeicfidh muid dul chun cinn na Underdogs, agus iad a fheice\u00e1il sa chluiche ceannais in aghaidh \u00c1tha Cliath faoi cheann c\u00fapla seachtain\u201d.<\/p>\n<p>Deir Jim Gavin, Bainisteoir \u00c1tha Cliath:<br \/>\n\u201cIs d\u00f3igh liom gur coincheap iontach \u00e9 na Underdogs, agus t\u00e1 muid ag tn\u00fath leis an gcluiche ar leith seo a imirt faoi shoilse i bP\u00e1irc Pharnell, in aghaidh na foirne seo, le peilead\u00f3ir\u00ed at\u00e1 ar fad ar iarraidh imirt le contae amach anseo.\u201d<\/p>\n<p><strong>Pain\u00e9al na Underdogs<\/strong><\/p>\n<ol>\n<li>Adam Wilson &#8211; (Scoil U\u00ed Chonaill, Co. Bhaile \u00c1tha Cliath)<\/li>\n<li>Anthony Durney &#8211; (CLG Achadh Mhordha, Co. Chill Dara)<\/li>\n<li>Blake Forkan &#8211; (CLG Naomh Adhamhn\u00e1in, Co. Dh\u00fan na nGall, \u00f3 Maigh Eo)<\/li>\n<li>Calum Gallagher &#8211; (Naomh Br\u00edd, Co. Dh\u00fan na nGall)<\/li>\n<li>Ciar\u00e1n Mac Fhearghusa &#8211; (Na Gaeil \u00d3ga, Co. Bhaile \u00c1tha Cliath)<\/li>\n<li>Colm Flynn &#8211; (CLG Baile U\u00ed Mhath\u00e1in)<\/li>\n<li>Conor McKenna &#8211; (\u00c9ire \u00d3g Doire Achaidh, Co. Aontroma)<\/li>\n<li>Cormac Doohan &#8211; (CLG Bealach an D\u00f3ir\u00edn, Co. Ros Com\u00e1in)<\/li>\n<li>Daragh Murrin &#8211; (Naomh Ultan CLG, D\u00fan Cionnaola, Co. Dh\u00fan na nGall)<\/li>\n<li>Darragh O\u2019Shea &#8211; (Baile U\u00ed Dhonnch\u00fa CLG, Co. Chiarra\u00ed)<\/li>\n<li>DJ Murphy &#8211; (CLG Gn\u00edomh go Leith, Co. Chiarra\u00ed)<\/li>\n<li>Eamon O\u2019Donoghue &#8211; (CLG Ph\u00e1draig Mac Piarais, Co. Ros Com\u00e1in)<\/li>\n<li>Enda Fleming &#8211; (Cora Finne, Co. na Gaillimhe)<\/li>\n<li>Fintan \u00d3 Cuanaigh &#8211; (CLG Naomh S\u00e9amus, Co. na Gaillimhe)<\/li>\n<li>Gary O\u2019Daly &#8211; (Naomh Muire, Co. Liatroma)<\/li>\n<li>Graham Heavey &#8211; (Baile Buad\u00e1in Naomh \u00c9anna, Co. Bhaile \u00c1tha Cliath)<\/li>\n<li>Michael Molloy &#8211; (Se\u00e1n Mist\u00e9il, Learpholl, D\u00fan na nGall \u00f3 dh\u00fachais)<\/li>\n<li>Miche\u00e1l McCarville &#8211; (CLG Bhaile an Scotaigh, Co. Mhuineach\u00e1in)<\/li>\n<li>Niall Canning &#8211; (Droim Chliabh Ros Ceite, Co. Shligigh)<\/li>\n<li>Nigel Rabbitt &#8211; (CLG Mhainistir Leathr\u00e1tha, Co. An Longfort)<\/li>\n<li>Richie Greene &#8211; (CLCG \u00c1tha Luain, Co. na hIarmh\u00ed)<\/li>\n<li>Ronan O\u2019Neill &#8211; (Doire Treasc Fir an Chnoic, Co. Th\u00edr Eoghain)<\/li>\n<li>Ruairi Cunningham &#8211; (Roibeard Eim\u00e9id CLG Cluain Mh\u00f3r, Co. Ard Mhacha)<\/li>\n<li>Ryan Treanor &#8211; (Thomas Clarke\u2019s, Co. Th\u00edr Eoghain)<\/li>\n<li>Sam McCurdy &#8211; (Cumann U\u00ed Dhuibhir, Baile Brig\u00edn, Co. Bhaile \u00c1tha Cliath)<\/li>\n<li>Se\u00e1n Brady &#8211; (Naomh Trea, Baile Mhic Uiginn, Co. Dhoire)<\/li>\n<li>Stephen Harford &#8211; (Cumann an Chloight\u00ed, Co. Bhaile \u00c1tha Cliath)<\/li>\n<li>Steven Scallan &#8211; (Gaeil U\u00ed Lochlainn, Co. Chill Chainnigh)<\/li>\n<li>Trevor Murtagh &#8211; (Naomh Bearra\u00ed CLG, Co. Ros Com\u00e1in)<\/li>\n<\/ol>\n<p>** Craolfar an cluiche beo \u00f3 Ph\u00e1irc Pharnell ar TG4 Aoine 19\u00fa Deireadh F\u00f3mhair 2018. Tosn\u00f3idh an craoladh ag 19.20 agus tosn\u00f3idh an cluiche ag 19.45 **<br \/>\n*** T\u00e1 sraith na Underdogs \u00e1 chraoladh go f\u00f3ill, o\u00edche D\u00e9ardaoin ag 21.30 leis an athchraoladh ar an Satharn ag 19.45, agus t\u00e1 s\u00e9 ar f\u00e1il ar Seinnteoir TG4 ***<br \/>\n**** Rachaidh tic\u00e9id don chluiche ar d\u00edol an tseachtain seo chugainn ****<br \/>\n**** Is iad Supermacs urraitheoir\u00ed na sraithe *****<br \/>\n***** Is iad O\u2019Neills a chuir feisteas na foirne ar f\u00e1il *****<\/p>\n","protected":false},"excerpt":{"rendered":"<p>Is iad GAA Beo a chuirfidh an craoladh beo ar f\u00e1il do chluiche ceannais na sraithe \u00f3 Ph\u00e1irc Pharnell, Aoine 19\u00fa Deireadh F\u00f3mhair 2018. Tosn\u00f3idh an craoladh ag 19.20, leis an gcluiche ag tos\u00fa ag 19.45. T\u00e1 foireann na Underdogs faoi bhainist\u00edocht tri\u00far laochra imeartha &#8211; Iar-chaptaein na Gaillimhe, Ray Silke, iar bhan-pheilead\u00f3ir Chorca\u00ed Valerie [&hellip;]<\/p>\n","protected":false},"author":4,"featured_media":91982,"parent":72849,"menu_order":43,"comment_status":"closed","ping_status":"closed","template":"page-templates\/template-pr.php","meta":{"_acf_changed":false,"footnotes":""},"acf":[],"yoast_head":"<!-- This site is optimized with the Yoast SEO plugin v22.6 - https:\/\/yoast.com\/wordpress\/plugins\/seo\/ -->\n<title>Underdogs le aghaidh a thabhairt ar sheaimp\u00edn\u00ed na h\u00c9ireann... \u00c1th Cliath - TG4<\/title>\n<meta name=\"robots\" content=\"index, follow, max-snippet:-1, max-image-preview:large, max-video-preview:-1\" \/>\n<meta property=\"og:locale\" content=\"en_US\" \/>\n<meta property=\"og:type\" content=\"article\" \/>\n<meta property=\"og:title\" content=\"Underdogs le aghaidh a thabhairt ar sheaimp\u00edn\u00ed na h\u00c9ireann... \u00c1th Cliath - TG4\" \/>\n<meta property=\"og:description\" content=\"Is iad GAA Beo a chuirfidh an craoladh beo ar f\u00e1il do chluiche ceannais na sraithe \u00f3 Ph\u00e1irc Pharnell, Aoine 19\u00fa Deireadh F\u00f3mhair 2018. Tosn\u00f3idh an craoladh ag 19.20, leis an gcluiche ag tos\u00fa ag 19.45. T\u00e1 foireann na Underdogs faoi bhainist\u00edocht tri\u00far laochra imeartha &#8211; Iar-chaptaein na Gaillimhe, Ray Silke, iar bhan-pheilead\u00f3ir Chorca\u00ed Valerie [&hellip;]\" \/>\n<meta property=\"og:url\" content=\"https:\/\/dev.tg4.ie\/ga\/eolas\/preas\/nuacht-raitis\/2018-2\/underdogs\/\" \/>\n<meta property=\"og:site_name\" content=\"TG4\" \/>\n<meta property=\"article:publisher\" content=\"https:\/\/www.facebook.com\/TG4TV\" \/>\n<meta property=\"article:modified_time\" content=\"2019-07-01T11:17:29+00:00\" \/>\n<meta property=\"og:image\" content=\"https:\/\/tg4-docs.s3.amazonaws.com\/tg4-redesign-2015\/wp-content\/uploads\/2018\/08\/Underdogs_-_Roghnoiri_5_vmdqit.jpg\" \/>\n\t<meta property=\"og:image:width\" content=\"1920\" \/>\n\t<meta property=\"og:image:height\" content=\"1080\" \/>\n\t<meta property=\"og:image:type\" content=\"image\/jpeg\" \/>\n<meta name=\"twitter:card\" content=\"summary_large_image\" \/>\n<meta name=\"twitter:site\" content=\"@TG4TV\" \/>\n<meta name=\"twitter:label1\" content=\"Est. reading time\" \/>\n\t<meta name=\"twitter:data1\" content=\"4 minutes\" \/>\n<script type=\"application\/ld+json\" class=\"yoast-schema-graph\">{\"@context\":\"https:\/\/schema.org\",\"@graph\":[{\"@type\":\"WebPage\",\"@id\":\"https:\/\/dev.tg4.ie\/ga\/eolas\/preas\/nuacht-raitis\/2018-2\/underdogs\/\",\"url\":\"https:\/\/dev.tg4.ie\/ga\/eolas\/preas\/nuacht-raitis\/2018-2\/underdogs\/\",\"name\":\"Underdogs le aghaidh a thabhairt ar sheaimp\u00edn\u00ed na h\u00c9ireann... \u00c1th Cliath - TG4\",\"isPartOf\":{\"@id\":\"https:\/\/dev.tg4.ie\/en\/#website\"},\"primaryImageOfPage\":{\"@id\":\"https:\/\/dev.tg4.ie\/ga\/eolas\/preas\/nuacht-raitis\/2018-2\/underdogs\/#primaryimage\"},\"image\":{\"@id\":\"https:\/\/dev.tg4.ie\/ga\/eolas\/preas\/nuacht-raitis\/2018-2\/underdogs\/#primaryimage\"},\"thumbnailUrl\":\"https:\/\/tg4-docs.s3.amazonaws.com\/tg4-redesign-2015\/wp-content\/uploads\/2018\/08\/Underdogs_-_Roghnoiri_5_vmdqit.jpg\",\"datePublished\":\"2018-10-05T10:57:47+00:00\",\"dateModified\":\"2019-07-01T11:17:29+00:00\",\"breadcrumb\":{\"@id\":\"https:\/\/dev.tg4.ie\/ga\/eolas\/preas\/nuacht-raitis\/2018-2\/underdogs\/#breadcrumb\"},\"inLanguage\":\"ga\",\"potentialAction\":[{\"@type\":\"ReadAction\",\"target\":[\"https:\/\/dev.tg4.ie\/ga\/eolas\/preas\/nuacht-raitis\/2018-2\/underdogs\/\"]}]},{\"@type\":\"ImageObject\",\"inLanguage\":\"ga\",\"@id\":\"https:\/\/dev.tg4.ie\/ga\/eolas\/preas\/nuacht-raitis\/2018-2\/underdogs\/#primaryimage\",\"url\":\"https:\/\/tg4-docs.s3.amazonaws.com\/tg4-redesign-2015\/wp-content\/uploads\/2018\/08\/Underdogs_-_Roghnoiri_5_vmdqit.jpg\",\"contentUrl\":\"https:\/\/tg4-docs.s3.amazonaws.com\/tg4-redesign-2015\/wp-content\/uploads\/2018\/08\/Underdogs_-_Roghnoiri_5_vmdqit.jpg\",\"width\":1920,\"height\":1080},{\"@type\":\"BreadcrumbList\",\"@id\":\"https:\/\/dev.tg4.ie\/ga\/eolas\/preas\/nuacht-raitis\/2018-2\/underdogs\/#breadcrumb\",\"itemListElement\":[{\"@type\":\"ListItem\",\"position\":1,\"name\":\"Home\",\"item\":\"https:\/\/dev.tg4.ie\/ga\/\"},{\"@type\":\"ListItem\",\"position\":2,\"name\":\"Eolas\",\"item\":\"https:\/\/dev.tg4.ie\/ga\/eolas\/\"},{\"@type\":\"ListItem\",\"position\":3,\"name\":\"Preas\",\"item\":\"https:\/\/dev.tg4.ie\/ga\/eolas\/preas\/\"},{\"@type\":\"ListItem\",\"position\":4,\"name\":\"Nuacht R\u00e1itis\",\"item\":\"https:\/\/dev.tg4.ie\/ga\/eolas\/preas\/nuacht-raitis\/\"},{\"@type\":\"ListItem\",\"position\":5,\"name\":\"2018\",\"item\":\"https:\/\/dev.tg4.ie\/ga\/eolas\/preas\/nuacht-raitis\/2018-2\/\"},{\"@type\":\"ListItem\",\"position\":6,\"name\":\"Underdogs le aghaidh a thabhairt ar sheaimp\u00edn\u00ed na h\u00c9ireann&#8230; \u00c1th Cliath\"}]},{\"@type\":\"WebSite\",\"@id\":\"https:\/\/dev.tg4.ie\/en\/#website\",\"url\":\"https:\/\/dev.tg4.ie\/en\/\",\"name\":\"TG4\",\"description\":\"S\u00fail Eile\",\"potentialAction\":[{\"@type\":\"SearchAction\",\"target\":{\"@type\":\"EntryPoint\",\"urlTemplate\":\"https:\/\/dev.tg4.ie\/en\/?s={search_term_string}\"},\"query-input\":\"required name=search_term_string\"}],\"inLanguage\":\"ga\"}]}<\/script>\n<!-- \/ Yoast SEO plugin. -->","yoast_head_json":{"title":"Underdogs le aghaidh a thabhairt ar sheaimp\u00edn\u00ed na h\u00c9ireann... \u00c1th Cliath - TG4","robots":{"index":"index","follow":"follow","max-snippet":"max-snippet:-1","max-image-preview":"max-image-preview:large","max-video-preview":"max-video-preview:-1"},"og_locale":"en_US","og_type":"article","og_title":"Underdogs le aghaidh a thabhairt ar sheaimp\u00edn\u00ed na h\u00c9ireann... \u00c1th Cliath - TG4","og_description":"Is iad GAA Beo a chuirfidh an craoladh beo ar f\u00e1il do chluiche ceannais na sraithe \u00f3 Ph\u00e1irc Pharnell, Aoine 19\u00fa Deireadh F\u00f3mhair 2018. Tosn\u00f3idh an craoladh ag 19.20, leis an gcluiche ag tos\u00fa ag 19.45. T\u00e1 foireann na Underdogs faoi bhainist\u00edocht tri\u00far laochra imeartha &#8211; Iar-chaptaein na Gaillimhe, Ray Silke, iar bhan-pheilead\u00f3ir Chorca\u00ed Valerie [&hellip;]","og_url":"https:\/\/dev.tg4.ie\/ga\/eolas\/preas\/nuacht-raitis\/2018-2\/underdogs\/","og_site_name":"TG4","article_publisher":"https:\/\/www.facebook.com\/TG4TV","article_modified_time":"2019-07-01T11:17:29+00:00","og_image":[{"width":1920,"height":1080,"url":"https:\/\/tg4-docs.s3.amazonaws.com\/tg4-redesign-2015\/wp-content\/uploads\/2018\/08\/Underdogs_-_Roghnoiri_5_vmdqit.jpg","type":"image\/jpeg"}],"twitter_card":"summary_large_image","twitter_site":"@TG4TV","twitter_misc":{"Est. reading time":"4 minutes"},"schema":{"@context":"https:\/\/schema.org","@graph":[{"@type":"WebPage","@id":"https:\/\/dev.tg4.ie\/ga\/eolas\/preas\/nuacht-raitis\/2018-2\/underdogs\/","url":"https:\/\/dev.tg4.ie\/ga\/eolas\/preas\/nuacht-raitis\/2018-2\/underdogs\/","name":"Underdogs le aghaidh a thabhairt ar sheaimp\u00edn\u00ed na h\u00c9ireann... \u00c1th Cliath - TG4","isPartOf":{"@id":"https:\/\/dev.tg4.ie\/en\/#website"},"primaryImageOfPage":{"@id":"https:\/\/dev.tg4.ie\/ga\/eolas\/preas\/nuacht-raitis\/2018-2\/underdogs\/#primaryimage"},"image":{"@id":"https:\/\/dev.tg4.ie\/ga\/eolas\/preas\/nuacht-raitis\/2018-2\/underdogs\/#primaryimage"},"thumbnailUrl":"https:\/\/tg4-docs.s3.amazonaws.com\/tg4-redesign-2015\/wp-content\/uploads\/2018\/08\/Underdogs_-_Roghnoiri_5_vmdqit.jpg","datePublished":"2018-10-05T10:57:47+00:00","dateModified":"2019-07-01T11:17:29+00:00","breadcrumb":{"@id":"https:\/\/dev.tg4.ie\/ga\/eolas\/preas\/nuacht-raitis\/2018-2\/underdogs\/#breadcrumb"},"inLanguage":"ga","potentialAction":[{"@type":"ReadAction","target":["https:\/\/dev.tg4.ie\/ga\/eolas\/preas\/nuacht-raitis\/2018-2\/underdogs\/"]}]},{"@type":"ImageObject","inLanguage":"ga","@id":"https:\/\/dev.tg4.ie\/ga\/eolas\/preas\/nuacht-raitis\/2018-2\/underdogs\/#primaryimage","url":"https:\/\/tg4-docs.s3.amazonaws.com\/tg4-redesign-2015\/wp-content\/uploads\/2018\/08\/Underdogs_-_Roghnoiri_5_vmdqit.jpg","contentUrl":"https:\/\/tg4-docs.s3.amazonaws.com\/tg4-redesign-2015\/wp-content\/uploads\/2018\/08\/Underdogs_-_Roghnoiri_5_vmdqit.jpg","width":1920,"height":1080},{"@type":"BreadcrumbList","@id":"https:\/\/dev.tg4.ie\/ga\/eolas\/preas\/nuacht-raitis\/2018-2\/underdogs\/#breadcrumb","itemListElement":[{"@type":"ListItem","position":1,"name":"Home","item":"https:\/\/dev.tg4.ie\/ga\/"},{"@type":"ListItem","position":2,"name":"Eolas","item":"https:\/\/dev.tg4.ie\/ga\/eolas\/"},{"@type":"ListItem","position":3,"name":"Preas","item":"https:\/\/dev.tg4.ie\/ga\/eolas\/preas\/"},{"@type":"ListItem","position":4,"name":"Nuacht R\u00e1itis","item":"https:\/\/dev.tg4.ie\/ga\/eolas\/preas\/nuacht-raitis\/"},{"@type":"ListItem","position":5,"name":"2018","item":"https:\/\/dev.tg4.ie\/ga\/eolas\/preas\/nuacht-raitis\/2018-2\/"},{"@type":"ListItem","position":6,"name":"Underdogs le aghaidh a thabhairt ar sheaimp\u00edn\u00ed na h\u00c9ireann&#8230; \u00c1th Cliath"}]},{"@type":"WebSite","@id":"https:\/\/dev.tg4.ie\/en\/#website","url":"https:\/\/dev.tg4.ie\/en\/","name":"TG4","description":"S\u00fail Eile","potentialAction":[{"@type":"SearchAction","target":{"@type":"EntryPoint","urlTemplate":"https:\/\/dev.tg4.ie\/en\/?s={search_term_string}"},"query-input":"required name=search_term_string"}],"inLanguage":"ga"}]}},"_links":{"self":[{"href":"https:\/\/dev.tg4.ie\/ga\/wp-json\/wp\/v2\/pages\/93884"}],"collection":[{"href":"https:\/\/dev.tg4.ie\/ga\/wp-json\/wp\/v2\/pages"}],"about":[{"href":"https:\/\/dev.tg4.ie\/ga\/wp-json\/wp\/v2\/types\/page"}],"author":[{"embeddable":true,"href":"https:\/\/dev.tg4.ie\/ga\/wp-json\/wp\/v2\/users\/4"}],"replies":[{"embeddable":true,"href":"https:\/\/dev.tg4.ie\/ga\/wp-json\/wp\/v2\/comments?post=93884"}],"version-history":[{"count":0,"href":"https:\/\/dev.tg4.ie\/ga\/wp-json\/wp\/v2\/pages\/93884\/revisions"}],"up":[{"embeddable":true,"href":"https:\/\/dev.tg4.ie\/ga\/wp-json\/wp\/v2\/pages\/72849"}],"wp:featuredmedia":[{"embeddable":true,"href":"https:\/\/dev.tg4.ie\/ga\/wp-json\/wp\/v2\/media\/91982"}],"wp:attachment":[{"href":"https:\/\/dev.tg4.ie\/ga\/wp-json\/wp\/v2\/media?parent=93884"}],"curies":[{"name":"wp","href":"https:\/\/api.w.org\/{rel}","templated":true}]}}