{"id":94225,"date":"2018-10-15T16:01:56","date_gmt":"2018-10-15T15:01:56","guid":{"rendered":"https:\/\/dev.tg4.ie\/?page_id=94225"},"modified":"2019-07-01T12:19:04","modified_gmt":"2019-07-01T11:19:04","slug":"the-wall-comhleiriuchan-nua-ceilteach-seolta-ag-mipcom","status":"publish","type":"page","link":"https:\/\/dev.tg4.ie\/ga\/eolas\/preas\/nuacht-raitis\/2018-2\/the-wall-comhleiriuchan-nua-ceilteach-seolta-ag-mipcom\/","title":{"rendered":"&#8216;The Wall&#8217; &#8211; Comhl\u00e9iri\u00fach\u00e1n Nua Ceilteach Seolta ag MIPCOM"},"content":{"rendered":"<p>T\u00e1 an tsraith, ar comhl\u00e9iri\u00fa \u00e9 idir <strong>Rondo<\/strong> sa Bhreatain Bheag agus <strong>Rosg<\/strong> in \u00c9irinn, le craoladh i dt\u00fas na bliana 2019.<\/p>\n<p>Faoin <strong>\u2018gCiste Idirn\u00e1isi\u00fanta Ceilteach,\u2019<\/strong> re\u00e1cht\u00e1iltear babhta c\u00f3mhaoinithe gach bliain idir craolt\u00f3ir\u00ed agus maoinitheoir\u00ed teilif\u00edse sna teangacha Ceilteacha in Albain, an Bhreatain Bheag, \u00c9ire agus Tuaisceart \u00c9ireann.<\/p>\n<p>Is iad\u00a0<strong>BBC<\/strong> <strong>ALBA<\/strong>\u00a0(le maoini\u00fa \u00f3\u00a0<strong>MG ALBA<\/strong>),\u00a0<strong>S4C<\/strong>,\u00a0<strong>TG4<\/strong>\u00a0agus an Ciste Craolt\u00f3ireachta Gaeilge de chuid\u00a0<strong><em>Northern Ireland Screen <\/em><\/strong><strong>(ILBF) <\/strong>a bhunaigh an Ciste.<\/p>\n<p>Is \u00e9 aidhm <strong>an Chiste Idirn\u00e1isi\u00fanta Cheiltigh<\/strong>\u00a0comhfhorbairt a spreagadh agus comhl\u00e9iri\u00fach\u00e1in ina dhiaidh sin tr\u00ed Gh\u00e1idhlig, an Bhreatnais agus an Ghaeilge agus na l\u00e9iri\u00fach\u00e1in sin, a ceapadh ar dt\u00fas sna teangacha Ceilteacha, a scaipeadh ar fud na hEorpa agus an domhain.<\/p>\n<p>Tabharfaidh\u00a0<strong>An Ciste Idirn\u00e1isi\u00fanta Ceilteach<\/strong>\u00a0deis do lucht d\u00e9anta scann\u00e1n obair ar leith agus uaillmhianach a fhorbairt agus a l\u00e9iri\u00fa i gcomhar a chuirfidh go m\u00f3r le sceideal pr\u00edomhama na gcraolt\u00f3ir\u00ed, a mbeidh tionchar acu ar lucht f\u00e9achana n\u00e1isi\u00fanta in Albain, sa mBreatain Bheag, in \u00c9irinn agus i dTuaisceart \u00c9ireann agus a mbeidh s\u00e9 mar aidhm acu dul i bhfeidhm ar lucht f\u00e9achana ar fud an domhain.<\/p>\n<p>Tr\u00ed she\u00e1nra a bh\u00ed i gceist sa ch\u00e9ad ghlao \u2013 F\u00edorasach, Dr\u00e1ma\u00edocht agus Beochan.\u00a0Rachaidh na tionscadail ar fad a n-\u00e9ireoidh leo faoi ch\u00e9im forbartha ina gcuirfear maoini\u00fa ar f\u00e1il chun smaointe agus creat comhl\u00e9iri\u00fach\u00e1in a fhorbairt agus ina gcaithfear gn\u00e9 de a l\u00e9iri\u00fa in Albain, sa Bhreatain Bheag agus in \u00c9irinn n\u00f3 i dTuaisceart \u00c9ireann.<\/p>\n<p>Comhfhoireann coimisi\u00fanaithe a riarfaidh <strong>An Ciste Idirn\u00e1isi\u00fanta Ceilteach<\/strong>\u00a0a bheidh comhdh\u00e9anta d&#8217;ionadaithe \u00f3 na craolt\u00f3ir\u00ed agus maoinitheoir\u00ed sna teangacha Ceilteacha agus ar p\u00e1irtithe iad sa sc\u00e9im.<\/p>\n<p>T\u00e1 f\u00e1ilte curtha ag Ard-Sti\u00farth\u00f3ir <strong>TG4<\/strong>\u00a0<strong>Alan Esslemont<\/strong>, roimh an tionscnamh nua comhl\u00e9iri\u00fach\u00e1in:<em> &#8220;T\u00e1 \u00e1bhar a bhfuil luach ard l\u00e9iri\u00fach\u00e1in ag baint leis l\u00e1rnach i me\u00e1in an lae inniu, cl\u00e1racha at\u00e1 \u00e1 maoini\u00fa ag ollchomhlachta\u00ed saibhre. T\u00e1 s\u00e9 n\u00edos t\u00e1bhachta\u00ed n\u00e1 riamh go rachadh <strong>TG4\u00a0<\/strong>ag obair le p\u00e1irtn\u00e9ir\u00ed chun timpeallacht a chruth\u00fa ina mbeidh \u00e1r gcuideachta\u00ed neamhsple\u00e1cha f\u00e9in in ann smaointe den ch\u00e9ad scoth a chur i l\u00e1r an mhargaidh idirn\u00e1isi\u00fanta. Mar thoradh ar an gcomhph\u00e1irt\u00edocht nua Cheilteach seo, chomh maith le tionscnaimh EBU le d\u00e9ana\u00ed do chomhl\u00e9iri\u00fach\u00e1in san Eoraip, beidh\u00a0<strong>TG4<\/strong>\u00a0ina ph\u00e1irt\u00ed t\u00e1bhachtach i marga\u00ed d\u00e9anta cl\u00e1r san Eoraip agus ar fud an domhain a chuirfidh ar \u00e1r gcumas cl\u00e1ir ar chaighde\u00e1n n\u00edos fearr a chur faoi bhr\u00e1id \u00e1r lucht f\u00e9achana.\u201d<\/em><\/p>\n<p>T\u00e1 f\u00e1ilte curtha ag Ceann an <strong>ILBF<\/strong>, <strong>\u00c1ine Walsh<\/strong>, roimh an tionscnamh nua comhl\u00e9iri\u00fach\u00e1in: <em>\u201cT\u00e1 r\u00edm\u00e9ad orainn a bheith p\u00e1irteach sa tionscnamh seo a chuirfidh ar chumas l\u00e9iritheoir\u00ed Gaeilge i dTuaisceart \u00c9ireann dul i mbun oibre len\u00e1r gcomhghleacaithe Ceilteacha chun \u00e1bhar a fhorbairt a mbeidh an domhan m\u00f3r in ann sult a bhaint as.\u00a0Beidh an earn\u00e1il l\u00e9iri\u00fach\u00e1in n\u00edos l\u00e1idre agus n\u00edos forbartha mar thoradh ar an gcomhph\u00e1irt\u00edocht nua seo agus t\u00e1imid ag s\u00fail leis an \u00e1bhar nua f\u00edorasach, dr\u00e1ma\u00edochta agus beochana a thiocfaidh as, \u00e1bhar ar ardchaighde\u00e1n l\u00e9iri\u00fach\u00e1in de bhunadh na gCr\u00edoch Ceilteach a fh\u00e1gfaidh a rian ar an margadh domhanda.&#8221;<\/em><\/p>\n<p>Dar le <strong>Amanda Rees<\/strong>, <strong>Sti\u00farth\u00f3ir \u00c1bhair Chruthaithigh S4C<\/strong>: <em>&#8220;Deis at\u00e1 sa Chiste Idirn\u00e1isi\u00fanta Ceilteach d\u00fainne tabhairt faoi chomhph\u00e1irt\u00edochta\u00ed r\u00ed-thairbheacha len\u00e1r gcomhghleacaithe craolach\u00e1in sna t\u00edortha Ceilteacha, chun an tallann mh\u00f3r chruthaitheach at\u00e1 ann in\u00e1r measc a thabhairt le ch\u00e9ile.&#8221;<\/em><\/p>\n<p><em>&#8220;Sraith \u00ed The Wall a fh\u00e9achfaidh ar chuid de na nithe is consp\u00f3id\u00ed a chotha\u00edonn deighilt ar fud an domhain agus na sc\u00e9alta sin \u00e1 n-insint ag teaghlaigh agus ag pobail ar an d\u00e1 thaobh. Is sraith \u00ed seo at\u00e1 tr\u00e1th\u00fail agus \u00e1bhartha do lucht f\u00e9achana ar fud an domhain agus is sampla den ch\u00e9ad scoth \u00ed den m\u00e9id is f\u00e9idir a dh\u00e9anamh nuair a chomhoibr\u00edonn craolt\u00f3ir\u00ed le ch\u00e9ile.&#8221;<\/em><\/p>\n<p>D\u00fairt <strong>Iseabail MacTaggart<\/strong>, Sti\u00farth\u00f3ir Strait\u00e9ise &amp; Comhph\u00e1irt\u00edochta ag <strong>MG ALBA<\/strong> freisin: <em>\u201cT\u00e1imid uaillmhianach i dtaobh na hearn\u00e1la l\u00e9iri\u00fach\u00e1in agus dar linne is deis \u00e9 an tionscnamh seo do chuideachta\u00ed l\u00e9iri\u00fach\u00e1in dul san ioma\u00edocht ar ard\u00e1n domhanda chomh maith le h\u00e1bhar nua agus n\u00edos fearr a chruth\u00fa do lucht f\u00e9achana<strong> BBC ALBA<\/strong>.\u00a0 Cuirtear le caighde\u00e1n an \u00e1bhair agus leis an l\u00edon daoine a fheicfidh \u00e9 tr\u00ed thabhairt faoi chomhoibri\u00fa idirn\u00e1isi\u00fanta.\u201d<\/em><\/p>\n","protected":false},"excerpt":{"rendered":"<p>T\u00e1 an tsraith, ar comhl\u00e9iri\u00fa \u00e9 idir Rondo sa Bhreatain Bheag agus Rosg in \u00c9irinn, le craoladh i dt\u00fas na bliana 2019. Faoin \u2018gCiste Idirn\u00e1isi\u00fanta Ceilteach,\u2019 re\u00e1cht\u00e1iltear babhta c\u00f3mhaoinithe gach bliain idir craolt\u00f3ir\u00ed agus maoinitheoir\u00ed teilif\u00edse sna teangacha Ceilteacha in Albain, an Bhreatain Bheag, \u00c9ire agus Tuaisceart \u00c9ireann. Is iad\u00a0BBC ALBA\u00a0(le maoini\u00fa \u00f3\u00a0MG ALBA),\u00a0S4C,\u00a0TG4\u00a0agus an [&hellip;]<\/p>\n","protected":false},"author":876,"featured_media":94287,"parent":72849,"menu_order":44,"comment_status":"closed","ping_status":"closed","template":"page-templates\/template-pr.php","meta":{"_acf_changed":false,"footnotes":""},"acf":[],"yoast_head":"<!-- This site is optimized with the Yoast SEO plugin v22.6 - https:\/\/yoast.com\/wordpress\/plugins\/seo\/ -->\n<title>&#039;The Wall&#039; - Comhl\u00e9iri\u00fach\u00e1n Nua Ceilteach Seolta ag MIPCOM - TG4<\/title>\n<meta name=\"robots\" content=\"index, follow, max-snippet:-1, max-image-preview:large, max-video-preview:-1\" \/>\n<meta property=\"og:locale\" content=\"en_US\" \/>\n<meta property=\"og:type\" content=\"article\" \/>\n<meta property=\"og:title\" content=\"&#039;The Wall&#039; - Comhl\u00e9iri\u00fach\u00e1n Nua Ceilteach Seolta ag MIPCOM - TG4\" \/>\n<meta property=\"og:description\" content=\"T\u00e1 an tsraith, ar comhl\u00e9iri\u00fa \u00e9 idir Rondo sa Bhreatain Bheag agus Rosg in \u00c9irinn, le craoladh i dt\u00fas na bliana 2019. Faoin \u2018gCiste Idirn\u00e1isi\u00fanta Ceilteach,\u2019 re\u00e1cht\u00e1iltear babhta c\u00f3mhaoinithe gach bliain idir craolt\u00f3ir\u00ed agus maoinitheoir\u00ed teilif\u00edse sna teangacha Ceilteacha in Albain, an Bhreatain Bheag, \u00c9ire agus Tuaisceart \u00c9ireann. Is iad\u00a0BBC ALBA\u00a0(le maoini\u00fa \u00f3\u00a0MG ALBA),\u00a0S4C,\u00a0TG4\u00a0agus an [&hellip;]\" \/>\n<meta property=\"og:url\" content=\"https:\/\/dev.tg4.ie\/ga\/eolas\/preas\/nuacht-raitis\/2018-2\/the-wall-comhleiriuchan-nua-ceilteach-seolta-ag-mipcom\/\" \/>\n<meta property=\"og:site_name\" content=\"TG4\" \/>\n<meta property=\"article:publisher\" content=\"https:\/\/www.facebook.com\/TG4TV\" \/>\n<meta property=\"article:modified_time\" content=\"2019-07-01T11:19:04+00:00\" \/>\n<meta property=\"og:image\" content=\"https:\/\/tg4-docs.s3.amazonaws.com\/tg4-redesign-2015\/wp-content\/uploads\/2018\/10\/Seoladh-The-Wall1.jpg\" \/>\n\t<meta property=\"og:image:width\" content=\"1920\" \/>\n\t<meta property=\"og:image:height\" content=\"1080\" \/>\n\t<meta property=\"og:image:type\" content=\"image\/jpeg\" \/>\n<meta name=\"twitter:card\" content=\"summary_large_image\" \/>\n<meta name=\"twitter:site\" content=\"@TG4TV\" \/>\n<meta name=\"twitter:label1\" content=\"Est. reading time\" \/>\n\t<meta name=\"twitter:data1\" content=\"4 minutes\" \/>\n<script type=\"application\/ld+json\" class=\"yoast-schema-graph\">{\"@context\":\"https:\/\/schema.org\",\"@graph\":[{\"@type\":\"WebPage\",\"@id\":\"https:\/\/dev.tg4.ie\/ga\/eolas\/preas\/nuacht-raitis\/2018-2\/the-wall-comhleiriuchan-nua-ceilteach-seolta-ag-mipcom\/\",\"url\":\"https:\/\/dev.tg4.ie\/ga\/eolas\/preas\/nuacht-raitis\/2018-2\/the-wall-comhleiriuchan-nua-ceilteach-seolta-ag-mipcom\/\",\"name\":\"'The Wall' - Comhl\u00e9iri\u00fach\u00e1n Nua Ceilteach Seolta ag MIPCOM - TG4\",\"isPartOf\":{\"@id\":\"https:\/\/dev.tg4.ie\/en\/#website\"},\"primaryImageOfPage\":{\"@id\":\"https:\/\/dev.tg4.ie\/ga\/eolas\/preas\/nuacht-raitis\/2018-2\/the-wall-comhleiriuchan-nua-ceilteach-seolta-ag-mipcom\/#primaryimage\"},\"image\":{\"@id\":\"https:\/\/dev.tg4.ie\/ga\/eolas\/preas\/nuacht-raitis\/2018-2\/the-wall-comhleiriuchan-nua-ceilteach-seolta-ag-mipcom\/#primaryimage\"},\"thumbnailUrl\":\"https:\/\/tg4-docs.s3.amazonaws.com\/tg4-redesign-2015\/wp-content\/uploads\/2018\/10\/Seoladh-The-Wall1.jpg\",\"datePublished\":\"2018-10-15T15:01:56+00:00\",\"dateModified\":\"2019-07-01T11:19:04+00:00\",\"breadcrumb\":{\"@id\":\"https:\/\/dev.tg4.ie\/ga\/eolas\/preas\/nuacht-raitis\/2018-2\/the-wall-comhleiriuchan-nua-ceilteach-seolta-ag-mipcom\/#breadcrumb\"},\"inLanguage\":\"ga\",\"potentialAction\":[{\"@type\":\"ReadAction\",\"target\":[\"https:\/\/dev.tg4.ie\/ga\/eolas\/preas\/nuacht-raitis\/2018-2\/the-wall-comhleiriuchan-nua-ceilteach-seolta-ag-mipcom\/\"]}]},{\"@type\":\"ImageObject\",\"inLanguage\":\"ga\",\"@id\":\"https:\/\/dev.tg4.ie\/ga\/eolas\/preas\/nuacht-raitis\/2018-2\/the-wall-comhleiriuchan-nua-ceilteach-seolta-ag-mipcom\/#primaryimage\",\"url\":\"https:\/\/tg4-docs.s3.amazonaws.com\/tg4-redesign-2015\/wp-content\/uploads\/2018\/10\/Seoladh-The-Wall1.jpg\",\"contentUrl\":\"https:\/\/tg4-docs.s3.amazonaws.com\/tg4-redesign-2015\/wp-content\/uploads\/2018\/10\/Seoladh-The-Wall1.jpg\",\"width\":1920,\"height\":1080},{\"@type\":\"BreadcrumbList\",\"@id\":\"https:\/\/dev.tg4.ie\/ga\/eolas\/preas\/nuacht-raitis\/2018-2\/the-wall-comhleiriuchan-nua-ceilteach-seolta-ag-mipcom\/#breadcrumb\",\"itemListElement\":[{\"@type\":\"ListItem\",\"position\":1,\"name\":\"Home\",\"item\":\"https:\/\/dev.tg4.ie\/ga\/\"},{\"@type\":\"ListItem\",\"position\":2,\"name\":\"Eolas\",\"item\":\"https:\/\/dev.tg4.ie\/ga\/eolas\/\"},{\"@type\":\"ListItem\",\"position\":3,\"name\":\"Preas\",\"item\":\"https:\/\/dev.tg4.ie\/ga\/eolas\/preas\/\"},{\"@type\":\"ListItem\",\"position\":4,\"name\":\"Nuacht R\u00e1itis\",\"item\":\"https:\/\/dev.tg4.ie\/ga\/eolas\/preas\/nuacht-raitis\/\"},{\"@type\":\"ListItem\",\"position\":5,\"name\":\"2018\",\"item\":\"https:\/\/dev.tg4.ie\/ga\/eolas\/preas\/nuacht-raitis\/2018-2\/\"},{\"@type\":\"ListItem\",\"position\":6,\"name\":\"&#8216;The Wall&#8217; &#8211; Comhl\u00e9iri\u00fach\u00e1n Nua Ceilteach Seolta ag MIPCOM\"}]},{\"@type\":\"WebSite\",\"@id\":\"https:\/\/dev.tg4.ie\/en\/#website\",\"url\":\"https:\/\/dev.tg4.ie\/en\/\",\"name\":\"TG4\",\"description\":\"S\u00fail Eile\",\"potentialAction\":[{\"@type\":\"SearchAction\",\"target\":{\"@type\":\"EntryPoint\",\"urlTemplate\":\"https:\/\/dev.tg4.ie\/en\/?s={search_term_string}\"},\"query-input\":\"required name=search_term_string\"}],\"inLanguage\":\"ga\"}]}<\/script>\n<!-- \/ Yoast SEO plugin. -->","yoast_head_json":{"title":"'The Wall' - Comhl\u00e9iri\u00fach\u00e1n Nua Ceilteach Seolta ag MIPCOM - TG4","robots":{"index":"index","follow":"follow","max-snippet":"max-snippet:-1","max-image-preview":"max-image-preview:large","max-video-preview":"max-video-preview:-1"},"og_locale":"en_US","og_type":"article","og_title":"'The Wall' - Comhl\u00e9iri\u00fach\u00e1n Nua Ceilteach Seolta ag MIPCOM - TG4","og_description":"T\u00e1 an tsraith, ar comhl\u00e9iri\u00fa \u00e9 idir Rondo sa Bhreatain Bheag agus Rosg in \u00c9irinn, le craoladh i dt\u00fas na bliana 2019. Faoin \u2018gCiste Idirn\u00e1isi\u00fanta Ceilteach,\u2019 re\u00e1cht\u00e1iltear babhta c\u00f3mhaoinithe gach bliain idir craolt\u00f3ir\u00ed agus maoinitheoir\u00ed teilif\u00edse sna teangacha Ceilteacha in Albain, an Bhreatain Bheag, \u00c9ire agus Tuaisceart \u00c9ireann. Is iad\u00a0BBC ALBA\u00a0(le maoini\u00fa \u00f3\u00a0MG ALBA),\u00a0S4C,\u00a0TG4\u00a0agus an [&hellip;]","og_url":"https:\/\/dev.tg4.ie\/ga\/eolas\/preas\/nuacht-raitis\/2018-2\/the-wall-comhleiriuchan-nua-ceilteach-seolta-ag-mipcom\/","og_site_name":"TG4","article_publisher":"https:\/\/www.facebook.com\/TG4TV","article_modified_time":"2019-07-01T11:19:04+00:00","og_image":[{"width":1920,"height":1080,"url":"https:\/\/tg4-docs.s3.amazonaws.com\/tg4-redesign-2015\/wp-content\/uploads\/2018\/10\/Seoladh-The-Wall1.jpg","type":"image\/jpeg"}],"twitter_card":"summary_large_image","twitter_site":"@TG4TV","twitter_misc":{"Est. reading time":"4 minutes"},"schema":{"@context":"https:\/\/schema.org","@graph":[{"@type":"WebPage","@id":"https:\/\/dev.tg4.ie\/ga\/eolas\/preas\/nuacht-raitis\/2018-2\/the-wall-comhleiriuchan-nua-ceilteach-seolta-ag-mipcom\/","url":"https:\/\/dev.tg4.ie\/ga\/eolas\/preas\/nuacht-raitis\/2018-2\/the-wall-comhleiriuchan-nua-ceilteach-seolta-ag-mipcom\/","name":"'The Wall' - Comhl\u00e9iri\u00fach\u00e1n Nua Ceilteach Seolta ag MIPCOM - TG4","isPartOf":{"@id":"https:\/\/dev.tg4.ie\/en\/#website"},"primaryImageOfPage":{"@id":"https:\/\/dev.tg4.ie\/ga\/eolas\/preas\/nuacht-raitis\/2018-2\/the-wall-comhleiriuchan-nua-ceilteach-seolta-ag-mipcom\/#primaryimage"},"image":{"@id":"https:\/\/dev.tg4.ie\/ga\/eolas\/preas\/nuacht-raitis\/2018-2\/the-wall-comhleiriuchan-nua-ceilteach-seolta-ag-mipcom\/#primaryimage"},"thumbnailUrl":"https:\/\/tg4-docs.s3.amazonaws.com\/tg4-redesign-2015\/wp-content\/uploads\/2018\/10\/Seoladh-The-Wall1.jpg","datePublished":"2018-10-15T15:01:56+00:00","dateModified":"2019-07-01T11:19:04+00:00","breadcrumb":{"@id":"https:\/\/dev.tg4.ie\/ga\/eolas\/preas\/nuacht-raitis\/2018-2\/the-wall-comhleiriuchan-nua-ceilteach-seolta-ag-mipcom\/#breadcrumb"},"inLanguage":"ga","potentialAction":[{"@type":"ReadAction","target":["https:\/\/dev.tg4.ie\/ga\/eolas\/preas\/nuacht-raitis\/2018-2\/the-wall-comhleiriuchan-nua-ceilteach-seolta-ag-mipcom\/"]}]},{"@type":"ImageObject","inLanguage":"ga","@id":"https:\/\/dev.tg4.ie\/ga\/eolas\/preas\/nuacht-raitis\/2018-2\/the-wall-comhleiriuchan-nua-ceilteach-seolta-ag-mipcom\/#primaryimage","url":"https:\/\/tg4-docs.s3.amazonaws.com\/tg4-redesign-2015\/wp-content\/uploads\/2018\/10\/Seoladh-The-Wall1.jpg","contentUrl":"https:\/\/tg4-docs.s3.amazonaws.com\/tg4-redesign-2015\/wp-content\/uploads\/2018\/10\/Seoladh-The-Wall1.jpg","width":1920,"height":1080},{"@type":"BreadcrumbList","@id":"https:\/\/dev.tg4.ie\/ga\/eolas\/preas\/nuacht-raitis\/2018-2\/the-wall-comhleiriuchan-nua-ceilteach-seolta-ag-mipcom\/#breadcrumb","itemListElement":[{"@type":"ListItem","position":1,"name":"Home","item":"https:\/\/dev.tg4.ie\/ga\/"},{"@type":"ListItem","position":2,"name":"Eolas","item":"https:\/\/dev.tg4.ie\/ga\/eolas\/"},{"@type":"ListItem","position":3,"name":"Preas","item":"https:\/\/dev.tg4.ie\/ga\/eolas\/preas\/"},{"@type":"ListItem","position":4,"name":"Nuacht R\u00e1itis","item":"https:\/\/dev.tg4.ie\/ga\/eolas\/preas\/nuacht-raitis\/"},{"@type":"ListItem","position":5,"name":"2018","item":"https:\/\/dev.tg4.ie\/ga\/eolas\/preas\/nuacht-raitis\/2018-2\/"},{"@type":"ListItem","position":6,"name":"&#8216;The Wall&#8217; &#8211; Comhl\u00e9iri\u00fach\u00e1n Nua Ceilteach Seolta ag MIPCOM"}]},{"@type":"WebSite","@id":"https:\/\/dev.tg4.ie\/en\/#website","url":"https:\/\/dev.tg4.ie\/en\/","name":"TG4","description":"S\u00fail Eile","potentialAction":[{"@type":"SearchAction","target":{"@type":"EntryPoint","urlTemplate":"https:\/\/dev.tg4.ie\/en\/?s={search_term_string}"},"query-input":"required name=search_term_string"}],"inLanguage":"ga"}]}},"_links":{"self":[{"href":"https:\/\/dev.tg4.ie\/ga\/wp-json\/wp\/v2\/pages\/94225"}],"collection":[{"href":"https:\/\/dev.tg4.ie\/ga\/wp-json\/wp\/v2\/pages"}],"about":[{"href":"https:\/\/dev.tg4.ie\/ga\/wp-json\/wp\/v2\/types\/page"}],"author":[{"embeddable":true,"href":"https:\/\/dev.tg4.ie\/ga\/wp-json\/wp\/v2\/users\/876"}],"replies":[{"embeddable":true,"href":"https:\/\/dev.tg4.ie\/ga\/wp-json\/wp\/v2\/comments?post=94225"}],"version-history":[{"count":0,"href":"https:\/\/dev.tg4.ie\/ga\/wp-json\/wp\/v2\/pages\/94225\/revisions"}],"up":[{"embeddable":true,"href":"https:\/\/dev.tg4.ie\/ga\/wp-json\/wp\/v2\/pages\/72849"}],"wp:featuredmedia":[{"embeddable":true,"href":"https:\/\/dev.tg4.ie\/ga\/wp-json\/wp\/v2\/media\/94287"}],"wp:attachment":[{"href":"https:\/\/dev.tg4.ie\/ga\/wp-json\/wp\/v2\/media?parent=94225"}],"curies":[{"name":"wp","href":"https:\/\/api.w.org\/{rel}","templated":true}]}}