{"id":95002,"date":"2018-10-26T12:35:55","date_gmt":"2018-10-26T11:35:55","guid":{"rendered":"https:\/\/dev.tg4.ie\/?page_id=95002"},"modified":"2019-07-01T12:21:19","modified_gmt":"2019-07-01T11:21:19","slug":"seolann-tg4-gaeil-uk-ag-feile-gaeil-learpholl","status":"publish","type":"page","link":"https:\/\/dev.tg4.ie\/ga\/eolas\/preas\/nuacht-raitis\/2018-2\/seolann-tg4-gaeil-uk-ag-feile-gaeil-learpholl\/","title":{"rendered":"Seolann TG4 \u2018Gaeil UK\u2019 ag F\u00e9ile Gaeil Learpholl"},"content":{"rendered":"<p>Sa tsraith seo taisteala\u00edonn an t-iriseoir iomr\u00e1iteach, Se\u00e1n Mac an tS\u00edthigh, \u00f3 Ghlasch\u00fa go Londain chun bualadh leis na gl\u00fanta \u00e9ags\u00fala d\u2019inimircigh \u00c9ireannacha a bhfuil an R\u00edocht Aontaithe mar bhaile anois acu.<\/p>\n<p>Le 60 m\u00edle farraige eadrainn agus muid ag roinnt stair chasta chomh maith, is iad na h\u00c9ireannaigh an pobal inimirceach is l\u00edonmhaire sa R\u00edocht Aontaithe. Buaileann Se\u00e1n le gl\u00fanta \u00e9ags\u00fala de na Gaeil sa Bhreatain, t\u00edr ina bhfuil siad fite fuaite i ngach gn\u00e9 den tsocha\u00ed, ach iad f\u00f3s inaitheanta de bharr a bhf\u00e9ini\u00falacht Ghaelach f\u00e9in.<\/p>\n<p>Is iad Aniar TV a l\u00e9irigh \u2018Gaeil UK\u2019 do TG4. Craolfar na cl\u00e1ir ar an st\u00e1isi\u00fan n\u00e1isi\u00fanta Gaeilge \u00f3n 15\/11\/18 at 8pm. Agus beidh f\u00e1il go domhanda orthu chomh maith ar sheinnteoir TG4, ag <a href=\"https:\/\/dev.tg4.ie\/player\/baile\/\" target=\"_blank\" rel=\"noopener noreferrer\">www.tg4.ie\/player<\/a>.<\/p>\n<p>Baineann an ch\u00e9ad chl\u00e1r sa tsraith, a bheidh ar taispe\u00e1int ar an Satharn, 27 Deireadh F\u00f3mhair, ag 12.30pm, i M\u00fasaem Learpholl, le Gaeil at\u00e1 ag cur f\u00fathu i Learpholl, Leeds &amp; Huddersfield. Roimhe sin freisin, taispe\u00e1nfar scann\u00e1n faisn\u00e9ise ceoil eile le TG4, \u2018Lomax in \u00c9irinn\u2019, a l\u00e9ir\u00edonn an chaoi ar cuireadh an ch\u00e9ad LP riamh de cheol \u00c9ireannach i dtoll a ch\u00e9ile.<\/p>\n<p>Cuireann an seoladh seo t\u00fas le comhph\u00e1irt\u00edocht \u00farnua idir TG4 agus F\u00e9ile Gaeil Learpholl.<\/p>\n<p>Deir Bainisteoir Cumars\u00e1ide TG4, Trevor \u00d3 Clochartaigh, <em>&#8220;T\u00e1 \u00e1thas orainn a bheith ag obair le F\u00e9ile Gaeil Learpholl. Su\u00edonn an tionscadal seo isteach go maith le strait\u00e9is c\u00faig bhliana TG4 agus muid ag dul i gcomhph\u00e1irt le heagrais eile chun an r\u00e9imse leathan d\u2019\u00e1bhar at\u00e1 ag TG4 a chur os comhair pobail sa mbaile agus i gc\u00e9in. Air\u00edonn muid go dtagann meon F\u00e9ile Ghaeil Learpholl, a bhfuil cl\u00e1r ilgn\u00e9itheach, comhaimseartha, siamsa\u00edochta idir lamha acu, le cur chuige TG4 \u00f3 thaobh \u00e1r \u2018S\u00fail Eile\u2019 de freisin.&#8221;<\/em><\/p>\n<p>T\u00e1 breis eolais le f\u00e1il ag <a href=\"https:\/\/dev.tg4.ie\/clair\/gaeil-uk\/\" target=\"_blank\" rel=\"noopener noreferrer\">www.tg4.ie<\/a> agus ag\u00a0 <a href=\"http:\/\/www.liverpoolirishfestival.com\" target=\"_blank\" rel=\"noopener noreferrer\">www.liverpoolirishfestival.com<\/a>.<\/p>\n","protected":false},"excerpt":{"rendered":"<p>Sa tsraith seo taisteala\u00edonn an t-iriseoir iomr\u00e1iteach, Se\u00e1n Mac an tS\u00edthigh, \u00f3 Ghlasch\u00fa go Londain chun bualadh leis na gl\u00fanta \u00e9ags\u00fala d\u2019inimircigh \u00c9ireannacha a bhfuil an R\u00edocht Aontaithe mar bhaile anois acu. Le 60 m\u00edle farraige eadrainn agus muid ag roinnt stair chasta chomh maith, is iad na h\u00c9ireannaigh an pobal inimirceach is l\u00edonmhaire sa [&hellip;]<\/p>\n","protected":false},"author":876,"featured_media":95005,"parent":72849,"menu_order":45,"comment_status":"closed","ping_status":"closed","template":"page-templates\/template-pr.php","meta":{"_acf_changed":false,"footnotes":""},"acf":[],"yoast_head":"<!-- This site is optimized with the Yoast SEO plugin v22.6 - https:\/\/yoast.com\/wordpress\/plugins\/seo\/ -->\n<title>Seolann TG4 \u2018Gaeil UK\u2019 ag F\u00e9ile Gaeil Learpholl - TG4<\/title>\n<meta name=\"robots\" content=\"index, follow, max-snippet:-1, max-image-preview:large, max-video-preview:-1\" \/>\n<meta property=\"og:locale\" content=\"en_US\" \/>\n<meta property=\"og:type\" content=\"article\" \/>\n<meta property=\"og:title\" content=\"Seolann TG4 \u2018Gaeil UK\u2019 ag F\u00e9ile Gaeil Learpholl - TG4\" \/>\n<meta property=\"og:description\" content=\"Sa tsraith seo taisteala\u00edonn an t-iriseoir iomr\u00e1iteach, Se\u00e1n Mac an tS\u00edthigh, \u00f3 Ghlasch\u00fa go Londain chun bualadh leis na gl\u00fanta \u00e9ags\u00fala d\u2019inimircigh \u00c9ireannacha a bhfuil an R\u00edocht Aontaithe mar bhaile anois acu. Le 60 m\u00edle farraige eadrainn agus muid ag roinnt stair chasta chomh maith, is iad na h\u00c9ireannaigh an pobal inimirceach is l\u00edonmhaire sa [&hellip;]\" \/>\n<meta property=\"og:url\" content=\"https:\/\/dev.tg4.ie\/ga\/eolas\/preas\/nuacht-raitis\/2018-2\/seolann-tg4-gaeil-uk-ag-feile-gaeil-learpholl\/\" \/>\n<meta property=\"og:site_name\" content=\"TG4\" \/>\n<meta property=\"article:publisher\" content=\"https:\/\/www.facebook.com\/TG4TV\" \/>\n<meta property=\"article:modified_time\" content=\"2019-07-01T11:21:19+00:00\" \/>\n<meta property=\"og:image\" content=\"https:\/\/tg4-docs.s3.amazonaws.com\/tg4-redesign-2015\/wp-content\/uploads\/2018\/10\/GAEIL_UK_Clarence-Graving-Docks.jpg\" \/>\n\t<meta property=\"og:image:width\" content=\"1920\" \/>\n\t<meta property=\"og:image:height\" content=\"1080\" \/>\n\t<meta property=\"og:image:type\" content=\"image\/jpeg\" \/>\n<meta name=\"twitter:card\" content=\"summary_large_image\" \/>\n<meta name=\"twitter:site\" content=\"@TG4TV\" \/>\n<meta name=\"twitter:label1\" content=\"Est. reading time\" \/>\n\t<meta name=\"twitter:data1\" content=\"2 minutes\" \/>\n<script type=\"application\/ld+json\" class=\"yoast-schema-graph\">{\"@context\":\"https:\/\/schema.org\",\"@graph\":[{\"@type\":\"WebPage\",\"@id\":\"https:\/\/dev.tg4.ie\/ga\/eolas\/preas\/nuacht-raitis\/2018-2\/seolann-tg4-gaeil-uk-ag-feile-gaeil-learpholl\/\",\"url\":\"https:\/\/dev.tg4.ie\/ga\/eolas\/preas\/nuacht-raitis\/2018-2\/seolann-tg4-gaeil-uk-ag-feile-gaeil-learpholl\/\",\"name\":\"Seolann TG4 \u2018Gaeil UK\u2019 ag F\u00e9ile Gaeil Learpholl - TG4\",\"isPartOf\":{\"@id\":\"https:\/\/dev.tg4.ie\/en\/#website\"},\"primaryImageOfPage\":{\"@id\":\"https:\/\/dev.tg4.ie\/ga\/eolas\/preas\/nuacht-raitis\/2018-2\/seolann-tg4-gaeil-uk-ag-feile-gaeil-learpholl\/#primaryimage\"},\"image\":{\"@id\":\"https:\/\/dev.tg4.ie\/ga\/eolas\/preas\/nuacht-raitis\/2018-2\/seolann-tg4-gaeil-uk-ag-feile-gaeil-learpholl\/#primaryimage\"},\"thumbnailUrl\":\"https:\/\/tg4-docs.s3.amazonaws.com\/tg4-redesign-2015\/wp-content\/uploads\/2018\/10\/GAEIL_UK_Clarence-Graving-Docks.jpg\",\"datePublished\":\"2018-10-26T11:35:55+00:00\",\"dateModified\":\"2019-07-01T11:21:19+00:00\",\"breadcrumb\":{\"@id\":\"https:\/\/dev.tg4.ie\/ga\/eolas\/preas\/nuacht-raitis\/2018-2\/seolann-tg4-gaeil-uk-ag-feile-gaeil-learpholl\/#breadcrumb\"},\"inLanguage\":\"ga\",\"potentialAction\":[{\"@type\":\"ReadAction\",\"target\":[\"https:\/\/dev.tg4.ie\/ga\/eolas\/preas\/nuacht-raitis\/2018-2\/seolann-tg4-gaeil-uk-ag-feile-gaeil-learpholl\/\"]}]},{\"@type\":\"ImageObject\",\"inLanguage\":\"ga\",\"@id\":\"https:\/\/dev.tg4.ie\/ga\/eolas\/preas\/nuacht-raitis\/2018-2\/seolann-tg4-gaeil-uk-ag-feile-gaeil-learpholl\/#primaryimage\",\"url\":\"https:\/\/tg4-docs.s3.amazonaws.com\/tg4-redesign-2015\/wp-content\/uploads\/2018\/10\/GAEIL_UK_Clarence-Graving-Docks.jpg\",\"contentUrl\":\"https:\/\/tg4-docs.s3.amazonaws.com\/tg4-redesign-2015\/wp-content\/uploads\/2018\/10\/GAEIL_UK_Clarence-Graving-Docks.jpg\",\"width\":1920,\"height\":1080,\"caption\":\"GAEIL UK - Clarence Graving Docks\"},{\"@type\":\"BreadcrumbList\",\"@id\":\"https:\/\/dev.tg4.ie\/ga\/eolas\/preas\/nuacht-raitis\/2018-2\/seolann-tg4-gaeil-uk-ag-feile-gaeil-learpholl\/#breadcrumb\",\"itemListElement\":[{\"@type\":\"ListItem\",\"position\":1,\"name\":\"Home\",\"item\":\"https:\/\/dev.tg4.ie\/ga\/\"},{\"@type\":\"ListItem\",\"position\":2,\"name\":\"Eolas\",\"item\":\"https:\/\/dev.tg4.ie\/ga\/eolas\/\"},{\"@type\":\"ListItem\",\"position\":3,\"name\":\"Preas\",\"item\":\"https:\/\/dev.tg4.ie\/ga\/eolas\/preas\/\"},{\"@type\":\"ListItem\",\"position\":4,\"name\":\"Nuacht R\u00e1itis\",\"item\":\"https:\/\/dev.tg4.ie\/ga\/eolas\/preas\/nuacht-raitis\/\"},{\"@type\":\"ListItem\",\"position\":5,\"name\":\"2018\",\"item\":\"https:\/\/dev.tg4.ie\/ga\/eolas\/preas\/nuacht-raitis\/2018-2\/\"},{\"@type\":\"ListItem\",\"position\":6,\"name\":\"Seolann TG4 \u2018Gaeil UK\u2019 ag F\u00e9ile Gaeil Learpholl\"}]},{\"@type\":\"WebSite\",\"@id\":\"https:\/\/dev.tg4.ie\/en\/#website\",\"url\":\"https:\/\/dev.tg4.ie\/en\/\",\"name\":\"TG4\",\"description\":\"S\u00fail Eile\",\"potentialAction\":[{\"@type\":\"SearchAction\",\"target\":{\"@type\":\"EntryPoint\",\"urlTemplate\":\"https:\/\/dev.tg4.ie\/en\/?s={search_term_string}\"},\"query-input\":\"required name=search_term_string\"}],\"inLanguage\":\"ga\"}]}<\/script>\n<!-- \/ Yoast SEO plugin. -->","yoast_head_json":{"title":"Seolann TG4 \u2018Gaeil UK\u2019 ag F\u00e9ile Gaeil Learpholl - TG4","robots":{"index":"index","follow":"follow","max-snippet":"max-snippet:-1","max-image-preview":"max-image-preview:large","max-video-preview":"max-video-preview:-1"},"og_locale":"en_US","og_type":"article","og_title":"Seolann TG4 \u2018Gaeil UK\u2019 ag F\u00e9ile Gaeil Learpholl - TG4","og_description":"Sa tsraith seo taisteala\u00edonn an t-iriseoir iomr\u00e1iteach, Se\u00e1n Mac an tS\u00edthigh, \u00f3 Ghlasch\u00fa go Londain chun bualadh leis na gl\u00fanta \u00e9ags\u00fala d\u2019inimircigh \u00c9ireannacha a bhfuil an R\u00edocht Aontaithe mar bhaile anois acu. Le 60 m\u00edle farraige eadrainn agus muid ag roinnt stair chasta chomh maith, is iad na h\u00c9ireannaigh an pobal inimirceach is l\u00edonmhaire sa [&hellip;]","og_url":"https:\/\/dev.tg4.ie\/ga\/eolas\/preas\/nuacht-raitis\/2018-2\/seolann-tg4-gaeil-uk-ag-feile-gaeil-learpholl\/","og_site_name":"TG4","article_publisher":"https:\/\/www.facebook.com\/TG4TV","article_modified_time":"2019-07-01T11:21:19+00:00","og_image":[{"width":1920,"height":1080,"url":"https:\/\/tg4-docs.s3.amazonaws.com\/tg4-redesign-2015\/wp-content\/uploads\/2018\/10\/GAEIL_UK_Clarence-Graving-Docks.jpg","type":"image\/jpeg"}],"twitter_card":"summary_large_image","twitter_site":"@TG4TV","twitter_misc":{"Est. reading time":"2 minutes"},"schema":{"@context":"https:\/\/schema.org","@graph":[{"@type":"WebPage","@id":"https:\/\/dev.tg4.ie\/ga\/eolas\/preas\/nuacht-raitis\/2018-2\/seolann-tg4-gaeil-uk-ag-feile-gaeil-learpholl\/","url":"https:\/\/dev.tg4.ie\/ga\/eolas\/preas\/nuacht-raitis\/2018-2\/seolann-tg4-gaeil-uk-ag-feile-gaeil-learpholl\/","name":"Seolann TG4 \u2018Gaeil UK\u2019 ag F\u00e9ile Gaeil Learpholl - TG4","isPartOf":{"@id":"https:\/\/dev.tg4.ie\/en\/#website"},"primaryImageOfPage":{"@id":"https:\/\/dev.tg4.ie\/ga\/eolas\/preas\/nuacht-raitis\/2018-2\/seolann-tg4-gaeil-uk-ag-feile-gaeil-learpholl\/#primaryimage"},"image":{"@id":"https:\/\/dev.tg4.ie\/ga\/eolas\/preas\/nuacht-raitis\/2018-2\/seolann-tg4-gaeil-uk-ag-feile-gaeil-learpholl\/#primaryimage"},"thumbnailUrl":"https:\/\/tg4-docs.s3.amazonaws.com\/tg4-redesign-2015\/wp-content\/uploads\/2018\/10\/GAEIL_UK_Clarence-Graving-Docks.jpg","datePublished":"2018-10-26T11:35:55+00:00","dateModified":"2019-07-01T11:21:19+00:00","breadcrumb":{"@id":"https:\/\/dev.tg4.ie\/ga\/eolas\/preas\/nuacht-raitis\/2018-2\/seolann-tg4-gaeil-uk-ag-feile-gaeil-learpholl\/#breadcrumb"},"inLanguage":"ga","potentialAction":[{"@type":"ReadAction","target":["https:\/\/dev.tg4.ie\/ga\/eolas\/preas\/nuacht-raitis\/2018-2\/seolann-tg4-gaeil-uk-ag-feile-gaeil-learpholl\/"]}]},{"@type":"ImageObject","inLanguage":"ga","@id":"https:\/\/dev.tg4.ie\/ga\/eolas\/preas\/nuacht-raitis\/2018-2\/seolann-tg4-gaeil-uk-ag-feile-gaeil-learpholl\/#primaryimage","url":"https:\/\/tg4-docs.s3.amazonaws.com\/tg4-redesign-2015\/wp-content\/uploads\/2018\/10\/GAEIL_UK_Clarence-Graving-Docks.jpg","contentUrl":"https:\/\/tg4-docs.s3.amazonaws.com\/tg4-redesign-2015\/wp-content\/uploads\/2018\/10\/GAEIL_UK_Clarence-Graving-Docks.jpg","width":1920,"height":1080,"caption":"GAEIL UK - Clarence Graving Docks"},{"@type":"BreadcrumbList","@id":"https:\/\/dev.tg4.ie\/ga\/eolas\/preas\/nuacht-raitis\/2018-2\/seolann-tg4-gaeil-uk-ag-feile-gaeil-learpholl\/#breadcrumb","itemListElement":[{"@type":"ListItem","position":1,"name":"Home","item":"https:\/\/dev.tg4.ie\/ga\/"},{"@type":"ListItem","position":2,"name":"Eolas","item":"https:\/\/dev.tg4.ie\/ga\/eolas\/"},{"@type":"ListItem","position":3,"name":"Preas","item":"https:\/\/dev.tg4.ie\/ga\/eolas\/preas\/"},{"@type":"ListItem","position":4,"name":"Nuacht R\u00e1itis","item":"https:\/\/dev.tg4.ie\/ga\/eolas\/preas\/nuacht-raitis\/"},{"@type":"ListItem","position":5,"name":"2018","item":"https:\/\/dev.tg4.ie\/ga\/eolas\/preas\/nuacht-raitis\/2018-2\/"},{"@type":"ListItem","position":6,"name":"Seolann TG4 \u2018Gaeil UK\u2019 ag F\u00e9ile Gaeil Learpholl"}]},{"@type":"WebSite","@id":"https:\/\/dev.tg4.ie\/en\/#website","url":"https:\/\/dev.tg4.ie\/en\/","name":"TG4","description":"S\u00fail Eile","potentialAction":[{"@type":"SearchAction","target":{"@type":"EntryPoint","urlTemplate":"https:\/\/dev.tg4.ie\/en\/?s={search_term_string}"},"query-input":"required name=search_term_string"}],"inLanguage":"ga"}]}},"_links":{"self":[{"href":"https:\/\/dev.tg4.ie\/ga\/wp-json\/wp\/v2\/pages\/95002"}],"collection":[{"href":"https:\/\/dev.tg4.ie\/ga\/wp-json\/wp\/v2\/pages"}],"about":[{"href":"https:\/\/dev.tg4.ie\/ga\/wp-json\/wp\/v2\/types\/page"}],"author":[{"embeddable":true,"href":"https:\/\/dev.tg4.ie\/ga\/wp-json\/wp\/v2\/users\/876"}],"replies":[{"embeddable":true,"href":"https:\/\/dev.tg4.ie\/ga\/wp-json\/wp\/v2\/comments?post=95002"}],"version-history":[{"count":0,"href":"https:\/\/dev.tg4.ie\/ga\/wp-json\/wp\/v2\/pages\/95002\/revisions"}],"up":[{"embeddable":true,"href":"https:\/\/dev.tg4.ie\/ga\/wp-json\/wp\/v2\/pages\/72849"}],"wp:featuredmedia":[{"embeddable":true,"href":"https:\/\/dev.tg4.ie\/ga\/wp-json\/wp\/v2\/media\/95005"}],"wp:attachment":[{"href":"https:\/\/dev.tg4.ie\/ga\/wp-json\/wp\/v2\/media?parent=95002"}],"curies":[{"name":"wp","href":"https:\/\/api.w.org\/{rel}","templated":true}]}}