{"id":95336,"date":"2018-11-01T11:14:57","date_gmt":"2018-11-01T11:14:57","guid":{"rendered":"https:\/\/dev.tg4.ie\/?page_id=95336"},"modified":"2019-07-01T12:25:22","modified_gmt":"2019-07-01T11:25:22","slug":"tg4-i-lar-an-aonaigh-ag-oireachtas-na-samhna","status":"publish","type":"page","link":"https:\/\/dev.tg4.ie\/ga\/eolas\/preas\/nuacht-raitis\/2018-2\/tg4-i-lar-an-aonaigh-ag-oireachtas-na-samhna\/","title":{"rendered":"TG4 i L\u00e1r an Aonaigh ag Oireachtas na Samhna"},"content":{"rendered":"<p>Is \u00ed aip <a href=\"https:\/\/www.molsceal.ie\/\" target=\"_blank\" rel=\"noopener noreferrer\">MOLSC\u00c9AL<\/a> an ch\u00e9ad aip ina gcuirtear gearrfh\u00edse\u00e1in Ghaeilge ar f\u00e1il do phobal na Gaeilge ar l\u00edne in aon \u00e1it amh\u00e1in. Is sc\u00e9alta f\u00edse, pobalbhunaithe iad arna gcruth\u00fa ag pain\u00e9al de sc\u00e9alaithe f\u00edse. T\u00e1 \u00e1bhar siamsa\u00edochta, nuachta, cartlainne agus sp\u00f3irt ar f\u00e1il ar <a href=\"https:\/\/www.molsceal.ie\/\" target=\"_blank\" rel=\"noopener noreferrer\">MOLSC\u00c9AL<\/a>.\u00a0 An l\u00e9acht\u00f3ir agus craolt\u00f3ir aitheanta, Aodh \u00d3 Coile\u00e1in, a sheolfaidh an aip go hoifigi\u00fail, ag 5.30pm D\u00e9ardaoin.<\/p>\n<p>Beidh r\u00e9imse leathan d\u2019\u00e1bhar \u00e1 chraoladh beo ar TG4 \u00f3 Oireachtas na Samhna ar\u00eds i mbliana. Beidh Nuacht TG4 ag teacht beo \u00f3 Chill Airne san o\u00edche D\u00e9ardaoin, D\u00e9 hAoine agus D\u00e9 Sathairn ag 7pm.\u00a0 Craolfar an cl\u00e1r siamsa\u00edochta \u2018L\u00e1r St\u00e1itse\u2019 ag 8pm ar an Aoine agus beidh an com\u00f3rtas damhsa ar an sean-n\u00f3s \u2018Steip\u2019 againn beo ar an Satharn \u00f3 1.30pm.<\/p>\n<p>Chomh maith leis sin, beidh cuid mhaith \u00e1bhar breise le f\u00e1il i mbliana ar ard\u00e1in ar l\u00edne TG4. Beidh na Gradaim Chumars\u00e1ide beo ar shu\u00edomh TG4 san o\u00edche D\u00e9 C\u00e9adaoin. Beidh teacht ar an su\u00edomh chomh maith ar an amhr\u00e1na\u00edocht sean-n\u00f3is mar a mbeidh Com\u00f3rtas na mBan, Com\u00f3rtas na bhFear agus Corn U\u00ed Riada \u00e1 gcraoladh beo. Beidh an com\u00f3rtas amhr\u00e1n nuachumtha do dhaoine \u00f3ga, \u2018Beo\u2019 againn ar an D\u00e9ardaoin chomh maith, mar aon leis na com\u00f3rtais agallamh beirte, l\u00faib\u00edn\u00ed, amhr\u00e1in saothair &amp; sceitse (daoine f\u00e1sta) D\u00e9ardaoin agus D\u00e9 hAoine.<\/p>\n<p>T\u00e1 f\u00e1il go h\u00e9asca ar na sonra\u00ed agus na craolta\u00ed seo ar fad ag <a href=\"https:\/\/dev.tg4.ie\/oireachtas\" target=\"_blank\" rel=\"noopener noreferrer\">www.tg4.ie\/oireachtas<\/a>.<\/p>\n<p>Tabharfar aitheantas faoi leith freisin do Sarah Ghriallais, amhr\u00e1na\u00ed aitheanta sean-n\u00f3is, mar a dtaispe\u00e1nfar den ch\u00e9ad uair cl\u00e1r nua leis an gcomhlacht l\u00e9iri\u00fach\u00e1in\u00a0 Aniar TV, faoina saol agus a saothar &#8211; \u2018S\u00e9 Mo Laoch \u2013 Sarah Ghriallais\u2019 &#8211; ag \u00f3c\u00e1id ag 5.00pm ar an Aoine.<\/p>\n<p>Seolfar sraith do dhaoine \u00f3ga maidin D\u00e9 Sathairn chomh maith, \u2018\u00c1r Sc\u00e9al\u2019, le Meangadh F\u00edb\u00edn, 52 cl\u00e1r eala\u00edne agus sc\u00e9ala\u00edochta agus beidh sin ar si\u00fal mar chuid de ch\u00f3isir C\u00fala4.<\/p>\n<p>\u00dadar br\u00f3id do TG4\u00a0 go bhfuil Gradam Saoil le bronnadh ar Iar-Leas-Cheannasa\u00ed an st\u00e1isi\u00fain, P\u00e1dhraic \u00d3 Ciardha ag na Gradaim Chumars\u00e1ide agus go bhfuil go bhfuil cl\u00e1ir, scann\u00e1in, l\u00e1ithreoir\u00ed, iriseoir\u00ed agus \u00e1bhar digiteach d\u00e1r gcuid ainmnithe do dhuaiseanna \u00e9ags\u00fala eile.<\/p>\n<p>Tabharfar l\u00e9argas i mbliana freisin ar shaibhreas chartlann TG4 mar a mbeidh taispe\u00e1ntas speisialta againn ag Aonach an Oireachtais agus treoir le f\u00e1il ann maidir leis na cl\u00e1ir, ceol, amhr\u00e1in agus \u00e1bhar oideachais eile at\u00e1 ar f\u00e1il tr\u00edd su\u00edomh gr\u00e9as\u00e1in TG4.<\/p>\n<p>T\u00e1 liosta de na h\u00f3c\u00e1id\u00ed ar fad a mbeidh baint ag TG4 leo ag Oireachtas na Samhna anseo:<\/p>\n<p>CL\u00c1IR DE CHUID TG4 A CHRAOLFAR AS OIREACHTAS NA SAMHNA 2018<\/p>\n<p><strong><u>D\u00e9 C\u00e9adaoin an 31 Deireadh F\u00f3mhair 2018\u00a0<\/u><\/strong><\/p>\n<ul>\n<li>Nuacht TG4\u00a0 (7.00pm) Teilif\u00eds<\/li>\n<li>An Cairp\u00e9ad Dearg\u00a0 (7.15pm) <a href=\"https:\/\/dev.tg4.ie\/oireachtas\" target=\"_blank\" rel=\"noopener noreferrer\">tg4.ie\/oireachtas<\/a><\/li>\n<li>Na Gradaim Chumars\u00e1ide\u00a0 (8.00pm) <a href=\"https:\/\/dev.tg4.ie\/oireachtas\" target=\"_blank\" rel=\"noopener noreferrer\">tg4.ie\/oireachtas<\/a><\/li>\n<\/ul>\n<p><strong><u>D\u00e9ardaoin an 1 Samhain 2018\u00a0<\/u><\/strong><\/p>\n<ul>\n<li>Com\u00f3rtais Sceitse\/Agallamh Beirte\u00a0 (2pm) <a href=\"https:\/\/dev.tg4.ie\/oireachtas\" target=\"_blank\" rel=\"noopener noreferrer\">tg4.ie\/oireachtas<\/a><\/li>\n<li>Nuacht TG4\u00a0 (7pm) Teilif\u00eds<\/li>\n<li>Sean-N\u00f3s na mBan\u00a0 (7pm) <a href=\"https:\/\/dev.tg4.ie\/oireachtas\" target=\"_blank\" rel=\"noopener noreferrer\">tg4.ie\/oireachtas<\/a><\/li>\n<li>Com\u00f3rtas Beo\u00a0 (8pm) <a href=\"https:\/\/dev.tg4.ie\/oireachtas\" target=\"_blank\" rel=\"noopener noreferrer\">tg4.ie\/oireachtas<\/a><\/li>\n<\/ul>\n<p><strong><u>D\u00e9 hAoine an 2 Samhain 2018\u00a0<\/u><\/strong><\/p>\n<ul>\n<li>L\u00faib\u00edn\u00ed \/ Amhr\u00e1in Saothair\u00a0 (2pm) <a href=\"https:\/\/dev.tg4.ie\/oireachtas\" target=\"_blank\" rel=\"noopener noreferrer\">tg4.ie\/oireachtas<\/a><\/li>\n<li>Nuacht TG4\u00a0 (7pm) Teilif\u00eds<\/li>\n<li>Sean-N\u00f3s na bhFear\u202f\u00a0 (7pm) <a href=\"https:\/\/dev.tg4.ie\/oireachtas\" target=\"_blank\" rel=\"noopener noreferrer\">tg4.ie\/oireachtas<\/a><\/li>\n<li>L\u00e1r St\u00e1itse\u00a0 (8pm) Teilif\u00eds<\/li>\n<\/ul>\n<p><strong><u>D\u00e9 Sathairn an 3 Samhain 2018\u00a0<\/u><\/strong><\/p>\n<ul>\n<li>Steip\u00a0 (1.30pm) Teilif\u00eds<\/li>\n<li>Corn U\u00ed Riada\u00a0 (7pm) <a href=\"https:\/\/dev.tg4.ie\/oireachtas\" target=\"_blank\" rel=\"noopener noreferrer\">tg4.ie\/oireachtas<\/a><\/li>\n<\/ul>\n<p><strong><u>Imeachta\u00ed Eile TG4 ag Oireachtas na Samhna 2018\u00a0<\/u><\/strong><\/p>\n<p><strong>D\u00e9ardaoin an 1 Samhain 2017\u00a0<\/strong><\/p>\n<ul>\n<li>Seoladh Aip Molsc\u00e9al\u00a0 (5.30pm) Ballroom, \u00d3st\u00e1n Gleneagle<\/li>\n<\/ul>\n<p><strong>D\u00e9 hAoine an 2 Samhain 2017\u00a0<\/strong><\/p>\n<ul>\n<li>Seoladh \u2018S\u00e9 Mo Laoch\u00a0 (5.00pm) Amharclann an Oireachtais<\/li>\n<\/ul>\n<p><strong>D\u00e9 Sathairn an 4 Samhain 2017\u00a0<\/strong><\/p>\n<ul>\n<li>C\u00f3isir C\u00fala4\u00a0 (11am)\u00a0 Seomra Mangerton, Gleneagle<\/li>\n<\/ul>\n","protected":false},"excerpt":{"rendered":"<p>Is \u00ed aip MOLSC\u00c9AL an ch\u00e9ad aip ina gcuirtear gearrfh\u00edse\u00e1in Ghaeilge ar f\u00e1il do phobal na Gaeilge ar l\u00edne in aon \u00e1it amh\u00e1in. Is sc\u00e9alta f\u00edse, pobalbhunaithe iad arna gcruth\u00fa ag pain\u00e9al de sc\u00e9alaithe f\u00edse. T\u00e1 \u00e1bhar siamsa\u00edochta, nuachta, cartlainne agus sp\u00f3irt ar f\u00e1il ar MOLSC\u00c9AL.\u00a0 An l\u00e9acht\u00f3ir agus craolt\u00f3ir aitheanta, Aodh \u00d3 Coile\u00e1in, a [&hellip;]<\/p>\n","protected":false},"author":876,"featured_media":94539,"parent":72849,"menu_order":46,"comment_status":"closed","ping_status":"closed","template":"page-templates\/template-pr.php","meta":{"_acf_changed":false,"footnotes":""},"acf":[],"yoast_head":"<!-- This site is optimized with the Yoast SEO plugin v22.6 - https:\/\/yoast.com\/wordpress\/plugins\/seo\/ -->\n<title>TG4 i L\u00e1r an Aonaigh ag Oireachtas na Samhna - TG4<\/title>\n<meta name=\"robots\" content=\"index, follow, max-snippet:-1, max-image-preview:large, max-video-preview:-1\" \/>\n<meta property=\"og:locale\" content=\"en_US\" \/>\n<meta property=\"og:type\" content=\"article\" \/>\n<meta property=\"og:title\" content=\"TG4 i L\u00e1r an Aonaigh ag Oireachtas na Samhna - TG4\" \/>\n<meta property=\"og:description\" content=\"Is \u00ed aip MOLSC\u00c9AL an ch\u00e9ad aip ina gcuirtear gearrfh\u00edse\u00e1in Ghaeilge ar f\u00e1il do phobal na Gaeilge ar l\u00edne in aon \u00e1it amh\u00e1in. Is sc\u00e9alta f\u00edse, pobalbhunaithe iad arna gcruth\u00fa ag pain\u00e9al de sc\u00e9alaithe f\u00edse. T\u00e1 \u00e1bhar siamsa\u00edochta, nuachta, cartlainne agus sp\u00f3irt ar f\u00e1il ar MOLSC\u00c9AL.\u00a0 An l\u00e9acht\u00f3ir agus craolt\u00f3ir aitheanta, Aodh \u00d3 Coile\u00e1in, a [&hellip;]\" \/>\n<meta property=\"og:url\" content=\"https:\/\/dev.tg4.ie\/ga\/eolas\/preas\/nuacht-raitis\/2018-2\/tg4-i-lar-an-aonaigh-ag-oireachtas-na-samhna\/\" \/>\n<meta property=\"og:site_name\" content=\"TG4\" \/>\n<meta property=\"article:publisher\" content=\"https:\/\/www.facebook.com\/TG4TV\" \/>\n<meta property=\"article:modified_time\" content=\"2019-07-01T11:25:22+00:00\" \/>\n<meta property=\"og:image\" content=\"https:\/\/tg4-docs.s3.amazonaws.com\/tg4-redesign-2015\/wp-content\/uploads\/2018\/10\/Buaiteoir_CuR_2017.jpg\" \/>\n\t<meta property=\"og:image:width\" content=\"1920\" \/>\n\t<meta property=\"og:image:height\" content=\"1080\" \/>\n\t<meta property=\"og:image:type\" content=\"image\/jpeg\" \/>\n<meta name=\"twitter:card\" content=\"summary_large_image\" \/>\n<meta name=\"twitter:site\" content=\"@TG4TV\" \/>\n<meta name=\"twitter:label1\" content=\"Est. reading time\" \/>\n\t<meta name=\"twitter:data1\" content=\"3 minutes\" \/>\n<script type=\"application\/ld+json\" class=\"yoast-schema-graph\">{\"@context\":\"https:\/\/schema.org\",\"@graph\":[{\"@type\":\"WebPage\",\"@id\":\"https:\/\/dev.tg4.ie\/ga\/eolas\/preas\/nuacht-raitis\/2018-2\/tg4-i-lar-an-aonaigh-ag-oireachtas-na-samhna\/\",\"url\":\"https:\/\/dev.tg4.ie\/ga\/eolas\/preas\/nuacht-raitis\/2018-2\/tg4-i-lar-an-aonaigh-ag-oireachtas-na-samhna\/\",\"name\":\"TG4 i L\u00e1r an Aonaigh ag Oireachtas na Samhna - TG4\",\"isPartOf\":{\"@id\":\"https:\/\/dev.tg4.ie\/en\/#website\"},\"primaryImageOfPage\":{\"@id\":\"https:\/\/dev.tg4.ie\/ga\/eolas\/preas\/nuacht-raitis\/2018-2\/tg4-i-lar-an-aonaigh-ag-oireachtas-na-samhna\/#primaryimage\"},\"image\":{\"@id\":\"https:\/\/dev.tg4.ie\/ga\/eolas\/preas\/nuacht-raitis\/2018-2\/tg4-i-lar-an-aonaigh-ag-oireachtas-na-samhna\/#primaryimage\"},\"thumbnailUrl\":\"https:\/\/tg4-docs.s3.amazonaws.com\/tg4-redesign-2015\/wp-content\/uploads\/2018\/10\/Buaiteoir_CuR_2017.jpg\",\"datePublished\":\"2018-11-01T11:14:57+00:00\",\"dateModified\":\"2019-07-01T11:25:22+00:00\",\"breadcrumb\":{\"@id\":\"https:\/\/dev.tg4.ie\/ga\/eolas\/preas\/nuacht-raitis\/2018-2\/tg4-i-lar-an-aonaigh-ag-oireachtas-na-samhna\/#breadcrumb\"},\"inLanguage\":\"ga\",\"potentialAction\":[{\"@type\":\"ReadAction\",\"target\":[\"https:\/\/dev.tg4.ie\/ga\/eolas\/preas\/nuacht-raitis\/2018-2\/tg4-i-lar-an-aonaigh-ag-oireachtas-na-samhna\/\"]}]},{\"@type\":\"ImageObject\",\"inLanguage\":\"ga\",\"@id\":\"https:\/\/dev.tg4.ie\/ga\/eolas\/preas\/nuacht-raitis\/2018-2\/tg4-i-lar-an-aonaigh-ag-oireachtas-na-samhna\/#primaryimage\",\"url\":\"https:\/\/tg4-docs.s3.amazonaws.com\/tg4-redesign-2015\/wp-content\/uploads\/2018\/10\/Buaiteoir_CuR_2017.jpg\",\"contentUrl\":\"https:\/\/tg4-docs.s3.amazonaws.com\/tg4-redesign-2015\/wp-content\/uploads\/2018\/10\/Buaiteoir_CuR_2017.jpg\",\"width\":1920,\"height\":1080},{\"@type\":\"BreadcrumbList\",\"@id\":\"https:\/\/dev.tg4.ie\/ga\/eolas\/preas\/nuacht-raitis\/2018-2\/tg4-i-lar-an-aonaigh-ag-oireachtas-na-samhna\/#breadcrumb\",\"itemListElement\":[{\"@type\":\"ListItem\",\"position\":1,\"name\":\"Home\",\"item\":\"https:\/\/dev.tg4.ie\/ga\/\"},{\"@type\":\"ListItem\",\"position\":2,\"name\":\"Eolas\",\"item\":\"https:\/\/dev.tg4.ie\/ga\/eolas\/\"},{\"@type\":\"ListItem\",\"position\":3,\"name\":\"Preas\",\"item\":\"https:\/\/dev.tg4.ie\/ga\/eolas\/preas\/\"},{\"@type\":\"ListItem\",\"position\":4,\"name\":\"Nuacht R\u00e1itis\",\"item\":\"https:\/\/dev.tg4.ie\/ga\/eolas\/preas\/nuacht-raitis\/\"},{\"@type\":\"ListItem\",\"position\":5,\"name\":\"2018\",\"item\":\"https:\/\/dev.tg4.ie\/ga\/eolas\/preas\/nuacht-raitis\/2018-2\/\"},{\"@type\":\"ListItem\",\"position\":6,\"name\":\"TG4 i L\u00e1r an Aonaigh ag Oireachtas na Samhna\"}]},{\"@type\":\"WebSite\",\"@id\":\"https:\/\/dev.tg4.ie\/en\/#website\",\"url\":\"https:\/\/dev.tg4.ie\/en\/\",\"name\":\"TG4\",\"description\":\"S\u00fail Eile\",\"potentialAction\":[{\"@type\":\"SearchAction\",\"target\":{\"@type\":\"EntryPoint\",\"urlTemplate\":\"https:\/\/dev.tg4.ie\/en\/?s={search_term_string}\"},\"query-input\":\"required name=search_term_string\"}],\"inLanguage\":\"ga\"}]}<\/script>\n<!-- \/ Yoast SEO plugin. -->","yoast_head_json":{"title":"TG4 i L\u00e1r an Aonaigh ag Oireachtas na Samhna - TG4","robots":{"index":"index","follow":"follow","max-snippet":"max-snippet:-1","max-image-preview":"max-image-preview:large","max-video-preview":"max-video-preview:-1"},"og_locale":"en_US","og_type":"article","og_title":"TG4 i L\u00e1r an Aonaigh ag Oireachtas na Samhna - TG4","og_description":"Is \u00ed aip MOLSC\u00c9AL an ch\u00e9ad aip ina gcuirtear gearrfh\u00edse\u00e1in Ghaeilge ar f\u00e1il do phobal na Gaeilge ar l\u00edne in aon \u00e1it amh\u00e1in. Is sc\u00e9alta f\u00edse, pobalbhunaithe iad arna gcruth\u00fa ag pain\u00e9al de sc\u00e9alaithe f\u00edse. T\u00e1 \u00e1bhar siamsa\u00edochta, nuachta, cartlainne agus sp\u00f3irt ar f\u00e1il ar MOLSC\u00c9AL.\u00a0 An l\u00e9acht\u00f3ir agus craolt\u00f3ir aitheanta, Aodh \u00d3 Coile\u00e1in, a [&hellip;]","og_url":"https:\/\/dev.tg4.ie\/ga\/eolas\/preas\/nuacht-raitis\/2018-2\/tg4-i-lar-an-aonaigh-ag-oireachtas-na-samhna\/","og_site_name":"TG4","article_publisher":"https:\/\/www.facebook.com\/TG4TV","article_modified_time":"2019-07-01T11:25:22+00:00","og_image":[{"width":1920,"height":1080,"url":"https:\/\/tg4-docs.s3.amazonaws.com\/tg4-redesign-2015\/wp-content\/uploads\/2018\/10\/Buaiteoir_CuR_2017.jpg","type":"image\/jpeg"}],"twitter_card":"summary_large_image","twitter_site":"@TG4TV","twitter_misc":{"Est. reading time":"3 minutes"},"schema":{"@context":"https:\/\/schema.org","@graph":[{"@type":"WebPage","@id":"https:\/\/dev.tg4.ie\/ga\/eolas\/preas\/nuacht-raitis\/2018-2\/tg4-i-lar-an-aonaigh-ag-oireachtas-na-samhna\/","url":"https:\/\/dev.tg4.ie\/ga\/eolas\/preas\/nuacht-raitis\/2018-2\/tg4-i-lar-an-aonaigh-ag-oireachtas-na-samhna\/","name":"TG4 i L\u00e1r an Aonaigh ag Oireachtas na Samhna - TG4","isPartOf":{"@id":"https:\/\/dev.tg4.ie\/en\/#website"},"primaryImageOfPage":{"@id":"https:\/\/dev.tg4.ie\/ga\/eolas\/preas\/nuacht-raitis\/2018-2\/tg4-i-lar-an-aonaigh-ag-oireachtas-na-samhna\/#primaryimage"},"image":{"@id":"https:\/\/dev.tg4.ie\/ga\/eolas\/preas\/nuacht-raitis\/2018-2\/tg4-i-lar-an-aonaigh-ag-oireachtas-na-samhna\/#primaryimage"},"thumbnailUrl":"https:\/\/tg4-docs.s3.amazonaws.com\/tg4-redesign-2015\/wp-content\/uploads\/2018\/10\/Buaiteoir_CuR_2017.jpg","datePublished":"2018-11-01T11:14:57+00:00","dateModified":"2019-07-01T11:25:22+00:00","breadcrumb":{"@id":"https:\/\/dev.tg4.ie\/ga\/eolas\/preas\/nuacht-raitis\/2018-2\/tg4-i-lar-an-aonaigh-ag-oireachtas-na-samhna\/#breadcrumb"},"inLanguage":"ga","potentialAction":[{"@type":"ReadAction","target":["https:\/\/dev.tg4.ie\/ga\/eolas\/preas\/nuacht-raitis\/2018-2\/tg4-i-lar-an-aonaigh-ag-oireachtas-na-samhna\/"]}]},{"@type":"ImageObject","inLanguage":"ga","@id":"https:\/\/dev.tg4.ie\/ga\/eolas\/preas\/nuacht-raitis\/2018-2\/tg4-i-lar-an-aonaigh-ag-oireachtas-na-samhna\/#primaryimage","url":"https:\/\/tg4-docs.s3.amazonaws.com\/tg4-redesign-2015\/wp-content\/uploads\/2018\/10\/Buaiteoir_CuR_2017.jpg","contentUrl":"https:\/\/tg4-docs.s3.amazonaws.com\/tg4-redesign-2015\/wp-content\/uploads\/2018\/10\/Buaiteoir_CuR_2017.jpg","width":1920,"height":1080},{"@type":"BreadcrumbList","@id":"https:\/\/dev.tg4.ie\/ga\/eolas\/preas\/nuacht-raitis\/2018-2\/tg4-i-lar-an-aonaigh-ag-oireachtas-na-samhna\/#breadcrumb","itemListElement":[{"@type":"ListItem","position":1,"name":"Home","item":"https:\/\/dev.tg4.ie\/ga\/"},{"@type":"ListItem","position":2,"name":"Eolas","item":"https:\/\/dev.tg4.ie\/ga\/eolas\/"},{"@type":"ListItem","position":3,"name":"Preas","item":"https:\/\/dev.tg4.ie\/ga\/eolas\/preas\/"},{"@type":"ListItem","position":4,"name":"Nuacht R\u00e1itis","item":"https:\/\/dev.tg4.ie\/ga\/eolas\/preas\/nuacht-raitis\/"},{"@type":"ListItem","position":5,"name":"2018","item":"https:\/\/dev.tg4.ie\/ga\/eolas\/preas\/nuacht-raitis\/2018-2\/"},{"@type":"ListItem","position":6,"name":"TG4 i L\u00e1r an Aonaigh ag Oireachtas na Samhna"}]},{"@type":"WebSite","@id":"https:\/\/dev.tg4.ie\/en\/#website","url":"https:\/\/dev.tg4.ie\/en\/","name":"TG4","description":"S\u00fail Eile","potentialAction":[{"@type":"SearchAction","target":{"@type":"EntryPoint","urlTemplate":"https:\/\/dev.tg4.ie\/en\/?s={search_term_string}"},"query-input":"required name=search_term_string"}],"inLanguage":"ga"}]}},"_links":{"self":[{"href":"https:\/\/dev.tg4.ie\/ga\/wp-json\/wp\/v2\/pages\/95336"}],"collection":[{"href":"https:\/\/dev.tg4.ie\/ga\/wp-json\/wp\/v2\/pages"}],"about":[{"href":"https:\/\/dev.tg4.ie\/ga\/wp-json\/wp\/v2\/types\/page"}],"author":[{"embeddable":true,"href":"https:\/\/dev.tg4.ie\/ga\/wp-json\/wp\/v2\/users\/876"}],"replies":[{"embeddable":true,"href":"https:\/\/dev.tg4.ie\/ga\/wp-json\/wp\/v2\/comments?post=95336"}],"version-history":[{"count":0,"href":"https:\/\/dev.tg4.ie\/ga\/wp-json\/wp\/v2\/pages\/95336\/revisions"}],"up":[{"embeddable":true,"href":"https:\/\/dev.tg4.ie\/ga\/wp-json\/wp\/v2\/pages\/72849"}],"wp:featuredmedia":[{"embeddable":true,"href":"https:\/\/dev.tg4.ie\/ga\/wp-json\/wp\/v2\/media\/94539"}],"wp:attachment":[{"href":"https:\/\/dev.tg4.ie\/ga\/wp-json\/wp\/v2\/media?parent=95336"}],"curies":[{"name":"wp","href":"https:\/\/api.w.org\/{rel}","templated":true}]}}