{"id":95761,"date":"2018-11-08T10:19:11","date_gmt":"2018-11-08T10:19:11","guid":{"rendered":"https:\/\/dev.tg4.ie\/?page_id=95761"},"modified":"2019-07-01T12:46:26","modified_gmt":"2019-07-01T11:46:26","slug":"buaic-ghradam-ceoil-thraidisiunta-le-bronnadh-ar-an-bhfliuiteadoir-catherine-mcevoy","status":"publish","type":"page","link":"https:\/\/dev.tg4.ie\/ga\/eolas\/preas\/nuacht-raitis\/2018-2\/buaic-ghradam-ceoil-thraidisiunta-le-bronnadh-ar-an-bhfliuiteadoir-catherine-mcevoy\/","title":{"rendered":"Buaic-Ghradam Ceoil Thraidisi\u00fanta le Bronnadh ar an bhFli\u00faitead\u00f3ir Catherine McEvoy"},"content":{"rendered":"<p>\u00c1ireofar an s\u00e1rsheinnteoir fli\u00faite ceolchoirme, de thraidisi\u00fan Shligigh-Ros Com\u00e1in, i measc mh\u00f3ruaisle an cheoil thraidisi\u00fanta &#8211; Matt Molloy, Liam O\u2019Flynn, M\u00e1irt\u00edn O\u2019Connor, Frankie Gavin agus Mair\u00e9ad N\u00ed Mhaonaigh agus eile &#8211; a bhfuil an m\u00f3rghradam seo sa cheol traidisi\u00fanta bronnta orthu le dh\u00e1 bhliain is fiche anuas, \u00f3 buna\u00edodh an gradam.<\/p>\n<p>Ceannr\u00f3da\u00ed ceoil is ea Catherine McEvoy, a bhfuil seasamh faoi leith aici sa traidisi\u00fan.\u00a0 Is l\u00e9ir sin \u00f3na saothar suntasach, idir thaifeadta\u00ed ar CD agus ar raidi\u00f3, m\u00edreanna teilif\u00edse, blianta teagaisc agus taispe\u00e1ntais st\u00e1itse.<\/p>\n<p>Is ar an mboscad\u00f3ir <strong>Conor Connolly <\/strong>as deisceart na Gaillimhe a bhronnfar gradam <strong>Ceolt\u00f3ir \u00d3g na Bliana<\/strong>. Boscad\u00f3ir agus amhr\u00e1na\u00ed \u00e9 Conor a bhfuil a chuid ceoil agus amhr\u00e1n fr\u00e9amhaithe ina chontae d\u00fachais \u2013 agus leith\u00e9id Joe Cooley, Charlie Harris agus P.J. Conlon, chomh maith le Tony Mac Mahon ina eiseaml\u00e1ir\u00ed aige.<\/p>\n<p>F\u00f3gra\u00edodh buaiteoir\u00ed uile ghradaim na bliana seo beo ar <strong>Nuacht TG4<\/strong> tr\u00e1thn\u00f3na inniu, ag \u00f3c\u00e1id in Ionad Eala\u00edon Duncairn, i mB\u00e9al Feirste.<\/p>\n<p>Seo a leanas liosta ioml\u00e1n d\u2019fhaighteoir\u00ed <strong>Gradam Ceoil TG4 2019<\/strong>:<\/p>\n<ul>\n<li><strong>Ceolt\u00f3ir na Bliana<\/strong>: Catherine McEvoy<\/li>\n<li><strong>Ceolt\u00f3ir \u00d3g na Bliana<\/strong>: Conor Connolly<\/li>\n<li><strong>Gradam Saoil<\/strong>: Nicky &amp; Anne McAuliffe<\/li>\n<li><strong>Amhr\u00e1na\u00ed na Bliana<\/strong>: Thomas McCarthy<\/li>\n<li><strong>Gradam Comaoine<\/strong>: Brendan Mulkere<\/li>\n<li><strong>Gradam Comharcheoil: <\/strong>Tr\u00edona N\u00ed Dhomhnaill<\/li>\n<\/ul>\n<p>Is \u00e9<strong> Gradam Ceoil TG4<\/strong>\u00a0 an gradam ceoil thraidisi\u00fanta is t\u00e1bhachta\u00ed ann, gradam a bhronntar uair gach bliain. Pain\u00e9al molt\u00f3ir\u00ed neamhsple\u00e1cha a roghna\u00edonn na faighteoir\u00ed gach bliain. N\u00ed com\u00f3rtas \u00e9. Bronntar p\u00edosa speisialta dealbh\u00f3ireachta \u00f3n dealbh\u00f3ir cl\u00faiteach, John Coll, mar aon le s\u00ednti\u00fas beag, ar na faighteoir\u00ed.<\/p>\n<p>Bronnfar <strong>Gradam Ceoil TG4<\/strong> <strong>2019<\/strong> ag m\u00f3rcheolchoirm i Halla an Waterfront, B\u00e9al Feirste, an Domhnach an 17 Feabhra. Is iad <strong>Doireann Glackin<\/strong> agus <strong>D\u00f3nal O\u2019Connor<\/strong> a chuirfidh an coirm cheoil, a chraolfar beo i l\u00e1thair, \u00e1it a mbeidh cairde agus a\u00edonna speisialta eile ceoil ar st\u00e1itse in \u00e9ineacht le lucht na ngradam agus pl\u00far na n-oirfideach agus r\u00e9alta\u00ed m\u00f3ra eile ann leo, leis an \u00f3c\u00e1id a chom\u00f3radh agus na gradaim \u00e1 mbronnadh.<\/p>\n<p>Deir <strong>Ard Sti\u00farth\u00f3ir TG4<\/strong>, <strong>Alan Esslemont<\/strong>:<\/p>\n<p><em>\u201cIs cinnte gurb \u00e9 Gradam Ceoil ceann de na beartais is t\u00e1bhachta\u00ed ar thug TG4 faoi \u00f3 buna\u00edodh an st\u00e1isi\u00fan i 1996. Ba mhaith liom tr\u00e9asl\u00fa le buaiteoir\u00ed ar fad na ngradam. Is iad cuisle \u00e1r n-oidhreacht cheoil iad agus t\u00e1 muid thar a bheith br\u00f3d\u00fail as a gcuid \u00e9achta\u00ed iontacha. T\u00e1 r\u00edm\u00e9ad orainn chomh maith a bheith ag t\u00f3g\u00e1il ar an gcomhph\u00e1irt\u00edocht iontach rath\u00fail leis an gCiste Craolt\u00f3ireachta Gaeilge agus le Comhairle Cathrach Bh\u00e9al Feirste, at\u00e1 ag dul \u00f3 neart go neart gach bliain\u201d.<\/em><\/p>\n<p>Deir<strong> \u00c1ine Walsh, <\/strong>ceannasa\u00ed an <strong>Chiste Craolt\u00f3ireachta Gaeilge <\/strong>ag<strong> Northern Ireland Screen<\/strong>:<\/p>\n<p><em>\u201cT\u00e1 muid iontach s\u00e1sta go bhfuil Gradam Ceoil \u00e1 chraoladh ar\u00eds beo \u00f3 Bh\u00e9al Feirste in 2019.\u00a0 Chomh maith le haitheantas a thabhairt do bhuaiteoir\u00ed an Ghradaim, is ceili\u00faradh iontach \u00e9 ar oidhreacht leathan cheoil agus ar thallann an Tuaiscirt, ceili\u00faradh a bheidh le feice\u00e1il ag lucht f\u00e9achana ar fud an domhain\u201d.<\/em><\/p>\n<p>D\u00fairt <strong>Leas-Ard-Mh\u00e9ara Bh\u00e9al Feirste, <\/strong>an Comhairleoir <strong>Emmet McDonough-Brown <\/strong>a bh\u00ed ag \u00f3c\u00e1id na ho\u00edche anocht:<\/p>\n<p><em>\u201cIs m\u00f3r an on\u00f3ir don Waterfront i mB\u00e9al Feirste gur ann a bheidh Gradam Ceoil TG4 ar\u00eds i mbliana, an dara bliain as a ch\u00e9ile. T\u00e1im cinnte gur eiseaml\u00e1ir a bheidh san o\u00edche agus go mbeidh s\u00ed ar cheann d\u2019\u00f3c\u00e1id\u00ed m\u00f3ra na cathrach agus go dtabharfar ard\u00e1n don tallann iontach at\u00e1 ag teacht an\u00edos anseo ar leac an dorais againn. Comhghairdeas \u00f3 chro\u00ed le lucht faighte na ngradam ar fad\u00a0agus t\u00e1im ag s\u00fail le ho\u00edche den ch\u00e9ad scoth i m\u00ed Feabhra seo chugainn\u201d.<\/em><\/p>\n<p>T\u00e1 tic\u00e9id ar f\u00e1il le ceannach do bhronnadh <strong>Ghradam Ceoil TG4 2019<\/strong> ar chostas \u00a322.50 agus n\u00edos airde ag\u00a0<span><a href=\"http:\/\/www.waterfront.co.uk\/\" target=\"_blank\" rel=\"noopener noreferrer\">www.waterfront.co.uk<\/a><\/span>\u00a0 n\u00f3 +44(0)2890 334455.<\/p>\n<p>T\u00e1 eolas breise le f\u00e1il ag <a href=\"http:\/\/www.gradam.ie\" target=\"_blank\" rel=\"noopener noreferrer\">www.gradam.ie<\/a>, n\u00f3 ar Facebook agus Twitter @GradamCeoil \u00a0#GCTG4<\/p>\n","protected":false},"excerpt":{"rendered":"<p>\u00c1ireofar an s\u00e1rsheinnteoir fli\u00faite ceolchoirme, de thraidisi\u00fan Shligigh-Ros Com\u00e1in, i measc mh\u00f3ruaisle an cheoil thraidisi\u00fanta &#8211; Matt Molloy, Liam O\u2019Flynn, M\u00e1irt\u00edn O\u2019Connor, Frankie Gavin agus Mair\u00e9ad N\u00ed Mhaonaigh agus eile &#8211; a bhfuil an m\u00f3rghradam seo sa cheol traidisi\u00fanta bronnta orthu le dh\u00e1 bhliain is fiche anuas, \u00f3 buna\u00edodh an gradam. Ceannr\u00f3da\u00ed ceoil is ea [&hellip;]<\/p>\n","protected":false},"author":876,"featured_media":95649,"parent":72849,"menu_order":47,"comment_status":"closed","ping_status":"closed","template":"page-templates\/template-pr.php","meta":{"_acf_changed":false,"footnotes":""},"acf":[],"yoast_head":"<!-- This site is optimized with the Yoast SEO plugin v22.6 - https:\/\/yoast.com\/wordpress\/plugins\/seo\/ -->\n<title>Buaic-Ghradam Ceoil Thraidisi\u00fanta le Bronnadh ar an bhFli\u00faitead\u00f3ir Catherine McEvoy - TG4<\/title>\n<meta name=\"robots\" content=\"index, follow, max-snippet:-1, max-image-preview:large, max-video-preview:-1\" \/>\n<meta property=\"og:locale\" content=\"en_US\" \/>\n<meta property=\"og:type\" content=\"article\" \/>\n<meta property=\"og:title\" content=\"Buaic-Ghradam Ceoil Thraidisi\u00fanta le Bronnadh ar an bhFli\u00faitead\u00f3ir Catherine McEvoy - TG4\" \/>\n<meta property=\"og:description\" content=\"\u00c1ireofar an s\u00e1rsheinnteoir fli\u00faite ceolchoirme, de thraidisi\u00fan Shligigh-Ros Com\u00e1in, i measc mh\u00f3ruaisle an cheoil thraidisi\u00fanta &#8211; Matt Molloy, Liam O\u2019Flynn, M\u00e1irt\u00edn O\u2019Connor, Frankie Gavin agus Mair\u00e9ad N\u00ed Mhaonaigh agus eile &#8211; a bhfuil an m\u00f3rghradam seo sa cheol traidisi\u00fanta bronnta orthu le dh\u00e1 bhliain is fiche anuas, \u00f3 buna\u00edodh an gradam. Ceannr\u00f3da\u00ed ceoil is ea [&hellip;]\" \/>\n<meta property=\"og:url\" content=\"https:\/\/dev.tg4.ie\/ga\/eolas\/preas\/nuacht-raitis\/2018-2\/buaic-ghradam-ceoil-thraidisiunta-le-bronnadh-ar-an-bhfliuiteadoir-catherine-mcevoy\/\" \/>\n<meta property=\"og:site_name\" content=\"TG4\" \/>\n<meta property=\"article:publisher\" content=\"https:\/\/www.facebook.com\/TG4TV\" \/>\n<meta property=\"article:modified_time\" content=\"2019-07-01T11:46:26+00:00\" \/>\n<meta property=\"og:image\" content=\"https:\/\/tg4-docs.s3.amazonaws.com\/tg4-redesign-2015\/wp-content\/uploads\/2018\/11\/Gradam-Ceoil-2019-1.jpg\" \/>\n\t<meta property=\"og:image:width\" content=\"1920\" \/>\n\t<meta property=\"og:image:height\" content=\"1080\" \/>\n\t<meta property=\"og:image:type\" content=\"image\/jpeg\" \/>\n<meta name=\"twitter:card\" content=\"summary_large_image\" \/>\n<meta name=\"twitter:site\" content=\"@TG4TV\" \/>\n<meta name=\"twitter:label1\" content=\"Est. reading time\" \/>\n\t<meta name=\"twitter:data1\" content=\"4 minutes\" \/>\n<script type=\"application\/ld+json\" class=\"yoast-schema-graph\">{\"@context\":\"https:\/\/schema.org\",\"@graph\":[{\"@type\":\"WebPage\",\"@id\":\"https:\/\/dev.tg4.ie\/ga\/eolas\/preas\/nuacht-raitis\/2018-2\/buaic-ghradam-ceoil-thraidisiunta-le-bronnadh-ar-an-bhfliuiteadoir-catherine-mcevoy\/\",\"url\":\"https:\/\/dev.tg4.ie\/ga\/eolas\/preas\/nuacht-raitis\/2018-2\/buaic-ghradam-ceoil-thraidisiunta-le-bronnadh-ar-an-bhfliuiteadoir-catherine-mcevoy\/\",\"name\":\"Buaic-Ghradam Ceoil Thraidisi\u00fanta le Bronnadh ar an bhFli\u00faitead\u00f3ir Catherine McEvoy - TG4\",\"isPartOf\":{\"@id\":\"https:\/\/dev.tg4.ie\/en\/#website\"},\"primaryImageOfPage\":{\"@id\":\"https:\/\/dev.tg4.ie\/ga\/eolas\/preas\/nuacht-raitis\/2018-2\/buaic-ghradam-ceoil-thraidisiunta-le-bronnadh-ar-an-bhfliuiteadoir-catherine-mcevoy\/#primaryimage\"},\"image\":{\"@id\":\"https:\/\/dev.tg4.ie\/ga\/eolas\/preas\/nuacht-raitis\/2018-2\/buaic-ghradam-ceoil-thraidisiunta-le-bronnadh-ar-an-bhfliuiteadoir-catherine-mcevoy\/#primaryimage\"},\"thumbnailUrl\":\"https:\/\/tg4-docs.s3.amazonaws.com\/tg4-redesign-2015\/wp-content\/uploads\/2018\/11\/Gradam-Ceoil-2019-1.jpg\",\"datePublished\":\"2018-11-08T10:19:11+00:00\",\"dateModified\":\"2019-07-01T11:46:26+00:00\",\"breadcrumb\":{\"@id\":\"https:\/\/dev.tg4.ie\/ga\/eolas\/preas\/nuacht-raitis\/2018-2\/buaic-ghradam-ceoil-thraidisiunta-le-bronnadh-ar-an-bhfliuiteadoir-catherine-mcevoy\/#breadcrumb\"},\"inLanguage\":\"ga\",\"potentialAction\":[{\"@type\":\"ReadAction\",\"target\":[\"https:\/\/dev.tg4.ie\/ga\/eolas\/preas\/nuacht-raitis\/2018-2\/buaic-ghradam-ceoil-thraidisiunta-le-bronnadh-ar-an-bhfliuiteadoir-catherine-mcevoy\/\"]}]},{\"@type\":\"ImageObject\",\"inLanguage\":\"ga\",\"@id\":\"https:\/\/dev.tg4.ie\/ga\/eolas\/preas\/nuacht-raitis\/2018-2\/buaic-ghradam-ceoil-thraidisiunta-le-bronnadh-ar-an-bhfliuiteadoir-catherine-mcevoy\/#primaryimage\",\"url\":\"https:\/\/tg4-docs.s3.amazonaws.com\/tg4-redesign-2015\/wp-content\/uploads\/2018\/11\/Gradam-Ceoil-2019-1.jpg\",\"contentUrl\":\"https:\/\/tg4-docs.s3.amazonaws.com\/tg4-redesign-2015\/wp-content\/uploads\/2018\/11\/Gradam-Ceoil-2019-1.jpg\",\"width\":1920,\"height\":1080},{\"@type\":\"BreadcrumbList\",\"@id\":\"https:\/\/dev.tg4.ie\/ga\/eolas\/preas\/nuacht-raitis\/2018-2\/buaic-ghradam-ceoil-thraidisiunta-le-bronnadh-ar-an-bhfliuiteadoir-catherine-mcevoy\/#breadcrumb\",\"itemListElement\":[{\"@type\":\"ListItem\",\"position\":1,\"name\":\"Home\",\"item\":\"https:\/\/dev.tg4.ie\/ga\/\"},{\"@type\":\"ListItem\",\"position\":2,\"name\":\"Eolas\",\"item\":\"https:\/\/dev.tg4.ie\/ga\/eolas\/\"},{\"@type\":\"ListItem\",\"position\":3,\"name\":\"Preas\",\"item\":\"https:\/\/dev.tg4.ie\/ga\/eolas\/preas\/\"},{\"@type\":\"ListItem\",\"position\":4,\"name\":\"Nuacht R\u00e1itis\",\"item\":\"https:\/\/dev.tg4.ie\/ga\/eolas\/preas\/nuacht-raitis\/\"},{\"@type\":\"ListItem\",\"position\":5,\"name\":\"2018\",\"item\":\"https:\/\/dev.tg4.ie\/ga\/eolas\/preas\/nuacht-raitis\/2018-2\/\"},{\"@type\":\"ListItem\",\"position\":6,\"name\":\"Buaic-Ghradam Ceoil Thraidisi\u00fanta le Bronnadh ar an bhFli\u00faitead\u00f3ir Catherine McEvoy\"}]},{\"@type\":\"WebSite\",\"@id\":\"https:\/\/dev.tg4.ie\/en\/#website\",\"url\":\"https:\/\/dev.tg4.ie\/en\/\",\"name\":\"TG4\",\"description\":\"S\u00fail Eile\",\"potentialAction\":[{\"@type\":\"SearchAction\",\"target\":{\"@type\":\"EntryPoint\",\"urlTemplate\":\"https:\/\/dev.tg4.ie\/en\/?s={search_term_string}\"},\"query-input\":\"required name=search_term_string\"}],\"inLanguage\":\"ga\"}]}<\/script>\n<!-- \/ Yoast SEO plugin. -->","yoast_head_json":{"title":"Buaic-Ghradam Ceoil Thraidisi\u00fanta le Bronnadh ar an bhFli\u00faitead\u00f3ir Catherine McEvoy - TG4","robots":{"index":"index","follow":"follow","max-snippet":"max-snippet:-1","max-image-preview":"max-image-preview:large","max-video-preview":"max-video-preview:-1"},"og_locale":"en_US","og_type":"article","og_title":"Buaic-Ghradam Ceoil Thraidisi\u00fanta le Bronnadh ar an bhFli\u00faitead\u00f3ir Catherine McEvoy - TG4","og_description":"\u00c1ireofar an s\u00e1rsheinnteoir fli\u00faite ceolchoirme, de thraidisi\u00fan Shligigh-Ros Com\u00e1in, i measc mh\u00f3ruaisle an cheoil thraidisi\u00fanta &#8211; Matt Molloy, Liam O\u2019Flynn, M\u00e1irt\u00edn O\u2019Connor, Frankie Gavin agus Mair\u00e9ad N\u00ed Mhaonaigh agus eile &#8211; a bhfuil an m\u00f3rghradam seo sa cheol traidisi\u00fanta bronnta orthu le dh\u00e1 bhliain is fiche anuas, \u00f3 buna\u00edodh an gradam. Ceannr\u00f3da\u00ed ceoil is ea [&hellip;]","og_url":"https:\/\/dev.tg4.ie\/ga\/eolas\/preas\/nuacht-raitis\/2018-2\/buaic-ghradam-ceoil-thraidisiunta-le-bronnadh-ar-an-bhfliuiteadoir-catherine-mcevoy\/","og_site_name":"TG4","article_publisher":"https:\/\/www.facebook.com\/TG4TV","article_modified_time":"2019-07-01T11:46:26+00:00","og_image":[{"width":1920,"height":1080,"url":"https:\/\/tg4-docs.s3.amazonaws.com\/tg4-redesign-2015\/wp-content\/uploads\/2018\/11\/Gradam-Ceoil-2019-1.jpg","type":"image\/jpeg"}],"twitter_card":"summary_large_image","twitter_site":"@TG4TV","twitter_misc":{"Est. reading time":"4 minutes"},"schema":{"@context":"https:\/\/schema.org","@graph":[{"@type":"WebPage","@id":"https:\/\/dev.tg4.ie\/ga\/eolas\/preas\/nuacht-raitis\/2018-2\/buaic-ghradam-ceoil-thraidisiunta-le-bronnadh-ar-an-bhfliuiteadoir-catherine-mcevoy\/","url":"https:\/\/dev.tg4.ie\/ga\/eolas\/preas\/nuacht-raitis\/2018-2\/buaic-ghradam-ceoil-thraidisiunta-le-bronnadh-ar-an-bhfliuiteadoir-catherine-mcevoy\/","name":"Buaic-Ghradam Ceoil Thraidisi\u00fanta le Bronnadh ar an bhFli\u00faitead\u00f3ir Catherine McEvoy - TG4","isPartOf":{"@id":"https:\/\/dev.tg4.ie\/en\/#website"},"primaryImageOfPage":{"@id":"https:\/\/dev.tg4.ie\/ga\/eolas\/preas\/nuacht-raitis\/2018-2\/buaic-ghradam-ceoil-thraidisiunta-le-bronnadh-ar-an-bhfliuiteadoir-catherine-mcevoy\/#primaryimage"},"image":{"@id":"https:\/\/dev.tg4.ie\/ga\/eolas\/preas\/nuacht-raitis\/2018-2\/buaic-ghradam-ceoil-thraidisiunta-le-bronnadh-ar-an-bhfliuiteadoir-catherine-mcevoy\/#primaryimage"},"thumbnailUrl":"https:\/\/tg4-docs.s3.amazonaws.com\/tg4-redesign-2015\/wp-content\/uploads\/2018\/11\/Gradam-Ceoil-2019-1.jpg","datePublished":"2018-11-08T10:19:11+00:00","dateModified":"2019-07-01T11:46:26+00:00","breadcrumb":{"@id":"https:\/\/dev.tg4.ie\/ga\/eolas\/preas\/nuacht-raitis\/2018-2\/buaic-ghradam-ceoil-thraidisiunta-le-bronnadh-ar-an-bhfliuiteadoir-catherine-mcevoy\/#breadcrumb"},"inLanguage":"ga","potentialAction":[{"@type":"ReadAction","target":["https:\/\/dev.tg4.ie\/ga\/eolas\/preas\/nuacht-raitis\/2018-2\/buaic-ghradam-ceoil-thraidisiunta-le-bronnadh-ar-an-bhfliuiteadoir-catherine-mcevoy\/"]}]},{"@type":"ImageObject","inLanguage":"ga","@id":"https:\/\/dev.tg4.ie\/ga\/eolas\/preas\/nuacht-raitis\/2018-2\/buaic-ghradam-ceoil-thraidisiunta-le-bronnadh-ar-an-bhfliuiteadoir-catherine-mcevoy\/#primaryimage","url":"https:\/\/tg4-docs.s3.amazonaws.com\/tg4-redesign-2015\/wp-content\/uploads\/2018\/11\/Gradam-Ceoil-2019-1.jpg","contentUrl":"https:\/\/tg4-docs.s3.amazonaws.com\/tg4-redesign-2015\/wp-content\/uploads\/2018\/11\/Gradam-Ceoil-2019-1.jpg","width":1920,"height":1080},{"@type":"BreadcrumbList","@id":"https:\/\/dev.tg4.ie\/ga\/eolas\/preas\/nuacht-raitis\/2018-2\/buaic-ghradam-ceoil-thraidisiunta-le-bronnadh-ar-an-bhfliuiteadoir-catherine-mcevoy\/#breadcrumb","itemListElement":[{"@type":"ListItem","position":1,"name":"Home","item":"https:\/\/dev.tg4.ie\/ga\/"},{"@type":"ListItem","position":2,"name":"Eolas","item":"https:\/\/dev.tg4.ie\/ga\/eolas\/"},{"@type":"ListItem","position":3,"name":"Preas","item":"https:\/\/dev.tg4.ie\/ga\/eolas\/preas\/"},{"@type":"ListItem","position":4,"name":"Nuacht R\u00e1itis","item":"https:\/\/dev.tg4.ie\/ga\/eolas\/preas\/nuacht-raitis\/"},{"@type":"ListItem","position":5,"name":"2018","item":"https:\/\/dev.tg4.ie\/ga\/eolas\/preas\/nuacht-raitis\/2018-2\/"},{"@type":"ListItem","position":6,"name":"Buaic-Ghradam Ceoil Thraidisi\u00fanta le Bronnadh ar an bhFli\u00faitead\u00f3ir Catherine McEvoy"}]},{"@type":"WebSite","@id":"https:\/\/dev.tg4.ie\/en\/#website","url":"https:\/\/dev.tg4.ie\/en\/","name":"TG4","description":"S\u00fail Eile","potentialAction":[{"@type":"SearchAction","target":{"@type":"EntryPoint","urlTemplate":"https:\/\/dev.tg4.ie\/en\/?s={search_term_string}"},"query-input":"required name=search_term_string"}],"inLanguage":"ga"}]}},"_links":{"self":[{"href":"https:\/\/dev.tg4.ie\/ga\/wp-json\/wp\/v2\/pages\/95761"}],"collection":[{"href":"https:\/\/dev.tg4.ie\/ga\/wp-json\/wp\/v2\/pages"}],"about":[{"href":"https:\/\/dev.tg4.ie\/ga\/wp-json\/wp\/v2\/types\/page"}],"author":[{"embeddable":true,"href":"https:\/\/dev.tg4.ie\/ga\/wp-json\/wp\/v2\/users\/876"}],"replies":[{"embeddable":true,"href":"https:\/\/dev.tg4.ie\/ga\/wp-json\/wp\/v2\/comments?post=95761"}],"version-history":[{"count":0,"href":"https:\/\/dev.tg4.ie\/ga\/wp-json\/wp\/v2\/pages\/95761\/revisions"}],"up":[{"embeddable":true,"href":"https:\/\/dev.tg4.ie\/ga\/wp-json\/wp\/v2\/pages\/72849"}],"wp:featuredmedia":[{"embeddable":true,"href":"https:\/\/dev.tg4.ie\/ga\/wp-json\/wp\/v2\/media\/95649"}],"wp:attachment":[{"href":"https:\/\/dev.tg4.ie\/ga\/wp-json\/wp\/v2\/media?parent=95761"}],"curies":[{"name":"wp","href":"https:\/\/api.w.org\/{rel}","templated":true}]}}