{"id":96018,"date":"2018-11-12T16:46:56","date_gmt":"2018-11-12T16:46:56","guid":{"rendered":"https:\/\/dev.tg4.ie\/?page_id=96018"},"modified":"2019-07-01T12:56:50","modified_gmt":"2019-07-01T11:56:50","slug":"leiriu-nua-ar-tg4-ar-eireannaigh-sa-bhreatain-i-gaeil-uk","status":"publish","type":"page","link":"https:\/\/dev.tg4.ie\/ga\/eolas\/preas\/nuacht-raitis\/2018-2\/leiriu-nua-ar-tg4-ar-eireannaigh-sa-bhreatain-i-gaeil-uk\/","title":{"rendered":"L\u00e9iri\u00fa nua ar TG4 ar \u00c9ireannaigh sa Bhreatain i \u2018Gaeil UK\u2019"},"content":{"rendered":"<p>N\u00edl idir an d\u00e1 oile\u00e1n, \u00c9ire agus an Bhreatain, ach beag\u00e1n le cois 60 m\u00edle farraige, ach t\u00e1 stair chasta eadrainn mar dhaoine. T\u00e1 os cionn s\u00e9 mhilli\u00fan duine sa Bhreatain inniu a mha\u00edonn gur as \u00c9irinn a n-athair cr\u00edonna n\u00f3 a m\u00e1thair chr\u00edonna agus t\u00e1 os cionn leath mhilli\u00fan duine a rugadh in \u00c9irinn ag cur f\u00fathu sa Bhreatain faoi l\u00e1thair. T\u00e1 muid ar an bpobal inimirceach is m\u00f3 sa Bhreatain, pobal fadbhunaithe a bhfuil fr\u00e9amhacha domhain againn ar fud an oile\u00e1in. Sa tsraith <strong>Gaeil UK<\/strong> tabharfaidh Se\u00e1n l\u00e9argas ar shaol na nGael sa Bhreatain, ar obair na ndaoine, ar sp\u00f3rt agus ar chaitheamh aimsire an phobail, agus an comhluadar at\u00e1 le brath i measc an phobail seo chun ceili\u00faradh a dh\u00e9anamh ar an st\u00e1das speisialta at\u00e1 ag na Gaeil sa Bhreatain.<\/p>\n<p><strong><u>CL\u00c1R 1 &#8211; Learpholl, Leeds &amp; Huddersfield<\/u><\/strong><\/p>\n<p>Sa ch\u00e9ad chl\u00e1r den tsraith, tabharfaidh Se\u00e1n cuairt ar Learpholl, ceann de na cathracha is m\u00f3 a bhain na Gaeil amach, \u00ed ar an bpr\u00edomhbhealach isteach chun na Breataine ar feadh i bhfad. As sin, rachaidh s\u00e9 trasna na Pennines go Yorkshire, go Leeds &amp; Huddersfield. Th\u00e1inig na c\u00e9adta, m\u00edlte Gael, idir fhir agus mhn\u00e1, anseo tar \u00e9is an dara cogadh domhanda chun t\u00edr a bh\u00ed scriosta a at\u00f3g\u00e1il. Is l\u00e9ir nach bhfuil imircigh \u00f3ga na h\u00c9ireann ag triail ar Leeds agus \u00a0ar Huddersfield ach t\u00e1 lear m\u00f3r den dara agus tr\u00ed\u00fa gl\u00fain \u00c9ireannach f\u00f3s sna bailte seo.<\/p>\n<p><strong><u>CL\u00c1R 2 &#8211; Alban<\/u><\/strong><\/p>\n<p>Tabharfaidh Se\u00e1n Mac an tS\u00edthigh a aghaidh \u00f3 thuaidh go Glasch\u00fa in Albain sa dara cl\u00e1r den tsraith. Is iad na Conallaigh is treise anseo agus casfaidh s\u00e9 le Hudie \u00d3 Fearraigh as Gaoth Dobhair a dh\u00e9anfaidh cur s\u00edos d\u00f3 ar na hathruithe at\u00e1 feicthe aigesean ar an gcathair le dh\u00e1 scor bliain. Faigheann Se\u00e1n ansin blaiseadh de dhr\u00e1ma nua-scr\u00edofa faoin tubaiste a tharla i Kirkintilloch, i 1937, nuair a mara\u00edodh deichni\u00far \u00f3g\u00e1nach as Maigh Eo i dtine. T\u00e1 an meon carthanach Caitliceach agus \u00c9ireannach le brath go f\u00f3ill i nGlasch\u00fa, \u00e9 seo le feice\u00e1il ag Se\u00e1n sa gc\u00f3ras oideachais ach go h\u00e1irithe.<\/p>\n<p><strong><u>CL\u00c1R 3 &#8211; Birmingham &amp; L\u00e1r T\u00edre<\/u><\/strong><\/p>\n<p>I l\u00e1r t\u00edre sa mBreatain a bheidh Se\u00e1n Mac an tS\u00edthigh sa tr\u00ed\u00fa cl\u00e1r.\u00a0 Casfaidh s\u00e9 le pobal m\u00f3r \u00c9ireannach ansin agus cuirfidh eolas ar na l\u00edonra\u00ed taca\u00edochta at\u00e1 ar f\u00e1il do mhuintir na h\u00c9ireann is m\u00f3 at\u00e1 ar an ngannchuid. Le linn do She\u00e1n a bheith i Birmingham cuirfidh s\u00e9 eolas ar an traidisi\u00fan fada a bhain le mn\u00e1 na h\u00c9ireann a bheith ag obair san NHS agus an m\u00e9id a rinne siad a chuir athr\u00fa ar an meon a bh\u00ed ann i leith na n\u00c9ireannach sna 70\u00ed.\u00a0 Casfaidh Se\u00e1n le fear ar \u00e9irigh leis a aisling a bhaint amach agus sacar a imirt go gairmi\u00fail i Sasana.<\/p>\n<p><strong><u>CL\u00c1R 4 &#8211; Londain<\/u><\/strong><\/p>\n<p>Sa gcl\u00e1r deiridh den tsraith, tabharfaidh S\u00e9an Mac an tS\u00edthigh aghaidh ar Londain Shasana, \u00e1it a raibh pobal l\u00e1idir \u00c9ireannach i mbailte ar n\u00f3s Kilburn, Cricklewood agus Camden Town. C\u00e9 gur beag \u00c9ireannach at\u00e1 sna bailte sin anois aithn\u00edtear na bailte sin go l\u00e1idir f\u00f3s le muintir na h\u00c9ireann. T\u00e1 tarraingt ar leith ag na Gaeil ar Londain agus iad chomh l\u00e1idir anseo is a bh\u00ed riamh.<\/p>\n<ul>\n<li>Nasc chuig grianghraif anseo:\u00a0<a href=\"https:\/\/tg4365-my.sharepoint.com\/:f:\/g\/personal\/trevor_o_clochartaigh_tg4_ie\/EretEvNfre1NhNRu48Lp7CgBzDzDIQONop7xqK1_LjzO6Q?e=740U6x\" target=\"_blank\" rel=\"noopener noreferrer\">https:\/\/tg4365-my.sharepoint.com\/:f:\/g\/personal\/trevor_o_clochartaigh_tg4_ie\/EretEvNfre1NhNRu48Lp7CgBzDzDIQONop7xqK1_LjzO6Q?e=740U6x<\/a><\/li>\n<li>Nasc chuig f\u00edse\u00e1n bolscaireachta:\u00a0<strong><a href=\"http:\/\/mhq70911clink.tg4.ie\/wf\/click?upn=W5Rx-2FuuWIgIeTyBWLgBwTwYb8WmMswVUkZHAYoZjARFHv4hHwUNu2kSiCuGAnUPt_ftCS7aD2B1CdKPmhuiLR1cazVDNRSBPiiJDJBBTORabQ8ouIeTDsn7Zal-2FfewF-2B16tN7qjwFwB-2B8Z-2F0CHdStdrcEK03CUZOxW8ZUs6YoeQC8MruAmKjJemaaKkjUyUmbVTCryazPJr8jG2Q-2F9KgxU5kEIcFVHJhd1UGc16DgNgThmgQdQRTmWmF5-2FNG6YjzE5l-2BPdzaQfB-2FNbOOSqc-2BVOvwmjf8yhEeF-2FsKUFB8n-2Bl4-3D\" target=\"_blank\" rel=\"noopener noreferrer\">https:\/\/grabyo.com\/g\/v\/iiPFhhJ8X1P<\/a> <\/strong><\/li>\n<\/ul>\n<p><strong>Cliar:<\/strong> S\u00e9amus Conneely, Tom Togher, Edel Robinson, Sadie Cunningham, Kathleen Cunningham, , Labhr\u00e1s \u00d3 Conghaile, James McDonald, M\u00e9abh Nic Alastair, Kate O&#8217;Connor, Muireann Kelly, Hudie \u00d3 Fearraigh, Padraig McGarvey, Eileen Tompkins.<\/p>\n<p><strong>Chun tuilleadh eolais a fh\u00e1il d\u00e9an teagmh\u00e1il le:<\/strong><\/p>\n<p><strong>L\u00e9iritheoir na Sraithe: Se\u00e1n \u00d3 Cual\u00e1in, Aniar:\u00a0 <u><a href=\"mailto:sean@aniartv.ie\" target=\"_blank\" rel=\"noopener noreferrer\">sean@aniartv.ie<\/a><\/u>\u00a0 F\u00f3n. 087 9480684<\/strong><\/p>\n<p><strong>Teagmh\u00e1la\u00ed Preasa TG4:<\/strong> Linda N\u00ed Ghr\u00edofa, <a href=\"mailto:linda.ni.ghriofa@dev.tg4.ie\" target=\"_blank\" rel=\"noopener noreferrer\">linda.ni.ghriofa@dev.tg4.ie<\/a> \u2013 (087) 9172864<\/p>\n<p>T\u00e1 oifig\u00ed ag Aniar i nGaoth Dobhair, i gCorca Dhuibhne agus i gConamara<\/p>\n","protected":false},"excerpt":{"rendered":"<p>N\u00edl idir an d\u00e1 oile\u00e1n, \u00c9ire agus an Bhreatain, ach beag\u00e1n le cois 60 m\u00edle farraige, ach t\u00e1 stair chasta eadrainn mar dhaoine. T\u00e1 os cionn s\u00e9 mhilli\u00fan duine sa Bhreatain inniu a mha\u00edonn gur as \u00c9irinn a n-athair cr\u00edonna n\u00f3 a m\u00e1thair chr\u00edonna agus t\u00e1 os cionn leath mhilli\u00fan duine a rugadh in \u00c9irinn [&hellip;]<\/p>\n","protected":false},"author":876,"featured_media":96019,"parent":72849,"menu_order":48,"comment_status":"closed","ping_status":"closed","template":"page-templates\/template-pr.php","meta":{"_acf_changed":false,"footnotes":""},"acf":[],"yoast_head":"<!-- This site is optimized with the Yoast SEO plugin v22.6 - https:\/\/yoast.com\/wordpress\/plugins\/seo\/ -->\n<title>L\u00e9iri\u00fa nua ar TG4 ar \u00c9ireannaigh sa Bhreatain i \u2018Gaeil UK\u2019 - TG4<\/title>\n<meta name=\"robots\" content=\"index, follow, max-snippet:-1, max-image-preview:large, max-video-preview:-1\" \/>\n<meta property=\"og:locale\" content=\"en_US\" \/>\n<meta property=\"og:type\" content=\"article\" \/>\n<meta property=\"og:title\" content=\"L\u00e9iri\u00fa nua ar TG4 ar \u00c9ireannaigh sa Bhreatain i \u2018Gaeil UK\u2019 - TG4\" \/>\n<meta property=\"og:description\" content=\"N\u00edl idir an d\u00e1 oile\u00e1n, \u00c9ire agus an Bhreatain, ach beag\u00e1n le cois 60 m\u00edle farraige, ach t\u00e1 stair chasta eadrainn mar dhaoine. T\u00e1 os cionn s\u00e9 mhilli\u00fan duine sa Bhreatain inniu a mha\u00edonn gur as \u00c9irinn a n-athair cr\u00edonna n\u00f3 a m\u00e1thair chr\u00edonna agus t\u00e1 os cionn leath mhilli\u00fan duine a rugadh in \u00c9irinn [&hellip;]\" \/>\n<meta property=\"og:url\" content=\"https:\/\/dev.tg4.ie\/ga\/eolas\/preas\/nuacht-raitis\/2018-2\/leiriu-nua-ar-tg4-ar-eireannaigh-sa-bhreatain-i-gaeil-uk\/\" \/>\n<meta property=\"og:site_name\" content=\"TG4\" \/>\n<meta property=\"article:publisher\" content=\"https:\/\/www.facebook.com\/TG4TV\" \/>\n<meta property=\"article:modified_time\" content=\"2019-07-01T11:56:50+00:00\" \/>\n<meta property=\"og:image\" content=\"https:\/\/tg4-docs.s3.amazonaws.com\/tg4-redesign-2015\/wp-content\/uploads\/2018\/11\/Seoladh-Gaeil-UK-beag.jpg\" \/>\n\t<meta property=\"og:image:width\" content=\"1732\" \/>\n\t<meta property=\"og:image:height\" content=\"1154\" \/>\n\t<meta property=\"og:image:type\" content=\"image\/jpeg\" \/>\n<meta name=\"twitter:card\" content=\"summary_large_image\" \/>\n<meta name=\"twitter:site\" content=\"@TG4TV\" \/>\n<meta name=\"twitter:label1\" content=\"Est. reading time\" \/>\n\t<meta name=\"twitter:data1\" content=\"4 minutes\" \/>\n<script type=\"application\/ld+json\" class=\"yoast-schema-graph\">{\"@context\":\"https:\/\/schema.org\",\"@graph\":[{\"@type\":\"WebPage\",\"@id\":\"https:\/\/dev.tg4.ie\/ga\/eolas\/preas\/nuacht-raitis\/2018-2\/leiriu-nua-ar-tg4-ar-eireannaigh-sa-bhreatain-i-gaeil-uk\/\",\"url\":\"https:\/\/dev.tg4.ie\/ga\/eolas\/preas\/nuacht-raitis\/2018-2\/leiriu-nua-ar-tg4-ar-eireannaigh-sa-bhreatain-i-gaeil-uk\/\",\"name\":\"L\u00e9iri\u00fa nua ar TG4 ar \u00c9ireannaigh sa Bhreatain i \u2018Gaeil UK\u2019 - TG4\",\"isPartOf\":{\"@id\":\"https:\/\/dev.tg4.ie\/en\/#website\"},\"primaryImageOfPage\":{\"@id\":\"https:\/\/dev.tg4.ie\/ga\/eolas\/preas\/nuacht-raitis\/2018-2\/leiriu-nua-ar-tg4-ar-eireannaigh-sa-bhreatain-i-gaeil-uk\/#primaryimage\"},\"image\":{\"@id\":\"https:\/\/dev.tg4.ie\/ga\/eolas\/preas\/nuacht-raitis\/2018-2\/leiriu-nua-ar-tg4-ar-eireannaigh-sa-bhreatain-i-gaeil-uk\/#primaryimage\"},\"thumbnailUrl\":\"https:\/\/tg4-docs.s3.amazonaws.com\/tg4-redesign-2015\/wp-content\/uploads\/2018\/11\/Seoladh-Gaeil-UK-beag.jpg\",\"datePublished\":\"2018-11-12T16:46:56+00:00\",\"dateModified\":\"2019-07-01T11:56:50+00:00\",\"breadcrumb\":{\"@id\":\"https:\/\/dev.tg4.ie\/ga\/eolas\/preas\/nuacht-raitis\/2018-2\/leiriu-nua-ar-tg4-ar-eireannaigh-sa-bhreatain-i-gaeil-uk\/#breadcrumb\"},\"inLanguage\":\"ga\",\"potentialAction\":[{\"@type\":\"ReadAction\",\"target\":[\"https:\/\/dev.tg4.ie\/ga\/eolas\/preas\/nuacht-raitis\/2018-2\/leiriu-nua-ar-tg4-ar-eireannaigh-sa-bhreatain-i-gaeil-uk\/\"]}]},{\"@type\":\"ImageObject\",\"inLanguage\":\"ga\",\"@id\":\"https:\/\/dev.tg4.ie\/ga\/eolas\/preas\/nuacht-raitis\/2018-2\/leiriu-nua-ar-tg4-ar-eireannaigh-sa-bhreatain-i-gaeil-uk\/#primaryimage\",\"url\":\"https:\/\/tg4-docs.s3.amazonaws.com\/tg4-redesign-2015\/wp-content\/uploads\/2018\/11\/Seoladh-Gaeil-UK-beag.jpg\",\"contentUrl\":\"https:\/\/tg4-docs.s3.amazonaws.com\/tg4-redesign-2015\/wp-content\/uploads\/2018\/11\/Seoladh-Gaeil-UK-beag.jpg\",\"width\":1732,\"height\":1154},{\"@type\":\"BreadcrumbList\",\"@id\":\"https:\/\/dev.tg4.ie\/ga\/eolas\/preas\/nuacht-raitis\/2018-2\/leiriu-nua-ar-tg4-ar-eireannaigh-sa-bhreatain-i-gaeil-uk\/#breadcrumb\",\"itemListElement\":[{\"@type\":\"ListItem\",\"position\":1,\"name\":\"Home\",\"item\":\"https:\/\/dev.tg4.ie\/ga\/\"},{\"@type\":\"ListItem\",\"position\":2,\"name\":\"Eolas\",\"item\":\"https:\/\/dev.tg4.ie\/ga\/eolas\/\"},{\"@type\":\"ListItem\",\"position\":3,\"name\":\"Preas\",\"item\":\"https:\/\/dev.tg4.ie\/ga\/eolas\/preas\/\"},{\"@type\":\"ListItem\",\"position\":4,\"name\":\"Nuacht R\u00e1itis\",\"item\":\"https:\/\/dev.tg4.ie\/ga\/eolas\/preas\/nuacht-raitis\/\"},{\"@type\":\"ListItem\",\"position\":5,\"name\":\"2018\",\"item\":\"https:\/\/dev.tg4.ie\/ga\/eolas\/preas\/nuacht-raitis\/2018-2\/\"},{\"@type\":\"ListItem\",\"position\":6,\"name\":\"L\u00e9iri\u00fa nua ar TG4 ar \u00c9ireannaigh sa Bhreatain i \u2018Gaeil UK\u2019\"}]},{\"@type\":\"WebSite\",\"@id\":\"https:\/\/dev.tg4.ie\/en\/#website\",\"url\":\"https:\/\/dev.tg4.ie\/en\/\",\"name\":\"TG4\",\"description\":\"S\u00fail Eile\",\"potentialAction\":[{\"@type\":\"SearchAction\",\"target\":{\"@type\":\"EntryPoint\",\"urlTemplate\":\"https:\/\/dev.tg4.ie\/en\/?s={search_term_string}\"},\"query-input\":\"required name=search_term_string\"}],\"inLanguage\":\"ga\"}]}<\/script>\n<!-- \/ Yoast SEO plugin. -->","yoast_head_json":{"title":"L\u00e9iri\u00fa nua ar TG4 ar \u00c9ireannaigh sa Bhreatain i \u2018Gaeil UK\u2019 - TG4","robots":{"index":"index","follow":"follow","max-snippet":"max-snippet:-1","max-image-preview":"max-image-preview:large","max-video-preview":"max-video-preview:-1"},"og_locale":"en_US","og_type":"article","og_title":"L\u00e9iri\u00fa nua ar TG4 ar \u00c9ireannaigh sa Bhreatain i \u2018Gaeil UK\u2019 - TG4","og_description":"N\u00edl idir an d\u00e1 oile\u00e1n, \u00c9ire agus an Bhreatain, ach beag\u00e1n le cois 60 m\u00edle farraige, ach t\u00e1 stair chasta eadrainn mar dhaoine. T\u00e1 os cionn s\u00e9 mhilli\u00fan duine sa Bhreatain inniu a mha\u00edonn gur as \u00c9irinn a n-athair cr\u00edonna n\u00f3 a m\u00e1thair chr\u00edonna agus t\u00e1 os cionn leath mhilli\u00fan duine a rugadh in \u00c9irinn [&hellip;]","og_url":"https:\/\/dev.tg4.ie\/ga\/eolas\/preas\/nuacht-raitis\/2018-2\/leiriu-nua-ar-tg4-ar-eireannaigh-sa-bhreatain-i-gaeil-uk\/","og_site_name":"TG4","article_publisher":"https:\/\/www.facebook.com\/TG4TV","article_modified_time":"2019-07-01T11:56:50+00:00","og_image":[{"width":1732,"height":1154,"url":"https:\/\/tg4-docs.s3.amazonaws.com\/tg4-redesign-2015\/wp-content\/uploads\/2018\/11\/Seoladh-Gaeil-UK-beag.jpg","type":"image\/jpeg"}],"twitter_card":"summary_large_image","twitter_site":"@TG4TV","twitter_misc":{"Est. reading time":"4 minutes"},"schema":{"@context":"https:\/\/schema.org","@graph":[{"@type":"WebPage","@id":"https:\/\/dev.tg4.ie\/ga\/eolas\/preas\/nuacht-raitis\/2018-2\/leiriu-nua-ar-tg4-ar-eireannaigh-sa-bhreatain-i-gaeil-uk\/","url":"https:\/\/dev.tg4.ie\/ga\/eolas\/preas\/nuacht-raitis\/2018-2\/leiriu-nua-ar-tg4-ar-eireannaigh-sa-bhreatain-i-gaeil-uk\/","name":"L\u00e9iri\u00fa nua ar TG4 ar \u00c9ireannaigh sa Bhreatain i \u2018Gaeil UK\u2019 - TG4","isPartOf":{"@id":"https:\/\/dev.tg4.ie\/en\/#website"},"primaryImageOfPage":{"@id":"https:\/\/dev.tg4.ie\/ga\/eolas\/preas\/nuacht-raitis\/2018-2\/leiriu-nua-ar-tg4-ar-eireannaigh-sa-bhreatain-i-gaeil-uk\/#primaryimage"},"image":{"@id":"https:\/\/dev.tg4.ie\/ga\/eolas\/preas\/nuacht-raitis\/2018-2\/leiriu-nua-ar-tg4-ar-eireannaigh-sa-bhreatain-i-gaeil-uk\/#primaryimage"},"thumbnailUrl":"https:\/\/tg4-docs.s3.amazonaws.com\/tg4-redesign-2015\/wp-content\/uploads\/2018\/11\/Seoladh-Gaeil-UK-beag.jpg","datePublished":"2018-11-12T16:46:56+00:00","dateModified":"2019-07-01T11:56:50+00:00","breadcrumb":{"@id":"https:\/\/dev.tg4.ie\/ga\/eolas\/preas\/nuacht-raitis\/2018-2\/leiriu-nua-ar-tg4-ar-eireannaigh-sa-bhreatain-i-gaeil-uk\/#breadcrumb"},"inLanguage":"ga","potentialAction":[{"@type":"ReadAction","target":["https:\/\/dev.tg4.ie\/ga\/eolas\/preas\/nuacht-raitis\/2018-2\/leiriu-nua-ar-tg4-ar-eireannaigh-sa-bhreatain-i-gaeil-uk\/"]}]},{"@type":"ImageObject","inLanguage":"ga","@id":"https:\/\/dev.tg4.ie\/ga\/eolas\/preas\/nuacht-raitis\/2018-2\/leiriu-nua-ar-tg4-ar-eireannaigh-sa-bhreatain-i-gaeil-uk\/#primaryimage","url":"https:\/\/tg4-docs.s3.amazonaws.com\/tg4-redesign-2015\/wp-content\/uploads\/2018\/11\/Seoladh-Gaeil-UK-beag.jpg","contentUrl":"https:\/\/tg4-docs.s3.amazonaws.com\/tg4-redesign-2015\/wp-content\/uploads\/2018\/11\/Seoladh-Gaeil-UK-beag.jpg","width":1732,"height":1154},{"@type":"BreadcrumbList","@id":"https:\/\/dev.tg4.ie\/ga\/eolas\/preas\/nuacht-raitis\/2018-2\/leiriu-nua-ar-tg4-ar-eireannaigh-sa-bhreatain-i-gaeil-uk\/#breadcrumb","itemListElement":[{"@type":"ListItem","position":1,"name":"Home","item":"https:\/\/dev.tg4.ie\/ga\/"},{"@type":"ListItem","position":2,"name":"Eolas","item":"https:\/\/dev.tg4.ie\/ga\/eolas\/"},{"@type":"ListItem","position":3,"name":"Preas","item":"https:\/\/dev.tg4.ie\/ga\/eolas\/preas\/"},{"@type":"ListItem","position":4,"name":"Nuacht R\u00e1itis","item":"https:\/\/dev.tg4.ie\/ga\/eolas\/preas\/nuacht-raitis\/"},{"@type":"ListItem","position":5,"name":"2018","item":"https:\/\/dev.tg4.ie\/ga\/eolas\/preas\/nuacht-raitis\/2018-2\/"},{"@type":"ListItem","position":6,"name":"L\u00e9iri\u00fa nua ar TG4 ar \u00c9ireannaigh sa Bhreatain i \u2018Gaeil UK\u2019"}]},{"@type":"WebSite","@id":"https:\/\/dev.tg4.ie\/en\/#website","url":"https:\/\/dev.tg4.ie\/en\/","name":"TG4","description":"S\u00fail Eile","potentialAction":[{"@type":"SearchAction","target":{"@type":"EntryPoint","urlTemplate":"https:\/\/dev.tg4.ie\/en\/?s={search_term_string}"},"query-input":"required name=search_term_string"}],"inLanguage":"ga"}]}},"_links":{"self":[{"href":"https:\/\/dev.tg4.ie\/ga\/wp-json\/wp\/v2\/pages\/96018"}],"collection":[{"href":"https:\/\/dev.tg4.ie\/ga\/wp-json\/wp\/v2\/pages"}],"about":[{"href":"https:\/\/dev.tg4.ie\/ga\/wp-json\/wp\/v2\/types\/page"}],"author":[{"embeddable":true,"href":"https:\/\/dev.tg4.ie\/ga\/wp-json\/wp\/v2\/users\/876"}],"replies":[{"embeddable":true,"href":"https:\/\/dev.tg4.ie\/ga\/wp-json\/wp\/v2\/comments?post=96018"}],"version-history":[{"count":0,"href":"https:\/\/dev.tg4.ie\/ga\/wp-json\/wp\/v2\/pages\/96018\/revisions"}],"up":[{"embeddable":true,"href":"https:\/\/dev.tg4.ie\/ga\/wp-json\/wp\/v2\/pages\/72849"}],"wp:featuredmedia":[{"embeddable":true,"href":"https:\/\/dev.tg4.ie\/ga\/wp-json\/wp\/v2\/media\/96019"}],"wp:attachment":[{"href":"https:\/\/dev.tg4.ie\/ga\/wp-json\/wp\/v2\/media?parent=96018"}],"curies":[{"name":"wp","href":"https:\/\/api.w.org\/{rel}","templated":true}]}}