{"id":96228,"date":"2018-11-16T11:59:42","date_gmt":"2018-11-16T11:59:42","guid":{"rendered":"https:\/\/dev.tg4.ie\/?page_id=96228"},"modified":"2019-07-01T13:02:43","modified_gmt":"2019-07-01T12:02:43","slug":"sceim-amharc-oscailte-diarratais-aris","status":"publish","type":"page","link":"https:\/\/dev.tg4.ie\/ga\/eolas\/preas\/nuacht-raitis\/2018-2\/sceim-amharc-oscailte-diarratais-aris\/","title":{"rendered":"Sc\u00e9im &#8216;Amharc&#8217; Oscailte d\u2019Iarratais Ar\u00eds"},"content":{"rendered":"<p>Buna\u00edodh an sc\u00e9im <strong>\u2018Amharc\u2019<\/strong> chun tac\u00fa le m\u00f3rl\u00e9irithe scann\u00e1in fhaisn\u00e9ise ar shaol agus d\u00e9ant\u00fas na n-eala\u00edon i dTuaisceart \u00c9ireann an lae inniu. \u00a0Beidh m\u00f3rshaothair \u00e1 gcruth\u00fa faoin sc\u00e9im, m\u00f3rshaothair a chuirfidh le saibhreas phr\u00edomhsceideal cl\u00e1r <strong>BBC NI<\/strong> agus <strong>TG4<\/strong>, agus a thaispe\u00e1nfar sna hamharclanna.<\/p>\n<p>Beidh gach r\u00e9imse eala\u00edne san \u00e1ireamh agus c\u00e9 go bhfuil seo d\u00edrithe ar shaol agus d\u00e9ant\u00fas na n-eala\u00edon i dTuaisceart \u00c9ireann bheadh f\u00e1ilte roimh iarratais bunaithe ar eala\u00edont\u00f3ir\u00ed gurbh as Tuaisceart \u00c9ireann iad ach at\u00e1 ag cur futh\u00fa in \u00e1it \u00e9igin eile.\u00a0 Tabharfar t\u00fas \u00e1ite do shaothar comhaimseartha ach cuirfear san \u00e1ireamh saothair staire a bhfuil c\u00f3iri\u00fa agus t\u00e1bhacht comhaimseartha leo chomh maith.\u00a0 Is \u00e9 \u2018Hammond: Duais an Dorais\u2019, beathaisn\u00e9is ar shaol agus ar shaothar an ceolt\u00f3ir agus craolt\u00f3ir Davy Hammond an togra a bh\u00ed maoinithe tr\u00edd an sc\u00e9im anuraidh.<\/p>\n<p>Beidh b\u00e9im ar ch\u00f3iri\u00fa agus ar sc\u00e9ala\u00edocht at\u00e1 cruthaitheach nu\u00e1lach ach a bhfuil modh sc\u00e9ala\u00edochta ann a mheallfaidh lucht f\u00e9achana leathan chuige.<\/p>\n<p>\u00a390,000 at\u00e1 sa phota maoinithe agus t\u00e1thar ag s\u00fail le togra amh\u00e1in a mhaoini\u00fa.<\/p>\n<p>Mar sin f\u00e9in, d\u2019fh\u00e9adfadh go roghn\u00f3fa\u00ed togra\u00ed a bhfuil uaillmhian agus plean airgeadais n\u00edos airde n\u00e1 sin acu ach iad cur isteach ar fhoins\u00ed eile airgid.<\/p>\n<p>T\u00e1thar ag s\u00fail go seolfar an saothar le taispe\u00e1ntas amharclainne agus\/n\u00f3 ag f\u00e9ilte scann\u00e1in.\u00a0 Beidh deis ann do thr\u00e9imhse d\u00e1ileach\u00e1in amharclainne sula gcraolfar iad ar <strong>TG4<\/strong> agus ar <strong>BBC NI<\/strong> go luath i 2020.<\/p>\n<p>Beidh an sc\u00e9im \u00e1 riar ag <strong>CCG<\/strong> i gcomhph\u00e1irt\u00edocht leis na craoltoir\u00ed <strong>BBC<\/strong> agus <strong>TG4<\/strong> agus ba ch\u00f3ir go gcomhl\u00edonfadh na togra\u00ed seo tosa\u00edochta\u00ed agus aidhmeanna an <strong>CCG<\/strong> agus na craolt\u00f3ir\u00ed.<\/p>\n<p>Beidh ionadaithe \u00f3n <strong>CCG<\/strong>, <strong>TG4<\/strong> agus <strong>BBC Gaeilge<\/strong> i mbun roghn\u00fa na n-iarratas.<\/p>\n<ul>\n<li><strong>Fad na scann\u00e1n:<\/strong>\u00a0 50 \u2013 70 bomaite.<\/li>\n<li><strong>Buis\u00e9ad l\u00e9irithe:<\/strong>\u00a0 \u00a390,000 an scann\u00e1n ar a mh\u00e9ad. (D\u2019fh\u00e9adfadh maoini\u00fa breise a bheith ar f\u00e1il fosta do mharga\u00edocht\/d\u00e1ili\u00fa an togra.)<\/li>\n<li><strong>Form\u00e1id:<\/strong> HD le fotheidil Bh\u00e9arla.<\/li>\n<li><strong>Teanga:<\/strong> Gaeilge n\u00f3 d\u00e1theangach.<\/li>\n<li><strong>Sprioc:<\/strong> Aoine 25\u00fa Ean\u00e1ir<\/li>\n<\/ul>\n<p><em><strong><u>IARRATAIS:<\/u><\/strong><\/em><\/p>\n<p><u>Seoltar iarratais mar r\u00edomhphost chuig CCG roimh 25\u00fa Ean\u00e1ir.<\/u><\/p>\n<p>Is g\u00e1 na nithe seo a leanas a bheith istigh leis an iarratas:<\/p>\n<ul>\n<li>Foirm choimisi\u00fanaithe \u2018Amharc\u2019.<\/li>\n<li>C\u00f3iri\u00fa cuimsitheach scann\u00e1in mar aon le n\u00f3ta\u00ed ar chur chuige f\u00edse.<\/li>\n<li>Strait\u00e9is lucht f\u00e9achana teilif\u00edse agus amharclainne agus plean i leith d\u00e1ileadh amharclainne m\u00e1s bainteach.<\/li>\n<li>Buis\u00e9ad l\u00e9irithe cruinn agus achoimre ar bhuis\u00e9ad (beidh costas ar ghlanadh c\u00f3ipchirt ceoil agus \u00e1bhair eile, \u00e1bhar seachadta agus marga\u00edochta san \u00e1ireamh).<\/li>\n<li>C.V. do bhaill foirne a bheidh ag pl\u00e9 le gn\u00e9ithe eala\u00edne an togra \u2013 an sti\u00farth\u00f3ir, an l\u00e9iritheoir, an scr\u00edbhneoir, an t-eagarth\u00f3ir.<\/li>\n<li>Cruth\u00fanas ar \u00fain\u00e9ireacht an \u00e1bhair le dul i mbun l\u00e9irithe. C\u00f3ip de chomhaontuithe at\u00e1 d\u00e9anta le scr\u00edbhneoir\u00ed agus p\u00e1irtithe eile m\u00e1s g\u00e1.<\/li>\n<li>Cruth\u00fanas \u00f3 phr\u00edomhph\u00e1irtithe an togra go bhfuil aontaithe acu tabhairt faoin togra seo.<\/li>\n<li>Aon \u00e1bhar taca eile.<\/li>\n<\/ul>\n<p>T\u00e1thar ag s\u00fail go mbeidh na togra\u00ed cr\u00edochnaithe agus r\u00e9idh le seoladh ag f\u00e9ilte scann\u00e1n cu\u00ed i 2020 agus go gcraolfar ina dhiaidh sin iad.<\/p>\n","protected":false},"excerpt":{"rendered":"<p>Buna\u00edodh an sc\u00e9im \u2018Amharc\u2019 chun tac\u00fa le m\u00f3rl\u00e9irithe scann\u00e1in fhaisn\u00e9ise ar shaol agus d\u00e9ant\u00fas na n-eala\u00edon i dTuaisceart \u00c9ireann an lae inniu. \u00a0Beidh m\u00f3rshaothair \u00e1 gcruth\u00fa faoin sc\u00e9im, m\u00f3rshaothair a chuirfidh le saibhreas phr\u00edomhsceideal cl\u00e1r BBC NI agus TG4, agus a thaispe\u00e1nfar sna hamharclanna. Beidh gach r\u00e9imse eala\u00edne san \u00e1ireamh agus c\u00e9 go bhfuil seo [&hellip;]<\/p>\n","protected":false},"author":876,"featured_media":96230,"parent":72849,"menu_order":49,"comment_status":"closed","ping_status":"closed","template":"page-templates\/template-pr.php","meta":{"_acf_changed":false,"footnotes":""},"acf":[],"yoast_head":"<!-- This site is optimized with the Yoast SEO plugin v22.6 - https:\/\/yoast.com\/wordpress\/plugins\/seo\/ -->\n<title>Sc\u00e9im &#039;Amharc&#039; Oscailte d\u2019Iarratais Ar\u00eds - TG4<\/title>\n<meta name=\"robots\" content=\"index, follow, max-snippet:-1, max-image-preview:large, max-video-preview:-1\" \/>\n<meta property=\"og:locale\" content=\"en_US\" \/>\n<meta property=\"og:type\" content=\"article\" \/>\n<meta property=\"og:title\" content=\"Sc\u00e9im &#039;Amharc&#039; Oscailte d\u2019Iarratais Ar\u00eds - TG4\" \/>\n<meta property=\"og:description\" content=\"Buna\u00edodh an sc\u00e9im \u2018Amharc\u2019 chun tac\u00fa le m\u00f3rl\u00e9irithe scann\u00e1in fhaisn\u00e9ise ar shaol agus d\u00e9ant\u00fas na n-eala\u00edon i dTuaisceart \u00c9ireann an lae inniu. \u00a0Beidh m\u00f3rshaothair \u00e1 gcruth\u00fa faoin sc\u00e9im, m\u00f3rshaothair a chuirfidh le saibhreas phr\u00edomhsceideal cl\u00e1r BBC NI agus TG4, agus a thaispe\u00e1nfar sna hamharclanna. Beidh gach r\u00e9imse eala\u00edne san \u00e1ireamh agus c\u00e9 go bhfuil seo [&hellip;]\" \/>\n<meta property=\"og:url\" content=\"https:\/\/dev.tg4.ie\/ga\/eolas\/preas\/nuacht-raitis\/2018-2\/sceim-amharc-oscailte-diarratais-aris\/\" \/>\n<meta property=\"og:site_name\" content=\"TG4\" \/>\n<meta property=\"article:publisher\" content=\"https:\/\/www.facebook.com\/TG4TV\" \/>\n<meta property=\"article:modified_time\" content=\"2019-07-01T12:02:43+00:00\" \/>\n<meta property=\"og:image\" content=\"https:\/\/tg4-docs.s3.amazonaws.com\/tg4-redesign-2015\/wp-content\/uploads\/2018\/11\/Seoladh_Amharc_1_dpno7e.jpg\" \/>\n\t<meta property=\"og:image:width\" content=\"1920\" \/>\n\t<meta property=\"og:image:height\" content=\"1080\" \/>\n\t<meta property=\"og:image:type\" content=\"image\/jpeg\" \/>\n<meta name=\"twitter:card\" content=\"summary_large_image\" \/>\n<meta name=\"twitter:site\" content=\"@TG4TV\" \/>\n<meta name=\"twitter:label1\" content=\"Est. reading time\" \/>\n\t<meta name=\"twitter:data1\" content=\"3 minutes\" \/>\n<script type=\"application\/ld+json\" class=\"yoast-schema-graph\">{\"@context\":\"https:\/\/schema.org\",\"@graph\":[{\"@type\":\"WebPage\",\"@id\":\"https:\/\/dev.tg4.ie\/ga\/eolas\/preas\/nuacht-raitis\/2018-2\/sceim-amharc-oscailte-diarratais-aris\/\",\"url\":\"https:\/\/dev.tg4.ie\/ga\/eolas\/preas\/nuacht-raitis\/2018-2\/sceim-amharc-oscailte-diarratais-aris\/\",\"name\":\"Sc\u00e9im 'Amharc' Oscailte d\u2019Iarratais Ar\u00eds - TG4\",\"isPartOf\":{\"@id\":\"https:\/\/dev.tg4.ie\/en\/#website\"},\"primaryImageOfPage\":{\"@id\":\"https:\/\/dev.tg4.ie\/ga\/eolas\/preas\/nuacht-raitis\/2018-2\/sceim-amharc-oscailte-diarratais-aris\/#primaryimage\"},\"image\":{\"@id\":\"https:\/\/dev.tg4.ie\/ga\/eolas\/preas\/nuacht-raitis\/2018-2\/sceim-amharc-oscailte-diarratais-aris\/#primaryimage\"},\"thumbnailUrl\":\"https:\/\/tg4-docs.s3.amazonaws.com\/tg4-redesign-2015\/wp-content\/uploads\/2018\/11\/Seoladh_Amharc_1_dpno7e.jpg\",\"datePublished\":\"2018-11-16T11:59:42+00:00\",\"dateModified\":\"2019-07-01T12:02:43+00:00\",\"breadcrumb\":{\"@id\":\"https:\/\/dev.tg4.ie\/ga\/eolas\/preas\/nuacht-raitis\/2018-2\/sceim-amharc-oscailte-diarratais-aris\/#breadcrumb\"},\"inLanguage\":\"ga\",\"potentialAction\":[{\"@type\":\"ReadAction\",\"target\":[\"https:\/\/dev.tg4.ie\/ga\/eolas\/preas\/nuacht-raitis\/2018-2\/sceim-amharc-oscailte-diarratais-aris\/\"]}]},{\"@type\":\"ImageObject\",\"inLanguage\":\"ga\",\"@id\":\"https:\/\/dev.tg4.ie\/ga\/eolas\/preas\/nuacht-raitis\/2018-2\/sceim-amharc-oscailte-diarratais-aris\/#primaryimage\",\"url\":\"https:\/\/tg4-docs.s3.amazonaws.com\/tg4-redesign-2015\/wp-content\/uploads\/2018\/11\/Seoladh_Amharc_1_dpno7e.jpg\",\"contentUrl\":\"https:\/\/tg4-docs.s3.amazonaws.com\/tg4-redesign-2015\/wp-content\/uploads\/2018\/11\/Seoladh_Amharc_1_dpno7e.jpg\",\"width\":1920,\"height\":1080},{\"@type\":\"BreadcrumbList\",\"@id\":\"https:\/\/dev.tg4.ie\/ga\/eolas\/preas\/nuacht-raitis\/2018-2\/sceim-amharc-oscailte-diarratais-aris\/#breadcrumb\",\"itemListElement\":[{\"@type\":\"ListItem\",\"position\":1,\"name\":\"Home\",\"item\":\"https:\/\/dev.tg4.ie\/ga\/\"},{\"@type\":\"ListItem\",\"position\":2,\"name\":\"Eolas\",\"item\":\"https:\/\/dev.tg4.ie\/ga\/eolas\/\"},{\"@type\":\"ListItem\",\"position\":3,\"name\":\"Preas\",\"item\":\"https:\/\/dev.tg4.ie\/ga\/eolas\/preas\/\"},{\"@type\":\"ListItem\",\"position\":4,\"name\":\"Nuacht R\u00e1itis\",\"item\":\"https:\/\/dev.tg4.ie\/ga\/eolas\/preas\/nuacht-raitis\/\"},{\"@type\":\"ListItem\",\"position\":5,\"name\":\"2018\",\"item\":\"https:\/\/dev.tg4.ie\/ga\/eolas\/preas\/nuacht-raitis\/2018-2\/\"},{\"@type\":\"ListItem\",\"position\":6,\"name\":\"Sc\u00e9im &#8216;Amharc&#8217; Oscailte d\u2019Iarratais Ar\u00eds\"}]},{\"@type\":\"WebSite\",\"@id\":\"https:\/\/dev.tg4.ie\/en\/#website\",\"url\":\"https:\/\/dev.tg4.ie\/en\/\",\"name\":\"TG4\",\"description\":\"S\u00fail Eile\",\"potentialAction\":[{\"@type\":\"SearchAction\",\"target\":{\"@type\":\"EntryPoint\",\"urlTemplate\":\"https:\/\/dev.tg4.ie\/en\/?s={search_term_string}\"},\"query-input\":\"required name=search_term_string\"}],\"inLanguage\":\"ga\"}]}<\/script>\n<!-- \/ Yoast SEO plugin. -->","yoast_head_json":{"title":"Sc\u00e9im 'Amharc' Oscailte d\u2019Iarratais Ar\u00eds - TG4","robots":{"index":"index","follow":"follow","max-snippet":"max-snippet:-1","max-image-preview":"max-image-preview:large","max-video-preview":"max-video-preview:-1"},"og_locale":"en_US","og_type":"article","og_title":"Sc\u00e9im 'Amharc' Oscailte d\u2019Iarratais Ar\u00eds - TG4","og_description":"Buna\u00edodh an sc\u00e9im \u2018Amharc\u2019 chun tac\u00fa le m\u00f3rl\u00e9irithe scann\u00e1in fhaisn\u00e9ise ar shaol agus d\u00e9ant\u00fas na n-eala\u00edon i dTuaisceart \u00c9ireann an lae inniu. \u00a0Beidh m\u00f3rshaothair \u00e1 gcruth\u00fa faoin sc\u00e9im, m\u00f3rshaothair a chuirfidh le saibhreas phr\u00edomhsceideal cl\u00e1r BBC NI agus TG4, agus a thaispe\u00e1nfar sna hamharclanna. Beidh gach r\u00e9imse eala\u00edne san \u00e1ireamh agus c\u00e9 go bhfuil seo [&hellip;]","og_url":"https:\/\/dev.tg4.ie\/ga\/eolas\/preas\/nuacht-raitis\/2018-2\/sceim-amharc-oscailte-diarratais-aris\/","og_site_name":"TG4","article_publisher":"https:\/\/www.facebook.com\/TG4TV","article_modified_time":"2019-07-01T12:02:43+00:00","og_image":[{"width":1920,"height":1080,"url":"https:\/\/tg4-docs.s3.amazonaws.com\/tg4-redesign-2015\/wp-content\/uploads\/2018\/11\/Seoladh_Amharc_1_dpno7e.jpg","type":"image\/jpeg"}],"twitter_card":"summary_large_image","twitter_site":"@TG4TV","twitter_misc":{"Est. reading time":"3 minutes"},"schema":{"@context":"https:\/\/schema.org","@graph":[{"@type":"WebPage","@id":"https:\/\/dev.tg4.ie\/ga\/eolas\/preas\/nuacht-raitis\/2018-2\/sceim-amharc-oscailte-diarratais-aris\/","url":"https:\/\/dev.tg4.ie\/ga\/eolas\/preas\/nuacht-raitis\/2018-2\/sceim-amharc-oscailte-diarratais-aris\/","name":"Sc\u00e9im 'Amharc' Oscailte d\u2019Iarratais Ar\u00eds - TG4","isPartOf":{"@id":"https:\/\/dev.tg4.ie\/en\/#website"},"primaryImageOfPage":{"@id":"https:\/\/dev.tg4.ie\/ga\/eolas\/preas\/nuacht-raitis\/2018-2\/sceim-amharc-oscailte-diarratais-aris\/#primaryimage"},"image":{"@id":"https:\/\/dev.tg4.ie\/ga\/eolas\/preas\/nuacht-raitis\/2018-2\/sceim-amharc-oscailte-diarratais-aris\/#primaryimage"},"thumbnailUrl":"https:\/\/tg4-docs.s3.amazonaws.com\/tg4-redesign-2015\/wp-content\/uploads\/2018\/11\/Seoladh_Amharc_1_dpno7e.jpg","datePublished":"2018-11-16T11:59:42+00:00","dateModified":"2019-07-01T12:02:43+00:00","breadcrumb":{"@id":"https:\/\/dev.tg4.ie\/ga\/eolas\/preas\/nuacht-raitis\/2018-2\/sceim-amharc-oscailte-diarratais-aris\/#breadcrumb"},"inLanguage":"ga","potentialAction":[{"@type":"ReadAction","target":["https:\/\/dev.tg4.ie\/ga\/eolas\/preas\/nuacht-raitis\/2018-2\/sceim-amharc-oscailte-diarratais-aris\/"]}]},{"@type":"ImageObject","inLanguage":"ga","@id":"https:\/\/dev.tg4.ie\/ga\/eolas\/preas\/nuacht-raitis\/2018-2\/sceim-amharc-oscailte-diarratais-aris\/#primaryimage","url":"https:\/\/tg4-docs.s3.amazonaws.com\/tg4-redesign-2015\/wp-content\/uploads\/2018\/11\/Seoladh_Amharc_1_dpno7e.jpg","contentUrl":"https:\/\/tg4-docs.s3.amazonaws.com\/tg4-redesign-2015\/wp-content\/uploads\/2018\/11\/Seoladh_Amharc_1_dpno7e.jpg","width":1920,"height":1080},{"@type":"BreadcrumbList","@id":"https:\/\/dev.tg4.ie\/ga\/eolas\/preas\/nuacht-raitis\/2018-2\/sceim-amharc-oscailte-diarratais-aris\/#breadcrumb","itemListElement":[{"@type":"ListItem","position":1,"name":"Home","item":"https:\/\/dev.tg4.ie\/ga\/"},{"@type":"ListItem","position":2,"name":"Eolas","item":"https:\/\/dev.tg4.ie\/ga\/eolas\/"},{"@type":"ListItem","position":3,"name":"Preas","item":"https:\/\/dev.tg4.ie\/ga\/eolas\/preas\/"},{"@type":"ListItem","position":4,"name":"Nuacht R\u00e1itis","item":"https:\/\/dev.tg4.ie\/ga\/eolas\/preas\/nuacht-raitis\/"},{"@type":"ListItem","position":5,"name":"2018","item":"https:\/\/dev.tg4.ie\/ga\/eolas\/preas\/nuacht-raitis\/2018-2\/"},{"@type":"ListItem","position":6,"name":"Sc\u00e9im &#8216;Amharc&#8217; Oscailte d\u2019Iarratais Ar\u00eds"}]},{"@type":"WebSite","@id":"https:\/\/dev.tg4.ie\/en\/#website","url":"https:\/\/dev.tg4.ie\/en\/","name":"TG4","description":"S\u00fail Eile","potentialAction":[{"@type":"SearchAction","target":{"@type":"EntryPoint","urlTemplate":"https:\/\/dev.tg4.ie\/en\/?s={search_term_string}"},"query-input":"required name=search_term_string"}],"inLanguage":"ga"}]}},"_links":{"self":[{"href":"https:\/\/dev.tg4.ie\/ga\/wp-json\/wp\/v2\/pages\/96228"}],"collection":[{"href":"https:\/\/dev.tg4.ie\/ga\/wp-json\/wp\/v2\/pages"}],"about":[{"href":"https:\/\/dev.tg4.ie\/ga\/wp-json\/wp\/v2\/types\/page"}],"author":[{"embeddable":true,"href":"https:\/\/dev.tg4.ie\/ga\/wp-json\/wp\/v2\/users\/876"}],"replies":[{"embeddable":true,"href":"https:\/\/dev.tg4.ie\/ga\/wp-json\/wp\/v2\/comments?post=96228"}],"version-history":[{"count":0,"href":"https:\/\/dev.tg4.ie\/ga\/wp-json\/wp\/v2\/pages\/96228\/revisions"}],"up":[{"embeddable":true,"href":"https:\/\/dev.tg4.ie\/ga\/wp-json\/wp\/v2\/pages\/72849"}],"wp:featuredmedia":[{"embeddable":true,"href":"https:\/\/dev.tg4.ie\/ga\/wp-json\/wp\/v2\/media\/96230"}],"wp:attachment":[{"href":"https:\/\/dev.tg4.ie\/ga\/wp-json\/wp\/v2\/media?parent=96228"}],"curies":[{"name":"wp","href":"https:\/\/api.w.org\/{rel}","templated":true}]}}