{"id":96474,"date":"2018-11-22T12:12:42","date_gmt":"2018-11-22T12:12:42","guid":{"rendered":"https:\/\/dev.tg4.ie\/?page_id=96474"},"modified":"2019-07-01T14:27:32","modified_gmt":"2019-07-01T13:27:32","slug":"meascan-den-nua-agus-den-sean-a-bheidh-sa-tsraith-nua-ceoil-tradfesttg4","status":"publish","type":"page","link":"https:\/\/dev.tg4.ie\/ga\/eolas\/preas\/nuacht-raitis\/2018-2\/meascan-den-nua-agus-den-sean-a-bheidh-sa-tsraith-nua-ceoil-tradfesttg4\/","title":{"rendered":"Measc\u00e1n den Nua agus den Sean a bheidh sa tSraith Nua Ceoil TradfestTG4 a thos\u00f3idh ar TG4 D\u00e9 Domhnaigh an 25 Samhain ag 9.30pm"},"content":{"rendered":"<p>Ba iad Aniar a l\u00e9irigh an tsraith, \u2018TradfestTG4\u2019<span>\u00a0<\/span><span>, <\/span>agus d&#8217;\u00e9irigh leo nasc agus neasacht gach st\u00edl den cheol thraidisi\u00fanta, idir dh\u00fachasach agus chomhaimseartha, a chur os \u00e1r gcomhair.<\/p>\n<p>T\u00e1 rithim bhr\u00edomhar na f\u00e9ile ar leith seo, a tharraing aird an phobail le linn sheachtain bhre\u00e1 ceoil i gcro\u00edl\u00e1r Chathair Bhaile \u00c1tha Cliath i m\u00ed Ean\u00e1ir, le brath i ngach cl\u00e1r.<span>\u00a0<\/span><\/p>\n<p>Is ar an gceol den chuid is m\u00f3 at\u00e1 na cl\u00e1ir seo bunaithe agus is fidl\u00e9ir agus amhr\u00e1na\u00ed m\u00f3r le r\u00e1 \u00ed l\u00e1ithreoir an chl\u00e1ir, Doireann N\u00ed Ghlac\u00e1in as Baile \u00c1tha Cliath. Bean \u00ed Doireann a bhfuil traidisi\u00fan ceoil mhuintir U\u00ed Riada agus mhuintir Glackin go smior inti, agus cuireann s\u00ed an cl\u00e1r i l\u00e1thair go heolasach agus go n\u00e1d\u00fartha.<span>\u00a0<\/span><\/p>\n<p>Casaim\u00edd leis na ceolt\u00f3ir\u00ed i roinnt de na h\u00e1iteanna is bre\u00e1tha i mBaile \u00c1tha Cliath agus nochtfar an paisean neamhchoitianta seo at\u00e1 de dh\u00edth chun cuisle cult\u00fair na h\u00c9ireann a choinne\u00e1il ag bualadh.<span>\u00a0<\/span>\u00a0Beidh pl\u00far na gceolt\u00f3ir\u00ed traidisi\u00fanta agus ceoil t\u00edre le feice\u00e1il i mbun a gceirde in ionaid bheaga agus in ionaid mh\u00f3ra The Printworks i gCaisle\u00e1n Bhaile \u00c1tha Cliath, ia measc.<span>\u00a0<\/span> Chuir ionaid eile mar Na P\u00edobair\u00ed Uilleann agus The Fiddle Workshops ar Shr\u00e1id Ch\u00e9ipil c\u00falra thar a bheith pearsanta ar f\u00e1il le haghaidh ceolt\u00f3ir\u00ed aonair a bh\u00ed i mbun ceoil agus le haghaidh agallamh.<\/p>\n<p>Taispe\u00e1nfar roinnt den mheasc\u00e1n bre\u00e1 ceoil, idir cheol comhaimseartha agus cheol traidisi\u00fanta a cuireadh chun st\u00e1itse le linn na f\u00e9ile seo \u00f3 cheolt\u00f3ir\u00ed cl\u00faiteacha mar S\u00e9amus Begley, Frankie Gavin agus T\u00e9ada agus \u00f3 cheolt\u00f3ir\u00ed comhaimseartha mar Shelby Lynne agus Alison Moorer, I Draw Slow agus Martin Haley &amp; Daniel Kimbor.<span>\u00a0<\/span><\/p>\n<p>&#8220;T\u00e1 r\u00edm\u00e9ad orainn go bhfuaireamar an deis seo chun ceolt\u00f3ir\u00ed n\u00e1isi\u00fanta agus idirn\u00e1isi\u00fanta a chur os comhair lucht f\u00e9achana ceoil thraidisi\u00fanta TG4, lucht f\u00e9achana at\u00e1 ag dul i m\u00e9id, agus chun roinnt de na ceolt\u00f3ir\u00ed bre\u00e1tha nua eile at\u00e1 ag teacht chun cinn anseo in \u00c9irinn a chur in aithne d\u00f3ibh,&#8221; a d\u00fairt Sti\u00farth\u00f3ir Cruthaitheach Aniar, Niamh N\u00ed Bhaoill.<span>\u00a0<\/span><\/p>\n<p>&#8220;L\u00e9irigh Aniar an tsraith seo i gcomhar leis an Temple Bar Company agus TG4 chun an chuid is fearr de Tradfest a thaispe\u00e1int, agus chun go mbeadh f\u00e1il ag an m\u00e9id lucht f\u00e9achana agus ab fh\u00e9idir ar an bhf\u00e9ile chomh maith.<span>\u00a0<\/span><\/p>\n<p>Beidh &#8216;Tradfest TG4&#8217;, a sti\u00fair Maurice Linnane agus a l\u00e9irigh Ciar\u00e1n \u00d3 Maonaigh, <strong>ag tos\u00fa ar TG4 an 25 Samhain ag 9.30pm.<\/strong><\/p>\n<p><span><a href=\"https:\/\/twitter.com\/TG4TV\" target=\"_blank\" rel=\"noopener noreferrer\">@TG4TV<\/a>\u00a0 \u00a0<a href=\"https:\/\/twitter.com\/search?f=tweets&amp;vertical=default&amp;q=%23Tradfest&amp;src=typd\" target=\"_blank\" rel=\"noopener noreferrer\">#Tradfest<\/a><\/span><\/p>\n<p><strong>Tuilleadh eolais: <\/strong><\/p>\n<ul>\n<li><span>Aniar: Niamh N\u00ed Bhaoill 066 9152555 <a href=\"mailto:niamh@aniartv.ie\" target=\"_blank\" rel=\"noopener noreferrer\">niamh@aniartv.ie<\/a><\/span><\/li>\n<li><span>TG4: Linda N\u00ed Ghr\u00edofa 091 505050 <a href=\"mailto:linda.ni.ghriofa@dev.tg4.ie\" target=\"_blank\" rel=\"noopener noreferrer\">linda.ni.ghriofa@dev.tg4.ie<\/a><\/span><\/li>\n<\/ul>\n","protected":false},"excerpt":{"rendered":"<p>Ba iad Aniar a l\u00e9irigh an tsraith, \u2018TradfestTG4\u2019\u00a0, agus d&#8217;\u00e9irigh leo nasc agus neasacht gach st\u00edl den cheol thraidisi\u00fanta, idir dh\u00fachasach agus chomhaimseartha, a chur os \u00e1r gcomhair. T\u00e1 rithim bhr\u00edomhar na f\u00e9ile ar leith seo, a tharraing aird an phobail le linn sheachtain bhre\u00e1 ceoil i gcro\u00edl\u00e1r Chathair Bhaile \u00c1tha Cliath i m\u00ed Ean\u00e1ir, [&hellip;]<\/p>\n","protected":false},"author":876,"featured_media":94904,"parent":72849,"menu_order":50,"comment_status":"closed","ping_status":"closed","template":"page-templates\/template-pr.php","meta":{"_acf_changed":false,"footnotes":""},"acf":[],"yoast_head":"<!-- This site is optimized with the Yoast SEO plugin v22.6 - https:\/\/yoast.com\/wordpress\/plugins\/seo\/ -->\n<title>Measc\u00e1n den Nua agus den Sean a bheidh sa tSraith Nua Ceoil TradfestTG4 a thos\u00f3idh ar TG4 D\u00e9 Domhnaigh an 25 Samhain ag 9.30pm - TG4<\/title>\n<meta name=\"robots\" content=\"index, follow, max-snippet:-1, max-image-preview:large, max-video-preview:-1\" \/>\n<meta property=\"og:locale\" content=\"en_US\" \/>\n<meta property=\"og:type\" content=\"article\" \/>\n<meta property=\"og:title\" content=\"Measc\u00e1n den Nua agus den Sean a bheidh sa tSraith Nua Ceoil TradfestTG4 a thos\u00f3idh ar TG4 D\u00e9 Domhnaigh an 25 Samhain ag 9.30pm - TG4\" \/>\n<meta property=\"og:description\" content=\"Ba iad Aniar a l\u00e9irigh an tsraith, \u2018TradfestTG4\u2019\u00a0, agus d&#8217;\u00e9irigh leo nasc agus neasacht gach st\u00edl den cheol thraidisi\u00fanta, idir dh\u00fachasach agus chomhaimseartha, a chur os \u00e1r gcomhair. T\u00e1 rithim bhr\u00edomhar na f\u00e9ile ar leith seo, a tharraing aird an phobail le linn sheachtain bhre\u00e1 ceoil i gcro\u00edl\u00e1r Chathair Bhaile \u00c1tha Cliath i m\u00ed Ean\u00e1ir, [&hellip;]\" \/>\n<meta property=\"og:url\" content=\"https:\/\/dev.tg4.ie\/ga\/eolas\/preas\/nuacht-raitis\/2018-2\/meascan-den-nua-agus-den-sean-a-bheidh-sa-tsraith-nua-ceoil-tradfesttg4\/\" \/>\n<meta property=\"og:site_name\" content=\"TG4\" \/>\n<meta property=\"article:publisher\" content=\"https:\/\/www.facebook.com\/TG4TV\" \/>\n<meta property=\"article:modified_time\" content=\"2019-07-01T13:27:32+00:00\" \/>\n<meta property=\"og:image\" content=\"https:\/\/tg4-docs.s3.amazonaws.com\/tg4-redesign-2015\/wp-content\/uploads\/2018\/10\/Doireann_Ni%CC%81_Ghlaca%CC%81in_TradFest.jpg\" \/>\n\t<meta property=\"og:image:width\" content=\"1920\" \/>\n\t<meta property=\"og:image:height\" content=\"1080\" \/>\n\t<meta property=\"og:image:type\" content=\"image\/jpeg\" \/>\n<meta name=\"twitter:card\" content=\"summary_large_image\" \/>\n<meta name=\"twitter:site\" content=\"@TG4TV\" \/>\n<meta name=\"twitter:label1\" content=\"Est. reading time\" \/>\n\t<meta name=\"twitter:data1\" content=\"2 minutes\" \/>\n<script type=\"application\/ld+json\" class=\"yoast-schema-graph\">{\"@context\":\"https:\/\/schema.org\",\"@graph\":[{\"@type\":\"WebPage\",\"@id\":\"https:\/\/dev.tg4.ie\/ga\/eolas\/preas\/nuacht-raitis\/2018-2\/meascan-den-nua-agus-den-sean-a-bheidh-sa-tsraith-nua-ceoil-tradfesttg4\/\",\"url\":\"https:\/\/dev.tg4.ie\/ga\/eolas\/preas\/nuacht-raitis\/2018-2\/meascan-den-nua-agus-den-sean-a-bheidh-sa-tsraith-nua-ceoil-tradfesttg4\/\",\"name\":\"Measc\u00e1n den Nua agus den Sean a bheidh sa tSraith Nua Ceoil TradfestTG4 a thos\u00f3idh ar TG4 D\u00e9 Domhnaigh an 25 Samhain ag 9.30pm - TG4\",\"isPartOf\":{\"@id\":\"https:\/\/dev.tg4.ie\/en\/#website\"},\"primaryImageOfPage\":{\"@id\":\"https:\/\/dev.tg4.ie\/ga\/eolas\/preas\/nuacht-raitis\/2018-2\/meascan-den-nua-agus-den-sean-a-bheidh-sa-tsraith-nua-ceoil-tradfesttg4\/#primaryimage\"},\"image\":{\"@id\":\"https:\/\/dev.tg4.ie\/ga\/eolas\/preas\/nuacht-raitis\/2018-2\/meascan-den-nua-agus-den-sean-a-bheidh-sa-tsraith-nua-ceoil-tradfesttg4\/#primaryimage\"},\"thumbnailUrl\":\"https:\/\/tg4-docs.s3.amazonaws.com\/tg4-redesign-2015\/wp-content\/uploads\/2018\/10\/Doireann_Ni%CC%81_Ghlaca%CC%81in_TradFest.jpg\",\"datePublished\":\"2018-11-22T12:12:42+00:00\",\"dateModified\":\"2019-07-01T13:27:32+00:00\",\"breadcrumb\":{\"@id\":\"https:\/\/dev.tg4.ie\/ga\/eolas\/preas\/nuacht-raitis\/2018-2\/meascan-den-nua-agus-den-sean-a-bheidh-sa-tsraith-nua-ceoil-tradfesttg4\/#breadcrumb\"},\"inLanguage\":\"ga\",\"potentialAction\":[{\"@type\":\"ReadAction\",\"target\":[\"https:\/\/dev.tg4.ie\/ga\/eolas\/preas\/nuacht-raitis\/2018-2\/meascan-den-nua-agus-den-sean-a-bheidh-sa-tsraith-nua-ceoil-tradfesttg4\/\"]}]},{\"@type\":\"ImageObject\",\"inLanguage\":\"ga\",\"@id\":\"https:\/\/dev.tg4.ie\/ga\/eolas\/preas\/nuacht-raitis\/2018-2\/meascan-den-nua-agus-den-sean-a-bheidh-sa-tsraith-nua-ceoil-tradfesttg4\/#primaryimage\",\"url\":\"https:\/\/tg4-docs.s3.amazonaws.com\/tg4-redesign-2015\/wp-content\/uploads\/2018\/10\/Doireann_Ni%CC%81_Ghlaca%CC%81in_TradFest.jpg\",\"contentUrl\":\"https:\/\/tg4-docs.s3.amazonaws.com\/tg4-redesign-2015\/wp-content\/uploads\/2018\/10\/Doireann_Ni%CC%81_Ghlaca%CC%81in_TradFest.jpg\",\"width\":1920,\"height\":1080,\"caption\":\"Doireann Ni\u0301 Ghlaca\u0301in - TradFest\"},{\"@type\":\"BreadcrumbList\",\"@id\":\"https:\/\/dev.tg4.ie\/ga\/eolas\/preas\/nuacht-raitis\/2018-2\/meascan-den-nua-agus-den-sean-a-bheidh-sa-tsraith-nua-ceoil-tradfesttg4\/#breadcrumb\",\"itemListElement\":[{\"@type\":\"ListItem\",\"position\":1,\"name\":\"Home\",\"item\":\"https:\/\/dev.tg4.ie\/ga\/\"},{\"@type\":\"ListItem\",\"position\":2,\"name\":\"Eolas\",\"item\":\"https:\/\/dev.tg4.ie\/ga\/eolas\/\"},{\"@type\":\"ListItem\",\"position\":3,\"name\":\"Preas\",\"item\":\"https:\/\/dev.tg4.ie\/ga\/eolas\/preas\/\"},{\"@type\":\"ListItem\",\"position\":4,\"name\":\"Nuacht R\u00e1itis\",\"item\":\"https:\/\/dev.tg4.ie\/ga\/eolas\/preas\/nuacht-raitis\/\"},{\"@type\":\"ListItem\",\"position\":5,\"name\":\"2018\",\"item\":\"https:\/\/dev.tg4.ie\/ga\/eolas\/preas\/nuacht-raitis\/2018-2\/\"},{\"@type\":\"ListItem\",\"position\":6,\"name\":\"Measc\u00e1n den Nua agus den Sean a bheidh sa tSraith Nua Ceoil TradfestTG4 a thos\u00f3idh ar TG4 D\u00e9 Domhnaigh an 25 Samhain ag 9.30pm\"}]},{\"@type\":\"WebSite\",\"@id\":\"https:\/\/dev.tg4.ie\/en\/#website\",\"url\":\"https:\/\/dev.tg4.ie\/en\/\",\"name\":\"TG4\",\"description\":\"S\u00fail Eile\",\"potentialAction\":[{\"@type\":\"SearchAction\",\"target\":{\"@type\":\"EntryPoint\",\"urlTemplate\":\"https:\/\/dev.tg4.ie\/en\/?s={search_term_string}\"},\"query-input\":\"required name=search_term_string\"}],\"inLanguage\":\"ga\"}]}<\/script>\n<!-- \/ Yoast SEO plugin. -->","yoast_head_json":{"title":"Measc\u00e1n den Nua agus den Sean a bheidh sa tSraith Nua Ceoil TradfestTG4 a thos\u00f3idh ar TG4 D\u00e9 Domhnaigh an 25 Samhain ag 9.30pm - TG4","robots":{"index":"index","follow":"follow","max-snippet":"max-snippet:-1","max-image-preview":"max-image-preview:large","max-video-preview":"max-video-preview:-1"},"og_locale":"en_US","og_type":"article","og_title":"Measc\u00e1n den Nua agus den Sean a bheidh sa tSraith Nua Ceoil TradfestTG4 a thos\u00f3idh ar TG4 D\u00e9 Domhnaigh an 25 Samhain ag 9.30pm - TG4","og_description":"Ba iad Aniar a l\u00e9irigh an tsraith, \u2018TradfestTG4\u2019\u00a0, agus d&#8217;\u00e9irigh leo nasc agus neasacht gach st\u00edl den cheol thraidisi\u00fanta, idir dh\u00fachasach agus chomhaimseartha, a chur os \u00e1r gcomhair. T\u00e1 rithim bhr\u00edomhar na f\u00e9ile ar leith seo, a tharraing aird an phobail le linn sheachtain bhre\u00e1 ceoil i gcro\u00edl\u00e1r Chathair Bhaile \u00c1tha Cliath i m\u00ed Ean\u00e1ir, [&hellip;]","og_url":"https:\/\/dev.tg4.ie\/ga\/eolas\/preas\/nuacht-raitis\/2018-2\/meascan-den-nua-agus-den-sean-a-bheidh-sa-tsraith-nua-ceoil-tradfesttg4\/","og_site_name":"TG4","article_publisher":"https:\/\/www.facebook.com\/TG4TV","article_modified_time":"2019-07-01T13:27:32+00:00","og_image":[{"width":1920,"height":1080,"url":"https:\/\/tg4-docs.s3.amazonaws.com\/tg4-redesign-2015\/wp-content\/uploads\/2018\/10\/Doireann_Ni%CC%81_Ghlaca%CC%81in_TradFest.jpg","type":"image\/jpeg"}],"twitter_card":"summary_large_image","twitter_site":"@TG4TV","twitter_misc":{"Est. reading time":"2 minutes"},"schema":{"@context":"https:\/\/schema.org","@graph":[{"@type":"WebPage","@id":"https:\/\/dev.tg4.ie\/ga\/eolas\/preas\/nuacht-raitis\/2018-2\/meascan-den-nua-agus-den-sean-a-bheidh-sa-tsraith-nua-ceoil-tradfesttg4\/","url":"https:\/\/dev.tg4.ie\/ga\/eolas\/preas\/nuacht-raitis\/2018-2\/meascan-den-nua-agus-den-sean-a-bheidh-sa-tsraith-nua-ceoil-tradfesttg4\/","name":"Measc\u00e1n den Nua agus den Sean a bheidh sa tSraith Nua Ceoil TradfestTG4 a thos\u00f3idh ar TG4 D\u00e9 Domhnaigh an 25 Samhain ag 9.30pm - TG4","isPartOf":{"@id":"https:\/\/dev.tg4.ie\/en\/#website"},"primaryImageOfPage":{"@id":"https:\/\/dev.tg4.ie\/ga\/eolas\/preas\/nuacht-raitis\/2018-2\/meascan-den-nua-agus-den-sean-a-bheidh-sa-tsraith-nua-ceoil-tradfesttg4\/#primaryimage"},"image":{"@id":"https:\/\/dev.tg4.ie\/ga\/eolas\/preas\/nuacht-raitis\/2018-2\/meascan-den-nua-agus-den-sean-a-bheidh-sa-tsraith-nua-ceoil-tradfesttg4\/#primaryimage"},"thumbnailUrl":"https:\/\/tg4-docs.s3.amazonaws.com\/tg4-redesign-2015\/wp-content\/uploads\/2018\/10\/Doireann_Ni%CC%81_Ghlaca%CC%81in_TradFest.jpg","datePublished":"2018-11-22T12:12:42+00:00","dateModified":"2019-07-01T13:27:32+00:00","breadcrumb":{"@id":"https:\/\/dev.tg4.ie\/ga\/eolas\/preas\/nuacht-raitis\/2018-2\/meascan-den-nua-agus-den-sean-a-bheidh-sa-tsraith-nua-ceoil-tradfesttg4\/#breadcrumb"},"inLanguage":"ga","potentialAction":[{"@type":"ReadAction","target":["https:\/\/dev.tg4.ie\/ga\/eolas\/preas\/nuacht-raitis\/2018-2\/meascan-den-nua-agus-den-sean-a-bheidh-sa-tsraith-nua-ceoil-tradfesttg4\/"]}]},{"@type":"ImageObject","inLanguage":"ga","@id":"https:\/\/dev.tg4.ie\/ga\/eolas\/preas\/nuacht-raitis\/2018-2\/meascan-den-nua-agus-den-sean-a-bheidh-sa-tsraith-nua-ceoil-tradfesttg4\/#primaryimage","url":"https:\/\/tg4-docs.s3.amazonaws.com\/tg4-redesign-2015\/wp-content\/uploads\/2018\/10\/Doireann_Ni%CC%81_Ghlaca%CC%81in_TradFest.jpg","contentUrl":"https:\/\/tg4-docs.s3.amazonaws.com\/tg4-redesign-2015\/wp-content\/uploads\/2018\/10\/Doireann_Ni%CC%81_Ghlaca%CC%81in_TradFest.jpg","width":1920,"height":1080,"caption":"Doireann Ni\u0301 Ghlaca\u0301in - TradFest"},{"@type":"BreadcrumbList","@id":"https:\/\/dev.tg4.ie\/ga\/eolas\/preas\/nuacht-raitis\/2018-2\/meascan-den-nua-agus-den-sean-a-bheidh-sa-tsraith-nua-ceoil-tradfesttg4\/#breadcrumb","itemListElement":[{"@type":"ListItem","position":1,"name":"Home","item":"https:\/\/dev.tg4.ie\/ga\/"},{"@type":"ListItem","position":2,"name":"Eolas","item":"https:\/\/dev.tg4.ie\/ga\/eolas\/"},{"@type":"ListItem","position":3,"name":"Preas","item":"https:\/\/dev.tg4.ie\/ga\/eolas\/preas\/"},{"@type":"ListItem","position":4,"name":"Nuacht R\u00e1itis","item":"https:\/\/dev.tg4.ie\/ga\/eolas\/preas\/nuacht-raitis\/"},{"@type":"ListItem","position":5,"name":"2018","item":"https:\/\/dev.tg4.ie\/ga\/eolas\/preas\/nuacht-raitis\/2018-2\/"},{"@type":"ListItem","position":6,"name":"Measc\u00e1n den Nua agus den Sean a bheidh sa tSraith Nua Ceoil TradfestTG4 a thos\u00f3idh ar TG4 D\u00e9 Domhnaigh an 25 Samhain ag 9.30pm"}]},{"@type":"WebSite","@id":"https:\/\/dev.tg4.ie\/en\/#website","url":"https:\/\/dev.tg4.ie\/en\/","name":"TG4","description":"S\u00fail Eile","potentialAction":[{"@type":"SearchAction","target":{"@type":"EntryPoint","urlTemplate":"https:\/\/dev.tg4.ie\/en\/?s={search_term_string}"},"query-input":"required name=search_term_string"}],"inLanguage":"ga"}]}},"_links":{"self":[{"href":"https:\/\/dev.tg4.ie\/ga\/wp-json\/wp\/v2\/pages\/96474"}],"collection":[{"href":"https:\/\/dev.tg4.ie\/ga\/wp-json\/wp\/v2\/pages"}],"about":[{"href":"https:\/\/dev.tg4.ie\/ga\/wp-json\/wp\/v2\/types\/page"}],"author":[{"embeddable":true,"href":"https:\/\/dev.tg4.ie\/ga\/wp-json\/wp\/v2\/users\/876"}],"replies":[{"embeddable":true,"href":"https:\/\/dev.tg4.ie\/ga\/wp-json\/wp\/v2\/comments?post=96474"}],"version-history":[{"count":0,"href":"https:\/\/dev.tg4.ie\/ga\/wp-json\/wp\/v2\/pages\/96474\/revisions"}],"up":[{"embeddable":true,"href":"https:\/\/dev.tg4.ie\/ga\/wp-json\/wp\/v2\/pages\/72849"}],"wp:featuredmedia":[{"embeddable":true,"href":"https:\/\/dev.tg4.ie\/ga\/wp-json\/wp\/v2\/media\/94904"}],"wp:attachment":[{"href":"https:\/\/dev.tg4.ie\/ga\/wp-json\/wp\/v2\/media?parent=96474"}],"curies":[{"name":"wp","href":"https:\/\/api.w.org\/{rel}","templated":true}]}}