{"id":96813,"date":"2018-11-27T16:47:21","date_gmt":"2018-11-27T16:47:21","guid":{"rendered":"https:\/\/dev.tg4.ie\/?page_id=96813"},"modified":"2019-07-01T14:31:30","modified_gmt":"2019-07-01T13:31:30","slug":"clar-facebook-beo-on-gcairpead-dearg-fogartha-ag-peil-na-mban-agus-tg4","status":"publish","type":"page","link":"https:\/\/dev.tg4.ie\/ga\/eolas\/preas\/nuacht-raitis\/2018-2\/clar-facebook-beo-on-gcairpead-dearg-fogartha-ag-peil-na-mban-agus-tg4\/","title":{"rendered":"Cl\u00e1r Facebook \u2018Beo \u00f3n gCairp\u00e9ad Dearg\u2019 f\u00f3gartha ag Peil na mBan agus TG4"},"content":{"rendered":"<p>Beidh an lucht f\u00e9achana in ann teacht ar shraith agallamh eisiach le himreoir\u00ed &amp; oifigigh roimh \u00f3c\u00e1id bhronnta Ghradaim R\u00e9alta\u00ed Pheil na mBan 2018 TG4.<\/p>\n<p>D\u00e9anfar an \u00f3c\u00e1id a shruth\u00fa beo ar leathanaigh Facebook <strong>Peil na mBan<\/strong> agus <strong>Sp\u00f3rt TG4<\/strong> \u00f3 6.30pm.<\/p>\n<p>Is \u00ed <strong>Gr\u00e1inne McElwain<\/strong> a chuirfidh <strong>\u2018Beo \u00f3n gCairp\u00e9ad Dearg\u2019<\/strong> i l\u00e1thair \u00f3na gcuirfidh s\u00ed agallaimh ar chuid de sh\u00e1rimreoir\u00ed na t\u00edre at\u00e1 ainmnithe do <strong>Ghradaim R\u00e9alta\u00ed Pheil na mBan TG4<\/strong>.<\/p>\n<p>Le linn<strong> \u2018Beo \u00f3n gCairp\u00e9ad Dearg\u2019 <\/strong>freisin a fh\u00f3gr\u00f3far<strong> \u2018Buaiteoir Ch\u00fal na Bliana\u2019, <\/strong>arna roghn\u00fa ag an bpobal tr\u00ed v\u00f3ta a chaitheamh ar shu\u00edomh idirl\u00edn TG4.<strong> \u00a0<\/strong>San ioma\u00edocht don ghradam t\u00e1 &#8211; <strong>Caitr\u00edona Cormican<\/strong> (Gaillimh), <strong>Niamh Hughes<\/strong> (T\u00edr Eoghain), <strong>\u00c1ine O\u2019Sullivan<\/strong> (Corcaigh), <strong>Nicole Owens<\/strong> (Baile \u00c1tha Cliath) agus <strong>Alice Kelly <\/strong>(Ros Com\u00e1in).<\/p>\n<p>F\u00f3gr\u00f3far buaiteoir\u00ed <strong>Ghradaim R\u00e9alta\u00ed Pheil na mBan TG4<\/strong> amach san o\u00edche mar aon le h<strong>Imreoir na Bliana <\/strong>arna roghn\u00fa ag na hImreoir\u00ed f\u00e9in i ngr\u00e1d na s\u00f3isear, an gr\u00e1d idirmhe\u00e1nach agus i ngr\u00e1d na sinsear.<\/p>\n<p>Deir Ard-Sti\u00farth\u00f3ir TG4, <strong>Alan Esslemont<\/strong>, go bhfuil an st\u00e1isi\u00fan iontach s\u00e1sta a bheith ag tabhairt ard\u00e1n d\u2019\u00f3c\u00e1id bronnta na R\u00e9alta\u00ed.<\/p>\n<p><em>\u201cBeidh an st\u00edl ar an gcairp\u00e9ad dearg san o\u00edche D\u00e9 Sathairn inchurtha leis an st\u00edl agus cumas iontach a chonacthas \u00f3na l\u00fathchleasaithe iontacha seo ar ph\u00e1irc na himeartha ar fud na t\u00edre le linn na bliana\u201d<\/em> a d\u00fairt s\u00e9.\u00a0<em>\u201cTugann Gradaim R\u00e9alta\u00ed Pheil na mBan TG4\u00a0 an t-aitheantas cu\u00ed do na gaisc\u00ed a rinneadh ag gach leibh\u00e9al\u201d<\/em>.<\/p>\n<p>Deir Pr\u00edomhfheidmeannach Pheil na mBan <strong>Helen O\u2019Rourke<\/strong>: <em>\u201cT\u00e1 r\u00edm\u00e9ad orainn bheith i gcomhph\u00e1irt\u00edocht le TG4, urraitheoir\u00ed an chraobhchom\u00f3rtais, chun l\u00e9argas a thabhairt don phobal ar o\u00edche na R\u00e9alta\u00ed.\u201d<\/em><\/p>\n<p><em>\u201cAithn\u00edtear leis an \u00f3c\u00e1id seo scoth na tallainne idirchontae agus tugann an craoladh beo seo faobhar nua do na himeachta\u00ed agus don cheili\u00faradh\u201d<\/em>.<\/p>\n<p>Is f\u00e9idir dul chuig leathanach Facebook <strong>Sp\u00f3rt TG4<\/strong> <a href=\"https:\/\/www.facebook.com\/SportTG4\/\" target=\"_blank\" rel=\"noopener noreferrer\">anseo<\/a>.<\/p>\n<p>Agus is f\u00e9idir dul chuig leathanach <strong>Peil na mBan<\/strong> ach clice\u00e1il ar <a href=\"https:\/\/www.facebook.com\/LadiesGaelicFootball\/\" target=\"_blank\" rel=\"noopener noreferrer\">an nasc seo<\/a>.<\/p>\n","protected":false},"excerpt":{"rendered":"<p>Beidh an lucht f\u00e9achana in ann teacht ar shraith agallamh eisiach le himreoir\u00ed &amp; oifigigh roimh \u00f3c\u00e1id bhronnta Ghradaim R\u00e9alta\u00ed Pheil na mBan 2018 TG4. D\u00e9anfar an \u00f3c\u00e1id a shruth\u00fa beo ar leathanaigh Facebook Peil na mBan agus Sp\u00f3rt TG4 \u00f3 6.30pm. Is \u00ed Gr\u00e1inne McElwain a chuirfidh \u2018Beo \u00f3n gCairp\u00e9ad Dearg\u2019 i l\u00e1thair \u00f3na [&hellip;]<\/p>\n","protected":false},"author":876,"featured_media":89637,"parent":72849,"menu_order":51,"comment_status":"closed","ping_status":"closed","template":"page-templates\/template-pr.php","meta":{"_acf_changed":false,"footnotes":""},"acf":[],"yoast_head":"<!-- This site is optimized with the Yoast SEO plugin v22.6 - https:\/\/yoast.com\/wordpress\/plugins\/seo\/ -->\n<title>Cl\u00e1r Facebook \u2018Beo \u00f3n gCairp\u00e9ad Dearg\u2019 f\u00f3gartha ag Peil na mBan agus TG4 - TG4<\/title>\n<meta name=\"robots\" content=\"index, follow, max-snippet:-1, max-image-preview:large, max-video-preview:-1\" \/>\n<meta property=\"og:locale\" content=\"en_US\" \/>\n<meta property=\"og:type\" content=\"article\" \/>\n<meta property=\"og:title\" content=\"Cl\u00e1r Facebook \u2018Beo \u00f3n gCairp\u00e9ad Dearg\u2019 f\u00f3gartha ag Peil na mBan agus TG4 - TG4\" \/>\n<meta property=\"og:description\" content=\"Beidh an lucht f\u00e9achana in ann teacht ar shraith agallamh eisiach le himreoir\u00ed &amp; oifigigh roimh \u00f3c\u00e1id bhronnta Ghradaim R\u00e9alta\u00ed Pheil na mBan 2018 TG4. D\u00e9anfar an \u00f3c\u00e1id a shruth\u00fa beo ar leathanaigh Facebook Peil na mBan agus Sp\u00f3rt TG4 \u00f3 6.30pm. Is \u00ed Gr\u00e1inne McElwain a chuirfidh \u2018Beo \u00f3n gCairp\u00e9ad Dearg\u2019 i l\u00e1thair \u00f3na [&hellip;]\" \/>\n<meta property=\"og:url\" content=\"https:\/\/dev.tg4.ie\/ga\/eolas\/preas\/nuacht-raitis\/2018-2\/clar-facebook-beo-on-gcairpead-dearg-fogartha-ag-peil-na-mban-agus-tg4\/\" \/>\n<meta property=\"og:site_name\" content=\"TG4\" \/>\n<meta property=\"article:publisher\" content=\"https:\/\/www.facebook.com\/TG4TV\" \/>\n<meta property=\"article:modified_time\" content=\"2019-07-01T13:31:30+00:00\" \/>\n<meta property=\"og:image\" content=\"https:\/\/tg4-docs.s3.amazonaws.com\/tg4-redesign-2015\/wp-content\/uploads\/2018\/07\/Peil-na-mBan-2018-Si%C3%BAl-sa-Coill.jpg\" \/>\n\t<meta property=\"og:image:width\" content=\"1920\" \/>\n\t<meta property=\"og:image:height\" content=\"1080\" \/>\n\t<meta property=\"og:image:type\" content=\"image\/jpeg\" \/>\n<meta name=\"twitter:card\" content=\"summary_large_image\" \/>\n<meta name=\"twitter:site\" content=\"@TG4TV\" \/>\n<meta name=\"twitter:label1\" content=\"Est. reading time\" \/>\n\t<meta name=\"twitter:data1\" content=\"2 minutes\" \/>\n<script type=\"application\/ld+json\" class=\"yoast-schema-graph\">{\"@context\":\"https:\/\/schema.org\",\"@graph\":[{\"@type\":\"WebPage\",\"@id\":\"https:\/\/dev.tg4.ie\/ga\/eolas\/preas\/nuacht-raitis\/2018-2\/clar-facebook-beo-on-gcairpead-dearg-fogartha-ag-peil-na-mban-agus-tg4\/\",\"url\":\"https:\/\/dev.tg4.ie\/ga\/eolas\/preas\/nuacht-raitis\/2018-2\/clar-facebook-beo-on-gcairpead-dearg-fogartha-ag-peil-na-mban-agus-tg4\/\",\"name\":\"Cl\u00e1r Facebook \u2018Beo \u00f3n gCairp\u00e9ad Dearg\u2019 f\u00f3gartha ag Peil na mBan agus TG4 - TG4\",\"isPartOf\":{\"@id\":\"https:\/\/dev.tg4.ie\/en\/#website\"},\"primaryImageOfPage\":{\"@id\":\"https:\/\/dev.tg4.ie\/ga\/eolas\/preas\/nuacht-raitis\/2018-2\/clar-facebook-beo-on-gcairpead-dearg-fogartha-ag-peil-na-mban-agus-tg4\/#primaryimage\"},\"image\":{\"@id\":\"https:\/\/dev.tg4.ie\/ga\/eolas\/preas\/nuacht-raitis\/2018-2\/clar-facebook-beo-on-gcairpead-dearg-fogartha-ag-peil-na-mban-agus-tg4\/#primaryimage\"},\"thumbnailUrl\":\"https:\/\/tg4-docs.s3.amazonaws.com\/tg4-redesign-2015\/wp-content\/uploads\/2018\/07\/Peil-na-mBan-2018-Si%C3%BAl-sa-Coill.jpg\",\"datePublished\":\"2018-11-27T16:47:21+00:00\",\"dateModified\":\"2019-07-01T13:31:30+00:00\",\"breadcrumb\":{\"@id\":\"https:\/\/dev.tg4.ie\/ga\/eolas\/preas\/nuacht-raitis\/2018-2\/clar-facebook-beo-on-gcairpead-dearg-fogartha-ag-peil-na-mban-agus-tg4\/#breadcrumb\"},\"inLanguage\":\"ga\",\"potentialAction\":[{\"@type\":\"ReadAction\",\"target\":[\"https:\/\/dev.tg4.ie\/ga\/eolas\/preas\/nuacht-raitis\/2018-2\/clar-facebook-beo-on-gcairpead-dearg-fogartha-ag-peil-na-mban-agus-tg4\/\"]}]},{\"@type\":\"ImageObject\",\"inLanguage\":\"ga\",\"@id\":\"https:\/\/dev.tg4.ie\/ga\/eolas\/preas\/nuacht-raitis\/2018-2\/clar-facebook-beo-on-gcairpead-dearg-fogartha-ag-peil-na-mban-agus-tg4\/#primaryimage\",\"url\":\"https:\/\/tg4-docs.s3.amazonaws.com\/tg4-redesign-2015\/wp-content\/uploads\/2018\/07\/Peil-na-mBan-2018-Si%C3%BAl-sa-Coill.jpg\",\"contentUrl\":\"https:\/\/tg4-docs.s3.amazonaws.com\/tg4-redesign-2015\/wp-content\/uploads\/2018\/07\/Peil-na-mBan-2018-Si%C3%BAl-sa-Coill.jpg\",\"width\":1920,\"height\":1080,\"caption\":\"Peil na mBan 2018 Si\u00fal sa Coill\"},{\"@type\":\"BreadcrumbList\",\"@id\":\"https:\/\/dev.tg4.ie\/ga\/eolas\/preas\/nuacht-raitis\/2018-2\/clar-facebook-beo-on-gcairpead-dearg-fogartha-ag-peil-na-mban-agus-tg4\/#breadcrumb\",\"itemListElement\":[{\"@type\":\"ListItem\",\"position\":1,\"name\":\"Home\",\"item\":\"https:\/\/dev.tg4.ie\/ga\/\"},{\"@type\":\"ListItem\",\"position\":2,\"name\":\"Eolas\",\"item\":\"https:\/\/dev.tg4.ie\/ga\/eolas\/\"},{\"@type\":\"ListItem\",\"position\":3,\"name\":\"Preas\",\"item\":\"https:\/\/dev.tg4.ie\/ga\/eolas\/preas\/\"},{\"@type\":\"ListItem\",\"position\":4,\"name\":\"Nuacht R\u00e1itis\",\"item\":\"https:\/\/dev.tg4.ie\/ga\/eolas\/preas\/nuacht-raitis\/\"},{\"@type\":\"ListItem\",\"position\":5,\"name\":\"2018\",\"item\":\"https:\/\/dev.tg4.ie\/ga\/eolas\/preas\/nuacht-raitis\/2018-2\/\"},{\"@type\":\"ListItem\",\"position\":6,\"name\":\"Cl\u00e1r Facebook \u2018Beo \u00f3n gCairp\u00e9ad Dearg\u2019 f\u00f3gartha ag Peil na mBan agus TG4\"}]},{\"@type\":\"WebSite\",\"@id\":\"https:\/\/dev.tg4.ie\/en\/#website\",\"url\":\"https:\/\/dev.tg4.ie\/en\/\",\"name\":\"TG4\",\"description\":\"S\u00fail Eile\",\"potentialAction\":[{\"@type\":\"SearchAction\",\"target\":{\"@type\":\"EntryPoint\",\"urlTemplate\":\"https:\/\/dev.tg4.ie\/en\/?s={search_term_string}\"},\"query-input\":\"required name=search_term_string\"}],\"inLanguage\":\"ga\"}]}<\/script>\n<!-- \/ Yoast SEO plugin. -->","yoast_head_json":{"title":"Cl\u00e1r Facebook \u2018Beo \u00f3n gCairp\u00e9ad Dearg\u2019 f\u00f3gartha ag Peil na mBan agus TG4 - TG4","robots":{"index":"index","follow":"follow","max-snippet":"max-snippet:-1","max-image-preview":"max-image-preview:large","max-video-preview":"max-video-preview:-1"},"og_locale":"en_US","og_type":"article","og_title":"Cl\u00e1r Facebook \u2018Beo \u00f3n gCairp\u00e9ad Dearg\u2019 f\u00f3gartha ag Peil na mBan agus TG4 - TG4","og_description":"Beidh an lucht f\u00e9achana in ann teacht ar shraith agallamh eisiach le himreoir\u00ed &amp; oifigigh roimh \u00f3c\u00e1id bhronnta Ghradaim R\u00e9alta\u00ed Pheil na mBan 2018 TG4. D\u00e9anfar an \u00f3c\u00e1id a shruth\u00fa beo ar leathanaigh Facebook Peil na mBan agus Sp\u00f3rt TG4 \u00f3 6.30pm. Is \u00ed Gr\u00e1inne McElwain a chuirfidh \u2018Beo \u00f3n gCairp\u00e9ad Dearg\u2019 i l\u00e1thair \u00f3na [&hellip;]","og_url":"https:\/\/dev.tg4.ie\/ga\/eolas\/preas\/nuacht-raitis\/2018-2\/clar-facebook-beo-on-gcairpead-dearg-fogartha-ag-peil-na-mban-agus-tg4\/","og_site_name":"TG4","article_publisher":"https:\/\/www.facebook.com\/TG4TV","article_modified_time":"2019-07-01T13:31:30+00:00","og_image":[{"width":1920,"height":1080,"url":"https:\/\/tg4-docs.s3.amazonaws.com\/tg4-redesign-2015\/wp-content\/uploads\/2018\/07\/Peil-na-mBan-2018-Si%C3%BAl-sa-Coill.jpg","type":"image\/jpeg"}],"twitter_card":"summary_large_image","twitter_site":"@TG4TV","twitter_misc":{"Est. reading time":"2 minutes"},"schema":{"@context":"https:\/\/schema.org","@graph":[{"@type":"WebPage","@id":"https:\/\/dev.tg4.ie\/ga\/eolas\/preas\/nuacht-raitis\/2018-2\/clar-facebook-beo-on-gcairpead-dearg-fogartha-ag-peil-na-mban-agus-tg4\/","url":"https:\/\/dev.tg4.ie\/ga\/eolas\/preas\/nuacht-raitis\/2018-2\/clar-facebook-beo-on-gcairpead-dearg-fogartha-ag-peil-na-mban-agus-tg4\/","name":"Cl\u00e1r Facebook \u2018Beo \u00f3n gCairp\u00e9ad Dearg\u2019 f\u00f3gartha ag Peil na mBan agus TG4 - TG4","isPartOf":{"@id":"https:\/\/dev.tg4.ie\/en\/#website"},"primaryImageOfPage":{"@id":"https:\/\/dev.tg4.ie\/ga\/eolas\/preas\/nuacht-raitis\/2018-2\/clar-facebook-beo-on-gcairpead-dearg-fogartha-ag-peil-na-mban-agus-tg4\/#primaryimage"},"image":{"@id":"https:\/\/dev.tg4.ie\/ga\/eolas\/preas\/nuacht-raitis\/2018-2\/clar-facebook-beo-on-gcairpead-dearg-fogartha-ag-peil-na-mban-agus-tg4\/#primaryimage"},"thumbnailUrl":"https:\/\/tg4-docs.s3.amazonaws.com\/tg4-redesign-2015\/wp-content\/uploads\/2018\/07\/Peil-na-mBan-2018-Si%C3%BAl-sa-Coill.jpg","datePublished":"2018-11-27T16:47:21+00:00","dateModified":"2019-07-01T13:31:30+00:00","breadcrumb":{"@id":"https:\/\/dev.tg4.ie\/ga\/eolas\/preas\/nuacht-raitis\/2018-2\/clar-facebook-beo-on-gcairpead-dearg-fogartha-ag-peil-na-mban-agus-tg4\/#breadcrumb"},"inLanguage":"ga","potentialAction":[{"@type":"ReadAction","target":["https:\/\/dev.tg4.ie\/ga\/eolas\/preas\/nuacht-raitis\/2018-2\/clar-facebook-beo-on-gcairpead-dearg-fogartha-ag-peil-na-mban-agus-tg4\/"]}]},{"@type":"ImageObject","inLanguage":"ga","@id":"https:\/\/dev.tg4.ie\/ga\/eolas\/preas\/nuacht-raitis\/2018-2\/clar-facebook-beo-on-gcairpead-dearg-fogartha-ag-peil-na-mban-agus-tg4\/#primaryimage","url":"https:\/\/tg4-docs.s3.amazonaws.com\/tg4-redesign-2015\/wp-content\/uploads\/2018\/07\/Peil-na-mBan-2018-Si%C3%BAl-sa-Coill.jpg","contentUrl":"https:\/\/tg4-docs.s3.amazonaws.com\/tg4-redesign-2015\/wp-content\/uploads\/2018\/07\/Peil-na-mBan-2018-Si%C3%BAl-sa-Coill.jpg","width":1920,"height":1080,"caption":"Peil na mBan 2018 Si\u00fal sa Coill"},{"@type":"BreadcrumbList","@id":"https:\/\/dev.tg4.ie\/ga\/eolas\/preas\/nuacht-raitis\/2018-2\/clar-facebook-beo-on-gcairpead-dearg-fogartha-ag-peil-na-mban-agus-tg4\/#breadcrumb","itemListElement":[{"@type":"ListItem","position":1,"name":"Home","item":"https:\/\/dev.tg4.ie\/ga\/"},{"@type":"ListItem","position":2,"name":"Eolas","item":"https:\/\/dev.tg4.ie\/ga\/eolas\/"},{"@type":"ListItem","position":3,"name":"Preas","item":"https:\/\/dev.tg4.ie\/ga\/eolas\/preas\/"},{"@type":"ListItem","position":4,"name":"Nuacht R\u00e1itis","item":"https:\/\/dev.tg4.ie\/ga\/eolas\/preas\/nuacht-raitis\/"},{"@type":"ListItem","position":5,"name":"2018","item":"https:\/\/dev.tg4.ie\/ga\/eolas\/preas\/nuacht-raitis\/2018-2\/"},{"@type":"ListItem","position":6,"name":"Cl\u00e1r Facebook \u2018Beo \u00f3n gCairp\u00e9ad Dearg\u2019 f\u00f3gartha ag Peil na mBan agus TG4"}]},{"@type":"WebSite","@id":"https:\/\/dev.tg4.ie\/en\/#website","url":"https:\/\/dev.tg4.ie\/en\/","name":"TG4","description":"S\u00fail Eile","potentialAction":[{"@type":"SearchAction","target":{"@type":"EntryPoint","urlTemplate":"https:\/\/dev.tg4.ie\/en\/?s={search_term_string}"},"query-input":"required name=search_term_string"}],"inLanguage":"ga"}]}},"_links":{"self":[{"href":"https:\/\/dev.tg4.ie\/ga\/wp-json\/wp\/v2\/pages\/96813"}],"collection":[{"href":"https:\/\/dev.tg4.ie\/ga\/wp-json\/wp\/v2\/pages"}],"about":[{"href":"https:\/\/dev.tg4.ie\/ga\/wp-json\/wp\/v2\/types\/page"}],"author":[{"embeddable":true,"href":"https:\/\/dev.tg4.ie\/ga\/wp-json\/wp\/v2\/users\/876"}],"replies":[{"embeddable":true,"href":"https:\/\/dev.tg4.ie\/ga\/wp-json\/wp\/v2\/comments?post=96813"}],"version-history":[{"count":0,"href":"https:\/\/dev.tg4.ie\/ga\/wp-json\/wp\/v2\/pages\/96813\/revisions"}],"up":[{"embeddable":true,"href":"https:\/\/dev.tg4.ie\/ga\/wp-json\/wp\/v2\/pages\/72849"}],"wp:featuredmedia":[{"embeddable":true,"href":"https:\/\/dev.tg4.ie\/ga\/wp-json\/wp\/v2\/media\/89637"}],"wp:attachment":[{"href":"https:\/\/dev.tg4.ie\/ga\/wp-json\/wp\/v2\/media?parent=96813"}],"curies":[{"name":"wp","href":"https:\/\/api.w.org\/{rel}","templated":true}]}}