{"id":97053,"date":"2018-11-30T12:44:09","date_gmt":"2018-11-30T12:44:09","guid":{"rendered":"https:\/\/dev.tg4.ie\/?page_id=97053"},"modified":"2019-07-01T14:36:29","modified_gmt":"2019-07-01T13:36:29","slug":"bloc-an-mol-digiteach-seolta-ag-tg4","status":"publish","type":"page","link":"https:\/\/dev.tg4.ie\/ga\/eolas\/preas\/nuacht-raitis\/2018-2\/bloc-an-mol-digiteach-seolta-ag-tg4\/","title":{"rendered":"BLOC &#8211; An Mol Digiteach Seolta ag TG4"},"content":{"rendered":"<p><img loading=\"lazy\" decoding=\"async\" width=\"250\" height=\"141\" class=\"size-thumbnail wp-image-97065 aligncenter\" src=\"https:\/\/nua.tg4.ie\/wp-content\/uploads\/2018\/11\/Bloc-logo-beag-250x141.jpg\" alt=\"\" srcset=\"https:\/\/tg4-docs.s3.amazonaws.com\/tg4-redesign-2015\/wp-content\/uploads\/2018\/11\/Bloc-logo-beag.jpg 250w, https:\/\/tg4-docs.s3.amazonaws.com\/tg4-redesign-2015\/wp-content\/uploads\/2018\/11\/Bloc-logo-beag.jpg 120w, https:\/\/tg4-docs.s3.amazonaws.com\/tg4-redesign-2015\/wp-content\/uploads\/2018\/11\/Bloc-logo-beag.jpg 268w\" sizes=\"(max-width: 250px) 100vw, 250px\" \/><img loading=\"lazy\" decoding=\"async\" width=\"250\" height=\"141\" class=\"size-thumbnail wp-image-97063 aligncenter\" src=\"https:\/\/nua.tg4.ie\/wp-content\/uploads\/2018\/11\/Bloc-Collage-250x141.jpg\" alt=\"\" srcset=\"https:\/\/tg4-docs.s3.amazonaws.com\/tg4-redesign-2015\/wp-content\/uploads\/2018\/11\/Bloc-Collage.jpg 250w, https:\/\/tg4-docs.s3.amazonaws.com\/tg4-redesign-2015\/wp-content\/uploads\/2018\/11\/Bloc-Collage.jpg 120w, https:\/\/tg4-docs.s3.amazonaws.com\/tg4-redesign-2015\/wp-content\/uploads\/2018\/11\/Bloc-Collage.jpg 270w\" sizes=\"(max-width: 250px) 100vw, 250px\" \/><\/p>\n<p>T\u00e1 BLOC ar f\u00e1il ar <a href=\"https:\/\/bit.ly\/2zJbTob\" target=\"_blank\" rel=\"noopener noreferrer\">Facebook<\/a>, <a href=\"https:\/\/bit.ly\/2AsMmwI\" target=\"_blank\" rel=\"noopener noreferrer\">Twitter<\/a>, <a href=\"https:\/\/bit.ly\/2z9bXfn\" target=\"_blank\" rel=\"noopener noreferrer\">Instagram<\/a>, <a href=\"https:\/\/www.youtube.com\/bloctg4\" target=\"_blank\" rel=\"noopener noreferrer\">YouTube<\/a>, <a href=\"https:\/\/bit.ly\/2Dk6Cof\" target=\"_blank\" rel=\"noopener noreferrer\">IGTV<\/a> agus ar an gc\u00f3ras cluich\u00edochta <a href=\"https:\/\/www.twitch.tv\/bloc_tg4\" target=\"_blank\" rel=\"noopener noreferrer\">Twitch.<\/a>\u00a0 Is f\u00e9idir ti\u00fan\u00e1il isteach l\u00e1 i ndiaidh an lae go bhfeictear na sc\u00e9alta is m\u00f3 le r\u00e1 \u00f3 dhaoine cumasacha nua ar fud na t\u00edre faoi r\u00e9ims\u00ed \u00e9ags\u00fala \u00e1bhair, mar shampla\u00a0 <a href=\"https:\/\/bit.ly\/2Fx5MHF\" target=\"_blank\" rel=\"noopener noreferrer\">ceisteanna s\u00f3isialta,<\/a> <a href=\"https:\/\/bit.ly\/2z88yNL\" target=\"_blank\" rel=\"noopener noreferrer\">siamsa\u00edocht,<\/a> <a href=\"https:\/\/bit.ly\/2FiFwQY\" target=\"_blank\" rel=\"noopener noreferrer\">taisteal<\/a> agus eile.<\/p>\n<p>T\u00e1 gradaim buaite ag BLOC cheana f\u00e9in, \u2018BLOG na Bliana 2018\u2019 agus \u2018SOCKIE na Bliana 2018\u2019, tar \u00e9is saothar l\u00edon n\u00edos m\u00f3 n\u00e1 <span><a href=\"https:\/\/bit.ly\/2RRkqdT\" target=\"_blank\" rel=\"noopener noreferrer\">30 cruthaitheoir \u00e1bhair \u00f3g<\/a><\/span> de chuid na h\u00c9ireann agus \u00f3n iasacht a chur ar taispe\u00e1int.\u00a0 S\u00e1sa\u00edtear lucht a bhreathnaithe l\u00e1 i ndiaidh an lae agus deis acu a bheith ag faire agus na BLOCair\u00ed\u00a0ag trasn\u00fa <span><a href=\"https:\/\/bit.ly\/2DCHdHh\" target=\"_blank\" rel=\"noopener noreferrer\">fiordanna na h\u00cdoslainne<\/a><\/span>, \u00a0<span><a href=\"https:\/\/bit.ly\/2FiINjl\" target=\"_blank\" rel=\"noopener noreferrer\">ag marca\u00edocht cl\u00e1r ar ghaineamh i bPeiri\u00fa<\/a><\/span>, ag teacht ar <span><a href=\"https:\/\/bit.ly\/2DjwDE9\" target=\"_blank\" rel=\"noopener noreferrer\">eas r\u00fanda i nD\u00fan na nGall<\/a><\/span>, ag m\u00edni\u00fa <span><a href=\"https:\/\/bit.ly\/2BvqsMw\" target=\"_blank\" rel=\"noopener noreferrer\">rialacha an ghr\u00e1<\/a><\/span> agus ag caitheamh amhrais ar <span><a href=\"https:\/\/bit.ly\/2NXtJaa\" target=\"_blank\" rel=\"noopener noreferrer\">ghn\u00e1thn\u00f3s na linne<\/a><\/span> le fonn \u00e1bhar de scoth an domhain a chruth\u00fa IN \u00c9INEACHT LEATSA!<\/p>\n<p>Cuireann BLOC saothar beo br\u00edomhar agus l\u00e1n eolais ar f\u00e1il. Taispe\u00e1ntar do mhn\u00e1 mar is ceart a gcuid c\u00edoch a sheice\u00e1il san fh\u00edse\u00e1n le gairid faoi <span><a href=\"https:\/\/bit.ly\/2yWr6jK\" target=\"_blank\" rel=\"noopener noreferrer\">scr\u00fad\u00fa brollaigh<\/a><\/span>, cuid den tsraith #F\u00e9inaire. Tarraing\u00edtear aird le d\u00edosp\u00f3ireachta\u00ed de chuid <span><a href=\"https:\/\/bit.ly\/2K4AA12\" target=\"_blank\" rel=\"noopener noreferrer\">BLOC BEO<\/a><\/span>\u00a0ar cheisteanna \u00e9ags\u00fala de leith\u00e9id \u2018Druga\u00ed a chur i nDeochanna\u2019, agus t\u00e9ann <span><a href=\"https:\/\/bit.ly\/2PYEVIg\" target=\"_blank\" rel=\"noopener noreferrer\">gearrscann\u00e1in<\/a><\/span> agus <span><a href=\"https:\/\/bit.ly\/2hYc9sy\" target=\"_blank\" rel=\"noopener noreferrer\">sraitheanna grinn<\/a><\/span> go cro\u00ed na ceiste gan fiacail a chur ann agus amhras acu ar ghn\u00e1th-thuiscint\u00ed na ndaoine.<\/p>\n<p>Ba l\u00e9ir an r\u00e9imse \u00e9ags\u00falachta agus an d\u00e1nacht a bhaineann le BLOC tr\u00e1thn\u00f3na (D\u00e9ardaoin, an 29 Samhain) ag an Workman\u2019s Club i mBaile \u00c1tha Cliath agus BLOC \u00e1 sheoladh go hoifigi\u00fail.\u00a0 Bh\u00ed deis ag lucht leanta BLOC taitneamh a bhaint as ceol le Daith\u00ed, an DJ agus an l\u00e9iritheoir ceoil a bhfuil c\u00e1il go hidirn\u00e1isi\u00fanta air.\u00a0 Thug oirfidigh Bella Go Go an r\u00ed r\u00e1 leis an ruaille buaille lena gcuid spleodair agus bh\u00ed lucht cluich\u00edochta \u00e1 fh\u00e9achaint lena ch\u00e9ile i gc\u00fainne na hioma\u00edochta mar a raibh c\u00f3ras m\u00f3r millteach Connect 4.<\/p>\n<p>Bh\u00ed fear an t\u00ed, Miche\u00e1l \u00d3 Ciaraidh, agus aos d\u00e1na BLOC ann, chomh maith lena gcomhghleacaithe \u00f3 shaol an raidi\u00f3, na teilif\u00edse agus na scr\u00edbhneoireachta in \u00c9irinn, chun com\u00f3radh agus ceili\u00faradh a dh\u00e9anamh ar sheoladh BLOC.<\/p>\n<p>M\u00e1s mian leat a bheith i do BHLOCAIRE: <span><a href=\"mailto:bloc@dev.tg4.ie\" target=\"_blank\" rel=\"noopener noreferrer\">bloc@dev.tg4.ie<\/a><\/span><\/p>\n<p>Fiosr\u00fa \u00f3 lucht na me\u00e1n cumars\u00e1ide: <span><a href=\"mailto:caroline.ni.dhubhchoin@dev.tg4.ie\" target=\"_blank\" rel=\"noopener noreferrer\">caroline.ni.dhubhchoin@dev.tg4.ie<\/a><\/span><\/p>\n<p><a href=\"https:\/\/dev.tg4.ie\/bloc\" target=\"_blank\" rel=\"noopener noreferrer\">www.tg4.ie\/bloc<\/a> (@bloc_TG4) <a href=\"https:\/\/twitter.com\/search?f=tweets&amp;vertical=default&amp;q=%23BLOCarb%C3%ADs&amp;src=typd\" target=\"_blank\" rel=\"noopener noreferrer\">#BlocArBis<\/a><\/p>\n","protected":false},"excerpt":{"rendered":"<p>T\u00e1 BLOC ar f\u00e1il ar Facebook, Twitter, Instagram, YouTube, IGTV agus ar an gc\u00f3ras cluich\u00edochta Twitch.\u00a0 Is f\u00e9idir ti\u00fan\u00e1il isteach l\u00e1 i ndiaidh an lae go bhfeictear na sc\u00e9alta is m\u00f3 le r\u00e1 \u00f3 dhaoine cumasacha nua ar fud na t\u00edre faoi r\u00e9ims\u00ed \u00e9ags\u00fala \u00e1bhair, mar shampla\u00a0 ceisteanna s\u00f3isialta, siamsa\u00edocht, taisteal agus eile. T\u00e1 gradaim [&hellip;]<\/p>\n","protected":false},"author":876,"featured_media":97056,"parent":72849,"menu_order":52,"comment_status":"closed","ping_status":"closed","template":"page-templates\/template-pr.php","meta":{"_acf_changed":false,"footnotes":""},"acf":[],"yoast_head":"<!-- This site is optimized with the Yoast SEO plugin v22.6 - https:\/\/yoast.com\/wordpress\/plugins\/seo\/ -->\n<title>BLOC - An Mol Digiteach Seolta ag TG4 - TG4<\/title>\n<meta name=\"robots\" content=\"index, follow, max-snippet:-1, max-image-preview:large, max-video-preview:-1\" \/>\n<meta property=\"og:locale\" content=\"en_US\" \/>\n<meta property=\"og:type\" content=\"article\" \/>\n<meta property=\"og:title\" content=\"BLOC - An Mol Digiteach Seolta ag TG4 - TG4\" \/>\n<meta property=\"og:description\" content=\"T\u00e1 BLOC ar f\u00e1il ar Facebook, Twitter, Instagram, YouTube, IGTV agus ar an gc\u00f3ras cluich\u00edochta Twitch.\u00a0 Is f\u00e9idir ti\u00fan\u00e1il isteach l\u00e1 i ndiaidh an lae go bhfeictear na sc\u00e9alta is m\u00f3 le r\u00e1 \u00f3 dhaoine cumasacha nua ar fud na t\u00edre faoi r\u00e9ims\u00ed \u00e9ags\u00fala \u00e1bhair, mar shampla\u00a0 ceisteanna s\u00f3isialta, siamsa\u00edocht, taisteal agus eile. T\u00e1 gradaim [&hellip;]\" \/>\n<meta property=\"og:url\" content=\"https:\/\/dev.tg4.ie\/ga\/eolas\/preas\/nuacht-raitis\/2018-2\/bloc-an-mol-digiteach-seolta-ag-tg4\/\" \/>\n<meta property=\"og:site_name\" content=\"TG4\" \/>\n<meta property=\"article:publisher\" content=\"https:\/\/www.facebook.com\/TG4TV\" \/>\n<meta property=\"article:modified_time\" content=\"2019-07-01T13:36:29+00:00\" \/>\n<meta property=\"og:image\" content=\"https:\/\/tg4-docs.s3.amazonaws.com\/tg4-redesign-2015\/wp-content\/uploads\/2018\/11\/BLOC-Seoladh-1.jpg\" \/>\n\t<meta property=\"og:image:width\" content=\"1920\" \/>\n\t<meta property=\"og:image:height\" content=\"1080\" \/>\n\t<meta property=\"og:image:type\" content=\"image\/jpeg\" \/>\n<meta name=\"twitter:card\" content=\"summary_large_image\" \/>\n<meta name=\"twitter:site\" content=\"@TG4TV\" \/>\n<meta name=\"twitter:label1\" content=\"Est. reading time\" \/>\n\t<meta name=\"twitter:data1\" content=\"2 minutes\" \/>\n<script type=\"application\/ld+json\" class=\"yoast-schema-graph\">{\"@context\":\"https:\/\/schema.org\",\"@graph\":[{\"@type\":\"WebPage\",\"@id\":\"https:\/\/dev.tg4.ie\/ga\/eolas\/preas\/nuacht-raitis\/2018-2\/bloc-an-mol-digiteach-seolta-ag-tg4\/\",\"url\":\"https:\/\/dev.tg4.ie\/ga\/eolas\/preas\/nuacht-raitis\/2018-2\/bloc-an-mol-digiteach-seolta-ag-tg4\/\",\"name\":\"BLOC - An Mol Digiteach Seolta ag TG4 - TG4\",\"isPartOf\":{\"@id\":\"https:\/\/dev.tg4.ie\/en\/#website\"},\"primaryImageOfPage\":{\"@id\":\"https:\/\/dev.tg4.ie\/ga\/eolas\/preas\/nuacht-raitis\/2018-2\/bloc-an-mol-digiteach-seolta-ag-tg4\/#primaryimage\"},\"image\":{\"@id\":\"https:\/\/dev.tg4.ie\/ga\/eolas\/preas\/nuacht-raitis\/2018-2\/bloc-an-mol-digiteach-seolta-ag-tg4\/#primaryimage\"},\"thumbnailUrl\":\"https:\/\/tg4-docs.s3.amazonaws.com\/tg4-redesign-2015\/wp-content\/uploads\/2018\/11\/BLOC-Seoladh-1.jpg\",\"datePublished\":\"2018-11-30T12:44:09+00:00\",\"dateModified\":\"2019-07-01T13:36:29+00:00\",\"breadcrumb\":{\"@id\":\"https:\/\/dev.tg4.ie\/ga\/eolas\/preas\/nuacht-raitis\/2018-2\/bloc-an-mol-digiteach-seolta-ag-tg4\/#breadcrumb\"},\"inLanguage\":\"ga\",\"potentialAction\":[{\"@type\":\"ReadAction\",\"target\":[\"https:\/\/dev.tg4.ie\/ga\/eolas\/preas\/nuacht-raitis\/2018-2\/bloc-an-mol-digiteach-seolta-ag-tg4\/\"]}]},{\"@type\":\"ImageObject\",\"inLanguage\":\"ga\",\"@id\":\"https:\/\/dev.tg4.ie\/ga\/eolas\/preas\/nuacht-raitis\/2018-2\/bloc-an-mol-digiteach-seolta-ag-tg4\/#primaryimage\",\"url\":\"https:\/\/tg4-docs.s3.amazonaws.com\/tg4-redesign-2015\/wp-content\/uploads\/2018\/11\/BLOC-Seoladh-1.jpg\",\"contentUrl\":\"https:\/\/tg4-docs.s3.amazonaws.com\/tg4-redesign-2015\/wp-content\/uploads\/2018\/11\/BLOC-Seoladh-1.jpg\",\"width\":1920,\"height\":1080,\"caption\":\"BLOC Seoladh 1\"},{\"@type\":\"BreadcrumbList\",\"@id\":\"https:\/\/dev.tg4.ie\/ga\/eolas\/preas\/nuacht-raitis\/2018-2\/bloc-an-mol-digiteach-seolta-ag-tg4\/#breadcrumb\",\"itemListElement\":[{\"@type\":\"ListItem\",\"position\":1,\"name\":\"Home\",\"item\":\"https:\/\/dev.tg4.ie\/ga\/\"},{\"@type\":\"ListItem\",\"position\":2,\"name\":\"Eolas\",\"item\":\"https:\/\/dev.tg4.ie\/ga\/eolas\/\"},{\"@type\":\"ListItem\",\"position\":3,\"name\":\"Preas\",\"item\":\"https:\/\/dev.tg4.ie\/ga\/eolas\/preas\/\"},{\"@type\":\"ListItem\",\"position\":4,\"name\":\"Nuacht R\u00e1itis\",\"item\":\"https:\/\/dev.tg4.ie\/ga\/eolas\/preas\/nuacht-raitis\/\"},{\"@type\":\"ListItem\",\"position\":5,\"name\":\"2018\",\"item\":\"https:\/\/dev.tg4.ie\/ga\/eolas\/preas\/nuacht-raitis\/2018-2\/\"},{\"@type\":\"ListItem\",\"position\":6,\"name\":\"BLOC &#8211; An Mol Digiteach Seolta ag TG4\"}]},{\"@type\":\"WebSite\",\"@id\":\"https:\/\/dev.tg4.ie\/en\/#website\",\"url\":\"https:\/\/dev.tg4.ie\/en\/\",\"name\":\"TG4\",\"description\":\"S\u00fail Eile\",\"potentialAction\":[{\"@type\":\"SearchAction\",\"target\":{\"@type\":\"EntryPoint\",\"urlTemplate\":\"https:\/\/dev.tg4.ie\/en\/?s={search_term_string}\"},\"query-input\":\"required name=search_term_string\"}],\"inLanguage\":\"ga\"}]}<\/script>\n<!-- \/ Yoast SEO plugin. -->","yoast_head_json":{"title":"BLOC - An Mol Digiteach Seolta ag TG4 - TG4","robots":{"index":"index","follow":"follow","max-snippet":"max-snippet:-1","max-image-preview":"max-image-preview:large","max-video-preview":"max-video-preview:-1"},"og_locale":"en_US","og_type":"article","og_title":"BLOC - An Mol Digiteach Seolta ag TG4 - TG4","og_description":"T\u00e1 BLOC ar f\u00e1il ar Facebook, Twitter, Instagram, YouTube, IGTV agus ar an gc\u00f3ras cluich\u00edochta Twitch.\u00a0 Is f\u00e9idir ti\u00fan\u00e1il isteach l\u00e1 i ndiaidh an lae go bhfeictear na sc\u00e9alta is m\u00f3 le r\u00e1 \u00f3 dhaoine cumasacha nua ar fud na t\u00edre faoi r\u00e9ims\u00ed \u00e9ags\u00fala \u00e1bhair, mar shampla\u00a0 ceisteanna s\u00f3isialta, siamsa\u00edocht, taisteal agus eile. T\u00e1 gradaim [&hellip;]","og_url":"https:\/\/dev.tg4.ie\/ga\/eolas\/preas\/nuacht-raitis\/2018-2\/bloc-an-mol-digiteach-seolta-ag-tg4\/","og_site_name":"TG4","article_publisher":"https:\/\/www.facebook.com\/TG4TV","article_modified_time":"2019-07-01T13:36:29+00:00","og_image":[{"width":1920,"height":1080,"url":"https:\/\/tg4-docs.s3.amazonaws.com\/tg4-redesign-2015\/wp-content\/uploads\/2018\/11\/BLOC-Seoladh-1.jpg","type":"image\/jpeg"}],"twitter_card":"summary_large_image","twitter_site":"@TG4TV","twitter_misc":{"Est. reading time":"2 minutes"},"schema":{"@context":"https:\/\/schema.org","@graph":[{"@type":"WebPage","@id":"https:\/\/dev.tg4.ie\/ga\/eolas\/preas\/nuacht-raitis\/2018-2\/bloc-an-mol-digiteach-seolta-ag-tg4\/","url":"https:\/\/dev.tg4.ie\/ga\/eolas\/preas\/nuacht-raitis\/2018-2\/bloc-an-mol-digiteach-seolta-ag-tg4\/","name":"BLOC - An Mol Digiteach Seolta ag TG4 - TG4","isPartOf":{"@id":"https:\/\/dev.tg4.ie\/en\/#website"},"primaryImageOfPage":{"@id":"https:\/\/dev.tg4.ie\/ga\/eolas\/preas\/nuacht-raitis\/2018-2\/bloc-an-mol-digiteach-seolta-ag-tg4\/#primaryimage"},"image":{"@id":"https:\/\/dev.tg4.ie\/ga\/eolas\/preas\/nuacht-raitis\/2018-2\/bloc-an-mol-digiteach-seolta-ag-tg4\/#primaryimage"},"thumbnailUrl":"https:\/\/tg4-docs.s3.amazonaws.com\/tg4-redesign-2015\/wp-content\/uploads\/2018\/11\/BLOC-Seoladh-1.jpg","datePublished":"2018-11-30T12:44:09+00:00","dateModified":"2019-07-01T13:36:29+00:00","breadcrumb":{"@id":"https:\/\/dev.tg4.ie\/ga\/eolas\/preas\/nuacht-raitis\/2018-2\/bloc-an-mol-digiteach-seolta-ag-tg4\/#breadcrumb"},"inLanguage":"ga","potentialAction":[{"@type":"ReadAction","target":["https:\/\/dev.tg4.ie\/ga\/eolas\/preas\/nuacht-raitis\/2018-2\/bloc-an-mol-digiteach-seolta-ag-tg4\/"]}]},{"@type":"ImageObject","inLanguage":"ga","@id":"https:\/\/dev.tg4.ie\/ga\/eolas\/preas\/nuacht-raitis\/2018-2\/bloc-an-mol-digiteach-seolta-ag-tg4\/#primaryimage","url":"https:\/\/tg4-docs.s3.amazonaws.com\/tg4-redesign-2015\/wp-content\/uploads\/2018\/11\/BLOC-Seoladh-1.jpg","contentUrl":"https:\/\/tg4-docs.s3.amazonaws.com\/tg4-redesign-2015\/wp-content\/uploads\/2018\/11\/BLOC-Seoladh-1.jpg","width":1920,"height":1080,"caption":"BLOC Seoladh 1"},{"@type":"BreadcrumbList","@id":"https:\/\/dev.tg4.ie\/ga\/eolas\/preas\/nuacht-raitis\/2018-2\/bloc-an-mol-digiteach-seolta-ag-tg4\/#breadcrumb","itemListElement":[{"@type":"ListItem","position":1,"name":"Home","item":"https:\/\/dev.tg4.ie\/ga\/"},{"@type":"ListItem","position":2,"name":"Eolas","item":"https:\/\/dev.tg4.ie\/ga\/eolas\/"},{"@type":"ListItem","position":3,"name":"Preas","item":"https:\/\/dev.tg4.ie\/ga\/eolas\/preas\/"},{"@type":"ListItem","position":4,"name":"Nuacht R\u00e1itis","item":"https:\/\/dev.tg4.ie\/ga\/eolas\/preas\/nuacht-raitis\/"},{"@type":"ListItem","position":5,"name":"2018","item":"https:\/\/dev.tg4.ie\/ga\/eolas\/preas\/nuacht-raitis\/2018-2\/"},{"@type":"ListItem","position":6,"name":"BLOC &#8211; An Mol Digiteach Seolta ag TG4"}]},{"@type":"WebSite","@id":"https:\/\/dev.tg4.ie\/en\/#website","url":"https:\/\/dev.tg4.ie\/en\/","name":"TG4","description":"S\u00fail Eile","potentialAction":[{"@type":"SearchAction","target":{"@type":"EntryPoint","urlTemplate":"https:\/\/dev.tg4.ie\/en\/?s={search_term_string}"},"query-input":"required name=search_term_string"}],"inLanguage":"ga"}]}},"_links":{"self":[{"href":"https:\/\/dev.tg4.ie\/ga\/wp-json\/wp\/v2\/pages\/97053"}],"collection":[{"href":"https:\/\/dev.tg4.ie\/ga\/wp-json\/wp\/v2\/pages"}],"about":[{"href":"https:\/\/dev.tg4.ie\/ga\/wp-json\/wp\/v2\/types\/page"}],"author":[{"embeddable":true,"href":"https:\/\/dev.tg4.ie\/ga\/wp-json\/wp\/v2\/users\/876"}],"replies":[{"embeddable":true,"href":"https:\/\/dev.tg4.ie\/ga\/wp-json\/wp\/v2\/comments?post=97053"}],"version-history":[{"count":0,"href":"https:\/\/dev.tg4.ie\/ga\/wp-json\/wp\/v2\/pages\/97053\/revisions"}],"up":[{"embeddable":true,"href":"https:\/\/dev.tg4.ie\/ga\/wp-json\/wp\/v2\/pages\/72849"}],"wp:featuredmedia":[{"embeddable":true,"href":"https:\/\/dev.tg4.ie\/ga\/wp-json\/wp\/v2\/media\/97056"}],"wp:attachment":[{"href":"https:\/\/dev.tg4.ie\/ga\/wp-json\/wp\/v2\/media?parent=97053"}],"curies":[{"name":"wp","href":"https:\/\/api.w.org\/{rel}","templated":true}]}}