{"id":97271,"date":"2018-12-04T16:01:36","date_gmt":"2018-12-04T16:01:36","guid":{"rendered":"https:\/\/dev.tg4.ie\/?page_id=97271"},"modified":"2019-07-01T14:33:17","modified_gmt":"2019-07-01T13:33:17","slug":"3-uair-an-chloig-de-dhornalaiocht-ghairmiuil-le-craoladh-ar-tg4-i-gcomhar-le-assassin-promotions","status":"publish","type":"page","link":"https:\/\/dev.tg4.ie\/ga\/eolas\/preas\/nuacht-raitis\/2018-2\/3-uair-an-chloig-de-dhornalaiocht-ghairmiuil-le-craoladh-ar-tg4-i-gcomhar-le-assassin-promotions\/","title":{"rendered":"3 Uair an Chloig de Dhorn\u00e1la\u00edocht Ghairmi\u00fail le Craoladh ar TG4 i gcomhar le Assassin Promotions"},"content":{"rendered":"<p>Is \u00ed M\u00e1ire Treasa N\u00ed Cheallaigh a chuirfidh craoladh beo ar na babhta\u00ed dorn\u00e1la\u00edochta a bheidh ag Ray Moylette, Gary Spike O&#8217;Sullivan, Roy Sheahan agus neart eile i l\u00e1thair agus is iad Se\u00e1n B\u00e1n Breathnach agus Kenneth Egan a bheidh i mbun tr\u00e1chtaireachta.<\/p>\n<p>Is iad Jason Quigley, seaimp\u00edn reatha Me\u00e1nmhe\u00e1chain an NABF, laoch Ros Muc, Se\u00e1n \u00d3 Mainn\u00edn, iar-sheaimp\u00edn aontaithe an Domhain, Ryan Burnett agus Darren O&#8217;Neill a bhain Bonn Airgid amach i gCraobhchom\u00f3rtas na hEorpa a bheidh i mbun anail\u00edse.<\/p>\n<p>D\u00fairt Ceannaire Sp\u00f3irt TG4, R\u00f3n\u00e1n \u00d3 Coisdealbha: <em>&#8220;T\u00e1 r\u00edm\u00e9ad ar TG4 dul i gcomhar le Assassin Promotions ar\u00eds chun an ts\u00e1ro\u00edche dorn\u00e1la\u00edochta seo a chraoladh. T\u00e1 s\u00e9 t\u00e1bhachtach go mbeadh ard\u00e1n ag lucht dorn\u00e1la\u00edochta na h\u00c9ireann chun a gcuid tallainne a chur os comhair an phobail agus t\u00e1 \u00e1thas orainn go bhfuilimid \u00e1balta s\u00e1ro\u00edche dorn\u00e1la\u00edochta amhail na ho\u00edche seo a chraoladh saor go haer.&#8221;<\/em><\/p>\n<p>D\u00fairt Conor Slater \u00f3 Assassin Boxing <em>&#8220;T\u00e1 muid an-s\u00e1sta go bhfuil TG4 ag obair in \u00e9ineacht linn ar\u00eds chun cuidi\u00fa linn an t-imeacht iontach sp\u00f3irt seo a chur chun cinn.&#8221;<\/em><\/p>\n<p>Tabharfaidh fear na h\u00e1ite, Ray Moylette, aghaidh ar Christian Uruzqueita sa phr\u00edomhchom\u00f3rtas, com\u00f3rtas idirn\u00e1isi\u00fanta \u00e9adrom-mhe\u00e1chain WBC. Beidh neart dorn\u00e1laithe cumasacha as \u00c9irinn ar chl\u00e1r na r\u00e9amhchom\u00f3rtas agus i measc na dtroideanna beidh a ch\u00e9ad troid in \u00c9irinn le 4 bliana ag Gary Spike O&#8217;Sullivan.<\/p>\n<p>Is sa T\u00e9atar R\u00edoga i gCaisle\u00e1n an Bharraigh, Co. Mhaigh Eo a bheidh an t-imeacht ar si\u00fal.<\/p>\n<p>Is mar seo a leanas cl\u00e1r ioml\u00e1n r\u00e9amhchom\u00f3rtas na ho\u00edche:<\/p>\n<ul>\n<li>Roy Sheahan v Lukasz Rafalko<\/li>\n<li>Dylan Moran v Nelson Altamirano<\/li>\n<li>Spike O\u2019Sullivan v Gabor Gorbics<\/li>\n<li>Luis Garcia v Ivan Brkljaca<\/li>\n<li>Ray Moylette v Christian Uruzquieta<\/li>\n<\/ul>\n","protected":false},"excerpt":{"rendered":"<p>Is \u00ed M\u00e1ire Treasa N\u00ed Cheallaigh a chuirfidh craoladh beo ar na babhta\u00ed dorn\u00e1la\u00edochta a bheidh ag Ray Moylette, Gary Spike O&#8217;Sullivan, Roy Sheahan agus neart eile i l\u00e1thair agus is iad Se\u00e1n B\u00e1n Breathnach agus Kenneth Egan a bheidh i mbun tr\u00e1chtaireachta. Is iad Jason Quigley, seaimp\u00edn reatha Me\u00e1nmhe\u00e1chain an NABF, laoch Ros Muc, [&hellip;]<\/p>\n","protected":false},"author":876,"featured_media":97857,"parent":72849,"menu_order":53,"comment_status":"closed","ping_status":"closed","template":"page-templates\/template-pr.php","meta":{"_acf_changed":false,"footnotes":""},"acf":[],"yoast_head":"<!-- This site is optimized with the Yoast SEO plugin v22.6 - https:\/\/yoast.com\/wordpress\/plugins\/seo\/ -->\n<title>3 Uair an Chloig de Dhorn\u00e1la\u00edocht Ghairmi\u00fail le Craoladh ar TG4 i gcomhar le Assassin Promotions - TG4<\/title>\n<meta name=\"robots\" content=\"index, follow, max-snippet:-1, max-image-preview:large, max-video-preview:-1\" \/>\n<meta property=\"og:locale\" content=\"en_US\" \/>\n<meta property=\"og:type\" content=\"article\" \/>\n<meta property=\"og:title\" content=\"3 Uair an Chloig de Dhorn\u00e1la\u00edocht Ghairmi\u00fail le Craoladh ar TG4 i gcomhar le Assassin Promotions - TG4\" \/>\n<meta property=\"og:description\" content=\"Is \u00ed M\u00e1ire Treasa N\u00ed Cheallaigh a chuirfidh craoladh beo ar na babhta\u00ed dorn\u00e1la\u00edochta a bheidh ag Ray Moylette, Gary Spike O&#8217;Sullivan, Roy Sheahan agus neart eile i l\u00e1thair agus is iad Se\u00e1n B\u00e1n Breathnach agus Kenneth Egan a bheidh i mbun tr\u00e1chtaireachta. Is iad Jason Quigley, seaimp\u00edn reatha Me\u00e1nmhe\u00e1chain an NABF, laoch Ros Muc, [&hellip;]\" \/>\n<meta property=\"og:url\" content=\"https:\/\/dev.tg4.ie\/ga\/eolas\/preas\/nuacht-raitis\/2018-2\/3-uair-an-chloig-de-dhornalaiocht-ghairmiuil-le-craoladh-ar-tg4-i-gcomhar-le-assassin-promotions\/\" \/>\n<meta property=\"og:site_name\" content=\"TG4\" \/>\n<meta property=\"article:publisher\" content=\"https:\/\/www.facebook.com\/TG4TV\" \/>\n<meta property=\"article:modified_time\" content=\"2019-07-01T13:33:17+00:00\" \/>\n<meta property=\"og:image\" content=\"https:\/\/tg4-docs.s3.amazonaws.com\/tg4-redesign-2015\/wp-content\/uploads\/2018\/12\/Boxing_Ray_Moylette.jpg\" \/>\n\t<meta property=\"og:image:width\" content=\"1920\" \/>\n\t<meta property=\"og:image:height\" content=\"1080\" \/>\n\t<meta property=\"og:image:type\" content=\"image\/jpeg\" \/>\n<meta name=\"twitter:card\" content=\"summary_large_image\" \/>\n<meta name=\"twitter:site\" content=\"@TG4TV\" \/>\n<meta name=\"twitter:label1\" content=\"Est. reading time\" \/>\n\t<meta name=\"twitter:data1\" content=\"2 minutes\" \/>\n<script type=\"application\/ld+json\" class=\"yoast-schema-graph\">{\"@context\":\"https:\/\/schema.org\",\"@graph\":[{\"@type\":\"WebPage\",\"@id\":\"https:\/\/dev.tg4.ie\/ga\/eolas\/preas\/nuacht-raitis\/2018-2\/3-uair-an-chloig-de-dhornalaiocht-ghairmiuil-le-craoladh-ar-tg4-i-gcomhar-le-assassin-promotions\/\",\"url\":\"https:\/\/dev.tg4.ie\/ga\/eolas\/preas\/nuacht-raitis\/2018-2\/3-uair-an-chloig-de-dhornalaiocht-ghairmiuil-le-craoladh-ar-tg4-i-gcomhar-le-assassin-promotions\/\",\"name\":\"3 Uair an Chloig de Dhorn\u00e1la\u00edocht Ghairmi\u00fail le Craoladh ar TG4 i gcomhar le Assassin Promotions - TG4\",\"isPartOf\":{\"@id\":\"https:\/\/dev.tg4.ie\/en\/#website\"},\"primaryImageOfPage\":{\"@id\":\"https:\/\/dev.tg4.ie\/ga\/eolas\/preas\/nuacht-raitis\/2018-2\/3-uair-an-chloig-de-dhornalaiocht-ghairmiuil-le-craoladh-ar-tg4-i-gcomhar-le-assassin-promotions\/#primaryimage\"},\"image\":{\"@id\":\"https:\/\/dev.tg4.ie\/ga\/eolas\/preas\/nuacht-raitis\/2018-2\/3-uair-an-chloig-de-dhornalaiocht-ghairmiuil-le-craoladh-ar-tg4-i-gcomhar-le-assassin-promotions\/#primaryimage\"},\"thumbnailUrl\":\"https:\/\/tg4-docs.s3.amazonaws.com\/tg4-redesign-2015\/wp-content\/uploads\/2018\/12\/Boxing_Ray_Moylette.jpg\",\"datePublished\":\"2018-12-04T16:01:36+00:00\",\"dateModified\":\"2019-07-01T13:33:17+00:00\",\"breadcrumb\":{\"@id\":\"https:\/\/dev.tg4.ie\/ga\/eolas\/preas\/nuacht-raitis\/2018-2\/3-uair-an-chloig-de-dhornalaiocht-ghairmiuil-le-craoladh-ar-tg4-i-gcomhar-le-assassin-promotions\/#breadcrumb\"},\"inLanguage\":\"ga\",\"potentialAction\":[{\"@type\":\"ReadAction\",\"target\":[\"https:\/\/dev.tg4.ie\/ga\/eolas\/preas\/nuacht-raitis\/2018-2\/3-uair-an-chloig-de-dhornalaiocht-ghairmiuil-le-craoladh-ar-tg4-i-gcomhar-le-assassin-promotions\/\"]}]},{\"@type\":\"ImageObject\",\"inLanguage\":\"ga\",\"@id\":\"https:\/\/dev.tg4.ie\/ga\/eolas\/preas\/nuacht-raitis\/2018-2\/3-uair-an-chloig-de-dhornalaiocht-ghairmiuil-le-craoladh-ar-tg4-i-gcomhar-le-assassin-promotions\/#primaryimage\",\"url\":\"https:\/\/tg4-docs.s3.amazonaws.com\/tg4-redesign-2015\/wp-content\/uploads\/2018\/12\/Boxing_Ray_Moylette.jpg\",\"contentUrl\":\"https:\/\/tg4-docs.s3.amazonaws.com\/tg4-redesign-2015\/wp-content\/uploads\/2018\/12\/Boxing_Ray_Moylette.jpg\",\"width\":1920,\"height\":1080},{\"@type\":\"BreadcrumbList\",\"@id\":\"https:\/\/dev.tg4.ie\/ga\/eolas\/preas\/nuacht-raitis\/2018-2\/3-uair-an-chloig-de-dhornalaiocht-ghairmiuil-le-craoladh-ar-tg4-i-gcomhar-le-assassin-promotions\/#breadcrumb\",\"itemListElement\":[{\"@type\":\"ListItem\",\"position\":1,\"name\":\"Home\",\"item\":\"https:\/\/dev.tg4.ie\/ga\/\"},{\"@type\":\"ListItem\",\"position\":2,\"name\":\"Eolas\",\"item\":\"https:\/\/dev.tg4.ie\/ga\/eolas\/\"},{\"@type\":\"ListItem\",\"position\":3,\"name\":\"Preas\",\"item\":\"https:\/\/dev.tg4.ie\/ga\/eolas\/preas\/\"},{\"@type\":\"ListItem\",\"position\":4,\"name\":\"Nuacht R\u00e1itis\",\"item\":\"https:\/\/dev.tg4.ie\/ga\/eolas\/preas\/nuacht-raitis\/\"},{\"@type\":\"ListItem\",\"position\":5,\"name\":\"2018\",\"item\":\"https:\/\/dev.tg4.ie\/ga\/eolas\/preas\/nuacht-raitis\/2018-2\/\"},{\"@type\":\"ListItem\",\"position\":6,\"name\":\"3 Uair an Chloig de Dhorn\u00e1la\u00edocht Ghairmi\u00fail le Craoladh ar TG4 i gcomhar le Assassin Promotions\"}]},{\"@type\":\"WebSite\",\"@id\":\"https:\/\/dev.tg4.ie\/en\/#website\",\"url\":\"https:\/\/dev.tg4.ie\/en\/\",\"name\":\"TG4\",\"description\":\"S\u00fail Eile\",\"potentialAction\":[{\"@type\":\"SearchAction\",\"target\":{\"@type\":\"EntryPoint\",\"urlTemplate\":\"https:\/\/dev.tg4.ie\/en\/?s={search_term_string}\"},\"query-input\":\"required name=search_term_string\"}],\"inLanguage\":\"ga\"}]}<\/script>\n<!-- \/ Yoast SEO plugin. -->","yoast_head_json":{"title":"3 Uair an Chloig de Dhorn\u00e1la\u00edocht Ghairmi\u00fail le Craoladh ar TG4 i gcomhar le Assassin Promotions - TG4","robots":{"index":"index","follow":"follow","max-snippet":"max-snippet:-1","max-image-preview":"max-image-preview:large","max-video-preview":"max-video-preview:-1"},"og_locale":"en_US","og_type":"article","og_title":"3 Uair an Chloig de Dhorn\u00e1la\u00edocht Ghairmi\u00fail le Craoladh ar TG4 i gcomhar le Assassin Promotions - TG4","og_description":"Is \u00ed M\u00e1ire Treasa N\u00ed Cheallaigh a chuirfidh craoladh beo ar na babhta\u00ed dorn\u00e1la\u00edochta a bheidh ag Ray Moylette, Gary Spike O&#8217;Sullivan, Roy Sheahan agus neart eile i l\u00e1thair agus is iad Se\u00e1n B\u00e1n Breathnach agus Kenneth Egan a bheidh i mbun tr\u00e1chtaireachta. Is iad Jason Quigley, seaimp\u00edn reatha Me\u00e1nmhe\u00e1chain an NABF, laoch Ros Muc, [&hellip;]","og_url":"https:\/\/dev.tg4.ie\/ga\/eolas\/preas\/nuacht-raitis\/2018-2\/3-uair-an-chloig-de-dhornalaiocht-ghairmiuil-le-craoladh-ar-tg4-i-gcomhar-le-assassin-promotions\/","og_site_name":"TG4","article_publisher":"https:\/\/www.facebook.com\/TG4TV","article_modified_time":"2019-07-01T13:33:17+00:00","og_image":[{"width":1920,"height":1080,"url":"https:\/\/tg4-docs.s3.amazonaws.com\/tg4-redesign-2015\/wp-content\/uploads\/2018\/12\/Boxing_Ray_Moylette.jpg","type":"image\/jpeg"}],"twitter_card":"summary_large_image","twitter_site":"@TG4TV","twitter_misc":{"Est. reading time":"2 minutes"},"schema":{"@context":"https:\/\/schema.org","@graph":[{"@type":"WebPage","@id":"https:\/\/dev.tg4.ie\/ga\/eolas\/preas\/nuacht-raitis\/2018-2\/3-uair-an-chloig-de-dhornalaiocht-ghairmiuil-le-craoladh-ar-tg4-i-gcomhar-le-assassin-promotions\/","url":"https:\/\/dev.tg4.ie\/ga\/eolas\/preas\/nuacht-raitis\/2018-2\/3-uair-an-chloig-de-dhornalaiocht-ghairmiuil-le-craoladh-ar-tg4-i-gcomhar-le-assassin-promotions\/","name":"3 Uair an Chloig de Dhorn\u00e1la\u00edocht Ghairmi\u00fail le Craoladh ar TG4 i gcomhar le Assassin Promotions - TG4","isPartOf":{"@id":"https:\/\/dev.tg4.ie\/en\/#website"},"primaryImageOfPage":{"@id":"https:\/\/dev.tg4.ie\/ga\/eolas\/preas\/nuacht-raitis\/2018-2\/3-uair-an-chloig-de-dhornalaiocht-ghairmiuil-le-craoladh-ar-tg4-i-gcomhar-le-assassin-promotions\/#primaryimage"},"image":{"@id":"https:\/\/dev.tg4.ie\/ga\/eolas\/preas\/nuacht-raitis\/2018-2\/3-uair-an-chloig-de-dhornalaiocht-ghairmiuil-le-craoladh-ar-tg4-i-gcomhar-le-assassin-promotions\/#primaryimage"},"thumbnailUrl":"https:\/\/tg4-docs.s3.amazonaws.com\/tg4-redesign-2015\/wp-content\/uploads\/2018\/12\/Boxing_Ray_Moylette.jpg","datePublished":"2018-12-04T16:01:36+00:00","dateModified":"2019-07-01T13:33:17+00:00","breadcrumb":{"@id":"https:\/\/dev.tg4.ie\/ga\/eolas\/preas\/nuacht-raitis\/2018-2\/3-uair-an-chloig-de-dhornalaiocht-ghairmiuil-le-craoladh-ar-tg4-i-gcomhar-le-assassin-promotions\/#breadcrumb"},"inLanguage":"ga","potentialAction":[{"@type":"ReadAction","target":["https:\/\/dev.tg4.ie\/ga\/eolas\/preas\/nuacht-raitis\/2018-2\/3-uair-an-chloig-de-dhornalaiocht-ghairmiuil-le-craoladh-ar-tg4-i-gcomhar-le-assassin-promotions\/"]}]},{"@type":"ImageObject","inLanguage":"ga","@id":"https:\/\/dev.tg4.ie\/ga\/eolas\/preas\/nuacht-raitis\/2018-2\/3-uair-an-chloig-de-dhornalaiocht-ghairmiuil-le-craoladh-ar-tg4-i-gcomhar-le-assassin-promotions\/#primaryimage","url":"https:\/\/tg4-docs.s3.amazonaws.com\/tg4-redesign-2015\/wp-content\/uploads\/2018\/12\/Boxing_Ray_Moylette.jpg","contentUrl":"https:\/\/tg4-docs.s3.amazonaws.com\/tg4-redesign-2015\/wp-content\/uploads\/2018\/12\/Boxing_Ray_Moylette.jpg","width":1920,"height":1080},{"@type":"BreadcrumbList","@id":"https:\/\/dev.tg4.ie\/ga\/eolas\/preas\/nuacht-raitis\/2018-2\/3-uair-an-chloig-de-dhornalaiocht-ghairmiuil-le-craoladh-ar-tg4-i-gcomhar-le-assassin-promotions\/#breadcrumb","itemListElement":[{"@type":"ListItem","position":1,"name":"Home","item":"https:\/\/dev.tg4.ie\/ga\/"},{"@type":"ListItem","position":2,"name":"Eolas","item":"https:\/\/dev.tg4.ie\/ga\/eolas\/"},{"@type":"ListItem","position":3,"name":"Preas","item":"https:\/\/dev.tg4.ie\/ga\/eolas\/preas\/"},{"@type":"ListItem","position":4,"name":"Nuacht R\u00e1itis","item":"https:\/\/dev.tg4.ie\/ga\/eolas\/preas\/nuacht-raitis\/"},{"@type":"ListItem","position":5,"name":"2018","item":"https:\/\/dev.tg4.ie\/ga\/eolas\/preas\/nuacht-raitis\/2018-2\/"},{"@type":"ListItem","position":6,"name":"3 Uair an Chloig de Dhorn\u00e1la\u00edocht Ghairmi\u00fail le Craoladh ar TG4 i gcomhar le Assassin Promotions"}]},{"@type":"WebSite","@id":"https:\/\/dev.tg4.ie\/en\/#website","url":"https:\/\/dev.tg4.ie\/en\/","name":"TG4","description":"S\u00fail Eile","potentialAction":[{"@type":"SearchAction","target":{"@type":"EntryPoint","urlTemplate":"https:\/\/dev.tg4.ie\/en\/?s={search_term_string}"},"query-input":"required name=search_term_string"}],"inLanguage":"ga"}]}},"_links":{"self":[{"href":"https:\/\/dev.tg4.ie\/ga\/wp-json\/wp\/v2\/pages\/97271"}],"collection":[{"href":"https:\/\/dev.tg4.ie\/ga\/wp-json\/wp\/v2\/pages"}],"about":[{"href":"https:\/\/dev.tg4.ie\/ga\/wp-json\/wp\/v2\/types\/page"}],"author":[{"embeddable":true,"href":"https:\/\/dev.tg4.ie\/ga\/wp-json\/wp\/v2\/users\/876"}],"replies":[{"embeddable":true,"href":"https:\/\/dev.tg4.ie\/ga\/wp-json\/wp\/v2\/comments?post=97271"}],"version-history":[{"count":0,"href":"https:\/\/dev.tg4.ie\/ga\/wp-json\/wp\/v2\/pages\/97271\/revisions"}],"up":[{"embeddable":true,"href":"https:\/\/dev.tg4.ie\/ga\/wp-json\/wp\/v2\/pages\/72849"}],"wp:featuredmedia":[{"embeddable":true,"href":"https:\/\/dev.tg4.ie\/ga\/wp-json\/wp\/v2\/media\/97857"}],"wp:attachment":[{"href":"https:\/\/dev.tg4.ie\/ga\/wp-json\/wp\/v2\/media?parent=97271"}],"curies":[{"name":"wp","href":"https:\/\/api.w.org\/{rel}","templated":true}]}}