{"id":97600,"date":"2018-12-10T14:57:16","date_gmt":"2018-12-10T14:57:16","guid":{"rendered":"https:\/\/dev.tg4.ie\/?page_id=97600"},"modified":"2019-07-01T14:38:34","modified_gmt":"2019-07-01T13:38:34","slug":"e-fogartha-ag-tg4-gurb-e-comhphairti-mean-cumarsaide-20x20-e","status":"publish","type":"page","link":"https:\/\/dev.tg4.ie\/ga\/eolas\/preas\/nuacht-raitis\/2018-2\/e-fogartha-ag-tg4-gurb-e-comhphairti-mean-cumarsaide-20x20-e\/","title":{"rendered":"\u00c9 f\u00f3gartha ag TG4 gurb \u00e9 Comhph\u00e1irt\u00ed Me\u00e1n Cumars\u00e1ide 20&#215;20 \u00e9"},"content":{"rendered":"<p>Rinneadh an f\u00f3gra beo le linn Chluich\u00ed Craoibhe Pheil na mBan a bheith \u00e1 gcraoladh ar TG4 ar an deireadh seachtaine.<\/p>\n<p>Aithn\u00edtear <strong>TG4<\/strong> leis an taca\u00edocht at\u00e1 tugtha ag an gcain\u00e9al do mhn\u00e1 i sp\u00f3rt le blianta fada agus bh\u00ed s\u00e9 i dt\u00fas cadhna\u00edochta i dtaobh sp\u00f3rt na mban a chraoladh agus pr\u00f3if\u00edl sp\u00f3rt na mban a mh\u00e9ad\u00fa \u00f3 buna\u00edodh an st\u00e1isi\u00fan i 1996. D\u00e9anfaidh an chomhph\u00e1irt\u00edocht me\u00e1n cumars\u00e1ide nua seo an dul chun cinn at\u00e1 d\u00e9anta ag <strong>TG4 <\/strong>ina leith sin a fhorbairt tuilleadh. Cuirfear leis an m\u00e9id sp\u00f3irt do mhn\u00e1 a bheidh le feice\u00e1il ar an st\u00e1isi\u00fan agus \u00e1 gcl\u00fadach i gcl\u00e1ir an st\u00e1isi\u00fain.<\/p>\n<p>Is \u00e9ard at\u00e1 i gceist leis an tionscnamh <strong>20&#215;20<\/strong> n\u00e1 athr\u00fa a thabhairt chun cinn sa meon at\u00e1 ann i leith cail\u00edn\u00ed agus mn\u00e1 a bheith ag imirt sp\u00f3irt. F\u00e9achtar leis an gclaontacht sin i s\u00edc\u00e9 na h\u00c9ireann maidir le cail\u00edn\u00ed agus buachaill\u00ed, n\u00f3 mn\u00e1 agus fir a athr\u00fa mar a bhaineann le sp\u00f3rt.<\/p>\n<p>D&#8217;fh\u00e1iltigh <strong>Ceannasa\u00ed Sp\u00f3irt TG4, R\u00f3n\u00e1n \u00d3 Coistealbha, <\/strong>leis an bhforbairt agus d\u00fairt:<\/p>\n<p><em>&#8220;T\u00e1 r\u00edm\u00e9ad ar <strong>TG4<\/strong> tac\u00fa leis an bhfeachtas <strong>20&#215;20,<\/strong> tionscnamh iontach \u00e9 arna re\u00e1cht\u00e1il ag <strong>C\u00f3naidhm Sp\u00f3irt na h\u00c9ireann<\/strong>. Leis an gcomhph\u00e1irt\u00edocht seo le <strong>20&#215;20<\/strong>, leantar do thaca\u00edocht an st\u00e1isi\u00fain do mhn\u00e1 i sp\u00f3rt tr\u00e1th a bhfuil t\u00edrdhreach iontach sp\u00f3irt ann. Cuid th\u00e1bhachtach d\u00e1r mbeartas forbartha is ea an chomhph\u00e1irt\u00edocht leis an LGFA, comhph\u00e1irt\u00edocht a bhfuil ag \u00e9ir\u00ed thar cionn l\u00e9i,\u00a0 chomh maith leis an gcl\u00fadach a dh\u00e9anann an st\u00e1isi\u00fan ar sp\u00f3irt eile mar cam\u00f3ga\u00edocht, cispheil, lead\u00f3g, badmantan, sn\u00e1mh, l\u00fathchleasa\u00edocht agus tuilleadh. Chraol <strong>TG4<\/strong> <strong>90 n-uair<\/strong> an chloig de sp\u00f3rt na mban i mbliana ann f\u00e9in chuig beagnach <strong>1.2 milli\u00fan duine.<\/strong> Ina measc bh\u00ed imeachta\u00ed beo, buaicphoint\u00ed, tuairisc\u00ed nuachta agus cl\u00e1ir faisn\u00e9ise. T\u00e1imid ag s\u00fail cur leis an mbonn l\u00e1idir sin agus cur leis an m\u00e9id a bheidh le feice\u00e1il ar TG4 sna blianta at\u00e1 romhainn chomh maith le feasacht ar sp\u00f3rt na mban a ard\u00fa.&#8221;<\/em><\/p>\n<p>Chuir <strong>Mary O&#8217;Connor, Pr\u00edomhfheidhmeannach Ch\u00f3naidhm Sp\u00f3irt na h\u00c9ireann<\/strong> f\u00e1ilte roimh an bhf\u00f3gra go bhfuil TG4 ar t\u00ed dul i mbun comhph\u00e1irt\u00edochta leis an bhfeachtas <strong>20&#215;20<\/strong>.<\/p>\n<p><em>&#8220;T\u00e1 <strong>C\u00f3naidhm Sp\u00f3irt na h\u00c9ireann <\/strong>thar a bheith s\u00e1sta taca\u00edocht a bheith aici \u00f3<strong> TG4<\/strong> don chuid eile den fheachtas <strong>20&#215;20<\/strong>. Bh\u00ed TG4 d\u00edlis i gc\u00f3na\u00ed tac\u00fa le sp\u00f3rt in \u00c9irinn agus \u00e9 a chur chun cinn agus rinne an-obair i dtaobh an chl\u00fadaigh a dh\u00e9antar ar sp\u00f3rt na mban.\u00a0 T\u00e1imid thar a bheith s\u00e1sta iad a bheith ar bord le <strong>20&#215;20<\/strong>, rud at\u00e1 a fhios againn a chuirfidh go m\u00f3r leis an bhfeachtas. Tr\u00ed chuidi\u00fa linn cur le hinfheictheacht na mban i sp\u00f3rt sa d\u00e1 bhliain at\u00e1 ag teacht, t\u00e1 siad ag treisi\u00fa tuilleadh a dtiomantais mn\u00e1 i sp\u00f3rt a chur chun cinn agus n\u00ed fh\u00e9adfadh sin ach an feachtas a neart\u00fa amach anseo.&#8221;\u00a0<\/em><\/p>\n<p>An ghn\u00edomhaireacht cruthaitheachta <strong>Along Came a Spider<\/strong> a cheap an tionscnamh <strong>20&#215;20<\/strong>. Maidir le f\u00f3gra <strong>TG4<\/strong>, d\u00fairt Sarah Colgan, an Sti\u00farth\u00f3ir Bainist\u00edochta,:<\/p>\n<p><em>&#8220;T\u00e1 <strong>TG4<\/strong> aitheanta cheana i dtaobh an ard\u00e1in iontaigh a thugann siad do sp\u00f3rt na mban agus cuirfidh an st\u00e1isi\u00fan go m\u00f3r le <strong>20&#215;20<\/strong> mar Chomhph\u00e1irt\u00ed Oifigi\u00fail Me\u00e1n Cumars\u00e1ide ag an tionscnamh. Mar chraolt\u00f3ir, n\u00edl cur s\u00edos ar an t\u00e1bhacht a bheidh leis an m\u00e9ad\u00fa a bheidh ar infheictheacht l\u00fathchleasaithe, foirne agus com\u00f3rtais na mban agus t\u00e1imid ag s\u00fail oibri\u00fa in \u00e9ineacht le TG4 fad a bheidh an tionscnamh ar bun.&#8221;<\/em><\/p>\n<p>Is giorr\u00fach\u00e1n \u00e9 ainm an tionscnaimh ar <strong>20% faoin mbliain 2020<\/strong>. Sin iad na spriocanna at\u00e1 leagtha amach ag an bhfeachtas:<\/p>\n<p>M\u00e9ad\u00fa <strong>20%<\/strong> ar an gcl\u00fadach a dh\u00e9antar sna me\u00e1in ar mhn\u00e1 i sp\u00f3rt faoi dheireadh na bliana 2020<\/p>\n<p>M\u00e9ad\u00fa <strong>20%<\/strong> ar rannph\u00e1irt\u00edocht na mban i sp\u00f3rt faoi dheireadh na bliana 2020 cib\u00e9 ag leibh\u00e9al imreora, c\u00f3itse\u00e1la, r\u00e9iteora n\u00f3 riarach\u00e1in<\/p>\n<p>M\u00e9ad\u00fa <strong>20%<\/strong> ar an tinreamh ag cluich\u00ed agus imeachta\u00ed sp\u00f3irt na mban faoi dheireadh na bliana 2020.<\/p>\n<p>N\u00ed tionscnamh \u00e9 <strong>20&#215;20<\/strong> at\u00e1 ar bun ag &#8216;mn\u00e1 ar mhaithe le mn\u00e1&#8217; ach tionscnamh a bhfuil &#8216;an tsocha\u00ed uile ar mhaithe leis an uile dhuine sa tsocha\u00ed&#8217;. <strong>&#8216;Mar a fheictear a dh\u00e9antar&#8217; <\/strong>mana an fheachtais.<\/p>\n<p>Chun tuilleadh eolais a fh\u00e1il ar an bhfeachtas t\u00e9igh chuig: <strong><a href=\"https:\/\/20x20.ie\/\" target=\"_blank\" rel=\"noopener noreferrer\">www.20&#215;20.ie<\/a><\/strong><\/p>\n<p>N\u00f3, d\u00e9an teagmh\u00e1il le Sinead Conroy ag <a href=\"mailto:sinead.conroy@irishsport.ie\" target=\"_blank\" rel=\"noopener noreferrer\">sinead.conroy@irishsport.ie<\/a><\/p>\n<p>&nbsp;<\/p>\n","protected":false},"excerpt":{"rendered":"<p>Rinneadh an f\u00f3gra beo le linn Chluich\u00ed Craoibhe Pheil na mBan a bheith \u00e1 gcraoladh ar TG4 ar an deireadh seachtaine. Aithn\u00edtear TG4 leis an taca\u00edocht at\u00e1 tugtha ag an gcain\u00e9al do mhn\u00e1 i sp\u00f3rt le blianta fada agus bh\u00ed s\u00e9 i dt\u00fas cadhna\u00edochta i dtaobh sp\u00f3rt na mban a chraoladh agus pr\u00f3if\u00edl sp\u00f3rt na [&hellip;]<\/p>\n","protected":false},"author":876,"featured_media":97601,"parent":72849,"menu_order":54,"comment_status":"closed","ping_status":"closed","template":"page-templates\/template-pr.php","meta":{"_acf_changed":false,"footnotes":""},"acf":[],"yoast_head":"<!-- This site is optimized with the Yoast SEO plugin v22.6 - https:\/\/yoast.com\/wordpress\/plugins\/seo\/ -->\n<title>\u00c9 f\u00f3gartha ag TG4 gurb \u00e9 Comhph\u00e1irt\u00ed Me\u00e1n Cumars\u00e1ide 20x20 \u00e9 - TG4<\/title>\n<meta name=\"robots\" content=\"index, follow, max-snippet:-1, max-image-preview:large, max-video-preview:-1\" \/>\n<meta property=\"og:locale\" content=\"en_US\" \/>\n<meta property=\"og:type\" content=\"article\" \/>\n<meta property=\"og:title\" content=\"\u00c9 f\u00f3gartha ag TG4 gurb \u00e9 Comhph\u00e1irt\u00ed Me\u00e1n Cumars\u00e1ide 20x20 \u00e9 - TG4\" \/>\n<meta property=\"og:description\" content=\"Rinneadh an f\u00f3gra beo le linn Chluich\u00ed Craoibhe Pheil na mBan a bheith \u00e1 gcraoladh ar TG4 ar an deireadh seachtaine. Aithn\u00edtear TG4 leis an taca\u00edocht at\u00e1 tugtha ag an gcain\u00e9al do mhn\u00e1 i sp\u00f3rt le blianta fada agus bh\u00ed s\u00e9 i dt\u00fas cadhna\u00edochta i dtaobh sp\u00f3rt na mban a chraoladh agus pr\u00f3if\u00edl sp\u00f3rt na [&hellip;]\" \/>\n<meta property=\"og:url\" content=\"https:\/\/dev.tg4.ie\/ga\/eolas\/preas\/nuacht-raitis\/2018-2\/e-fogartha-ag-tg4-gurb-e-comhphairti-mean-cumarsaide-20x20-e\/\" \/>\n<meta property=\"og:site_name\" content=\"TG4\" \/>\n<meta property=\"article:publisher\" content=\"https:\/\/www.facebook.com\/TG4TV\" \/>\n<meta property=\"article:modified_time\" content=\"2019-07-01T13:38:34+00:00\" \/>\n<meta property=\"og:image\" content=\"https:\/\/tg4-docs.s3.amazonaws.com\/tg4-redesign-2015\/wp-content\/uploads\/2018\/12\/Seoladh_20x20_1920x1080.jpg\" \/>\n\t<meta property=\"og:image:width\" content=\"1920\" \/>\n\t<meta property=\"og:image:height\" content=\"1080\" \/>\n\t<meta property=\"og:image:type\" content=\"image\/jpeg\" \/>\n<meta name=\"twitter:card\" content=\"summary_large_image\" \/>\n<meta name=\"twitter:site\" content=\"@TG4TV\" \/>\n<meta name=\"twitter:label1\" content=\"Est. reading time\" \/>\n\t<meta name=\"twitter:data1\" content=\"4 minutes\" \/>\n<script type=\"application\/ld+json\" class=\"yoast-schema-graph\">{\"@context\":\"https:\/\/schema.org\",\"@graph\":[{\"@type\":\"WebPage\",\"@id\":\"https:\/\/dev.tg4.ie\/ga\/eolas\/preas\/nuacht-raitis\/2018-2\/e-fogartha-ag-tg4-gurb-e-comhphairti-mean-cumarsaide-20x20-e\/\",\"url\":\"https:\/\/dev.tg4.ie\/ga\/eolas\/preas\/nuacht-raitis\/2018-2\/e-fogartha-ag-tg4-gurb-e-comhphairti-mean-cumarsaide-20x20-e\/\",\"name\":\"\u00c9 f\u00f3gartha ag TG4 gurb \u00e9 Comhph\u00e1irt\u00ed Me\u00e1n Cumars\u00e1ide 20x20 \u00e9 - TG4\",\"isPartOf\":{\"@id\":\"https:\/\/dev.tg4.ie\/en\/#website\"},\"primaryImageOfPage\":{\"@id\":\"https:\/\/dev.tg4.ie\/ga\/eolas\/preas\/nuacht-raitis\/2018-2\/e-fogartha-ag-tg4-gurb-e-comhphairti-mean-cumarsaide-20x20-e\/#primaryimage\"},\"image\":{\"@id\":\"https:\/\/dev.tg4.ie\/ga\/eolas\/preas\/nuacht-raitis\/2018-2\/e-fogartha-ag-tg4-gurb-e-comhphairti-mean-cumarsaide-20x20-e\/#primaryimage\"},\"thumbnailUrl\":\"https:\/\/tg4-docs.s3.amazonaws.com\/tg4-redesign-2015\/wp-content\/uploads\/2018\/12\/Seoladh_20x20_1920x1080.jpg\",\"datePublished\":\"2018-12-10T14:57:16+00:00\",\"dateModified\":\"2019-07-01T13:38:34+00:00\",\"breadcrumb\":{\"@id\":\"https:\/\/dev.tg4.ie\/ga\/eolas\/preas\/nuacht-raitis\/2018-2\/e-fogartha-ag-tg4-gurb-e-comhphairti-mean-cumarsaide-20x20-e\/#breadcrumb\"},\"inLanguage\":\"ga\",\"potentialAction\":[{\"@type\":\"ReadAction\",\"target\":[\"https:\/\/dev.tg4.ie\/ga\/eolas\/preas\/nuacht-raitis\/2018-2\/e-fogartha-ag-tg4-gurb-e-comhphairti-mean-cumarsaide-20x20-e\/\"]}]},{\"@type\":\"ImageObject\",\"inLanguage\":\"ga\",\"@id\":\"https:\/\/dev.tg4.ie\/ga\/eolas\/preas\/nuacht-raitis\/2018-2\/e-fogartha-ag-tg4-gurb-e-comhphairti-mean-cumarsaide-20x20-e\/#primaryimage\",\"url\":\"https:\/\/tg4-docs.s3.amazonaws.com\/tg4-redesign-2015\/wp-content\/uploads\/2018\/12\/Seoladh_20x20_1920x1080.jpg\",\"contentUrl\":\"https:\/\/tg4-docs.s3.amazonaws.com\/tg4-redesign-2015\/wp-content\/uploads\/2018\/12\/Seoladh_20x20_1920x1080.jpg\",\"width\":1920,\"height\":1080},{\"@type\":\"BreadcrumbList\",\"@id\":\"https:\/\/dev.tg4.ie\/ga\/eolas\/preas\/nuacht-raitis\/2018-2\/e-fogartha-ag-tg4-gurb-e-comhphairti-mean-cumarsaide-20x20-e\/#breadcrumb\",\"itemListElement\":[{\"@type\":\"ListItem\",\"position\":1,\"name\":\"Home\",\"item\":\"https:\/\/dev.tg4.ie\/ga\/\"},{\"@type\":\"ListItem\",\"position\":2,\"name\":\"Eolas\",\"item\":\"https:\/\/dev.tg4.ie\/ga\/eolas\/\"},{\"@type\":\"ListItem\",\"position\":3,\"name\":\"Preas\",\"item\":\"https:\/\/dev.tg4.ie\/ga\/eolas\/preas\/\"},{\"@type\":\"ListItem\",\"position\":4,\"name\":\"Nuacht R\u00e1itis\",\"item\":\"https:\/\/dev.tg4.ie\/ga\/eolas\/preas\/nuacht-raitis\/\"},{\"@type\":\"ListItem\",\"position\":5,\"name\":\"2018\",\"item\":\"https:\/\/dev.tg4.ie\/ga\/eolas\/preas\/nuacht-raitis\/2018-2\/\"},{\"@type\":\"ListItem\",\"position\":6,\"name\":\"\u00c9 f\u00f3gartha ag TG4 gurb \u00e9 Comhph\u00e1irt\u00ed Me\u00e1n Cumars\u00e1ide 20&#215;20 \u00e9\"}]},{\"@type\":\"WebSite\",\"@id\":\"https:\/\/dev.tg4.ie\/en\/#website\",\"url\":\"https:\/\/dev.tg4.ie\/en\/\",\"name\":\"TG4\",\"description\":\"S\u00fail Eile\",\"potentialAction\":[{\"@type\":\"SearchAction\",\"target\":{\"@type\":\"EntryPoint\",\"urlTemplate\":\"https:\/\/dev.tg4.ie\/en\/?s={search_term_string}\"},\"query-input\":\"required name=search_term_string\"}],\"inLanguage\":\"ga\"}]}<\/script>\n<!-- \/ Yoast SEO plugin. -->","yoast_head_json":{"title":"\u00c9 f\u00f3gartha ag TG4 gurb \u00e9 Comhph\u00e1irt\u00ed Me\u00e1n Cumars\u00e1ide 20x20 \u00e9 - TG4","robots":{"index":"index","follow":"follow","max-snippet":"max-snippet:-1","max-image-preview":"max-image-preview:large","max-video-preview":"max-video-preview:-1"},"og_locale":"en_US","og_type":"article","og_title":"\u00c9 f\u00f3gartha ag TG4 gurb \u00e9 Comhph\u00e1irt\u00ed Me\u00e1n Cumars\u00e1ide 20x20 \u00e9 - TG4","og_description":"Rinneadh an f\u00f3gra beo le linn Chluich\u00ed Craoibhe Pheil na mBan a bheith \u00e1 gcraoladh ar TG4 ar an deireadh seachtaine. Aithn\u00edtear TG4 leis an taca\u00edocht at\u00e1 tugtha ag an gcain\u00e9al do mhn\u00e1 i sp\u00f3rt le blianta fada agus bh\u00ed s\u00e9 i dt\u00fas cadhna\u00edochta i dtaobh sp\u00f3rt na mban a chraoladh agus pr\u00f3if\u00edl sp\u00f3rt na [&hellip;]","og_url":"https:\/\/dev.tg4.ie\/ga\/eolas\/preas\/nuacht-raitis\/2018-2\/e-fogartha-ag-tg4-gurb-e-comhphairti-mean-cumarsaide-20x20-e\/","og_site_name":"TG4","article_publisher":"https:\/\/www.facebook.com\/TG4TV","article_modified_time":"2019-07-01T13:38:34+00:00","og_image":[{"width":1920,"height":1080,"url":"https:\/\/tg4-docs.s3.amazonaws.com\/tg4-redesign-2015\/wp-content\/uploads\/2018\/12\/Seoladh_20x20_1920x1080.jpg","type":"image\/jpeg"}],"twitter_card":"summary_large_image","twitter_site":"@TG4TV","twitter_misc":{"Est. reading time":"4 minutes"},"schema":{"@context":"https:\/\/schema.org","@graph":[{"@type":"WebPage","@id":"https:\/\/dev.tg4.ie\/ga\/eolas\/preas\/nuacht-raitis\/2018-2\/e-fogartha-ag-tg4-gurb-e-comhphairti-mean-cumarsaide-20x20-e\/","url":"https:\/\/dev.tg4.ie\/ga\/eolas\/preas\/nuacht-raitis\/2018-2\/e-fogartha-ag-tg4-gurb-e-comhphairti-mean-cumarsaide-20x20-e\/","name":"\u00c9 f\u00f3gartha ag TG4 gurb \u00e9 Comhph\u00e1irt\u00ed Me\u00e1n Cumars\u00e1ide 20x20 \u00e9 - TG4","isPartOf":{"@id":"https:\/\/dev.tg4.ie\/en\/#website"},"primaryImageOfPage":{"@id":"https:\/\/dev.tg4.ie\/ga\/eolas\/preas\/nuacht-raitis\/2018-2\/e-fogartha-ag-tg4-gurb-e-comhphairti-mean-cumarsaide-20x20-e\/#primaryimage"},"image":{"@id":"https:\/\/dev.tg4.ie\/ga\/eolas\/preas\/nuacht-raitis\/2018-2\/e-fogartha-ag-tg4-gurb-e-comhphairti-mean-cumarsaide-20x20-e\/#primaryimage"},"thumbnailUrl":"https:\/\/tg4-docs.s3.amazonaws.com\/tg4-redesign-2015\/wp-content\/uploads\/2018\/12\/Seoladh_20x20_1920x1080.jpg","datePublished":"2018-12-10T14:57:16+00:00","dateModified":"2019-07-01T13:38:34+00:00","breadcrumb":{"@id":"https:\/\/dev.tg4.ie\/ga\/eolas\/preas\/nuacht-raitis\/2018-2\/e-fogartha-ag-tg4-gurb-e-comhphairti-mean-cumarsaide-20x20-e\/#breadcrumb"},"inLanguage":"ga","potentialAction":[{"@type":"ReadAction","target":["https:\/\/dev.tg4.ie\/ga\/eolas\/preas\/nuacht-raitis\/2018-2\/e-fogartha-ag-tg4-gurb-e-comhphairti-mean-cumarsaide-20x20-e\/"]}]},{"@type":"ImageObject","inLanguage":"ga","@id":"https:\/\/dev.tg4.ie\/ga\/eolas\/preas\/nuacht-raitis\/2018-2\/e-fogartha-ag-tg4-gurb-e-comhphairti-mean-cumarsaide-20x20-e\/#primaryimage","url":"https:\/\/tg4-docs.s3.amazonaws.com\/tg4-redesign-2015\/wp-content\/uploads\/2018\/12\/Seoladh_20x20_1920x1080.jpg","contentUrl":"https:\/\/tg4-docs.s3.amazonaws.com\/tg4-redesign-2015\/wp-content\/uploads\/2018\/12\/Seoladh_20x20_1920x1080.jpg","width":1920,"height":1080},{"@type":"BreadcrumbList","@id":"https:\/\/dev.tg4.ie\/ga\/eolas\/preas\/nuacht-raitis\/2018-2\/e-fogartha-ag-tg4-gurb-e-comhphairti-mean-cumarsaide-20x20-e\/#breadcrumb","itemListElement":[{"@type":"ListItem","position":1,"name":"Home","item":"https:\/\/dev.tg4.ie\/ga\/"},{"@type":"ListItem","position":2,"name":"Eolas","item":"https:\/\/dev.tg4.ie\/ga\/eolas\/"},{"@type":"ListItem","position":3,"name":"Preas","item":"https:\/\/dev.tg4.ie\/ga\/eolas\/preas\/"},{"@type":"ListItem","position":4,"name":"Nuacht R\u00e1itis","item":"https:\/\/dev.tg4.ie\/ga\/eolas\/preas\/nuacht-raitis\/"},{"@type":"ListItem","position":5,"name":"2018","item":"https:\/\/dev.tg4.ie\/ga\/eolas\/preas\/nuacht-raitis\/2018-2\/"},{"@type":"ListItem","position":6,"name":"\u00c9 f\u00f3gartha ag TG4 gurb \u00e9 Comhph\u00e1irt\u00ed Me\u00e1n Cumars\u00e1ide 20&#215;20 \u00e9"}]},{"@type":"WebSite","@id":"https:\/\/dev.tg4.ie\/en\/#website","url":"https:\/\/dev.tg4.ie\/en\/","name":"TG4","description":"S\u00fail Eile","potentialAction":[{"@type":"SearchAction","target":{"@type":"EntryPoint","urlTemplate":"https:\/\/dev.tg4.ie\/en\/?s={search_term_string}"},"query-input":"required name=search_term_string"}],"inLanguage":"ga"}]}},"_links":{"self":[{"href":"https:\/\/dev.tg4.ie\/ga\/wp-json\/wp\/v2\/pages\/97600"}],"collection":[{"href":"https:\/\/dev.tg4.ie\/ga\/wp-json\/wp\/v2\/pages"}],"about":[{"href":"https:\/\/dev.tg4.ie\/ga\/wp-json\/wp\/v2\/types\/page"}],"author":[{"embeddable":true,"href":"https:\/\/dev.tg4.ie\/ga\/wp-json\/wp\/v2\/users\/876"}],"replies":[{"embeddable":true,"href":"https:\/\/dev.tg4.ie\/ga\/wp-json\/wp\/v2\/comments?post=97600"}],"version-history":[{"count":0,"href":"https:\/\/dev.tg4.ie\/ga\/wp-json\/wp\/v2\/pages\/97600\/revisions"}],"up":[{"embeddable":true,"href":"https:\/\/dev.tg4.ie\/ga\/wp-json\/wp\/v2\/pages\/72849"}],"wp:featuredmedia":[{"embeddable":true,"href":"https:\/\/dev.tg4.ie\/ga\/wp-json\/wp\/v2\/media\/97601"}],"wp:attachment":[{"href":"https:\/\/dev.tg4.ie\/ga\/wp-json\/wp\/v2\/media?parent=97600"}],"curies":[{"name":"wp","href":"https:\/\/api.w.org\/{rel}","templated":true}]}}