{"id":98834,"date":"2019-01-14T08:45:24","date_gmt":"2019-01-14T08:45:24","guid":{"rendered":"https:\/\/dev.tg4.ie\/?page_id=98834"},"modified":"2019-06-25T14:40:33","modified_gmt":"2019-06-25T13:40:33","slug":"sport-tg4-ag-dul-i-bpairt-le-portwest","status":"publish","type":"page","link":"https:\/\/dev.tg4.ie\/ga\/eolas\/preas\/nuacht-raitis\/2019-2\/sport-tg4-ag-dul-i-bpairt-le-portwest\/","title":{"rendered":"Sp\u00f3rt TG4 ag dul i bp\u00e1irt le Portwest"},"content":{"rendered":"<p>T\u00e1 r\u00edm\u00e9ad ar Sp\u00f3rt TG4 a fh\u00f3gairt go gcuirfidh Portwest c\u00f3ta\u00ed troma Portwest ar f\u00e1il d&#8217;fhoireann Sp\u00f3rt TG4.<\/p>\n<p>D\u00fairt Ceannasa\u00ed Sp\u00f3irt TG4 R\u00f3n\u00e1n \u00d3 Coisdealbha, <em>&#8220;T\u00e1 an-\u00e1thas orainn a bheith ag obair i gcomhar le branda l\u00e1idir as Iarthar na h\u00c9ireann mar Portwest. Mar at\u00e1 a fhios ag \u00e1r lucht f\u00e9achana, t\u00e9ann an fhoireann Sp\u00f3irt at\u00e1 againn fud fad na t\u00edre chun imeachta\u00ed sp\u00f3irt a chl\u00fadach i ngach chine\u00e1l aimsire. T\u00e1 s\u00e9 thar barr ar fad go bhfuil p\u00e1irtn\u00e9ir againn, p\u00e1irtn\u00e9ir a bhfuil ardmheas air, chun \u00e9adach trom d&#8217;ardchaighde\u00e1n a chur ar f\u00e1il d\u00fainn. D\u00e9anfaidh sin an jab at\u00e1 le d\u00e9anamh againn rud beag n\u00edos \u00e9asca.&#8221;<\/em><\/p>\n<p>D\u00fairt Rachel Davoren, Bainisteoir Ginear\u00e1lta Portwest: <em>&#8220;T\u00e1 muid thar a bheith s\u00e1sta a bheith ag obair i gcomhar le TG4, cuideachta iontach eile as Iarthar na h\u00c9ireann. D\u00e9anann an fhoireann sp\u00f3irt s\u00e1robair le linn d\u00f3ibh a bheith ag obair amuigh faoin aer agus n\u00ed m\u00f3r d\u00f3ibh an chosaint is fearr agus is f\u00e9idir a bheith acu \u00f3 dhrochaimsir na h\u00c9ireann.&#8221; <\/em><\/p>\n","protected":false},"excerpt":{"rendered":"<p>T\u00e1 r\u00edm\u00e9ad ar Sp\u00f3rt TG4 a fh\u00f3gairt go gcuirfidh Portwest c\u00f3ta\u00ed troma Portwest ar f\u00e1il d&#8217;fhoireann Sp\u00f3rt TG4. D\u00fairt Ceannasa\u00ed Sp\u00f3irt TG4 R\u00f3n\u00e1n \u00d3 Coisdealbha, &#8220;T\u00e1 an-\u00e1thas orainn a bheith ag obair i gcomhar le branda l\u00e1idir as Iarthar na h\u00c9ireann mar Portwest. Mar at\u00e1 a fhios ag \u00e1r lucht f\u00e9achana, t\u00e9ann an fhoireann Sp\u00f3irt [&hellip;]<\/p>\n","protected":false},"author":876,"featured_media":98836,"parent":98830,"menu_order":2,"comment_status":"closed","ping_status":"closed","template":"page-templates\/template-pr.php","meta":{"_acf_changed":false,"footnotes":""},"acf":[],"yoast_head":"<!-- This site is optimized with the Yoast SEO plugin v22.6 - https:\/\/yoast.com\/wordpress\/plugins\/seo\/ -->\n<title>Sp\u00f3rt TG4 ag dul i bp\u00e1irt le Portwest - TG4<\/title>\n<meta name=\"robots\" content=\"index, follow, max-snippet:-1, max-image-preview:large, max-video-preview:-1\" \/>\n<meta property=\"og:locale\" content=\"en_US\" \/>\n<meta property=\"og:type\" content=\"article\" \/>\n<meta property=\"og:title\" content=\"Sp\u00f3rt TG4 ag dul i bp\u00e1irt le Portwest - TG4\" \/>\n<meta property=\"og:description\" content=\"T\u00e1 r\u00edm\u00e9ad ar Sp\u00f3rt TG4 a fh\u00f3gairt go gcuirfidh Portwest c\u00f3ta\u00ed troma Portwest ar f\u00e1il d&#8217;fhoireann Sp\u00f3rt TG4. D\u00fairt Ceannasa\u00ed Sp\u00f3irt TG4 R\u00f3n\u00e1n \u00d3 Coisdealbha, &#8220;T\u00e1 an-\u00e1thas orainn a bheith ag obair i gcomhar le branda l\u00e1idir as Iarthar na h\u00c9ireann mar Portwest. Mar at\u00e1 a fhios ag \u00e1r lucht f\u00e9achana, t\u00e9ann an fhoireann Sp\u00f3irt [&hellip;]\" \/>\n<meta property=\"og:url\" content=\"https:\/\/dev.tg4.ie\/ga\/eolas\/preas\/nuacht-raitis\/2019-2\/sport-tg4-ag-dul-i-bpairt-le-portwest\/\" \/>\n<meta property=\"og:site_name\" content=\"TG4\" \/>\n<meta property=\"article:publisher\" content=\"https:\/\/www.facebook.com\/TG4TV\" \/>\n<meta property=\"article:modified_time\" content=\"2019-06-25T13:40:33+00:00\" \/>\n<meta property=\"og:image\" content=\"https:\/\/tg4-docs.s3.amazonaws.com\/tg4-redesign-2015\/wp-content\/uploads\/2019\/01\/Portwest_Sp%C3%B3rt_TG4_1920x1080.jpg\" \/>\n\t<meta property=\"og:image:width\" content=\"1920\" \/>\n\t<meta property=\"og:image:height\" content=\"1080\" \/>\n\t<meta property=\"og:image:type\" content=\"image\/jpeg\" \/>\n<meta name=\"twitter:card\" content=\"summary_large_image\" \/>\n<meta name=\"twitter:site\" content=\"@TG4TV\" \/>\n<meta name=\"twitter:label1\" content=\"Est. reading time\" \/>\n\t<meta name=\"twitter:data1\" content=\"1 minute\" \/>\n<script type=\"application\/ld+json\" class=\"yoast-schema-graph\">{\"@context\":\"https:\/\/schema.org\",\"@graph\":[{\"@type\":\"WebPage\",\"@id\":\"https:\/\/dev.tg4.ie\/ga\/eolas\/preas\/nuacht-raitis\/2019-2\/sport-tg4-ag-dul-i-bpairt-le-portwest\/\",\"url\":\"https:\/\/dev.tg4.ie\/ga\/eolas\/preas\/nuacht-raitis\/2019-2\/sport-tg4-ag-dul-i-bpairt-le-portwest\/\",\"name\":\"Sp\u00f3rt TG4 ag dul i bp\u00e1irt le Portwest - TG4\",\"isPartOf\":{\"@id\":\"https:\/\/dev.tg4.ie\/en\/#website\"},\"primaryImageOfPage\":{\"@id\":\"https:\/\/dev.tg4.ie\/ga\/eolas\/preas\/nuacht-raitis\/2019-2\/sport-tg4-ag-dul-i-bpairt-le-portwest\/#primaryimage\"},\"image\":{\"@id\":\"https:\/\/dev.tg4.ie\/ga\/eolas\/preas\/nuacht-raitis\/2019-2\/sport-tg4-ag-dul-i-bpairt-le-portwest\/#primaryimage\"},\"thumbnailUrl\":\"https:\/\/tg4-docs.s3.amazonaws.com\/tg4-redesign-2015\/wp-content\/uploads\/2019\/01\/Portwest_Sp%C3%B3rt_TG4_1920x1080.jpg\",\"datePublished\":\"2019-01-14T08:45:24+00:00\",\"dateModified\":\"2019-06-25T13:40:33+00:00\",\"breadcrumb\":{\"@id\":\"https:\/\/dev.tg4.ie\/ga\/eolas\/preas\/nuacht-raitis\/2019-2\/sport-tg4-ag-dul-i-bpairt-le-portwest\/#breadcrumb\"},\"inLanguage\":\"ga\",\"potentialAction\":[{\"@type\":\"ReadAction\",\"target\":[\"https:\/\/dev.tg4.ie\/ga\/eolas\/preas\/nuacht-raitis\/2019-2\/sport-tg4-ag-dul-i-bpairt-le-portwest\/\"]}]},{\"@type\":\"ImageObject\",\"inLanguage\":\"ga\",\"@id\":\"https:\/\/dev.tg4.ie\/ga\/eolas\/preas\/nuacht-raitis\/2019-2\/sport-tg4-ag-dul-i-bpairt-le-portwest\/#primaryimage\",\"url\":\"https:\/\/tg4-docs.s3.amazonaws.com\/tg4-redesign-2015\/wp-content\/uploads\/2019\/01\/Portwest_Sp%C3%B3rt_TG4_1920x1080.jpg\",\"contentUrl\":\"https:\/\/tg4-docs.s3.amazonaws.com\/tg4-redesign-2015\/wp-content\/uploads\/2019\/01\/Portwest_Sp%C3%B3rt_TG4_1920x1080.jpg\",\"width\":1920,\"height\":1080},{\"@type\":\"BreadcrumbList\",\"@id\":\"https:\/\/dev.tg4.ie\/ga\/eolas\/preas\/nuacht-raitis\/2019-2\/sport-tg4-ag-dul-i-bpairt-le-portwest\/#breadcrumb\",\"itemListElement\":[{\"@type\":\"ListItem\",\"position\":1,\"name\":\"Home\",\"item\":\"https:\/\/dev.tg4.ie\/ga\/\"},{\"@type\":\"ListItem\",\"position\":2,\"name\":\"Eolas\",\"item\":\"https:\/\/dev.tg4.ie\/ga\/eolas\/\"},{\"@type\":\"ListItem\",\"position\":3,\"name\":\"Preas\",\"item\":\"https:\/\/dev.tg4.ie\/ga\/eolas\/preas\/\"},{\"@type\":\"ListItem\",\"position\":4,\"name\":\"Nuacht R\u00e1itis\",\"item\":\"https:\/\/dev.tg4.ie\/ga\/eolas\/preas\/nuacht-raitis\/\"},{\"@type\":\"ListItem\",\"position\":5,\"name\":\"2019\",\"item\":\"https:\/\/dev.tg4.ie\/ga\/eolas\/preas\/nuacht-raitis\/2019-2\/\"},{\"@type\":\"ListItem\",\"position\":6,\"name\":\"Sp\u00f3rt TG4 ag dul i bp\u00e1irt le Portwest\"}]},{\"@type\":\"WebSite\",\"@id\":\"https:\/\/dev.tg4.ie\/en\/#website\",\"url\":\"https:\/\/dev.tg4.ie\/en\/\",\"name\":\"TG4\",\"description\":\"S\u00fail Eile\",\"potentialAction\":[{\"@type\":\"SearchAction\",\"target\":{\"@type\":\"EntryPoint\",\"urlTemplate\":\"https:\/\/dev.tg4.ie\/en\/?s={search_term_string}\"},\"query-input\":\"required name=search_term_string\"}],\"inLanguage\":\"ga\"}]}<\/script>\n<!-- \/ Yoast SEO plugin. -->","yoast_head_json":{"title":"Sp\u00f3rt TG4 ag dul i bp\u00e1irt le Portwest - TG4","robots":{"index":"index","follow":"follow","max-snippet":"max-snippet:-1","max-image-preview":"max-image-preview:large","max-video-preview":"max-video-preview:-1"},"og_locale":"en_US","og_type":"article","og_title":"Sp\u00f3rt TG4 ag dul i bp\u00e1irt le Portwest - TG4","og_description":"T\u00e1 r\u00edm\u00e9ad ar Sp\u00f3rt TG4 a fh\u00f3gairt go gcuirfidh Portwest c\u00f3ta\u00ed troma Portwest ar f\u00e1il d&#8217;fhoireann Sp\u00f3rt TG4. D\u00fairt Ceannasa\u00ed Sp\u00f3irt TG4 R\u00f3n\u00e1n \u00d3 Coisdealbha, &#8220;T\u00e1 an-\u00e1thas orainn a bheith ag obair i gcomhar le branda l\u00e1idir as Iarthar na h\u00c9ireann mar Portwest. Mar at\u00e1 a fhios ag \u00e1r lucht f\u00e9achana, t\u00e9ann an fhoireann Sp\u00f3irt [&hellip;]","og_url":"https:\/\/dev.tg4.ie\/ga\/eolas\/preas\/nuacht-raitis\/2019-2\/sport-tg4-ag-dul-i-bpairt-le-portwest\/","og_site_name":"TG4","article_publisher":"https:\/\/www.facebook.com\/TG4TV","article_modified_time":"2019-06-25T13:40:33+00:00","og_image":[{"width":1920,"height":1080,"url":"https:\/\/tg4-docs.s3.amazonaws.com\/tg4-redesign-2015\/wp-content\/uploads\/2019\/01\/Portwest_Sp%C3%B3rt_TG4_1920x1080.jpg","type":"image\/jpeg"}],"twitter_card":"summary_large_image","twitter_site":"@TG4TV","twitter_misc":{"Est. reading time":"1 minute"},"schema":{"@context":"https:\/\/schema.org","@graph":[{"@type":"WebPage","@id":"https:\/\/dev.tg4.ie\/ga\/eolas\/preas\/nuacht-raitis\/2019-2\/sport-tg4-ag-dul-i-bpairt-le-portwest\/","url":"https:\/\/dev.tg4.ie\/ga\/eolas\/preas\/nuacht-raitis\/2019-2\/sport-tg4-ag-dul-i-bpairt-le-portwest\/","name":"Sp\u00f3rt TG4 ag dul i bp\u00e1irt le Portwest - TG4","isPartOf":{"@id":"https:\/\/dev.tg4.ie\/en\/#website"},"primaryImageOfPage":{"@id":"https:\/\/dev.tg4.ie\/ga\/eolas\/preas\/nuacht-raitis\/2019-2\/sport-tg4-ag-dul-i-bpairt-le-portwest\/#primaryimage"},"image":{"@id":"https:\/\/dev.tg4.ie\/ga\/eolas\/preas\/nuacht-raitis\/2019-2\/sport-tg4-ag-dul-i-bpairt-le-portwest\/#primaryimage"},"thumbnailUrl":"https:\/\/tg4-docs.s3.amazonaws.com\/tg4-redesign-2015\/wp-content\/uploads\/2019\/01\/Portwest_Sp%C3%B3rt_TG4_1920x1080.jpg","datePublished":"2019-01-14T08:45:24+00:00","dateModified":"2019-06-25T13:40:33+00:00","breadcrumb":{"@id":"https:\/\/dev.tg4.ie\/ga\/eolas\/preas\/nuacht-raitis\/2019-2\/sport-tg4-ag-dul-i-bpairt-le-portwest\/#breadcrumb"},"inLanguage":"ga","potentialAction":[{"@type":"ReadAction","target":["https:\/\/dev.tg4.ie\/ga\/eolas\/preas\/nuacht-raitis\/2019-2\/sport-tg4-ag-dul-i-bpairt-le-portwest\/"]}]},{"@type":"ImageObject","inLanguage":"ga","@id":"https:\/\/dev.tg4.ie\/ga\/eolas\/preas\/nuacht-raitis\/2019-2\/sport-tg4-ag-dul-i-bpairt-le-portwest\/#primaryimage","url":"https:\/\/tg4-docs.s3.amazonaws.com\/tg4-redesign-2015\/wp-content\/uploads\/2019\/01\/Portwest_Sp%C3%B3rt_TG4_1920x1080.jpg","contentUrl":"https:\/\/tg4-docs.s3.amazonaws.com\/tg4-redesign-2015\/wp-content\/uploads\/2019\/01\/Portwest_Sp%C3%B3rt_TG4_1920x1080.jpg","width":1920,"height":1080},{"@type":"BreadcrumbList","@id":"https:\/\/dev.tg4.ie\/ga\/eolas\/preas\/nuacht-raitis\/2019-2\/sport-tg4-ag-dul-i-bpairt-le-portwest\/#breadcrumb","itemListElement":[{"@type":"ListItem","position":1,"name":"Home","item":"https:\/\/dev.tg4.ie\/ga\/"},{"@type":"ListItem","position":2,"name":"Eolas","item":"https:\/\/dev.tg4.ie\/ga\/eolas\/"},{"@type":"ListItem","position":3,"name":"Preas","item":"https:\/\/dev.tg4.ie\/ga\/eolas\/preas\/"},{"@type":"ListItem","position":4,"name":"Nuacht R\u00e1itis","item":"https:\/\/dev.tg4.ie\/ga\/eolas\/preas\/nuacht-raitis\/"},{"@type":"ListItem","position":5,"name":"2019","item":"https:\/\/dev.tg4.ie\/ga\/eolas\/preas\/nuacht-raitis\/2019-2\/"},{"@type":"ListItem","position":6,"name":"Sp\u00f3rt TG4 ag dul i bp\u00e1irt le Portwest"}]},{"@type":"WebSite","@id":"https:\/\/dev.tg4.ie\/en\/#website","url":"https:\/\/dev.tg4.ie\/en\/","name":"TG4","description":"S\u00fail Eile","potentialAction":[{"@type":"SearchAction","target":{"@type":"EntryPoint","urlTemplate":"https:\/\/dev.tg4.ie\/en\/?s={search_term_string}"},"query-input":"required name=search_term_string"}],"inLanguage":"ga"}]}},"_links":{"self":[{"href":"https:\/\/dev.tg4.ie\/ga\/wp-json\/wp\/v2\/pages\/98834"}],"collection":[{"href":"https:\/\/dev.tg4.ie\/ga\/wp-json\/wp\/v2\/pages"}],"about":[{"href":"https:\/\/dev.tg4.ie\/ga\/wp-json\/wp\/v2\/types\/page"}],"author":[{"embeddable":true,"href":"https:\/\/dev.tg4.ie\/ga\/wp-json\/wp\/v2\/users\/876"}],"replies":[{"embeddable":true,"href":"https:\/\/dev.tg4.ie\/ga\/wp-json\/wp\/v2\/comments?post=98834"}],"version-history":[{"count":0,"href":"https:\/\/dev.tg4.ie\/ga\/wp-json\/wp\/v2\/pages\/98834\/revisions"}],"up":[{"embeddable":true,"href":"https:\/\/dev.tg4.ie\/ga\/wp-json\/wp\/v2\/pages\/98830"}],"wp:featuredmedia":[{"embeddable":true,"href":"https:\/\/dev.tg4.ie\/ga\/wp-json\/wp\/v2\/media\/98836"}],"wp:attachment":[{"href":"https:\/\/dev.tg4.ie\/ga\/wp-json\/wp\/v2\/media?parent=98834"}],"curies":[{"name":"wp","href":"https:\/\/api.w.org\/{rel}","templated":true}]}}