{"id":99062,"date":"2019-01-14T16:23:35","date_gmt":"2019-01-14T16:23:35","guid":{"rendered":"https:\/\/dev.tg4.ie\/?page_id=99062"},"modified":"2019-06-25T14:38:10","modified_gmt":"2019-06-25T13:38:10","slug":"40-cluiche-clg-le-craoladh-ar-tg4","status":"publish","type":"page","link":"https:\/\/dev.tg4.ie\/ga\/eolas\/preas\/nuacht-raitis\/2019-2\/40-cluiche-clg-le-craoladh-ar-tg4\/","title":{"rendered":"40 Cluiche CLG le Craoladh ar TG4, Sceideal CLG an Earraigh Seolta ag an St\u00e1isi\u00fan"},"content":{"rendered":"<p>Sheol TG4 cl\u00fadach CLG an Earraigh inniu agus thug sonra\u00ed maidir leis an gcl\u00fadach cuimsitheach a dh\u00e9anfar ar chluich\u00ed CLG sna m\u00edonna at\u00e1 ag teacht.\u00a0Craolfaidh TG4 40 cluiche CLG idir seo agus m\u00ed Aibre\u00e1in ag tos\u00fa le cl\u00fadach beo ar Chluiche Ceannais Chorn U\u00ed Bhroin De hAoine an 18 Ean\u00e1ir.<\/p>\n<p>Tos\u00f3idh cl\u00fadach an st\u00e1isi\u00fain ar Shraitheanna Allianz D\u00e9 Domhnaigh an 27 Ean\u00e1ir le craoladh beo ar sheaimp\u00edn\u00ed na h\u00c9ireann, \u00c1th Cliath in aghaidh Mhuineach\u00e1in i gCluain Eois agus craoladh iarbheo ar Loch Garman v Luimneach sa ch\u00e9ad bhabhta de Shraith Iom\u00e1na Allianz.<\/p>\n<p>Is TG4 freisin a dh\u00e9anfadh cl\u00fadach beo agus eisiach ar gach m\u00f3r Chraobh lena n-\u00e1ir\u00edtear Cluich\u00ed Ceannais Peile na Sraithe Allianz, Cluiche Ceannais Iom\u00e1na na Sraithe Allianz agus Cluich\u00ed Ceannais AIB na gClubanna.<\/p>\n<p>\u00d3 tharla gur \u00e9irigh chomh maith sin leis an gcl\u00fadach a rinneadh anuraidh, taispe\u00e1nfar ar GAA BEO ar\u00eds i mbliana tr\u00ed chluiche ioml\u00e1n sa tSraith Allianz gach Domhnach ag tos\u00fa an 3 Feabhra.<\/p>\n<p>Cuirfidh TG4 seirbh\u00eds chuimsitheach ar f\u00e1il freisin do lucht CLG ar leathanach YouTube <em>Sp\u00f3rt TG4<\/em> \u00e1it a mbeidh cl\u00fadach beo ar 13 imeacht agus cluiche \u00e9ags\u00fala ina measc Cluiche Ceannais Idirmhe\u00e1nach agus S\u00f3isear Peile agus Iom\u00e1na AIB na gClubanna, Babhta\u00ed Ceannais Sc\u00f3r na n\u00d3g agus Sc\u00f3r na Sinsear, Cluich\u00ed Ceannais Chorn Sigerson Electric Ireland agus Chorn Fitzgibbon, Cluiche Ceannais Chorn U\u00ed Chonch\u00fair Gourmet Food Parlour Pheil na mBan agus Cluich\u00ed Ceannais Peile agus Iom\u00e1na na gCol\u00e1ist\u00ed (Cluich\u00ed Ceannais na nIar-Bhunscoileanna).<\/p>\n<p>D\u00fairt Ceannasa\u00ed Sp\u00f3irt TG4 R\u00f3n\u00e1n \u00d3 Coistealbha: <em>\u201cT\u00e1imid ag s\u00fail go m\u00f3r le 20\u00fa bliain an st\u00e1isi\u00fain i mbun craolach\u00e1in ar chluich\u00ed na Sraithe Allianz agus t\u00e1imid br\u00f3d\u00fail as an stair fhada at\u00e1 ag an st\u00e1isi\u00fan i mbun cl\u00fadach cuimsitheach ar chluich\u00ed CLG an t-am seo den bhliain. Is ionann an 40 cluiche CLG seo agus an chuid is fearr de chluich\u00ed agus de chom\u00f3rtais CLG \u00f3 Bhabhta\u00ed Ceannais Sc\u00f3r na n\u00d3g go Cluich\u00ed Ceannais na Sraithe Allianz.\u201d<\/em><\/p>\n<p><em>Nemeton TV<\/em><span>, comhlacht l\u00e9iri\u00fach\u00e1in as Port L\u00e1irge, a l\u00e9ir\u00edonn <\/span><em>GAA Beo<\/em> agus is \u00e9 Miche\u00e1l \u00d3 Domhnaill a chuirfidh an tsraith i l\u00e1thair agus tr\u00e1chtaireacht le Brian Tyers, Mac Dara Mac Donncha, Marcus \u00d3 Buachalla agus Cu\u00e1n \u00d3 Flatharta. Beidh GAA 2019, se\u00f3 buaicphoint\u00ed an chain\u00e9il, ar ais freisin do sh\u00e9as\u00far eile.\u00a0 Craolfar buaicphoint\u00ed eisiacha gach tr\u00e1thn\u00f3na D\u00e9 Luain ag 8 pm.<\/p>\n<p>Seo a leanas leagan amach ioml\u00e1n na gcluich\u00ed ar TG4 sna m\u00edonna at\u00e1 romhainn:<\/p>\n<p><strong><u>D\u00e9 hAoine an 18 Ean\u00e1ir<\/u><\/strong><\/p>\n<p>Cluiche Ceannais Chorn U\u00ed Bhroin, \u00c1th Cliath v An Iarmh\u00ed, Beo \u00f3 Ph\u00e1irc Parnell (Ar an aer ag 7:55in, t\u00fas leis an gcluiche ag 8:00in.<\/p>\n<p><strong><u>D\u00e9 Sathairn an 19 Ean\u00e1ir<\/u><\/strong><\/p>\n<p>Cluiche Ceannais Chorn Mhic Cionnaith Bhanc na h\u00c9ireann, Caitheamh isteach ag 7:30pm.<\/p>\n<p>T\u00edr Eoghain v Ard Mhacha, Beo \u00f3 Ard Mhacha.<\/p>\n<p><strong><u>D\u00c9 DOMHNAIGH AN 20 EAN\u00c1IR<\/u><\/strong><\/p>\n<p>Cluiche Leathcheannais Peile Idirmhe\u00e1nach na gClubanna AIB<\/p>\n<p>An Spid\u00e9al (Gaillimh) v <em>Naomh \u00c9anna<\/em><span>(Aontroim)<\/span><\/p>\n<p><span>Beo \u00f3<\/span> Ph\u00e1irc Tailteann, An Uaimh\u00a0\u00a0\u00a0\u00a0\u00a0\u00a0 <span>Caitheamh Isteach: 2pm<\/span><span>, ar an aer ag 1:55in.<\/span><\/p>\n<p><strong><u>D\u00c9 DOMHNAIGH AN 27 EAN\u00c1IR<\/u><\/strong><\/p>\n<p>Beo: \u00a0Sraith Peile Allianz &#8211; Babhta 1- \u00a0Muineach\u00e1n\u00a0 v \u00c1th Cliath, Cluain Eois<\/p>\n<p>Iarbheo: \u00a0Sraith Iom\u00e1na Allianz &#8211; Babhta 1- \u00a0Loch Garman v Luimneach, P\u00e1irc Innovate Phort L\u00e1irge<\/p>\n<p><strong><u>D\u00c9 DOMHNAIGH AN 3 FEABHRA<\/u><\/strong><\/p>\n<p>Beo: \u00a0Sraith Iom\u00e1na Allianz &#8211; Babhta 2- \u00a0An Cl\u00e1r v Cill Chainnigh<\/p>\n<p>Iarbheo: \u00a0Sraith Iom\u00e1na Allianz &#8211; Babhta 2- \u00a0Corcaigh v Loch Garman<\/p>\n<p>Iarbheo: \u00a0Sraith Peile Allianz &#8211; Babhta 2- \u00a0T\u00edr Eoghain V Maigh Eo<\/p>\n<p><strong><u>D\u00c9 SATHAIRN AN 9 FEABHRA<\/u><\/strong><\/p>\n<p>Cluich\u00ed Leathcheannais Sinsear Iom\u00e1na AIB na gClubanna<\/p>\n<p>3pm\u00a0\u00a0 Naomh Tom\u00e1s (Gaillimh) v <span>Ruair\u00ed \u00d3g <\/span><em>Bun Abhann Dalla (Aontroim)<\/em><\/p>\n<p>Beo \u00f3 Ph\u00e1irc Parnell, Baile \u00c1tha Cliath<\/p>\n<p>5pm\u00a0 Seamr\u00f3ga Bhaile H\u00e9il (Cill Chainnigh) v Baile Gunnair (Port L\u00e1irge)<\/p>\n<p>Beo as Staid Semple, Durlas<\/p>\n<p>Beo ar YouTube: Cluich\u00ed Ceannais Peile Shraith S\u00f3isear agus Idirmhe\u00e1nach AIB na gClubanna, Beo ar Ph\u00e1irc an Chr\u00f3caigh<\/p>\n<p><strong><u>D\u00c9 DOMHNAIGH AN 10 FEABHRA<\/u><\/strong><\/p>\n<p>Beo: \u00a0Sraith Peile Allianz &#8211; Babhta 3 &#8211; Muineach\u00e1n v Gaillimh, Inis Caoin, 2pm<\/p>\n<p>Iarbheo: \u00a0Sraith Peile Allianz &#8211; Babhta 3 &#8211; Ros Com\u00e1in v T\u00edr Eoghain<\/p>\n<p>Iarbheo: \u00a0Sraith Peile Allianz &#8211; Babhta 3 &#8211; Cluiche le deimhni\u00fa<\/p>\n<p>Beo ar YouTube: Cluich\u00ed Ceannais Iom\u00e1na Shraith S\u00f3isear agus Idirmhe\u00e1nach AIB na gClubanna, Beo ar Ph\u00e1irc an Chr\u00f3caigh<\/p>\n<p><strong><u>D\u00c9 SATHAIRN AN 16 FEABHRA<\/u><\/strong><\/p>\n<p>Cluich\u00ed Leathcheannais Chraobhchom\u00f3rtas Peile Sinsear AIB na gClubanna<\/p>\n<p>1:30pm\u00a0\u00a0\u00a0 Cora Finne (Gaillimh v Gaoth Dobhair (D\u00fan na nGall)<\/p>\n<p><em>Beo \u00f3<\/em> Ph\u00e1irc Se\u00e1n Mac Diarmada, Cora Droma R\u00faisc<\/p>\n<p>3:30pm\u00a0\u00a0 Dr. Cr\u00f3caigh (Ciarra\u00ed) v <span>Naomh Columba, Mullach na Leachta<\/span> (An Longfort)<\/p>\n<p>Beo \u00f3 Staid Semple, Durlas<\/p>\n<p>Beo ar YouTube:\u00a0 Babhta\u00ed Ceannais Sc\u00f3r na n\u00d3g, Beo as an T\u00e9atar R\u00edoga, Caisle\u00e1n an Bharraigh<\/p>\n<p><strong><u>D\u00c9 DOMHNAIGH AN 17 FEABHRA<\/u><\/strong><\/p>\n<p>Craoladh beo agus iarbheo ar Shraith Iom\u00e1na Allianz (Babhta 3) lena n-\u00e1ir\u00edtear Cill Chainnigh v Luimneach, Loch Garman v Tiobraid \u00c1rann agus Gaillimh v \u00c1th Cliath.<\/p>\n<p><strong><u>D\u00c9 C\u00c9ADAOIN AN 20 FEABHRA<\/u><\/strong><\/p>\n<p>Beo ar YouTube:\u00a0 Cluiche Ceannais Chorn Sigerson na Comhairle Ardoideachais CLG Electric Ireland<\/p>\n<p><strong><u>D\u00c9 SATHAIRN AN 23 FEABHRA<\/u><\/strong><\/p>\n<p>Beo ar YouTube:\u00a0 Cluiche Ceannais Chorn Mhic Giob\u00fain na Comhairle Ardoideachais CLG Electric Ireland, Beo as Institi\u00faid Teicneola\u00edochta Phort L\u00e1irge<\/p>\n<p><strong><u>D\u00c9 DOMHNAIGH AN 24 FEABHRA<\/u><\/strong><\/p>\n<p>Sraith Peile Allianz (Babhta 4) agus Sraith Iom\u00e1na Allianz (Babhta 4)<\/p>\n<p>Cluiche amh\u00e1in beo agus craoladh iarbheo ar dh\u00e1 chluiche eile.<\/p>\n<p><strong><u>D\u00c9 DOMHNAIGH AN 3 M\u00c1RTA<\/u><\/strong><\/p>\n<p>Sraith Peile Allianz (Babhta 5) agus Sraith Iom\u00e1na Allianz (Babhta 5)<\/p>\n<p>Cluiche amh\u00e1in beo agus craoladh iarbheo ar dh\u00e1 chluiche eile.<\/p>\n<p><strong><u>D\u00c9 hAOINE AN 8 M\u00c1RTA<\/u><\/strong><\/p>\n<p>Gradaim Uachtar\u00e1n Chumann L\u00fathchleas Gael, Beo as P\u00e1irc an Chr\u00f3caigh<\/p>\n<p><strong><u>D\u00c9 SATHAIRN AN 9 M\u00c1RTA<\/u><\/strong><\/p>\n<p>Beo ar YouTube:\u00a0 Cluiche Ceannais Chorn U\u00ed Chonch\u00fair Gourmet Food Parlour Pheil na mBan<\/p>\n<p><strong><u>D\u00c9 DOMHNAIGH AN 10 M\u00c1RTA<\/u><\/strong><\/p>\n<p>Cluich\u00ed Ceathr\u00fa Ceannais Shraith Iom\u00e1na Allianz<\/p>\n<p><strong><u>D\u00c9 SATHAIRN AN 16 M\u00c1RTA<\/u><\/strong><\/p>\n<p>Cluich\u00ed Leathcheannais Shraith Iom\u00e1na Allianz<\/p>\n<p><strong><u>D\u00c9 DOMHNAIGH AN 17 M\u00c1RTA<\/u><\/strong><\/p>\n<p>Cluich\u00ed Ceannais Sinsear Peile &amp; Iom\u00e1na na gClubanna AIB Beo as P\u00e1irc an Chr\u00f3caigh<\/p>\n<p><strong><u>D\u00c9 DOMHNAIGH AN 24 M\u00c1RTA<\/u><\/strong><\/p>\n<p>Sraith Peile Allianz (Babhta 7)<\/p>\n<p>Cluiche Ceannais Shraith Iom\u00e1na Allianz<\/p>\n<p><strong><u>D\u00c9 SATHAIRN AN 30 M\u00c1RTA<\/u><\/strong><\/p>\n<p>Cluich\u00ed Ceannais Shraith Peile Allianz (Roinn 3 agus Roinn 4) Beo as P\u00e1irc an Chr\u00f3caigh<\/p>\n<p>Beo ar YouTube:\u00a0 Cluiche Ceannais Iom\u00e1na na gCol\u00e1ist\u00ed (Cluich\u00ed Ceannais na nIar-Bhunscoileanna) Beidh dh\u00e1 chluiche beo as Staid Semple, Durlas<\/p>\n<p><strong><u>D\u00c9 DOMHNAIGH AN 31 M\u00c1RTA<\/u><\/strong><\/p>\n<p>Cluich\u00ed Ceannais Shraith Peile Allianz (Roinn 1 agus Roinn 2) Beo as P\u00e1irc an Chr\u00f3caigh<\/p>\n<p><strong><u>D\u00e9 Sathairn an 6 Aibre\u00e1n<\/u><\/strong><\/p>\n<p>Beo ar YouTube:\u00a0 Cluiche Ceannais Peile na gCol\u00e1ist\u00ed (Cluich\u00ed Ceannais na nIar-Bhunscoileanna &#8211; Cluiche Ceannais Chorn Paddy Drummond, beidh an d\u00e1 chluiche beo as P\u00e1irc an Chr\u00f3caigh<\/p>\n<p><strong><u>D\u00e9 Sathairn an 13 Aibre\u00e1n<\/u><\/strong><\/p>\n<p>Beo ar YouTube:\u00a0 Babhta\u00ed Ceannais Sinsear Sc\u00f3r na n\u00d3g, Beo as an T\u00e9atar R\u00edoga, Caisle\u00e1n an Bharraigh<\/p>\n","protected":false},"excerpt":{"rendered":"<p>Sheol TG4 cl\u00fadach CLG an Earraigh inniu agus thug sonra\u00ed maidir leis an gcl\u00fadach cuimsitheach a dh\u00e9anfar ar chluich\u00ed CLG sna m\u00edonna at\u00e1 ag teacht.\u00a0Craolfaidh TG4 40 cluiche CLG idir seo agus m\u00ed Aibre\u00e1in ag tos\u00fa le cl\u00fadach beo ar Chluiche Ceannais Chorn U\u00ed Bhroin De hAoine an 18 Ean\u00e1ir. Tos\u00f3idh cl\u00fadach an st\u00e1isi\u00fain ar [&hellip;]<\/p>\n","protected":false},"author":876,"featured_media":82019,"parent":98830,"menu_order":0,"comment_status":"closed","ping_status":"closed","template":"page-templates\/template-pr.php","meta":{"_acf_changed":false,"footnotes":""},"acf":[],"yoast_head":"<!-- This site is optimized with the Yoast SEO plugin v22.6 - https:\/\/yoast.com\/wordpress\/plugins\/seo\/ -->\n<title>40 Cluiche CLG le Craoladh ar TG4, Sceideal CLG an Earraigh Seolta ag an St\u00e1isi\u00fan - TG4<\/title>\n<meta name=\"robots\" content=\"index, follow, max-snippet:-1, max-image-preview:large, max-video-preview:-1\" \/>\n<meta property=\"og:locale\" content=\"en_US\" \/>\n<meta property=\"og:type\" content=\"article\" \/>\n<meta property=\"og:title\" content=\"40 Cluiche CLG le Craoladh ar TG4, Sceideal CLG an Earraigh Seolta ag an St\u00e1isi\u00fan - TG4\" \/>\n<meta property=\"og:description\" content=\"Sheol TG4 cl\u00fadach CLG an Earraigh inniu agus thug sonra\u00ed maidir leis an gcl\u00fadach cuimsitheach a dh\u00e9anfar ar chluich\u00ed CLG sna m\u00edonna at\u00e1 ag teacht.\u00a0Craolfaidh TG4 40 cluiche CLG idir seo agus m\u00ed Aibre\u00e1in ag tos\u00fa le cl\u00fadach beo ar Chluiche Ceannais Chorn U\u00ed Bhroin De hAoine an 18 Ean\u00e1ir. Tos\u00f3idh cl\u00fadach an st\u00e1isi\u00fain ar [&hellip;]\" \/>\n<meta property=\"og:url\" content=\"https:\/\/dev.tg4.ie\/ga\/eolas\/preas\/nuacht-raitis\/2019-2\/40-cluiche-clg-le-craoladh-ar-tg4\/\" \/>\n<meta property=\"og:site_name\" content=\"TG4\" \/>\n<meta property=\"article:publisher\" content=\"https:\/\/www.facebook.com\/TG4TV\" \/>\n<meta property=\"article:modified_time\" content=\"2019-06-25T13:38:10+00:00\" \/>\n<meta property=\"og:image\" content=\"https:\/\/tg4-docs.s3.amazonaws.com\/tg4-redesign-2015\/wp-content\/uploads\/2018\/04\/GaaBeo-Allianz-2.jpg\" \/>\n\t<meta property=\"og:image:width\" content=\"1920\" \/>\n\t<meta property=\"og:image:height\" content=\"1080\" \/>\n\t<meta property=\"og:image:type\" content=\"image\/jpeg\" \/>\n<meta name=\"twitter:card\" content=\"summary_large_image\" \/>\n<meta name=\"twitter:site\" content=\"@TG4TV\" \/>\n<meta name=\"twitter:label1\" content=\"Est. reading time\" \/>\n\t<meta name=\"twitter:data1\" content=\"6 minutes\" \/>\n<script type=\"application\/ld+json\" class=\"yoast-schema-graph\">{\"@context\":\"https:\/\/schema.org\",\"@graph\":[{\"@type\":\"WebPage\",\"@id\":\"https:\/\/dev.tg4.ie\/ga\/eolas\/preas\/nuacht-raitis\/2019-2\/40-cluiche-clg-le-craoladh-ar-tg4\/\",\"url\":\"https:\/\/dev.tg4.ie\/ga\/eolas\/preas\/nuacht-raitis\/2019-2\/40-cluiche-clg-le-craoladh-ar-tg4\/\",\"name\":\"40 Cluiche CLG le Craoladh ar TG4, Sceideal CLG an Earraigh Seolta ag an St\u00e1isi\u00fan - TG4\",\"isPartOf\":{\"@id\":\"https:\/\/dev.tg4.ie\/en\/#website\"},\"primaryImageOfPage\":{\"@id\":\"https:\/\/dev.tg4.ie\/ga\/eolas\/preas\/nuacht-raitis\/2019-2\/40-cluiche-clg-le-craoladh-ar-tg4\/#primaryimage\"},\"image\":{\"@id\":\"https:\/\/dev.tg4.ie\/ga\/eolas\/preas\/nuacht-raitis\/2019-2\/40-cluiche-clg-le-craoladh-ar-tg4\/#primaryimage\"},\"thumbnailUrl\":\"https:\/\/tg4-docs.s3.amazonaws.com\/tg4-redesign-2015\/wp-content\/uploads\/2018\/04\/GaaBeo-Allianz-2.jpg\",\"datePublished\":\"2019-01-14T16:23:35+00:00\",\"dateModified\":\"2019-06-25T13:38:10+00:00\",\"breadcrumb\":{\"@id\":\"https:\/\/dev.tg4.ie\/ga\/eolas\/preas\/nuacht-raitis\/2019-2\/40-cluiche-clg-le-craoladh-ar-tg4\/#breadcrumb\"},\"inLanguage\":\"ga\",\"potentialAction\":[{\"@type\":\"ReadAction\",\"target\":[\"https:\/\/dev.tg4.ie\/ga\/eolas\/preas\/nuacht-raitis\/2019-2\/40-cluiche-clg-le-craoladh-ar-tg4\/\"]}]},{\"@type\":\"ImageObject\",\"inLanguage\":\"ga\",\"@id\":\"https:\/\/dev.tg4.ie\/ga\/eolas\/preas\/nuacht-raitis\/2019-2\/40-cluiche-clg-le-craoladh-ar-tg4\/#primaryimage\",\"url\":\"https:\/\/tg4-docs.s3.amazonaws.com\/tg4-redesign-2015\/wp-content\/uploads\/2018\/04\/GaaBeo-Allianz-2.jpg\",\"contentUrl\":\"https:\/\/tg4-docs.s3.amazonaws.com\/tg4-redesign-2015\/wp-content\/uploads\/2018\/04\/GaaBeo-Allianz-2.jpg\",\"width\":1920,\"height\":1080,\"caption\":\"GaaBeo-Allianz-2\"},{\"@type\":\"BreadcrumbList\",\"@id\":\"https:\/\/dev.tg4.ie\/ga\/eolas\/preas\/nuacht-raitis\/2019-2\/40-cluiche-clg-le-craoladh-ar-tg4\/#breadcrumb\",\"itemListElement\":[{\"@type\":\"ListItem\",\"position\":1,\"name\":\"Home\",\"item\":\"https:\/\/dev.tg4.ie\/ga\/\"},{\"@type\":\"ListItem\",\"position\":2,\"name\":\"Eolas\",\"item\":\"https:\/\/dev.tg4.ie\/ga\/eolas\/\"},{\"@type\":\"ListItem\",\"position\":3,\"name\":\"Preas\",\"item\":\"https:\/\/dev.tg4.ie\/ga\/eolas\/preas\/\"},{\"@type\":\"ListItem\",\"position\":4,\"name\":\"Nuacht R\u00e1itis\",\"item\":\"https:\/\/dev.tg4.ie\/ga\/eolas\/preas\/nuacht-raitis\/\"},{\"@type\":\"ListItem\",\"position\":5,\"name\":\"2019\",\"item\":\"https:\/\/dev.tg4.ie\/ga\/eolas\/preas\/nuacht-raitis\/2019-2\/\"},{\"@type\":\"ListItem\",\"position\":6,\"name\":\"40 Cluiche CLG le Craoladh ar TG4, Sceideal CLG an Earraigh Seolta ag an St\u00e1isi\u00fan\"}]},{\"@type\":\"WebSite\",\"@id\":\"https:\/\/dev.tg4.ie\/en\/#website\",\"url\":\"https:\/\/dev.tg4.ie\/en\/\",\"name\":\"TG4\",\"description\":\"S\u00fail Eile\",\"potentialAction\":[{\"@type\":\"SearchAction\",\"target\":{\"@type\":\"EntryPoint\",\"urlTemplate\":\"https:\/\/dev.tg4.ie\/en\/?s={search_term_string}\"},\"query-input\":\"required name=search_term_string\"}],\"inLanguage\":\"ga\"}]}<\/script>\n<!-- \/ Yoast SEO plugin. -->","yoast_head_json":{"title":"40 Cluiche CLG le Craoladh ar TG4, Sceideal CLG an Earraigh Seolta ag an St\u00e1isi\u00fan - TG4","robots":{"index":"index","follow":"follow","max-snippet":"max-snippet:-1","max-image-preview":"max-image-preview:large","max-video-preview":"max-video-preview:-1"},"og_locale":"en_US","og_type":"article","og_title":"40 Cluiche CLG le Craoladh ar TG4, Sceideal CLG an Earraigh Seolta ag an St\u00e1isi\u00fan - TG4","og_description":"Sheol TG4 cl\u00fadach CLG an Earraigh inniu agus thug sonra\u00ed maidir leis an gcl\u00fadach cuimsitheach a dh\u00e9anfar ar chluich\u00ed CLG sna m\u00edonna at\u00e1 ag teacht.\u00a0Craolfaidh TG4 40 cluiche CLG idir seo agus m\u00ed Aibre\u00e1in ag tos\u00fa le cl\u00fadach beo ar Chluiche Ceannais Chorn U\u00ed Bhroin De hAoine an 18 Ean\u00e1ir. Tos\u00f3idh cl\u00fadach an st\u00e1isi\u00fain ar [&hellip;]","og_url":"https:\/\/dev.tg4.ie\/ga\/eolas\/preas\/nuacht-raitis\/2019-2\/40-cluiche-clg-le-craoladh-ar-tg4\/","og_site_name":"TG4","article_publisher":"https:\/\/www.facebook.com\/TG4TV","article_modified_time":"2019-06-25T13:38:10+00:00","og_image":[{"width":1920,"height":1080,"url":"https:\/\/tg4-docs.s3.amazonaws.com\/tg4-redesign-2015\/wp-content\/uploads\/2018\/04\/GaaBeo-Allianz-2.jpg","type":"image\/jpeg"}],"twitter_card":"summary_large_image","twitter_site":"@TG4TV","twitter_misc":{"Est. reading time":"6 minutes"},"schema":{"@context":"https:\/\/schema.org","@graph":[{"@type":"WebPage","@id":"https:\/\/dev.tg4.ie\/ga\/eolas\/preas\/nuacht-raitis\/2019-2\/40-cluiche-clg-le-craoladh-ar-tg4\/","url":"https:\/\/dev.tg4.ie\/ga\/eolas\/preas\/nuacht-raitis\/2019-2\/40-cluiche-clg-le-craoladh-ar-tg4\/","name":"40 Cluiche CLG le Craoladh ar TG4, Sceideal CLG an Earraigh Seolta ag an St\u00e1isi\u00fan - TG4","isPartOf":{"@id":"https:\/\/dev.tg4.ie\/en\/#website"},"primaryImageOfPage":{"@id":"https:\/\/dev.tg4.ie\/ga\/eolas\/preas\/nuacht-raitis\/2019-2\/40-cluiche-clg-le-craoladh-ar-tg4\/#primaryimage"},"image":{"@id":"https:\/\/dev.tg4.ie\/ga\/eolas\/preas\/nuacht-raitis\/2019-2\/40-cluiche-clg-le-craoladh-ar-tg4\/#primaryimage"},"thumbnailUrl":"https:\/\/tg4-docs.s3.amazonaws.com\/tg4-redesign-2015\/wp-content\/uploads\/2018\/04\/GaaBeo-Allianz-2.jpg","datePublished":"2019-01-14T16:23:35+00:00","dateModified":"2019-06-25T13:38:10+00:00","breadcrumb":{"@id":"https:\/\/dev.tg4.ie\/ga\/eolas\/preas\/nuacht-raitis\/2019-2\/40-cluiche-clg-le-craoladh-ar-tg4\/#breadcrumb"},"inLanguage":"ga","potentialAction":[{"@type":"ReadAction","target":["https:\/\/dev.tg4.ie\/ga\/eolas\/preas\/nuacht-raitis\/2019-2\/40-cluiche-clg-le-craoladh-ar-tg4\/"]}]},{"@type":"ImageObject","inLanguage":"ga","@id":"https:\/\/dev.tg4.ie\/ga\/eolas\/preas\/nuacht-raitis\/2019-2\/40-cluiche-clg-le-craoladh-ar-tg4\/#primaryimage","url":"https:\/\/tg4-docs.s3.amazonaws.com\/tg4-redesign-2015\/wp-content\/uploads\/2018\/04\/GaaBeo-Allianz-2.jpg","contentUrl":"https:\/\/tg4-docs.s3.amazonaws.com\/tg4-redesign-2015\/wp-content\/uploads\/2018\/04\/GaaBeo-Allianz-2.jpg","width":1920,"height":1080,"caption":"GaaBeo-Allianz-2"},{"@type":"BreadcrumbList","@id":"https:\/\/dev.tg4.ie\/ga\/eolas\/preas\/nuacht-raitis\/2019-2\/40-cluiche-clg-le-craoladh-ar-tg4\/#breadcrumb","itemListElement":[{"@type":"ListItem","position":1,"name":"Home","item":"https:\/\/dev.tg4.ie\/ga\/"},{"@type":"ListItem","position":2,"name":"Eolas","item":"https:\/\/dev.tg4.ie\/ga\/eolas\/"},{"@type":"ListItem","position":3,"name":"Preas","item":"https:\/\/dev.tg4.ie\/ga\/eolas\/preas\/"},{"@type":"ListItem","position":4,"name":"Nuacht R\u00e1itis","item":"https:\/\/dev.tg4.ie\/ga\/eolas\/preas\/nuacht-raitis\/"},{"@type":"ListItem","position":5,"name":"2019","item":"https:\/\/dev.tg4.ie\/ga\/eolas\/preas\/nuacht-raitis\/2019-2\/"},{"@type":"ListItem","position":6,"name":"40 Cluiche CLG le Craoladh ar TG4, Sceideal CLG an Earraigh Seolta ag an St\u00e1isi\u00fan"}]},{"@type":"WebSite","@id":"https:\/\/dev.tg4.ie\/en\/#website","url":"https:\/\/dev.tg4.ie\/en\/","name":"TG4","description":"S\u00fail Eile","potentialAction":[{"@type":"SearchAction","target":{"@type":"EntryPoint","urlTemplate":"https:\/\/dev.tg4.ie\/en\/?s={search_term_string}"},"query-input":"required name=search_term_string"}],"inLanguage":"ga"}]}},"_links":{"self":[{"href":"https:\/\/dev.tg4.ie\/ga\/wp-json\/wp\/v2\/pages\/99062"}],"collection":[{"href":"https:\/\/dev.tg4.ie\/ga\/wp-json\/wp\/v2\/pages"}],"about":[{"href":"https:\/\/dev.tg4.ie\/ga\/wp-json\/wp\/v2\/types\/page"}],"author":[{"embeddable":true,"href":"https:\/\/dev.tg4.ie\/ga\/wp-json\/wp\/v2\/users\/876"}],"replies":[{"embeddable":true,"href":"https:\/\/dev.tg4.ie\/ga\/wp-json\/wp\/v2\/comments?post=99062"}],"version-history":[{"count":0,"href":"https:\/\/dev.tg4.ie\/ga\/wp-json\/wp\/v2\/pages\/99062\/revisions"}],"up":[{"embeddable":true,"href":"https:\/\/dev.tg4.ie\/ga\/wp-json\/wp\/v2\/pages\/98830"}],"wp:featuredmedia":[{"embeddable":true,"href":"https:\/\/dev.tg4.ie\/ga\/wp-json\/wp\/v2\/media\/82019"}],"wp:attachment":[{"href":"https:\/\/dev.tg4.ie\/ga\/wp-json\/wp\/v2\/media?parent=99062"}],"curies":[{"name":"wp","href":"https:\/\/api.w.org\/{rel}","templated":true}]}}