{"id":99318,"date":"2019-01-18T11:18:14","date_gmt":"2019-01-18T11:18:14","guid":{"rendered":"https:\/\/dev.tg4.ie\/?page_id=99318"},"modified":"2019-06-25T14:38:53","modified_gmt":"2019-06-25T13:38:53","slug":"bliain-bhisiuil-eile-ab-ea-an-2018-ag-tg4","status":"publish","type":"page","link":"https:\/\/dev.tg4.ie\/ga\/eolas\/preas\/nuacht-raitis\/2019-2\/bliain-bhisiuil-eile-ab-ea-an-2018-ag-tg4\/","title":{"rendered":"Bliain bhisi\u00fail eile ab ea an 2018 ag TG4"},"content":{"rendered":"<p>Chuaigh an \u20ac22.9m d\u2019infheist\u00edocht dh\u00edreach a rinne TG4 san earn\u00e1il neamhsple\u00e1ch l\u00e9iri\u00fach\u00e1in go m\u00f3r chun tairbhe don st\u00e1isi\u00fan, ar \u00e9irigh leo 87% den lucht f\u00e9achana ioml\u00e1n in \u00c9irinn a aimsi\u00fa le linn na bliana 2018 agus ar fh\u00e9ach os cionn 904,000 duine ar chl\u00e1ir ar an st\u00e1isi\u00fan Domhnach C\u00e1sca, an l\u00e1 is m\u00f3 sa bhliain a raibh lucht f\u00e9achana acu.\u00a0 Peil agus Iom\u00e1na\u00edocht a bhain an lucht f\u00e9achana is m\u00f3 amach ar\u00eds ach gur fh\u00e9ach l\u00edon m\u00f3r daoine ar chl\u00e1ir cheoil &amp; faisn\u00e9ise freisin ar TG4 le linn 2018.<\/p>\n<p>De r\u00e9ir an ch\u00f3rais \u2018Fios F\u00edse\u2019 is iad Nuacht TG4, Fleadh TV, Oireachtas 2018 &amp; Ros na R\u00fan na cl\u00e1ir is m\u00f3 ar bhain an cro\u00ed lucht f\u00e9achana, daoine a bhfuil Gaeilge ar a dtoil acu, s\u00e1samh astu ar an teilif\u00eds. T\u00e1 lorg TG4 ag m\u00e9ad\u00fa ar l\u00edne freisin agus is as \u00c9irinn, an Bhreatain, na St\u00e1it Aontaithe agus an Astr\u00e1il is m\u00f3 at\u00e1 an tr\u00e1cht ar Sheinnteoir TG4. D\u00edol suntais iad an 34m babhta ar fh\u00e9ach daoine ar n\u00f3im\u00e9ad n\u00f3 os a chionn d\u2019abhar TG4 ar an seinnteoir, chomh maith leis an 18 milli\u00fan amharc f\u00edse a tharraing \u00e1bhar TG4 ar a chuid ard\u00e1n me\u00e1n s\u00f3isialta. T\u00e1 ag \u00e9ir\u00ed an-mhaith ar fad leis an aip nua \u2018Molsc\u00e9al\u2019, a seoladh i m\u00ed na Samhna, a bhfuil breis is 2m amharc faighte aici go d\u00e1ta. Tosa\u00edodh ag l\u00e9iri\u00fa dh\u00e1 fhadscann\u00e1n nua i nGaeilge mar chuid den tionscnamh Cine4 in 2018 freisin, chomh maith le dh\u00e1 thionscnamh nua comhl\u00e9iri\u00fach\u00e1in idirn\u00e1isi\u00fanta a bheith bunaithe.<\/p>\n<p>T\u00e1 taca\u00edocht forleathan tugtha d\u2019\u00f3c\u00e1id\u00ed a craoladh beo &#8211; Peil na mBan, \u2018F\u00e1ilte 2019\u2019, Fleadh TV &amp; Com\u00f3rtas Peile na Gaeltachta mar shampla chomh maith le forbairt\u00ed de mhacasamhail \u2018BLOC\u2019, an branda ar-l\u00edne a bhfuil gradaim buaite aige. Cruth\u00fa ar\u00eds eile iad seo go bhfuil ag \u00e9ir\u00ed leis an modh oibre at\u00e1 ag TG4 chun \u00e1bhar ceannr\u00f3da\u00edoch agus nu\u00e1lach a chruth\u00fa ach at\u00e1 f\u00f3s d\u00edlis don chur chuige \u2018S\u00fail Eile\u2019, at\u00e1 aitheanta anois le gach a nd\u00e9anann an st\u00e1isi\u00fan.<\/p>\n<p><img decoding=\"async\" class=\"aligncenter size-full wp-image-99325\" src=\"https:\/\/tg4-docs.s3.amazonaws.com\/tg4-redesign-2015\/wp-content\/uploads\/2019\/01\/TG4_2018_Bliain_Bhis%C3%BAil_ag_TG4_Gaeilge_700.jpg\" alt=\"\" \/><\/p>\n","protected":false},"excerpt":{"rendered":"<p>Chuaigh an \u20ac22.9m d\u2019infheist\u00edocht dh\u00edreach a rinne TG4 san earn\u00e1il neamhsple\u00e1ch l\u00e9iri\u00fach\u00e1in go m\u00f3r chun tairbhe don st\u00e1isi\u00fan, ar \u00e9irigh leo 87% den lucht f\u00e9achana ioml\u00e1n in \u00c9irinn a aimsi\u00fa le linn na bliana 2018 agus ar fh\u00e9ach os cionn 904,000 duine ar chl\u00e1ir ar an st\u00e1isi\u00fan Domhnach C\u00e1sca, an l\u00e1 is m\u00f3 sa bhliain [&hellip;]<\/p>\n","protected":false},"author":876,"featured_media":92479,"parent":98830,"menu_order":1,"comment_status":"closed","ping_status":"closed","template":"page-templates\/template-pr.php","meta":{"_acf_changed":false,"footnotes":""},"acf":[],"yoast_head":"<!-- This site is optimized with the Yoast SEO plugin v22.6 - https:\/\/yoast.com\/wordpress\/plugins\/seo\/ -->\n<title>Bliain bhisi\u00fail eile ab ea an 2018 ag TG4 - TG4<\/title>\n<meta name=\"robots\" content=\"index, follow, max-snippet:-1, max-image-preview:large, max-video-preview:-1\" \/>\n<meta property=\"og:locale\" content=\"en_US\" \/>\n<meta property=\"og:type\" content=\"article\" \/>\n<meta property=\"og:title\" content=\"Bliain bhisi\u00fail eile ab ea an 2018 ag TG4 - TG4\" \/>\n<meta property=\"og:description\" content=\"Chuaigh an \u20ac22.9m d\u2019infheist\u00edocht dh\u00edreach a rinne TG4 san earn\u00e1il neamhsple\u00e1ch l\u00e9iri\u00fach\u00e1in go m\u00f3r chun tairbhe don st\u00e1isi\u00fan, ar \u00e9irigh leo 87% den lucht f\u00e9achana ioml\u00e1n in \u00c9irinn a aimsi\u00fa le linn na bliana 2018 agus ar fh\u00e9ach os cionn 904,000 duine ar chl\u00e1ir ar an st\u00e1isi\u00fan Domhnach C\u00e1sca, an l\u00e1 is m\u00f3 sa bhliain [&hellip;]\" \/>\n<meta property=\"og:url\" content=\"https:\/\/dev.tg4.ie\/ga\/eolas\/preas\/nuacht-raitis\/2019-2\/bliain-bhisiuil-eile-ab-ea-an-2018-ag-tg4\/\" \/>\n<meta property=\"og:site_name\" content=\"TG4\" \/>\n<meta property=\"article:publisher\" content=\"https:\/\/www.facebook.com\/TG4TV\" \/>\n<meta property=\"article:modified_time\" content=\"2019-06-25T13:38:53+00:00\" \/>\n<meta property=\"og:image\" content=\"https:\/\/tg4-docs.s3.amazonaws.com\/tg4-redesign-2015\/wp-content\/uploads\/2018\/09\/Seoladh-an-Fhomhair-2018.jpg\" \/>\n\t<meta property=\"og:image:width\" content=\"1920\" \/>\n\t<meta property=\"og:image:height\" content=\"1080\" \/>\n\t<meta property=\"og:image:type\" content=\"image\/jpeg\" \/>\n<meta name=\"twitter:card\" content=\"summary_large_image\" \/>\n<meta name=\"twitter:site\" content=\"@TG4TV\" \/>\n<meta name=\"twitter:label1\" content=\"Est. reading time\" \/>\n\t<meta name=\"twitter:data1\" content=\"2 minutes\" \/>\n<script type=\"application\/ld+json\" class=\"yoast-schema-graph\">{\"@context\":\"https:\/\/schema.org\",\"@graph\":[{\"@type\":\"WebPage\",\"@id\":\"https:\/\/dev.tg4.ie\/ga\/eolas\/preas\/nuacht-raitis\/2019-2\/bliain-bhisiuil-eile-ab-ea-an-2018-ag-tg4\/\",\"url\":\"https:\/\/dev.tg4.ie\/ga\/eolas\/preas\/nuacht-raitis\/2019-2\/bliain-bhisiuil-eile-ab-ea-an-2018-ag-tg4\/\",\"name\":\"Bliain bhisi\u00fail eile ab ea an 2018 ag TG4 - TG4\",\"isPartOf\":{\"@id\":\"https:\/\/dev.tg4.ie\/en\/#website\"},\"primaryImageOfPage\":{\"@id\":\"https:\/\/dev.tg4.ie\/ga\/eolas\/preas\/nuacht-raitis\/2019-2\/bliain-bhisiuil-eile-ab-ea-an-2018-ag-tg4\/#primaryimage\"},\"image\":{\"@id\":\"https:\/\/dev.tg4.ie\/ga\/eolas\/preas\/nuacht-raitis\/2019-2\/bliain-bhisiuil-eile-ab-ea-an-2018-ag-tg4\/#primaryimage\"},\"thumbnailUrl\":\"https:\/\/tg4-docs.s3.amazonaws.com\/tg4-redesign-2015\/wp-content\/uploads\/2018\/09\/Seoladh-an-Fhomhair-2018.jpg\",\"datePublished\":\"2019-01-18T11:18:14+00:00\",\"dateModified\":\"2019-06-25T13:38:53+00:00\",\"breadcrumb\":{\"@id\":\"https:\/\/dev.tg4.ie\/ga\/eolas\/preas\/nuacht-raitis\/2019-2\/bliain-bhisiuil-eile-ab-ea-an-2018-ag-tg4\/#breadcrumb\"},\"inLanguage\":\"ga\",\"potentialAction\":[{\"@type\":\"ReadAction\",\"target\":[\"https:\/\/dev.tg4.ie\/ga\/eolas\/preas\/nuacht-raitis\/2019-2\/bliain-bhisiuil-eile-ab-ea-an-2018-ag-tg4\/\"]}]},{\"@type\":\"ImageObject\",\"inLanguage\":\"ga\",\"@id\":\"https:\/\/dev.tg4.ie\/ga\/eolas\/preas\/nuacht-raitis\/2019-2\/bliain-bhisiuil-eile-ab-ea-an-2018-ag-tg4\/#primaryimage\",\"url\":\"https:\/\/tg4-docs.s3.amazonaws.com\/tg4-redesign-2015\/wp-content\/uploads\/2018\/09\/Seoladh-an-Fhomhair-2018.jpg\",\"contentUrl\":\"https:\/\/tg4-docs.s3.amazonaws.com\/tg4-redesign-2015\/wp-content\/uploads\/2018\/09\/Seoladh-an-Fhomhair-2018.jpg\",\"width\":1920,\"height\":1080,\"caption\":\"Seoladh an Fh\u00f3mhair 2018\"},{\"@type\":\"BreadcrumbList\",\"@id\":\"https:\/\/dev.tg4.ie\/ga\/eolas\/preas\/nuacht-raitis\/2019-2\/bliain-bhisiuil-eile-ab-ea-an-2018-ag-tg4\/#breadcrumb\",\"itemListElement\":[{\"@type\":\"ListItem\",\"position\":1,\"name\":\"Home\",\"item\":\"https:\/\/dev.tg4.ie\/ga\/\"},{\"@type\":\"ListItem\",\"position\":2,\"name\":\"Eolas\",\"item\":\"https:\/\/dev.tg4.ie\/ga\/eolas\/\"},{\"@type\":\"ListItem\",\"position\":3,\"name\":\"Preas\",\"item\":\"https:\/\/dev.tg4.ie\/ga\/eolas\/preas\/\"},{\"@type\":\"ListItem\",\"position\":4,\"name\":\"Nuacht R\u00e1itis\",\"item\":\"https:\/\/dev.tg4.ie\/ga\/eolas\/preas\/nuacht-raitis\/\"},{\"@type\":\"ListItem\",\"position\":5,\"name\":\"2019\",\"item\":\"https:\/\/dev.tg4.ie\/ga\/eolas\/preas\/nuacht-raitis\/2019-2\/\"},{\"@type\":\"ListItem\",\"position\":6,\"name\":\"Bliain bhisi\u00fail eile ab ea an 2018 ag TG4\"}]},{\"@type\":\"WebSite\",\"@id\":\"https:\/\/dev.tg4.ie\/en\/#website\",\"url\":\"https:\/\/dev.tg4.ie\/en\/\",\"name\":\"TG4\",\"description\":\"S\u00fail Eile\",\"potentialAction\":[{\"@type\":\"SearchAction\",\"target\":{\"@type\":\"EntryPoint\",\"urlTemplate\":\"https:\/\/dev.tg4.ie\/en\/?s={search_term_string}\"},\"query-input\":\"required name=search_term_string\"}],\"inLanguage\":\"ga\"}]}<\/script>\n<!-- \/ Yoast SEO plugin. -->","yoast_head_json":{"title":"Bliain bhisi\u00fail eile ab ea an 2018 ag TG4 - TG4","robots":{"index":"index","follow":"follow","max-snippet":"max-snippet:-1","max-image-preview":"max-image-preview:large","max-video-preview":"max-video-preview:-1"},"og_locale":"en_US","og_type":"article","og_title":"Bliain bhisi\u00fail eile ab ea an 2018 ag TG4 - TG4","og_description":"Chuaigh an \u20ac22.9m d\u2019infheist\u00edocht dh\u00edreach a rinne TG4 san earn\u00e1il neamhsple\u00e1ch l\u00e9iri\u00fach\u00e1in go m\u00f3r chun tairbhe don st\u00e1isi\u00fan, ar \u00e9irigh leo 87% den lucht f\u00e9achana ioml\u00e1n in \u00c9irinn a aimsi\u00fa le linn na bliana 2018 agus ar fh\u00e9ach os cionn 904,000 duine ar chl\u00e1ir ar an st\u00e1isi\u00fan Domhnach C\u00e1sca, an l\u00e1 is m\u00f3 sa bhliain [&hellip;]","og_url":"https:\/\/dev.tg4.ie\/ga\/eolas\/preas\/nuacht-raitis\/2019-2\/bliain-bhisiuil-eile-ab-ea-an-2018-ag-tg4\/","og_site_name":"TG4","article_publisher":"https:\/\/www.facebook.com\/TG4TV","article_modified_time":"2019-06-25T13:38:53+00:00","og_image":[{"width":1920,"height":1080,"url":"https:\/\/tg4-docs.s3.amazonaws.com\/tg4-redesign-2015\/wp-content\/uploads\/2018\/09\/Seoladh-an-Fhomhair-2018.jpg","type":"image\/jpeg"}],"twitter_card":"summary_large_image","twitter_site":"@TG4TV","twitter_misc":{"Est. reading time":"2 minutes"},"schema":{"@context":"https:\/\/schema.org","@graph":[{"@type":"WebPage","@id":"https:\/\/dev.tg4.ie\/ga\/eolas\/preas\/nuacht-raitis\/2019-2\/bliain-bhisiuil-eile-ab-ea-an-2018-ag-tg4\/","url":"https:\/\/dev.tg4.ie\/ga\/eolas\/preas\/nuacht-raitis\/2019-2\/bliain-bhisiuil-eile-ab-ea-an-2018-ag-tg4\/","name":"Bliain bhisi\u00fail eile ab ea an 2018 ag TG4 - TG4","isPartOf":{"@id":"https:\/\/dev.tg4.ie\/en\/#website"},"primaryImageOfPage":{"@id":"https:\/\/dev.tg4.ie\/ga\/eolas\/preas\/nuacht-raitis\/2019-2\/bliain-bhisiuil-eile-ab-ea-an-2018-ag-tg4\/#primaryimage"},"image":{"@id":"https:\/\/dev.tg4.ie\/ga\/eolas\/preas\/nuacht-raitis\/2019-2\/bliain-bhisiuil-eile-ab-ea-an-2018-ag-tg4\/#primaryimage"},"thumbnailUrl":"https:\/\/tg4-docs.s3.amazonaws.com\/tg4-redesign-2015\/wp-content\/uploads\/2018\/09\/Seoladh-an-Fhomhair-2018.jpg","datePublished":"2019-01-18T11:18:14+00:00","dateModified":"2019-06-25T13:38:53+00:00","breadcrumb":{"@id":"https:\/\/dev.tg4.ie\/ga\/eolas\/preas\/nuacht-raitis\/2019-2\/bliain-bhisiuil-eile-ab-ea-an-2018-ag-tg4\/#breadcrumb"},"inLanguage":"ga","potentialAction":[{"@type":"ReadAction","target":["https:\/\/dev.tg4.ie\/ga\/eolas\/preas\/nuacht-raitis\/2019-2\/bliain-bhisiuil-eile-ab-ea-an-2018-ag-tg4\/"]}]},{"@type":"ImageObject","inLanguage":"ga","@id":"https:\/\/dev.tg4.ie\/ga\/eolas\/preas\/nuacht-raitis\/2019-2\/bliain-bhisiuil-eile-ab-ea-an-2018-ag-tg4\/#primaryimage","url":"https:\/\/tg4-docs.s3.amazonaws.com\/tg4-redesign-2015\/wp-content\/uploads\/2018\/09\/Seoladh-an-Fhomhair-2018.jpg","contentUrl":"https:\/\/tg4-docs.s3.amazonaws.com\/tg4-redesign-2015\/wp-content\/uploads\/2018\/09\/Seoladh-an-Fhomhair-2018.jpg","width":1920,"height":1080,"caption":"Seoladh an Fh\u00f3mhair 2018"},{"@type":"BreadcrumbList","@id":"https:\/\/dev.tg4.ie\/ga\/eolas\/preas\/nuacht-raitis\/2019-2\/bliain-bhisiuil-eile-ab-ea-an-2018-ag-tg4\/#breadcrumb","itemListElement":[{"@type":"ListItem","position":1,"name":"Home","item":"https:\/\/dev.tg4.ie\/ga\/"},{"@type":"ListItem","position":2,"name":"Eolas","item":"https:\/\/dev.tg4.ie\/ga\/eolas\/"},{"@type":"ListItem","position":3,"name":"Preas","item":"https:\/\/dev.tg4.ie\/ga\/eolas\/preas\/"},{"@type":"ListItem","position":4,"name":"Nuacht R\u00e1itis","item":"https:\/\/dev.tg4.ie\/ga\/eolas\/preas\/nuacht-raitis\/"},{"@type":"ListItem","position":5,"name":"2019","item":"https:\/\/dev.tg4.ie\/ga\/eolas\/preas\/nuacht-raitis\/2019-2\/"},{"@type":"ListItem","position":6,"name":"Bliain bhisi\u00fail eile ab ea an 2018 ag TG4"}]},{"@type":"WebSite","@id":"https:\/\/dev.tg4.ie\/en\/#website","url":"https:\/\/dev.tg4.ie\/en\/","name":"TG4","description":"S\u00fail Eile","potentialAction":[{"@type":"SearchAction","target":{"@type":"EntryPoint","urlTemplate":"https:\/\/dev.tg4.ie\/en\/?s={search_term_string}"},"query-input":"required name=search_term_string"}],"inLanguage":"ga"}]}},"_links":{"self":[{"href":"https:\/\/dev.tg4.ie\/ga\/wp-json\/wp\/v2\/pages\/99318"}],"collection":[{"href":"https:\/\/dev.tg4.ie\/ga\/wp-json\/wp\/v2\/pages"}],"about":[{"href":"https:\/\/dev.tg4.ie\/ga\/wp-json\/wp\/v2\/types\/page"}],"author":[{"embeddable":true,"href":"https:\/\/dev.tg4.ie\/ga\/wp-json\/wp\/v2\/users\/876"}],"replies":[{"embeddable":true,"href":"https:\/\/dev.tg4.ie\/ga\/wp-json\/wp\/v2\/comments?post=99318"}],"version-history":[{"count":0,"href":"https:\/\/dev.tg4.ie\/ga\/wp-json\/wp\/v2\/pages\/99318\/revisions"}],"up":[{"embeddable":true,"href":"https:\/\/dev.tg4.ie\/ga\/wp-json\/wp\/v2\/pages\/98830"}],"wp:featuredmedia":[{"embeddable":true,"href":"https:\/\/dev.tg4.ie\/ga\/wp-json\/wp\/v2\/media\/92479"}],"wp:attachment":[{"href":"https:\/\/dev.tg4.ie\/ga\/wp-json\/wp\/v2\/media?parent=99318"}],"curies":[{"name":"wp","href":"https:\/\/api.w.org\/{rel}","templated":true}]}}