{"id":995,"date":"2015-08-06T16:44:04","date_gmt":"2015-08-06T15:44:04","guid":{"rendered":"https:\/\/dev.tg4.ie\/corporate\/media\/2015-2\/06-07-15\/"},"modified":"2019-06-25T11:24:15","modified_gmt":"2019-06-25T10:24:15","slug":"iuil-7-2015","status":"publish","type":"page","link":"https:\/\/dev.tg4.ie\/ga\/eolas\/preas\/nuacht-raitis\/2015-2\/iuil-7-2015\/","title":{"rendered":"07.07.15"},"content":{"rendered":"<p>Tos\u00f3idh cl\u00fadach teilif\u00edse na Craoibhe 2015 ar an Satharn 25 I\u00fail.\u00a0 17 cluiche craoibhe ar fad a bheochraolfar le linn an ts\u00e9as\u00fair sna gr\u00e1danna S\u00f3isear, Idirmhe\u00e1nach agus Sinsear.\u00a0 Is iad Cluich\u00ed Ceannais na h\u00c9ireann 2015 \u00a0i bP\u00e1irc an Chr\u00f3caigh, 27 Me\u00e1n F\u00f3mhair, buaic na craoibhe agus beidh an t-ioml\u00e1n \u00e1 \u00a0bheochraoladh, mar is gn\u00e1ch, go heisiach ar TG4 agus ar fud an domhain ar an Seinnteoir.<\/p>\n<p>Thr\u00e9aslaigh\u00a0 Marie Hickey,\u00a0 Uachtar\u00e1n, Cumann \u00a0Peil Gael na mBan na forbairt\u00ed seo leis an Uasal \u00d3 Gallch\u00f3ir agus mhol an s\u00edneadh ama leis an gconradh.\u00a0 \u00a0\u201cT\u00e1 TG4 luaite le Peil na mBan in intinn an phobail le fada an l\u00e1 anois,\u201d a d\u00fairt s\u00ed agus thug s\u00ed moladh ar leith don chl\u00fadach domhanda a shol\u00e1thra\u00edonn TG4 ar an gCraobh ar an Seinnteoir <a href=\"http:\/\/www.tg4.tv\/\">www.tg4.tv<\/a><\/p>\n<p>Thagair an tUachtar\u00e1n freisin don fhloscadh a bhaineann le t\u00fas an ts\u00e9as\u00fair craoibhe.\u00a0 \u201cIs ag an tr\u00e1th seo bliana a gh\u00e9ara\u00edonn an tsuim againn ar fad,\u201d a d\u00fairt s\u00ed, \u201cidir imreoir\u00ed, lucht bainist\u00edochta, oifigigh agus lucht leanta.\u00a0\u00a0\u00a0 T\u00e1thar ag ullmh\u00fa don Chraobh \u00f3n Nollaig agus seo anois muid ag a t\u00fas.\u00a0 C\u00e1 bhfios cad a tharl\u00f3idh?\u00a0 Go n-\u00e9ir\u00ed go geal linn ar fad.\u201d<\/p>\n","protected":false},"excerpt":{"rendered":"<p>Tos\u00f3idh cl\u00fadach teilif\u00edse na Craoibhe 2015 ar an Satharn 25 I\u00fail.\u00a0 17 cluiche craoibhe ar fad a bheochraolfar le linn an ts\u00e9as\u00fair sna gr\u00e1danna S\u00f3isear, Idirmhe\u00e1nach agus Sinsear.\u00a0 Is iad Cluich\u00ed Ceannais na h\u00c9ireann 2015 \u00a0i bP\u00e1irc an Chr\u00f3caigh, 27 Me\u00e1n F\u00f3mhair, buaic na craoibhe agus beidh an t-ioml\u00e1n \u00e1 \u00a0bheochraoladh, mar is gn\u00e1ch, go [&hellip;]<\/p>\n","protected":false},"author":876,"featured_media":1028,"parent":985,"menu_order":14,"comment_status":"closed","ping_status":"closed","template":"page-templates\/template-pr.php","meta":{"_acf_changed":false,"footnotes":""},"acf":[],"yoast_head":"<!-- This site is optimized with the Yoast SEO plugin v22.6 - https:\/\/yoast.com\/wordpress\/plugins\/seo\/ -->\n<title>07.07.15 - TG4<\/title>\n<meta name=\"robots\" content=\"index, follow, max-snippet:-1, max-image-preview:large, max-video-preview:-1\" \/>\n<meta property=\"og:locale\" content=\"en_US\" \/>\n<meta property=\"og:type\" content=\"article\" \/>\n<meta property=\"og:title\" content=\"07.07.15 - TG4\" \/>\n<meta property=\"og:description\" content=\"Tos\u00f3idh cl\u00fadach teilif\u00edse na Craoibhe 2015 ar an Satharn 25 I\u00fail.\u00a0 17 cluiche craoibhe ar fad a bheochraolfar le linn an ts\u00e9as\u00fair sna gr\u00e1danna S\u00f3isear, Idirmhe\u00e1nach agus Sinsear.\u00a0 Is iad Cluich\u00ed Ceannais na h\u00c9ireann 2015 \u00a0i bP\u00e1irc an Chr\u00f3caigh, 27 Me\u00e1n F\u00f3mhair, buaic na craoibhe agus beidh an t-ioml\u00e1n \u00e1 \u00a0bheochraoladh, mar is gn\u00e1ch, go [&hellip;]\" \/>\n<meta property=\"og:url\" content=\"https:\/\/dev.tg4.ie\/ga\/eolas\/preas\/nuacht-raitis\/2015-2\/iuil-7-2015\/\" \/>\n<meta property=\"og:site_name\" content=\"TG4\" \/>\n<meta property=\"article:publisher\" content=\"https:\/\/www.facebook.com\/TG4TV\" \/>\n<meta property=\"article:modified_time\" content=\"2019-06-25T10:24:15+00:00\" \/>\n<meta property=\"og:image\" content=\"https:\/\/tg4-docs.s3.amazonaws.com\/tg4-redesign-2015\/wp-content\/uploads\/2015\/08\/peil_na_mban_cluiche_na_seachtaine.jpg\" \/>\n\t<meta property=\"og:image:width\" content=\"1920\" \/>\n\t<meta property=\"og:image:height\" content=\"1080\" \/>\n\t<meta property=\"og:image:type\" content=\"image\/jpeg\" \/>\n<meta name=\"twitter:card\" content=\"summary_large_image\" \/>\n<meta name=\"twitter:site\" content=\"@TG4TV\" \/>\n<meta name=\"twitter:label1\" content=\"Est. reading time\" \/>\n\t<meta name=\"twitter:data1\" content=\"1 minute\" \/>\n<script type=\"application\/ld+json\" class=\"yoast-schema-graph\">{\"@context\":\"https:\/\/schema.org\",\"@graph\":[{\"@type\":\"WebPage\",\"@id\":\"https:\/\/dev.tg4.ie\/ga\/eolas\/preas\/nuacht-raitis\/2015-2\/iuil-7-2015\/\",\"url\":\"https:\/\/dev.tg4.ie\/ga\/eolas\/preas\/nuacht-raitis\/2015-2\/iuil-7-2015\/\",\"name\":\"07.07.15 - TG4\",\"isPartOf\":{\"@id\":\"https:\/\/dev.tg4.ie\/en\/#website\"},\"primaryImageOfPage\":{\"@id\":\"https:\/\/dev.tg4.ie\/ga\/eolas\/preas\/nuacht-raitis\/2015-2\/iuil-7-2015\/#primaryimage\"},\"image\":{\"@id\":\"https:\/\/dev.tg4.ie\/ga\/eolas\/preas\/nuacht-raitis\/2015-2\/iuil-7-2015\/#primaryimage\"},\"thumbnailUrl\":\"https:\/\/tg4-docs.s3.amazonaws.com\/tg4-redesign-2015\/wp-content\/uploads\/2015\/08\/peil_na_mban_cluiche_na_seachtaine.jpg\",\"datePublished\":\"2015-08-06T15:44:04+00:00\",\"dateModified\":\"2019-06-25T10:24:15+00:00\",\"breadcrumb\":{\"@id\":\"https:\/\/dev.tg4.ie\/ga\/eolas\/preas\/nuacht-raitis\/2015-2\/iuil-7-2015\/#breadcrumb\"},\"inLanguage\":\"ga\",\"potentialAction\":[{\"@type\":\"ReadAction\",\"target\":[\"https:\/\/dev.tg4.ie\/ga\/eolas\/preas\/nuacht-raitis\/2015-2\/iuil-7-2015\/\"]}]},{\"@type\":\"ImageObject\",\"inLanguage\":\"ga\",\"@id\":\"https:\/\/dev.tg4.ie\/ga\/eolas\/preas\/nuacht-raitis\/2015-2\/iuil-7-2015\/#primaryimage\",\"url\":\"https:\/\/tg4-docs.s3.amazonaws.com\/tg4-redesign-2015\/wp-content\/uploads\/2015\/08\/peil_na_mban_cluiche_na_seachtaine.jpg\",\"contentUrl\":\"https:\/\/tg4-docs.s3.amazonaws.com\/tg4-redesign-2015\/wp-content\/uploads\/2015\/08\/peil_na_mban_cluiche_na_seachtaine.jpg\",\"width\":1920,\"height\":1080,\"caption\":\"Peil na mBan Beo\"},{\"@type\":\"BreadcrumbList\",\"@id\":\"https:\/\/dev.tg4.ie\/ga\/eolas\/preas\/nuacht-raitis\/2015-2\/iuil-7-2015\/#breadcrumb\",\"itemListElement\":[{\"@type\":\"ListItem\",\"position\":1,\"name\":\"Home\",\"item\":\"https:\/\/dev.tg4.ie\/ga\/\"},{\"@type\":\"ListItem\",\"position\":2,\"name\":\"Eolas\",\"item\":\"https:\/\/dev.tg4.ie\/ga\/eolas\/\"},{\"@type\":\"ListItem\",\"position\":3,\"name\":\"Preas\",\"item\":\"https:\/\/dev.tg4.ie\/ga\/eolas\/preas\/\"},{\"@type\":\"ListItem\",\"position\":4,\"name\":\"Nuacht R\u00e1itis\",\"item\":\"https:\/\/dev.tg4.ie\/ga\/eolas\/preas\/nuacht-raitis\/\"},{\"@type\":\"ListItem\",\"position\":5,\"name\":\"2015\",\"item\":\"https:\/\/dev.tg4.ie\/ga\/eolas\/preas\/nuacht-raitis\/2015-2\/\"},{\"@type\":\"ListItem\",\"position\":6,\"name\":\"07.07.15\"}]},{\"@type\":\"WebSite\",\"@id\":\"https:\/\/dev.tg4.ie\/en\/#website\",\"url\":\"https:\/\/dev.tg4.ie\/en\/\",\"name\":\"TG4\",\"description\":\"S\u00fail Eile\",\"potentialAction\":[{\"@type\":\"SearchAction\",\"target\":{\"@type\":\"EntryPoint\",\"urlTemplate\":\"https:\/\/dev.tg4.ie\/en\/?s={search_term_string}\"},\"query-input\":\"required name=search_term_string\"}],\"inLanguage\":\"ga\"}]}<\/script>\n<!-- \/ Yoast SEO plugin. -->","yoast_head_json":{"title":"07.07.15 - TG4","robots":{"index":"index","follow":"follow","max-snippet":"max-snippet:-1","max-image-preview":"max-image-preview:large","max-video-preview":"max-video-preview:-1"},"og_locale":"en_US","og_type":"article","og_title":"07.07.15 - TG4","og_description":"Tos\u00f3idh cl\u00fadach teilif\u00edse na Craoibhe 2015 ar an Satharn 25 I\u00fail.\u00a0 17 cluiche craoibhe ar fad a bheochraolfar le linn an ts\u00e9as\u00fair sna gr\u00e1danna S\u00f3isear, Idirmhe\u00e1nach agus Sinsear.\u00a0 Is iad Cluich\u00ed Ceannais na h\u00c9ireann 2015 \u00a0i bP\u00e1irc an Chr\u00f3caigh, 27 Me\u00e1n F\u00f3mhair, buaic na craoibhe agus beidh an t-ioml\u00e1n \u00e1 \u00a0bheochraoladh, mar is gn\u00e1ch, go [&hellip;]","og_url":"https:\/\/dev.tg4.ie\/ga\/eolas\/preas\/nuacht-raitis\/2015-2\/iuil-7-2015\/","og_site_name":"TG4","article_publisher":"https:\/\/www.facebook.com\/TG4TV","article_modified_time":"2019-06-25T10:24:15+00:00","og_image":[{"width":1920,"height":1080,"url":"https:\/\/tg4-docs.s3.amazonaws.com\/tg4-redesign-2015\/wp-content\/uploads\/2015\/08\/peil_na_mban_cluiche_na_seachtaine.jpg","type":"image\/jpeg"}],"twitter_card":"summary_large_image","twitter_site":"@TG4TV","twitter_misc":{"Est. reading time":"1 minute"},"schema":{"@context":"https:\/\/schema.org","@graph":[{"@type":"WebPage","@id":"https:\/\/dev.tg4.ie\/ga\/eolas\/preas\/nuacht-raitis\/2015-2\/iuil-7-2015\/","url":"https:\/\/dev.tg4.ie\/ga\/eolas\/preas\/nuacht-raitis\/2015-2\/iuil-7-2015\/","name":"07.07.15 - TG4","isPartOf":{"@id":"https:\/\/dev.tg4.ie\/en\/#website"},"primaryImageOfPage":{"@id":"https:\/\/dev.tg4.ie\/ga\/eolas\/preas\/nuacht-raitis\/2015-2\/iuil-7-2015\/#primaryimage"},"image":{"@id":"https:\/\/dev.tg4.ie\/ga\/eolas\/preas\/nuacht-raitis\/2015-2\/iuil-7-2015\/#primaryimage"},"thumbnailUrl":"https:\/\/tg4-docs.s3.amazonaws.com\/tg4-redesign-2015\/wp-content\/uploads\/2015\/08\/peil_na_mban_cluiche_na_seachtaine.jpg","datePublished":"2015-08-06T15:44:04+00:00","dateModified":"2019-06-25T10:24:15+00:00","breadcrumb":{"@id":"https:\/\/dev.tg4.ie\/ga\/eolas\/preas\/nuacht-raitis\/2015-2\/iuil-7-2015\/#breadcrumb"},"inLanguage":"ga","potentialAction":[{"@type":"ReadAction","target":["https:\/\/dev.tg4.ie\/ga\/eolas\/preas\/nuacht-raitis\/2015-2\/iuil-7-2015\/"]}]},{"@type":"ImageObject","inLanguage":"ga","@id":"https:\/\/dev.tg4.ie\/ga\/eolas\/preas\/nuacht-raitis\/2015-2\/iuil-7-2015\/#primaryimage","url":"https:\/\/tg4-docs.s3.amazonaws.com\/tg4-redesign-2015\/wp-content\/uploads\/2015\/08\/peil_na_mban_cluiche_na_seachtaine.jpg","contentUrl":"https:\/\/tg4-docs.s3.amazonaws.com\/tg4-redesign-2015\/wp-content\/uploads\/2015\/08\/peil_na_mban_cluiche_na_seachtaine.jpg","width":1920,"height":1080,"caption":"Peil na mBan Beo"},{"@type":"BreadcrumbList","@id":"https:\/\/dev.tg4.ie\/ga\/eolas\/preas\/nuacht-raitis\/2015-2\/iuil-7-2015\/#breadcrumb","itemListElement":[{"@type":"ListItem","position":1,"name":"Home","item":"https:\/\/dev.tg4.ie\/ga\/"},{"@type":"ListItem","position":2,"name":"Eolas","item":"https:\/\/dev.tg4.ie\/ga\/eolas\/"},{"@type":"ListItem","position":3,"name":"Preas","item":"https:\/\/dev.tg4.ie\/ga\/eolas\/preas\/"},{"@type":"ListItem","position":4,"name":"Nuacht R\u00e1itis","item":"https:\/\/dev.tg4.ie\/ga\/eolas\/preas\/nuacht-raitis\/"},{"@type":"ListItem","position":5,"name":"2015","item":"https:\/\/dev.tg4.ie\/ga\/eolas\/preas\/nuacht-raitis\/2015-2\/"},{"@type":"ListItem","position":6,"name":"07.07.15"}]},{"@type":"WebSite","@id":"https:\/\/dev.tg4.ie\/en\/#website","url":"https:\/\/dev.tg4.ie\/en\/","name":"TG4","description":"S\u00fail Eile","potentialAction":[{"@type":"SearchAction","target":{"@type":"EntryPoint","urlTemplate":"https:\/\/dev.tg4.ie\/en\/?s={search_term_string}"},"query-input":"required name=search_term_string"}],"inLanguage":"ga"}]}},"_links":{"self":[{"href":"https:\/\/dev.tg4.ie\/ga\/wp-json\/wp\/v2\/pages\/995"}],"collection":[{"href":"https:\/\/dev.tg4.ie\/ga\/wp-json\/wp\/v2\/pages"}],"about":[{"href":"https:\/\/dev.tg4.ie\/ga\/wp-json\/wp\/v2\/types\/page"}],"author":[{"embeddable":true,"href":"https:\/\/dev.tg4.ie\/ga\/wp-json\/wp\/v2\/users\/876"}],"replies":[{"embeddable":true,"href":"https:\/\/dev.tg4.ie\/ga\/wp-json\/wp\/v2\/comments?post=995"}],"version-history":[{"count":0,"href":"https:\/\/dev.tg4.ie\/ga\/wp-json\/wp\/v2\/pages\/995\/revisions"}],"up":[{"embeddable":true,"href":"https:\/\/dev.tg4.ie\/ga\/wp-json\/wp\/v2\/pages\/985"}],"wp:featuredmedia":[{"embeddable":true,"href":"https:\/\/dev.tg4.ie\/ga\/wp-json\/wp\/v2\/media\/1028"}],"wp:attachment":[{"href":"https:\/\/dev.tg4.ie\/ga\/wp-json\/wp\/v2\/media?parent=995"}],"curies":[{"name":"wp","href":"https:\/\/api.w.org\/{rel}","templated":true}]}}