{"id":99729,"date":"2019-01-25T10:46:28","date_gmt":"2019-01-25T10:46:28","guid":{"rendered":"https:\/\/dev.tg4.ie\/?page_id=99729"},"modified":"2019-10-24T11:36:47","modified_gmt":"2019-10-24T10:36:47","slug":"sceim-nua-forbartha-oiliuna-sna-meain-fogartha-ag-tg4-udaras-na-gaeltachta","status":"publish","type":"page","link":"https:\/\/dev.tg4.ie\/ga\/eolas\/preas\/nuacht-raitis\/2019-2\/sceim-nua-forbartha-oiliuna-sna-meain-fogartha-ag-tg4-udaras-na-gaeltachta\/","title":{"rendered":"Sc\u00e9im Nua Forbartha Oili\u00fana sna Me\u00e1in F\u00f3gartha ag TG4 &#038; \u00dadar\u00e1s na Gaeltachta"},"content":{"rendered":"<p>T\u00e1 tionscadal nua, <strong>Sc\u00e9im Forbartha Oili\u00fana sna Me\u00e1in<\/strong>, f\u00f3gartha ag <strong>TG4<\/strong> agus ag <strong>\u00dadar\u00e1s na Gaeltachta<\/strong>. Is \u00e9 aidhm na sc\u00e9ime taca\u00edocht a thabhairt do chomhlachta\u00ed l\u00e9iri\u00fach\u00e1in chun scileanna agus tallann fhoireann an chomhlachta l\u00e9iri\u00fach\u00e1in a fhorbairt, agus gl\u00fain nua tallainne a bhfuil Gaeilge acu a thabhairt chun cinn le bheith ag obair sa tionscal.<\/p>\n<p>T\u00e1 <strong>TG4<\/strong> agus <strong>\u00dadar\u00e1s na Gaeltachta <\/strong>ag lorg l\u00e9irithe sp\u00e9ise anois \u00f3 Chomhlachta\u00ed Neamhsple\u00e1cha a bhfuil suim acu p\u00e1irt a ghlacadh sa <strong>Sc\u00e9im Forbartha Oili\u00fana sna Me\u00e1in<\/strong>.<\/p>\n<p>T\u00e1 dh\u00e1 chuid i gceist sa tionscadal seo, <strong>Sc\u00e9im Taith\u00ed Oibre, <\/strong>at\u00e1 d\u00edrithe ar dhaoine at\u00e1 ag tos\u00fa amach san earn\u00e1il agus at\u00e1 ag iarraidh taith\u00ed phraitici\u00fail a fh\u00e1il agus <strong>Sc\u00e9im Spar\u00e1nachta Uasoili\u00fana<\/strong> at\u00e1 d\u00edrithe ar dhaoine at\u00e1 ag saothr\u00fa sa tionscal cheana f\u00e9in agus at\u00e1 ag iarraidh cur lena gcuid oili\u00fana.<\/p>\n<p>Faoin <strong>Sc\u00e9im Taith\u00ed Oibre<\/strong>, cuirfear f\u00e1ilte roimh iarratais \u00f3 Chomhlachta\u00ed L\u00e9iri\u00fach\u00e1in a bhfuil suim acu duine a fhost\u00fa ar feadh tr\u00e9imhse bliana, i r\u00e9imse scileanna ar leith ina bhfuil lucht saothair gann dar leis an gcomhlacht.\u00a0\u00a0 Sampla de na r\u00e9ims\u00ed scileanna a d\u2019fh\u00e9adfadh a bheith i gceist is ea Eagarth\u00f3ir\u00ed, Sti\u00farth\u00f3ir\u00ed, Taighdeoir\u00ed, L\u00e9iritheoir\u00ed C\u00fanta &amp; Oifigigh Forbartha L\u00e9iri\u00fach\u00e1in.<\/p>\n<p>Maidir leis an <strong>Spar\u00e1nacht Uasoili\u00fana,<\/strong> t\u00e1 iarratais \u00e1 lorg \u00f3 chomhlacht, n\u00f3 \u00f3 dhuine aonair, at\u00e1 ag obair sa tionscal cheana f\u00e9in, ar thaca\u00edocht chun freastal ar ch\u00farsa sainscileanna n\u00f3 ar \u00f3c\u00e1id foghlamtha sainsp\u00e9ise a chuideoidh leo a ngairm a fhorbairt.\u00a0 Is \u00e9 aidhm na spar\u00e1nachta\u00ed seo forbairt scileanna agus saineolas ardleibh\u00e9il a spreagadh san earn\u00e1il.<\/p>\n<p>Chuir <strong>Alan Esslemont<\/strong>, Ard-Sti\u00farth\u00f3ir <strong>TG4<\/strong>, f\u00e1ilte roimh an bhf\u00f3gra:<\/p>\n<p><em>\u201cIs cuid l\u00e1rnach de strait\u00e9is <strong>TG4<\/strong> \u00e9 f\u00e1s agus forbairt a spreagadh sa tionscal closamhairc Gaeilge.\u00a0 D\u00e9anann <strong>TG4<\/strong> os cionn \u20ac23m a infheisti\u00fa go bliant\u00fail san earn\u00e1il neamhsple\u00e1ch agus is gn\u00e9 th\u00e1bhachtach d\u2019fhorbairt na hearn\u00e1la foirne ardoilte a choth\u00fa agus a thabhairt chun cinn, rud a rachaidh chun leasa an tionscail l\u00e9iri\u00fach\u00e1in agus chruthaithigh, go m\u00f3r m\u00f3r sna r\u00e9igi\u00fain\u201d.\u00a0<\/em><\/p>\n<p>D\u00fairt <strong>M\u00edche\u00e1l \u00d3 h\u00c9anaigh<\/strong>, Pr\u00edomhfheidhmeannach <strong>\u00dadar\u00e1s na Gaeltachta<\/strong>:<\/p>\n<p><em>\u201cT\u00e1imid thar a bheith s\u00e1sta a bheith ag obair i gcomhph\u00e1irt le <strong>TG4<\/strong> agus leis an earn\u00e1il teilif\u00edse neamhsple\u00e1iche ar an Sc\u00e9im seo. T\u00e1 r\u00f3l l\u00e1rnach ag <strong>\u00dadar\u00e1s na Gaeltachta<\/strong> i bhforbairt thionscal na me\u00e1n cruthaitheach digiteach le blianta fada agus t\u00e1imid d\u00f3chasach go gcuirfidh an sc\u00e9im nu\u00e1la\u00edoch bhr\u00edomhar seo t\u00e9agar le forbairt sruth tallainne agus scileanna nua san earn\u00e1il closamhairc agus me\u00e1n digiteach Gaeilge in 2019. T\u00e1 an sc\u00e9im ag lu\u00ed le strait\u00e9is an <strong>\u00dadar\u00e1is<\/strong> tac\u00fa le cl\u00e1ir oili\u00fana agus oideachais chun scileanna agus infhostaitheacht sa Ghaeltacht a fhorbairt.\u201d<\/em><\/p>\n<p>D\u00e9anfaidh <strong>TG4<\/strong> agus <strong>\u00dadar\u00e1s na Gaeltachta<\/strong> araon infheist\u00edocht shuntasach \u20ac160,000 sa sc\u00e9im ph\u00edol\u00f3tach seo chomh maith le hionchur na hearn\u00e1la neamhsple\u00e1iche ina mbeidh na deiseanna fosta\u00edochta agus oili\u00fana ar f\u00e1il. Is f\u00e9idir sonra\u00ed na sc\u00e9ime agus foirmeacha iarratais a fh\u00e1il ag <a href=\"https:\/\/dev.tg4.ie\/oiliuint\" target=\"_blank\" rel=\"noopener noreferrer\">www.tg4.ie\/oiliuint<\/a> agus\u00a0 <a href=\"http:\/\/www.udaras.ie\/\" target=\"_blank\" rel=\"noopener noreferrer\">www.udaras.ie<\/a><\/p>\n","protected":false},"excerpt":{"rendered":"<p>T\u00e1 tionscadal nua, Sc\u00e9im Forbartha Oili\u00fana sna Me\u00e1in, f\u00f3gartha ag TG4 agus ag \u00dadar\u00e1s na Gaeltachta. Is \u00e9 aidhm na sc\u00e9ime taca\u00edocht a thabhairt do chomhlachta\u00ed l\u00e9iri\u00fach\u00e1in chun scileanna agus tallann fhoireann an chomhlachta l\u00e9iri\u00fach\u00e1in a fhorbairt, agus gl\u00fain nua tallainne a bhfuil Gaeilge acu a thabhairt chun cinn le bheith ag obair sa tionscal. [&hellip;]<\/p>\n","protected":false},"author":876,"featured_media":99734,"parent":98830,"menu_order":4,"comment_status":"closed","ping_status":"closed","template":"page-templates\/template-pr.php","meta":{"_acf_changed":false,"footnotes":""},"acf":[],"yoast_head":"<!-- This site is optimized with the Yoast SEO plugin v22.6 - https:\/\/yoast.com\/wordpress\/plugins\/seo\/ -->\n<title>Sc\u00e9im Nua Forbartha Oili\u00fana sna Me\u00e1in F\u00f3gartha ag TG4 &amp; \u00dadar\u00e1s na Gaeltachta - TG4<\/title>\n<meta name=\"robots\" content=\"index, follow, max-snippet:-1, max-image-preview:large, max-video-preview:-1\" \/>\n<meta property=\"og:locale\" content=\"en_US\" \/>\n<meta property=\"og:type\" content=\"article\" \/>\n<meta property=\"og:title\" content=\"Sc\u00e9im Nua Forbartha Oili\u00fana sna Me\u00e1in F\u00f3gartha ag TG4 &amp; \u00dadar\u00e1s na Gaeltachta - TG4\" \/>\n<meta property=\"og:description\" content=\"T\u00e1 tionscadal nua, Sc\u00e9im Forbartha Oili\u00fana sna Me\u00e1in, f\u00f3gartha ag TG4 agus ag \u00dadar\u00e1s na Gaeltachta. Is \u00e9 aidhm na sc\u00e9ime taca\u00edocht a thabhairt do chomhlachta\u00ed l\u00e9iri\u00fach\u00e1in chun scileanna agus tallann fhoireann an chomhlachta l\u00e9iri\u00fach\u00e1in a fhorbairt, agus gl\u00fain nua tallainne a bhfuil Gaeilge acu a thabhairt chun cinn le bheith ag obair sa tionscal. [&hellip;]\" \/>\n<meta property=\"og:url\" content=\"https:\/\/dev.tg4.ie\/ga\/eolas\/preas\/nuacht-raitis\/2019-2\/sceim-nua-forbartha-oiliuna-sna-meain-fogartha-ag-tg4-udaras-na-gaeltachta\/\" \/>\n<meta property=\"og:site_name\" content=\"TG4\" \/>\n<meta property=\"article:publisher\" content=\"https:\/\/www.facebook.com\/TG4TV\" \/>\n<meta property=\"article:modified_time\" content=\"2019-10-24T10:36:47+00:00\" \/>\n<meta property=\"og:image\" content=\"https:\/\/tg4-docs.s3.amazonaws.com\/tg4-redesign-2015\/wp-content\/uploads\/2019\/01\/Seoladh_Sc%C3%A9im_Forbartha_Oili%C3%BAna_1920x1080.jpg\" \/>\n\t<meta property=\"og:image:width\" content=\"1920\" \/>\n\t<meta property=\"og:image:height\" content=\"1080\" \/>\n\t<meta property=\"og:image:type\" content=\"image\/jpeg\" \/>\n<meta name=\"twitter:card\" content=\"summary_large_image\" \/>\n<meta name=\"twitter:site\" content=\"@TG4TV\" \/>\n<meta name=\"twitter:label1\" content=\"Est. reading time\" \/>\n\t<meta name=\"twitter:data1\" content=\"3 minutes\" \/>\n<script type=\"application\/ld+json\" class=\"yoast-schema-graph\">{\"@context\":\"https:\/\/schema.org\",\"@graph\":[{\"@type\":\"WebPage\",\"@id\":\"https:\/\/dev.tg4.ie\/ga\/eolas\/preas\/nuacht-raitis\/2019-2\/sceim-nua-forbartha-oiliuna-sna-meain-fogartha-ag-tg4-udaras-na-gaeltachta\/\",\"url\":\"https:\/\/dev.tg4.ie\/ga\/eolas\/preas\/nuacht-raitis\/2019-2\/sceim-nua-forbartha-oiliuna-sna-meain-fogartha-ag-tg4-udaras-na-gaeltachta\/\",\"name\":\"Sc\u00e9im Nua Forbartha Oili\u00fana sna Me\u00e1in F\u00f3gartha ag TG4 & \u00dadar\u00e1s na Gaeltachta - TG4\",\"isPartOf\":{\"@id\":\"https:\/\/dev.tg4.ie\/en\/#website\"},\"primaryImageOfPage\":{\"@id\":\"https:\/\/dev.tg4.ie\/ga\/eolas\/preas\/nuacht-raitis\/2019-2\/sceim-nua-forbartha-oiliuna-sna-meain-fogartha-ag-tg4-udaras-na-gaeltachta\/#primaryimage\"},\"image\":{\"@id\":\"https:\/\/dev.tg4.ie\/ga\/eolas\/preas\/nuacht-raitis\/2019-2\/sceim-nua-forbartha-oiliuna-sna-meain-fogartha-ag-tg4-udaras-na-gaeltachta\/#primaryimage\"},\"thumbnailUrl\":\"https:\/\/tg4-docs.s3.amazonaws.com\/tg4-redesign-2015\/wp-content\/uploads\/2019\/01\/Seoladh_Sc%C3%A9im_Forbartha_Oili%C3%BAna_1920x1080.jpg\",\"datePublished\":\"2019-01-25T10:46:28+00:00\",\"dateModified\":\"2019-10-24T10:36:47+00:00\",\"breadcrumb\":{\"@id\":\"https:\/\/dev.tg4.ie\/ga\/eolas\/preas\/nuacht-raitis\/2019-2\/sceim-nua-forbartha-oiliuna-sna-meain-fogartha-ag-tg4-udaras-na-gaeltachta\/#breadcrumb\"},\"inLanguage\":\"ga\",\"potentialAction\":[{\"@type\":\"ReadAction\",\"target\":[\"https:\/\/dev.tg4.ie\/ga\/eolas\/preas\/nuacht-raitis\/2019-2\/sceim-nua-forbartha-oiliuna-sna-meain-fogartha-ag-tg4-udaras-na-gaeltachta\/\"]}]},{\"@type\":\"ImageObject\",\"inLanguage\":\"ga\",\"@id\":\"https:\/\/dev.tg4.ie\/ga\/eolas\/preas\/nuacht-raitis\/2019-2\/sceim-nua-forbartha-oiliuna-sna-meain-fogartha-ag-tg4-udaras-na-gaeltachta\/#primaryimage\",\"url\":\"https:\/\/tg4-docs.s3.amazonaws.com\/tg4-redesign-2015\/wp-content\/uploads\/2019\/01\/Seoladh_Sc%C3%A9im_Forbartha_Oili%C3%BAna_1920x1080.jpg\",\"contentUrl\":\"https:\/\/tg4-docs.s3.amazonaws.com\/tg4-redesign-2015\/wp-content\/uploads\/2019\/01\/Seoladh_Sc%C3%A9im_Forbartha_Oili%C3%BAna_1920x1080.jpg\",\"width\":1920,\"height\":1080},{\"@type\":\"BreadcrumbList\",\"@id\":\"https:\/\/dev.tg4.ie\/ga\/eolas\/preas\/nuacht-raitis\/2019-2\/sceim-nua-forbartha-oiliuna-sna-meain-fogartha-ag-tg4-udaras-na-gaeltachta\/#breadcrumb\",\"itemListElement\":[{\"@type\":\"ListItem\",\"position\":1,\"name\":\"Home\",\"item\":\"https:\/\/dev.tg4.ie\/ga\/\"},{\"@type\":\"ListItem\",\"position\":2,\"name\":\"Eolas\",\"item\":\"https:\/\/dev.tg4.ie\/ga\/eolas\/\"},{\"@type\":\"ListItem\",\"position\":3,\"name\":\"Preas\",\"item\":\"https:\/\/dev.tg4.ie\/ga\/eolas\/preas\/\"},{\"@type\":\"ListItem\",\"position\":4,\"name\":\"Nuacht R\u00e1itis\",\"item\":\"https:\/\/dev.tg4.ie\/ga\/eolas\/preas\/nuacht-raitis\/\"},{\"@type\":\"ListItem\",\"position\":5,\"name\":\"2019\",\"item\":\"https:\/\/dev.tg4.ie\/ga\/eolas\/preas\/nuacht-raitis\/2019-2\/\"},{\"@type\":\"ListItem\",\"position\":6,\"name\":\"Sc\u00e9im Nua Forbartha Oili\u00fana sna Me\u00e1in F\u00f3gartha ag TG4 &#038; \u00dadar\u00e1s na Gaeltachta\"}]},{\"@type\":\"WebSite\",\"@id\":\"https:\/\/dev.tg4.ie\/en\/#website\",\"url\":\"https:\/\/dev.tg4.ie\/en\/\",\"name\":\"TG4\",\"description\":\"S\u00fail Eile\",\"potentialAction\":[{\"@type\":\"SearchAction\",\"target\":{\"@type\":\"EntryPoint\",\"urlTemplate\":\"https:\/\/dev.tg4.ie\/en\/?s={search_term_string}\"},\"query-input\":\"required name=search_term_string\"}],\"inLanguage\":\"ga\"}]}<\/script>\n<!-- \/ Yoast SEO plugin. -->","yoast_head_json":{"title":"Sc\u00e9im Nua Forbartha Oili\u00fana sna Me\u00e1in F\u00f3gartha ag TG4 & \u00dadar\u00e1s na Gaeltachta - TG4","robots":{"index":"index","follow":"follow","max-snippet":"max-snippet:-1","max-image-preview":"max-image-preview:large","max-video-preview":"max-video-preview:-1"},"og_locale":"en_US","og_type":"article","og_title":"Sc\u00e9im Nua Forbartha Oili\u00fana sna Me\u00e1in F\u00f3gartha ag TG4 & \u00dadar\u00e1s na Gaeltachta - TG4","og_description":"T\u00e1 tionscadal nua, Sc\u00e9im Forbartha Oili\u00fana sna Me\u00e1in, f\u00f3gartha ag TG4 agus ag \u00dadar\u00e1s na Gaeltachta. Is \u00e9 aidhm na sc\u00e9ime taca\u00edocht a thabhairt do chomhlachta\u00ed l\u00e9iri\u00fach\u00e1in chun scileanna agus tallann fhoireann an chomhlachta l\u00e9iri\u00fach\u00e1in a fhorbairt, agus gl\u00fain nua tallainne a bhfuil Gaeilge acu a thabhairt chun cinn le bheith ag obair sa tionscal. [&hellip;]","og_url":"https:\/\/dev.tg4.ie\/ga\/eolas\/preas\/nuacht-raitis\/2019-2\/sceim-nua-forbartha-oiliuna-sna-meain-fogartha-ag-tg4-udaras-na-gaeltachta\/","og_site_name":"TG4","article_publisher":"https:\/\/www.facebook.com\/TG4TV","article_modified_time":"2019-10-24T10:36:47+00:00","og_image":[{"width":1920,"height":1080,"url":"https:\/\/tg4-docs.s3.amazonaws.com\/tg4-redesign-2015\/wp-content\/uploads\/2019\/01\/Seoladh_Sc%C3%A9im_Forbartha_Oili%C3%BAna_1920x1080.jpg","type":"image\/jpeg"}],"twitter_card":"summary_large_image","twitter_site":"@TG4TV","twitter_misc":{"Est. reading time":"3 minutes"},"schema":{"@context":"https:\/\/schema.org","@graph":[{"@type":"WebPage","@id":"https:\/\/dev.tg4.ie\/ga\/eolas\/preas\/nuacht-raitis\/2019-2\/sceim-nua-forbartha-oiliuna-sna-meain-fogartha-ag-tg4-udaras-na-gaeltachta\/","url":"https:\/\/dev.tg4.ie\/ga\/eolas\/preas\/nuacht-raitis\/2019-2\/sceim-nua-forbartha-oiliuna-sna-meain-fogartha-ag-tg4-udaras-na-gaeltachta\/","name":"Sc\u00e9im Nua Forbartha Oili\u00fana sna Me\u00e1in F\u00f3gartha ag TG4 & \u00dadar\u00e1s na Gaeltachta - TG4","isPartOf":{"@id":"https:\/\/dev.tg4.ie\/en\/#website"},"primaryImageOfPage":{"@id":"https:\/\/dev.tg4.ie\/ga\/eolas\/preas\/nuacht-raitis\/2019-2\/sceim-nua-forbartha-oiliuna-sna-meain-fogartha-ag-tg4-udaras-na-gaeltachta\/#primaryimage"},"image":{"@id":"https:\/\/dev.tg4.ie\/ga\/eolas\/preas\/nuacht-raitis\/2019-2\/sceim-nua-forbartha-oiliuna-sna-meain-fogartha-ag-tg4-udaras-na-gaeltachta\/#primaryimage"},"thumbnailUrl":"https:\/\/tg4-docs.s3.amazonaws.com\/tg4-redesign-2015\/wp-content\/uploads\/2019\/01\/Seoladh_Sc%C3%A9im_Forbartha_Oili%C3%BAna_1920x1080.jpg","datePublished":"2019-01-25T10:46:28+00:00","dateModified":"2019-10-24T10:36:47+00:00","breadcrumb":{"@id":"https:\/\/dev.tg4.ie\/ga\/eolas\/preas\/nuacht-raitis\/2019-2\/sceim-nua-forbartha-oiliuna-sna-meain-fogartha-ag-tg4-udaras-na-gaeltachta\/#breadcrumb"},"inLanguage":"ga","potentialAction":[{"@type":"ReadAction","target":["https:\/\/dev.tg4.ie\/ga\/eolas\/preas\/nuacht-raitis\/2019-2\/sceim-nua-forbartha-oiliuna-sna-meain-fogartha-ag-tg4-udaras-na-gaeltachta\/"]}]},{"@type":"ImageObject","inLanguage":"ga","@id":"https:\/\/dev.tg4.ie\/ga\/eolas\/preas\/nuacht-raitis\/2019-2\/sceim-nua-forbartha-oiliuna-sna-meain-fogartha-ag-tg4-udaras-na-gaeltachta\/#primaryimage","url":"https:\/\/tg4-docs.s3.amazonaws.com\/tg4-redesign-2015\/wp-content\/uploads\/2019\/01\/Seoladh_Sc%C3%A9im_Forbartha_Oili%C3%BAna_1920x1080.jpg","contentUrl":"https:\/\/tg4-docs.s3.amazonaws.com\/tg4-redesign-2015\/wp-content\/uploads\/2019\/01\/Seoladh_Sc%C3%A9im_Forbartha_Oili%C3%BAna_1920x1080.jpg","width":1920,"height":1080},{"@type":"BreadcrumbList","@id":"https:\/\/dev.tg4.ie\/ga\/eolas\/preas\/nuacht-raitis\/2019-2\/sceim-nua-forbartha-oiliuna-sna-meain-fogartha-ag-tg4-udaras-na-gaeltachta\/#breadcrumb","itemListElement":[{"@type":"ListItem","position":1,"name":"Home","item":"https:\/\/dev.tg4.ie\/ga\/"},{"@type":"ListItem","position":2,"name":"Eolas","item":"https:\/\/dev.tg4.ie\/ga\/eolas\/"},{"@type":"ListItem","position":3,"name":"Preas","item":"https:\/\/dev.tg4.ie\/ga\/eolas\/preas\/"},{"@type":"ListItem","position":4,"name":"Nuacht R\u00e1itis","item":"https:\/\/dev.tg4.ie\/ga\/eolas\/preas\/nuacht-raitis\/"},{"@type":"ListItem","position":5,"name":"2019","item":"https:\/\/dev.tg4.ie\/ga\/eolas\/preas\/nuacht-raitis\/2019-2\/"},{"@type":"ListItem","position":6,"name":"Sc\u00e9im Nua Forbartha Oili\u00fana sna Me\u00e1in F\u00f3gartha ag TG4 &#038; \u00dadar\u00e1s na Gaeltachta"}]},{"@type":"WebSite","@id":"https:\/\/dev.tg4.ie\/en\/#website","url":"https:\/\/dev.tg4.ie\/en\/","name":"TG4","description":"S\u00fail Eile","potentialAction":[{"@type":"SearchAction","target":{"@type":"EntryPoint","urlTemplate":"https:\/\/dev.tg4.ie\/en\/?s={search_term_string}"},"query-input":"required name=search_term_string"}],"inLanguage":"ga"}]}},"_links":{"self":[{"href":"https:\/\/dev.tg4.ie\/ga\/wp-json\/wp\/v2\/pages\/99729"}],"collection":[{"href":"https:\/\/dev.tg4.ie\/ga\/wp-json\/wp\/v2\/pages"}],"about":[{"href":"https:\/\/dev.tg4.ie\/ga\/wp-json\/wp\/v2\/types\/page"}],"author":[{"embeddable":true,"href":"https:\/\/dev.tg4.ie\/ga\/wp-json\/wp\/v2\/users\/876"}],"replies":[{"embeddable":true,"href":"https:\/\/dev.tg4.ie\/ga\/wp-json\/wp\/v2\/comments?post=99729"}],"version-history":[{"count":0,"href":"https:\/\/dev.tg4.ie\/ga\/wp-json\/wp\/v2\/pages\/99729\/revisions"}],"up":[{"embeddable":true,"href":"https:\/\/dev.tg4.ie\/ga\/wp-json\/wp\/v2\/pages\/98830"}],"wp:featuredmedia":[{"embeddable":true,"href":"https:\/\/dev.tg4.ie\/ga\/wp-json\/wp\/v2\/media\/99734"}],"wp:attachment":[{"href":"https:\/\/dev.tg4.ie\/ga\/wp-json\/wp\/v2\/media?parent=99729"}],"curies":[{"name":"wp","href":"https:\/\/api.w.org\/{rel}","templated":true}]}}